{"id":15525,"date":"2021-10-06T11:31:18","date_gmt":"2021-10-06T09:31:18","guid":{"rendered":"https:\/\/sgt.phobos.services\/?page_id=15525"},"modified":"2021-11-03T09:56:23","modified_gmt":"2021-11-03T08:56:23","slug":"pressemitteilung-vom-6-oktober-2021","status":"publish","type":"page","link":"https:\/\/tpgholding.com\/index.php\/pressemitteilung-vom-6-oktober-2021\/","title":{"rendered":"Pressemitteilung vom <br> 6. Oktober 2021"},"content":{"rendered":"<p style=\"text-align: center;\"><a href=\"https:\/\/tpgholding.com\/wp-content\/uploads\/2021\/10\/SGT_Logo.png\" rel=\"attachment wp-att-15549\"><img decoding=\"async\" class=\"alignnone\" src=\"https:\/\/tpgholding.com\/wp-content\/uploads\/2021\/10\/SGT_Logo-300x72.png\" alt=\"SGT_Logo\" \/><\/a><\/p>\n<p style=\"text-align: center; padding: 0px; margin: 0px;\">+++ Pressemitteilung +++<\/p>\n<p style=\"text-align: center; padding: 50px; margin: 0px;\"><strong>SGT German Private Equity &#8211; Signifikante Ums\u00e4tze und Profitabilit\u00e4t aus neuem Gesch\u00e4ftsmodell noch in 2021 erwartet<\/strong><\/p>\n<ul>\n<li>Im zweiten Halbjahr 2021 Umsatzerl\u00f6se in Gr\u00f6\u00dfenordnung von 5 bis 8 Mio. EUR aus dem Private Equity-Gesch\u00e4ft erwartet<\/li>\n<li>Erstes Halbjahr 2021 mit geringerem Verlust als erwartet<\/li>\n<\/ul>\n<p><strong>Frankfurt am Main, 6. Oktober 2021 &#8211;\u00a0<\/strong> Die SGT German Private Equity in Frankfurt (SGF), ein b\u00f6rsennotierter Private Equity-Asset Manager, hat nach vorl\u00e4ufigen, ungepr\u00fcften Zahlen im ersten Halbjahr 2021 einen niedrigen sechsstelligen Verlust verbucht (IFRS Konzern), da nennenswerte Umsatzerl\u00f6se auf Ebene ihrer hundertprozentigen Tochter, der SGT Capital Pte. Ltd. (SGTPTE), einem lizenzierten Private Equity Asset Manager mit Sitz in Singapur, im ersten Halbjahr noch nicht stattgefunden haben, jedoch die laufenden Aufwendungen auf Konzern-Ebene durch Ver\u00e4u\u00dferungsgewinne und Wertsteigerungen im Heritage VC Portfolio (insbesondere Mister Spex und Lingoda) weitgehend kompensiert werden konnten. Die SGTPTE befindet sich im Fundraising ihres Private Equity Fonds SGT Capital Fund II und wird zudem das j\u00fcngst angek\u00fcndigte Investment in Utimaco verwalten. Utimaco ist ein globaler Marktf\u00fchrer von High-End-Cyber Security-Software mit Sitz in Aachen, Deutschland, und Campbell, Kalifornien. Das in diese Beteiligung investierte und von der SGTPTE verwaltete Eigenkapital wird sich auf einen dreistelligen Millionenbetrag belaufen.<\/p>\n<p>Die SGTPTE rechnet im zweiten Halbjahr 2021 mit Umsatzerl\u00f6sen aus dem Private Equity-Gesch\u00e4ft in einer Gr\u00f6\u00dfenordnung von 5 bis 8 Mio. EUR. Die Gesch\u00e4ftsf\u00fchrung der SGF erwartet somit f\u00fcr den Konzern vorbehaltlich unvorhergesehener Entwicklungen in ihrem Heritage VC Portfolio einen deutlich siebenstelligen Gewinn f\u00fcr das Gesamtjahr 2021 (IFRS Konzern).<\/p>\n<p>&nbsp;<\/p>\n<p><strong>Investor Relations Kontakt<\/strong><br \/>\n<strong>Deep Value Advisors<\/strong><br \/>\nDirk Schmitt<br \/>\nds@deepvalue.de<br \/>\n+49 170 302 8833<\/p>\n<p>&nbsp;<\/p>\n<p><strong>\u00dcber SGT German Private Equity<\/strong><\/p>\n<p>SGT German Private Equity ist ein in Deutschland beheimateter, b\u00f6rsennotierter Private Equity-Asset Manager mit Sitz in Frankfurt am Main. Ihre 100%ige Tochtergesellschaft SGT Capital Pte. Ltd. ist ein globaler Alternative Investment- und Private Equity-Asset Manager mit Hauptsitz in Singapur.<\/p>\n<p>F\u00fcr ihren neuen, branchenagnostischen Private Equity-Fonds SGT Capital Fund II mit geografischem Fokus auf Europa und Nordamerika und Laufzeit von zehn Jahren, strebt SGT ein Fundraising-Zielvolumen von 1 bis 3 Mrd. USD an. Das Management Team verf\u00fcgt \u00fcber langj\u00e4hrige F\u00fchrungserfahrungen bei namhaften Adressen \u2013 globalen Private Equity-H\u00e4usern, Managementberatungen und Investmentbanken.<\/p>\n<p>Aus ihrer Historie als ein f\u00fchrender deutscher Venture Capital-Anbieter unter der Marke German Startups Group h\u00e4lt die SGT German Private Equity desweiteren ein Heritage Portfolio an Minderheitsbeteiligungen an teils aussichtsreichen deutschen Startups.<\/p>\n<p>&nbsp;<\/p>\n<p><u><a href=\"https:\/\/tpgholding.com\/wp-content\/uploads\/2021\/10\/20211006_SGT-German-Private-Equity-\u2013-Signifikante-Umsa\u0308tze-und-Profitabilita\u0308t-aus-dem-neuen-Gescha\u0308ftsmodell-noch-in-2021-erwartet.pdf\" target=\"_blank\" rel=\"nofollow\" rel=\"\">Hier klicken f\u00fcr die PDF-Version<\/a><\/u><\/p>\n<p>Mehr Informationen unter\u00a0<a href=\"https:\/\/tpgholding.com\/\">https:\/\/tpgholding.com\/<\/a>\u00a0und\u00a0<a href=\"https:\/\/sgt-capital.com\/\" class=\"broken_link\">https:\/\/www.sgt-capital.com\/<\/a>.<\/p>\n","protected":false},"excerpt":{"rendered":"<p>+++ Pressemitteilung +++ SGT German Private Equity &#8211; Signifikante Ums\u00e4tze und Profitabilit\u00e4t aus neuem Gesch\u00e4ftsmodell noch in 2021 erwartet Im zweiten Halbjahr 2021 Umsatzerl\u00f6se in Gr\u00f6\u00dfenordnung von 5 bis 8 Mio. EUR aus dem Private Equity-Gesch\u00e4ft erwartet Erstes Halbjahr 2021 mit geringerem Verlust als erwartet Frankfurt am Main, 6. Oktober 2021 &#8211;\u00a0 Die SGT German [&hellip;]<\/p>\n","protected":false},"author":4,"featured_media":0,"parent":0,"menu_order":0,"comment_status":"closed","ping_status":"closed","template":"page-full.php","meta":[],"_links":{"self":[{"href":"https:\/\/tpgholding.com\/index.php\/wp-json\/wp\/v2\/pages\/15525"}],"collection":[{"href":"https:\/\/tpgholding.com\/index.php\/wp-json\/wp\/v2\/pages"}],"about":[{"href":"https:\/\/tpgholding.com\/index.php\/wp-json\/wp\/v2\/types\/page"}],"author":[{"embeddable":true,"href":"https:\/\/tpgholding.com\/index.php\/wp-json\/wp\/v2\/users\/4"}],"replies":[{"embeddable":true,"href":"https:\/\/tpgholding.com\/index.php\/wp-json\/wp\/v2\/comments?post=15525"}],"version-history":[{"count":2,"href":"https:\/\/tpgholding.com\/index.php\/wp-json\/wp\/v2\/pages\/15525\/revisions"}],"predecessor-version":[{"id":15584,"href":"https:\/\/tpgholding.com\/index.php\/wp-json\/wp\/v2\/pages\/15525\/revisions\/15584"}],"wp:attachment":[{"href":"https:\/\/tpgholding.com\/index.php\/wp-json\/wp\/v2\/media?parent=15525"}],"curies":[{"name":"wp","href":"https:\/\/api.w.org\/{rel}","templated":true}]}}