{"id":15629,"date":"2021-12-22T10:14:39","date_gmt":"2021-12-22T09:14:39","guid":{"rendered":"https:\/\/sgt.phobos.services\/?page_id=15629"},"modified":"2021-12-22T10:35:37","modified_gmt":"2021-12-22T09:35:37","slug":"pressemitteilung-vom-22-dezember-2021","status":"publish","type":"page","link":"https:\/\/tpgholding.com\/index.php\/pressemitteilung-vom-22-dezember-2021\/","title":{"rendered":"Pressemitteilung vom <br> 22. Dezember 2021"},"content":{"rendered":"<p style=\"text-align: center;\"><a href=\"https:\/\/tpgholding.com\/wp-content\/uploads\/2021\/10\/SGT_Logo.png\" rel=\"attachment wp-att-15549\"><img decoding=\"async\" class=\"alignnone\" src=\"https:\/\/tpgholding.com\/wp-content\/uploads\/2021\/10\/SGT_Logo-300x72.png\" alt=\"SGT_Logo\" \/><\/a><\/p>\n<p style=\"text-align: center; padding: 0px; margin: 0px;\">+++ Pressemitteilung +++<\/p>\n<p style=\"text-align: center; padding: 50px; margin: 0px;\"><strong>SGT German Private Equity \u00fcbertrifft ihre Guidance bei Umsatz und Gewinn 2021 deutlich<\/strong><\/p>\n<p><strong>Frankfurt am Main, 22. Dezember 2021 &#8211;\u00a0<\/strong> Die hundertprozentige Tochter der SGT German Private Equity in Frankfurt (SGF), die SGT Capital Pte. Ltd. (SGTPTE), ein lizenzierter Private Equity Asset Manager mit Sitz in Singapur, hat im zweiten Halbjahr 2021 Umsatzerl\u00f6se von knapp 11 Mio. EUR erzielt (1H21: Null EUR). Die Gesch\u00e4ftsleitung der SGTPTE rechnet f\u00fcr das Gesamtjahr 2021 nunmehr mit einem Jahres\u00fcberschuss von rund 6 Mio. EUR. Das Tochterunternehmen wird von der SGF seit dessen bilanziellem Zugang am 26.01.2021 voll konsolidiert, sodass sich der Gewinn positiv im IFRS-Konzernergebnis niederschl\u00e4gt. Auf Konzernebene erwartet die Gesch\u00e4ftsleitung der SGF f\u00fcr das Gesamtjahr 2021 einen Jahres\u00fcberschuss in Gr\u00f6\u00dfenordnung von 5 Mio. EUR (1H21: -0,2 Mio. EUR) nach Abschreibungen von 2 Mio. EUR bez\u00fcglich eines im Zusammenhang mit der Akquisition der SGTPTE bilanzierten immateriellen Verm\u00f6gensgegenstands (IFRS Konzern). Das entspricht einem erwarteten Nettogewinn in Gr\u00f6\u00dfenordnung von 0,08 EUR pro ausstehende Aktie (0,50 EUR pro Aktie bezogen auf die durchschnittliche Anzahl Aktien nach IFRS). <\/p>\n<p>Damit \u00fcbertrifft die SGT German Private Equity beim Umsatz und voraussichtlich beim Gewinn 2021 ihre Guidance deutlich.<\/p>\n<p>Die SGF hatte die SGTPTE Anfang 2021 \u00fcbernommen, um ihr vorheriges Gesch\u00e4ftsmodell des Investierens aus der eigenen Bilanz in das Asset Management von Investorenkapital zu transformieren. Damit verfolgt sie die Strategie, insbesondere aus Asset Management Fees nachhaltige, planbare Profitabilit\u00e4t zu erzeugen und auf einen Wachstumspfad zur\u00fcckzukehren.<\/p>\n<p>Die von der Asset Management-Tochter erzielten Ums\u00e4tze markieren den Beginn der aus dem transformierten Gesch\u00e4ftsmodell der SGT German Private Equity erwarteten Erl\u00f6sstr\u00f6me. Diese werden die k\u00fcnftige Ertragslage der SGT German Private Equity pr\u00e4gen.<\/p>\n<p>&nbsp;<\/p>\n<p><strong>Investor Relations Kontakt<\/strong><br \/>\n<strong>Donnersberg Consulting<\/strong><br \/>\nDirk Schmitt<br \/>\nd.schmitt@donnersberg-consulting.de<br \/>\n+49 170 302 8833<\/p>\n<p>&nbsp;<\/p>\n<p><strong>\u00dcber SGT German Private Equity<\/strong><\/p>\n<p>SGT German Private Equity ist ein in Deutschland beheimateter, b\u00f6rsennotierter Private Equity-Asset Manager mit Sitz in Frankfurt am Main. Ihre 100%ige Tochtergesellschaft SGT Capital Pte. Ltd. ist ein globaler Alternative Investment- und Private Equity-Asset Manager mit Hauptsitz in Singapur.<\/p>\n<p>F\u00fcr ihren neuen, branchenagnostischen Private Equity-Fonds SGT Capital Fund II mit geografischem Fokus auf Europa und Nordamerika und Laufzeit von zehn Jahren, strebt SGT ein Fundraising-Zielvolumen von 1 bis 3 Mrd. USD an. Das Management Team verf\u00fcgt \u00fcber langj\u00e4hrige F\u00fchrungserfahrungen bei namhaften Adressen \u2013 globalen Private Equity-H\u00e4usern, Managementberatungen und Investmentbanken.<\/p>\n<p>Aus ihrer Historie als ein f\u00fchrender deutscher Venture Capital-Anbieter unter der Marke German Startups Group h\u00e4lt die SGT German Private Equity desweiteren ein Heritage Portfolio an Minderheitsbeteiligungen an teils aussichtsreichen deutschen Startups.<\/p>\n<p>&nbsp;<\/p>\n<p><u><a href=\"https:\/\/tpgholding.com\/wp-content\/uploads\/2021\/12\/20211222_SGT-German-Private-Equity-u\u0308bertrifft-ihre-Guidance-deutlich_P.pdf\" target=\"_blank\" rel=\"nofollow\" rel=\"\">Hier klicken f\u00fcr die PDF-Version<\/a><\/u><\/p>\n<p>Mehr Informationen unter\u00a0<a href=\"https:\/\/tpgholding.com\/\">https:\/\/tpgholding.com\/<\/a>\u00a0und\u00a0<a href=\"https:\/\/sgt-capital.com\/\">https:\/\/www.sgt-capital.com\/<\/a>.<\/p>\n","protected":false},"excerpt":{"rendered":"<p>+++ Pressemitteilung +++ SGT German Private Equity \u00fcbertrifft ihre Guidance bei Umsatz und Gewinn 2021 deutlich Frankfurt am Main, 22. Dezember 2021 &#8211;\u00a0 Die hundertprozentige Tochter der SGT German Private Equity in Frankfurt (SGF), die SGT Capital Pte. Ltd. (SGTPTE), ein lizenzierter Private Equity Asset Manager mit Sitz in Singapur, hat im zweiten Halbjahr 2021 [&hellip;]<\/p>\n","protected":false},"author":4,"featured_media":0,"parent":0,"menu_order":0,"comment_status":"closed","ping_status":"closed","template":"page-full.php","meta":[],"_links":{"self":[{"href":"https:\/\/tpgholding.com\/index.php\/wp-json\/wp\/v2\/pages\/15629"}],"collection":[{"href":"https:\/\/tpgholding.com\/index.php\/wp-json\/wp\/v2\/pages"}],"about":[{"href":"https:\/\/tpgholding.com\/index.php\/wp-json\/wp\/v2\/types\/page"}],"author":[{"embeddable":true,"href":"https:\/\/tpgholding.com\/index.php\/wp-json\/wp\/v2\/users\/4"}],"replies":[{"embeddable":true,"href":"https:\/\/tpgholding.com\/index.php\/wp-json\/wp\/v2\/comments?post=15629"}],"version-history":[{"count":1,"href":"https:\/\/tpgholding.com\/index.php\/wp-json\/wp\/v2\/pages\/15629\/revisions"}],"predecessor-version":[{"id":15638,"href":"https:\/\/tpgholding.com\/index.php\/wp-json\/wp\/v2\/pages\/15629\/revisions\/15638"}],"wp:attachment":[{"href":"https:\/\/tpgholding.com\/index.php\/wp-json\/wp\/v2\/media?parent=15629"}],"curies":[{"name":"wp","href":"https:\/\/api.w.org\/{rel}","templated":true}]}}