{"id":15738,"date":"2022-06-01T18:25:12","date_gmt":"2022-06-01T16:25:12","guid":{"rendered":"https:\/\/sgt.phobos.services\/?page_id=15738"},"modified":"2025-01-27T18:07:06","modified_gmt":"2025-01-27T17:07:06","slug":"pressemitteilung-vom-01-juni-2022","status":"publish","type":"page","link":"https:\/\/tpgholding.com\/index.php\/pressemitteilung-vom-01-juni-2022\/","title":{"rendered":"Pressemitteilung vom <br> 01. Juni 2022"},"content":{"rendered":"<p style=\"text-align: center;\"><a href=\"https:\/\/tpgholding.com\/wp-content\/uploads\/2021\/10\/SGT_Logo.png\" rel=\"attachment wp-att-15549\"><img decoding=\"async\" class=\"alignnone\" src=\"https:\/\/tpgholding.com\/wp-content\/uploads\/2021\/10\/SGT_Logo-300x72.png\" alt=\"SGT_Logo\" \/><\/a><\/p>\n<p style=\"text-align: center; padding: 0px; margin: 0px;\">+++ Pressemitteilung +++<\/p>\n<p style=\"text-align: center; padding: 50px; margin: 0px;\"><strong>SGT German Private Equity \u2013 Closing der ersten Private Equity Transaktion<br \/>\nund First Close des Private Equity Fonds<\/strong><\/p>\n<p><strong>Frankfurt am Main, 1. Juni 2022 &#8211;\u00a0<\/strong> Die SGT German Private Equity GmbH &#038; Co. KGaA (SGF), ein b\u00f6rsennotierter Private Equity-Asset Manager, gibt das Closing der ersten Private Equity Transaktion ihrer hundertprozentigen Tochtergesellschaft SGT Capital Pte. Ltd. (SGTPTE) bekannt, der Akquisition von Utimaco. Die hierf\u00fcr noch ausstehenden Genehmigungen des britischen Wirtschafts- und Energieministeriums wurden im Februar und die des Bundesministeriums f\u00fcr Wirtschaft und Klimaschutz Anfang Mai erteilt, nach Genehmigung durch das Committee on Foreign Investment in the United States (CFIUS) Ende letzten Jahres. Unter den Investoren sind namhafte Adressen wie EQT, Bain Capital Credit und Tyrus Capital sowie institutionelle Anleger wie Capital Dynamics, Commonfund, Flandrin Capital, University of Wisconsin Foundation, UBS Global Wealth Management und SGT Capital Fund II. Wie geplant fand gleichzeitig das First Close des SGT Capital Fund II statt. Die SGTPTE verwaltet damit von ihr aufgelegte Private Equity-Fonds und ein Joint Venture mit einem asiatischen Finanzdienstleister in einem Gesamtvolumen von mehr als 800 Mio. USD.<\/p>\n<div style=\"margin-left:80px;\"><em>[Das im obigen Satz erw\u00e4hnte Joint Venture hat sich im Februar 2023 leider als unverbindlich erwiesen]<\/em><\/div>\n<p>Die nunmehr erworbene Utimaco Verwaltungs GmbH ist ein stark wachsender, hochprofitabler globaler Marktfu\u0308hrer bei High-End-Cyber Security-Software mit Sitz in Aachen, Deutschland, und Campbell, Kalifornien, USA. Utimaco besch\u00e4ftigt mehr als 470 Mitarbeiter und erzielt einen dreistelligen Millionenumsatz. <\/p>\n<p>Die SGT German Private Equity hat im Zuge des Closings Darlehen in H\u00f6he von rund 7 Mio. EUR vollst\u00e4ndig zur\u00fcckerhalten, die sie ihrer hundertprozentigen Tochtergesellschaft SGT Capital Pte. Ltd. (SGTPTE) zur Finanzierung der Anlaufkosten gew\u00e4hrt hatte. <\/p>\n<p>Die laufenden operativen Einnahmen der 2019 gegr\u00fcndeten SGTPTE aus der Verwaltung der Private Equity Fonds \u00fcbersteigen seit dem Closing die laufenden Ausgaben. Die nachhaltigen, wiederkehrenden Umsatzerl\u00f6se \u00fcbersteigen gleicherma\u00dfen die laufenden Aufwendungen. Die Gesch\u00e4ftsf\u00fchrung strebt an, die verwalteten Fondsvolumina im weiteren Gesch\u00e4ftsverlauf deutlich zu steigern.<\/p>\n<p>Carsten Geyer, Gesch\u00e4ftsf\u00fchrer der SGT German Private Equity und Managing Partner der SGT Capital: \u201eAls marktf\u00fchrendes Unternehmen, das hochtalentierte Mitarbeiter auf der ganzen Welt besch\u00e4ftigt, ist Utimaco f\u00fcr anhaltenden Erfolg ger\u00fcstet \u2013 nicht zuletzt, weil Utimacos Technologie dabei hilft, die Digitalisierung von Wirtschaft und Gesellschaft sicherer zu machen. Die Utimaco Transaktion beweist die besondere F\u00e4higkeit von SGT Capital, in marktf\u00fchrende Unternehmen zu investieren und ihren Wert durch globale Wachstumsinitiativen zu steigern.\u201c <\/p>\n<p>Christoph Gerlinger, Gesch\u00e4ftsf\u00fchrer der SGT German Private Equity und Partner der SGT Capital, f\u00fcgt hinzu: \u201eMit dem Closing ist die Transformation der ehemaligen German Startups Group zu einem in Deutschland ans\u00e4ssigen Private Equity-Asset Manager unter der Firma SGT German Private Equity abgeschlossen und geht aus der Vorbereitungsphase in den operativen Betrieb \u00fcber. Die SGT German Private Equity ist nunmehr als eine auf das Private Equity Asset Management fokussierte Management Fee generierende Investment Advisory Firm t\u00e4tig und daf\u00fcr gut aufgestellt. Dieses Gesch\u00e4ftsmodell ist am Kapitalmarkt international sehr erfolgreich, gleichwohl gab es bis dato keinen b\u00f6rsennotierten deutschen Player.\u201c<\/p>\n<p>&nbsp;<\/p>\n<p><strong>Investor Relations Kontakt<\/strong><br \/>\n<strong>Rosenberg Strategic Communications <\/strong><br \/>\nDirk Schmitt<br \/>\nd.schmitt@rosenbergsc.com<br \/>\n+49 170 302 8833<\/p>\n<p>&nbsp;<\/p>\n<p><strong>\u00dcber SGT German Private Equity<\/strong><\/p>\n<p>SGT German Private Equity ist ein in Deutschland beheimateter, b\u00f6rsennotierter Private Equity-Asset Manager mit Sitz in Frankfurt am Main. Ihre 100%ige Tochtergesellschaft SGT Capital Pte. Ltd. ist ein globaler Alternative Investment- und Private Equity-Asset Manager mit Hauptsitz in Singapur.<\/p>\n<p>F\u00fcr ihren neuen, branchenagnostischen Private Equity-Fonds SGT Capital Fund II mit geografischem Fokus auf Europa und Nordamerika und Laufzeit von zehn Jahren, strebt SGT ein Fundraising-Zielvolumen von 1 bis 3 Mrd. USD an. Das Management Team verf\u00fcgt \u00fcber langj\u00e4hrige F\u00fchrungserfahrungen bei namhaften Adressen \u2013 globalen Private Equity-H\u00e4usern, Managementberatungen und Investmentbanken.<\/p>\n<p>Aus ihrer Historie als ein f\u00fchrender deutscher Venture Capital-Anbieter unter der Marke German Startups Group h\u00e4lt die SGT German Private Equity desweiteren ein Heritage Portfolio an Minderheitsbeteiligungen an teils aussichtsreichen deutschen Startups.<\/p>\n<p>&nbsp;<\/p>\n<p><u><a href=\"https:\/\/tpgholding.com\/wp-content\/uploads\/2025\/01\/20220601_SGT-German-Private-Equity-Closing-der-ersten-Private-Equity-Transaktion.pdf\" target=\"_blank\" rel=\"nofollow\" rel=\"noopener\">Hier klicken f\u00fcr die PDF-Version<\/a><\/u><\/p>\n<p>Mehr Informationen unter\u00a0<a href=\"https:\/\/tpgholding.com\/\">https:\/\/tpgholding.com\/<\/a>\u00a0und\u00a0<a href=\"https:\/\/sgt-capital.com\/\" class=\"broken_link\">https:\/\/www.sgt-capital.com\/<\/a>.<\/p>\n","protected":false},"excerpt":{"rendered":"<p>+++ Pressemitteilung +++ SGT German Private Equity \u2013 Closing der ersten Private Equity Transaktion und First Close des Private Equity Fonds Frankfurt am Main, 1. Juni 2022 &#8211;\u00a0 Die SGT German Private Equity GmbH &#038; Co. KGaA (SGF), ein b\u00f6rsennotierter Private Equity-Asset Manager, gibt das Closing der ersten Private Equity Transaktion ihrer hundertprozentigen Tochtergesellschaft SGT [&hellip;]<\/p>\n","protected":false},"author":4,"featured_media":0,"parent":0,"menu_order":0,"comment_status":"closed","ping_status":"closed","template":"page-full.php","meta":[],"_links":{"self":[{"href":"https:\/\/tpgholding.com\/index.php\/wp-json\/wp\/v2\/pages\/15738"}],"collection":[{"href":"https:\/\/tpgholding.com\/index.php\/wp-json\/wp\/v2\/pages"}],"about":[{"href":"https:\/\/tpgholding.com\/index.php\/wp-json\/wp\/v2\/types\/page"}],"author":[{"embeddable":true,"href":"https:\/\/tpgholding.com\/index.php\/wp-json\/wp\/v2\/users\/4"}],"replies":[{"embeddable":true,"href":"https:\/\/tpgholding.com\/index.php\/wp-json\/wp\/v2\/comments?post=15738"}],"version-history":[{"count":2,"href":"https:\/\/tpgholding.com\/index.php\/wp-json\/wp\/v2\/pages\/15738\/revisions"}],"predecessor-version":[{"id":17917,"href":"https:\/\/tpgholding.com\/index.php\/wp-json\/wp\/v2\/pages\/15738\/revisions\/17917"}],"wp:attachment":[{"href":"https:\/\/tpgholding.com\/index.php\/wp-json\/wp\/v2\/media?parent=15738"}],"curies":[{"name":"wp","href":"https:\/\/api.w.org\/{rel}","templated":true}]}}