{"id":15812,"date":"2022-06-09T08:04:14","date_gmt":"2022-06-09T06:04:14","guid":{"rendered":"https:\/\/sgt.phobos.services\/?page_id=15812"},"modified":"2022-08-18T18:05:49","modified_gmt":"2022-08-18T16:05:49","slug":"pressemitteilung-vom-09-juni-2022","status":"publish","type":"page","link":"https:\/\/tpgholding.com\/index.php\/pressemitteilung-vom-09-juni-2022\/","title":{"rendered":"Pressemitteilung vom <br> 09. Juni 2022"},"content":{"rendered":"<p style=\"text-align: center;\"><a href=\"https:\/\/tpgholding.com\/wp-content\/uploads\/2021\/10\/SGT_Logo.png\" rel=\"attachment wp-att-15549\"><img decoding=\"async\" class=\"alignnone\" src=\"https:\/\/tpgholding.com\/wp-content\/uploads\/2021\/10\/SGT_Logo-300x72.png\" alt=\"SGT_Logo\" \/><\/a><\/p>\n<p style=\"text-align: center; padding: 0px; margin: 0px;\">+++ Pressemitteilung +++<\/p>\n<p style=\"text-align: center; padding: 50px; margin: 0px;\"><strong>SGT German Private Equity \u2013<br \/>\nVerwendung des Gewinns aus dem Gesch\u00e4ftsjahr 2021<br \/>\n<\/strong><\/p>\n<ul>\n<li> \u00d6ffentliches Aktienr\u00fcckkaufangebot geplant<\/li>\n<li> Erwerb eines Anteils an Utimaco<\/li>\n<\/ul>\n<p><strong>Frankfurt am Main, 9. Juni 2022 &#8211;\u00a0<\/strong> Die SGT German Private Equity GmbH &#038; Co. KGaA (SGF), ein b\u00f6rsennotierter Private Equity-Asset Manager, beabsichtigt, seinen Aktion\u00e4ren noch vor Ende des dritten Quartals 2022 ein freiwilliges \u00f6ffentliches Angebot f\u00fcr einen Aktienr\u00fcckkauf im Volumen von 6,0 Mio. EUR zu unterbreiten. Das Volumen entspricht 0,10 EUR pro Aktie. Beim aktuellen Kurs erg\u00e4be sich daraus eine St\u00fcckzahl von bis zu 4,0 Mio. Aktien und knapp 7% der ausstehenden Aktien. <\/p>\n<p>Die SGT German Private Equity h\u00e4lt bereits 2.719.200 eigene Aktien. Das entspricht 4,5% ihres Grundkapitals.<\/p>\n<p>Des Weiteren hat sich die Gesellschaft mit 6 Mio. EUR an einem der Ko-Investment-Fonds beteilgt, der von ihrer hundertprozentigen Tochter SGT Capital Pte. Ltd. gemanagt wird und seinerseits an Utimaco beteiligt ist. Das entspricht weiteren 0,10 EUR pro Aktie. Utimaco ist ein stark wachsender, hochprofitabler globaler Marktfu\u0308hrer bei High-End-Cyber Security-Software mit Sitz in Aachen, Deutschland, und Campbell, Kalifornien, USA. Das Unternehmen besch\u00e4ftigt mehr als 470 Mitarbeiter und erzielt einen dreistelligen Millionenumsatz. Die SGT German Private Equity rechnet f\u00fcr ihr Eigenkapital-Investment mit der Erzielung eines Ver\u00e4u\u00dferungserl\u00f6ses in der Gr\u00f6\u00dfenordnung von 15 bis 25 Mio. EUR binnen f\u00fcnf Jahren. Nachstehend die Pressemitteilung der SGT Capital zur Akquisition von Utimaco:<\/p>\n<p><a href=\"https:\/\/www.prnewswire.com\/de\/pressemitteilungen\/sgt-capital-schliesst-erwerb-von-utimaco-ab-einem-weltmarktfuhrer-von-cybersicherheits-und-compliance-losungen-833588695.html\">https:\/\/www.prnewswire.com\/de\/pressemitteilungen\/sgt-capital-schliesst-erwerb-von-utimaco-ab-einem-weltmarktfuhrer-von-cybersicherheits-und-compliance-losungen-833588695.html<\/a><\/p>\n<p>Von einem Dividendenvorschlag f\u00fcr das Gesch\u00e4ftsjahr 2021 sieht die Gesch\u00e4ftsf\u00fchrung ab, da beim derzeitigen Kursniveau ein Aktienr\u00fcckkauf steuerlich vorteilhaft erscheint. Aktion\u00e4re, die Aktien zu einem Kurs andienen, der nicht oder nur unwesentlich h\u00f6her liegt als ihr Einstandskurs, k\u00f6nnen den Verkaufserl\u00f6s nahezu ohne Steuerabzug vereinnahmen, w\u00e4hrend bei einer Dividende Kapitalertragsteuer auf den vollen Betrag einzubehalten w\u00e4re.<\/p>\n<p>Die Gesellschaft plant, zur Gewinnverwendung ab 2022 jedes Gesch\u00e4ftsjahr einen Aktienr\u00fcckkauf und\/oder eine Dividendenzahlung durchzuf\u00fchren und gleichzeitig einen Teil der Gewinne zu thesaurieren und in von ihrer Tochter SGTPTE generierte Private Equity-Opportunit\u00e4ten zu investieren.<\/p>\n<p>&nbsp;<\/p>\n<p><strong>Investor Relations Kontakt<\/strong><br \/>\n<strong>Rosenberg Strategic Communications <\/strong><br \/>\nDirk Schmitt<br \/>\nd.schmitt@rosenbergsc.com<br \/>\n+49 170 302 8833<\/p>\n<p>&nbsp;<\/p>\n<p><strong>\u00dcber SGT German Private Equity<\/strong><\/p>\n<p>SGT German Private Equity ist ein in Deutschland beheimateter, b\u00f6rsennotierter Private Equity-Asset Manager mit Sitz in Frankfurt am Main. Ihre 100%ige Tochtergesellschaft SGT Capital Pte. Ltd. ist ein globaler Alternative Investment- und Private Equity-Asset Manager mit Hauptsitz in Singapur.<\/p>\n<p>F\u00fcr ihren neuen, branchenagnostischen Private Equity-Fonds SGT Capital Fund II mit geografischem Fokus auf Europa und Nordamerika und Laufzeit von zehn Jahren, strebt SGT ein Fundraising-Zielvolumen von 1 bis 3 Mrd. USD an. Das Management Team verf\u00fcgt \u00fcber langj\u00e4hrige F\u00fchrungserfahrungen bei namhaften Adressen \u2013 globalen Private Equity-H\u00e4usern, Managementberatungen und Investmentbanken.<\/p>\n<p>Aus ihrer Historie als ein f\u00fchrender deutscher Venture Capital-Anbieter unter der Marke German Startups Group h\u00e4lt die SGT German Private Equity desweiteren ein Heritage Portfolio an Minderheitsbeteiligungen an teils aussichtsreichen deutschen Startups.<\/p>\n<p>&nbsp;<\/p>\n<p><u><a href=\"https:\/\/tpgholding.com\/wp-content\/uploads\/2022\/06\/20220609_SGT-German-Private-Equity-Gewinnverwendung-Gescha\u0308ftsjahr-2021.pdf\" target=\"_blank\" rel=\"nofollow\" rel=\"\">Hier klicken f\u00fcr die PDF-Version<\/a><\/u><\/p>\n<p>Mehr Informationen unter\u00a0<a href=\"https:\/\/tpgholding.com\/\">https:\/\/tpgholding.com\/<\/a>\u00a0und\u00a0<a href=\"https:\/\/sgt-capital.com\/\">https:\/\/www.sgt-capital.com\/<\/a>.<\/p>\n","protected":false},"excerpt":{"rendered":"<p>+++ Pressemitteilung +++ SGT German Private Equity \u2013 Verwendung des Gewinns aus dem Gesch\u00e4ftsjahr 2021 \u00d6ffentliches Aktienr\u00fcckkaufangebot geplant Erwerb eines Anteils an Utimaco Frankfurt am Main, 9. Juni 2022 &#8211;\u00a0 Die SGT German Private Equity GmbH &#038; Co. KGaA (SGF), ein b\u00f6rsennotierter Private Equity-Asset Manager, beabsichtigt, seinen Aktion\u00e4ren noch vor Ende des dritten Quartals 2022 [&hellip;]<\/p>\n","protected":false},"author":4,"featured_media":0,"parent":0,"menu_order":0,"comment_status":"closed","ping_status":"closed","template":"page-full.php","meta":[],"_links":{"self":[{"href":"https:\/\/tpgholding.com\/index.php\/wp-json\/wp\/v2\/pages\/15812"}],"collection":[{"href":"https:\/\/tpgholding.com\/index.php\/wp-json\/wp\/v2\/pages"}],"about":[{"href":"https:\/\/tpgholding.com\/index.php\/wp-json\/wp\/v2\/types\/page"}],"author":[{"embeddable":true,"href":"https:\/\/tpgholding.com\/index.php\/wp-json\/wp\/v2\/users\/4"}],"replies":[{"embeddable":true,"href":"https:\/\/tpgholding.com\/index.php\/wp-json\/wp\/v2\/comments?post=15812"}],"version-history":[{"count":1,"href":"https:\/\/tpgholding.com\/index.php\/wp-json\/wp\/v2\/pages\/15812\/revisions"}],"predecessor-version":[{"id":16100,"href":"https:\/\/tpgholding.com\/index.php\/wp-json\/wp\/v2\/pages\/15812\/revisions\/16100"}],"wp:attachment":[{"href":"https:\/\/tpgholding.com\/index.php\/wp-json\/wp\/v2\/media?parent=15812"}],"curies":[{"name":"wp","href":"https:\/\/api.w.org\/{rel}","templated":true}]}}