{"id":15869,"date":"2022-07-04T09:38:01","date_gmt":"2022-07-04T07:38:01","guid":{"rendered":"https:\/\/sgt.phobos.services\/?page_id=15869"},"modified":"2022-08-18T18:05:03","modified_gmt":"2022-08-18T16:05:03","slug":"pressemitteilung-vom-04-juli-2022","status":"publish","type":"page","link":"https:\/\/tpgholding.com\/index.php\/pressemitteilung-vom-04-juli-2022\/","title":{"rendered":"Pressemitteilung vom <br> 04. Juli 2022"},"content":{"rendered":"<p style=\"text-align: center;\"><a href=\"https:\/\/tpgholding.com\/wp-content\/uploads\/2021\/10\/SGT_Logo.png\" rel=\"attachment wp-att-15549\"><img decoding=\"async\" class=\"alignnone\" src=\"https:\/\/tpgholding.com\/wp-content\/uploads\/2021\/10\/SGT_Logo-300x72.png\" alt=\"SGT_Logo\" \/><\/a><\/p>\n<p style=\"text-align: center; padding: 0px; margin: 0px;\">+++ Pressemitteilung +++<\/p>\n<p style=\"text-align: center; padding: 50px; margin: 0px;\"><strong>SGT German Private Equity schl\u00e4gt ihren Aktion\u00e4ren<br \/>\nerstmals Dividende vor<br \/>\n<\/strong><\/p>\n<ul>\n<li> Dividendenvorschlag von 2 Cent pro Aktie<\/li>\n<li> Aktienr\u00fcckkaufank\u00fcndigung im Volumen von 10 Cent pro Aktie <\/li>\n<li> Gewinn 2021 f\u00e4llt h\u00f6her aus als erwartet<\/li>\n<\/ul>\n<p><strong>Frankfurt am Main, 4. Juli 2022 &#8211;\u00a0<\/strong> Die SGT German Private Equity GmbH &#038; Co. KGaA (SGF), ein b\u00f6rsennotierter Private Equity-Asset Manager, schl\u00e4gt ihren Aktion\u00e4ren in der Hauptversammlung am 18. August 2022 erstmals die Zahlung einer Dividende vor, in H\u00f6he von 2 Cent pro Aktie.  <\/p>\n<p>Daneben h\u00e4lt die SGF an ihrer Absicht fest, ihren Aktion\u00e4ren im 3. Quartal 2022 ein \u00f6ffentliches Aktienr\u00fcckkaufangebot zu unterbreiten. Das geplante Volumen des Aktienr\u00fcckkaufs betr\u00e4gt rund 5 Mio. EUR oder 10 Cent pro Aktie. Insgesamt sch\u00fcttet die SGF damit 6 Mio. EUR oder 12 Cent pro Aktie an ihre Aktion\u00e4re aus. Das entspricht 8% ihrer Marktkapitalisierung.<\/p>\n<p>Mit einem Nettogewinn von 14 Mio. EUR oder 44 Cent pro Aktie im abgelaufenen Gesch\u00e4ftsjahr \u00fcbertrifft die SGF die Markterwartungen und ihre eigenen Prognosen und Sch\u00e4tzungen deutlich (IFRS Konzern; Vorjahr -5 Cent). Im IFRS-Abschluss ist auf durchschnittlich 33.133.219 Aktien im Gesch\u00e4ftsjahr abzustellen. Bezogen auf die aktuelle Anzahl von 49.801.800 ausstehenden Aktien bel\u00e4uft sich das Nettoergebnis noch immer auf 28 Cent pro Aktie.<\/p>\n<p>Der Gesch\u00e4ftsbericht wird Ende der Woche ver\u00f6ffentlicht.<\/p>\n<p>Die SGF plant, zur Gewinnverwendung ab diesem Jahr jedes Gesch\u00e4ftsjahr einen Aktienr\u00fcckkauf und\/oder eine Dividendenzahlung durchzuf\u00fchren und gleichzeitig einen Teil der Gewinne zu thesaurieren und in von ihrer Tochter SGTPTE generierte Private Equity-Opportunit\u00e4ten zu investieren.<\/p>\n<p>&nbsp;<\/p>\n<p><strong>Investor Relations Kontakt<\/strong><br \/>\n<strong>Rosenberg Strategic Communications <\/strong><br \/>\nDirk Schmitt<br \/>\nd.schmitt@rosenbergsc.com<br \/>\n+49 170 302 8833<\/p>\n<p>&nbsp;<\/p>\n<p><strong>\u00dcber SGT German Private Equity<\/strong><\/p>\n<p>SGT German Private Equity ist ein in Deutschland beheimateter, b\u00f6rsennotierter Private Equity-Asset Manager<br \/>\nmit Sitz in Frankfurt am Main. Ihre 100%ige Tochtergesellschaft SGT Capital Pte. Ltd. ist ein globaler Alternative<br \/>\nInvestment- und Private Equity-Asset Manager mit Hauptsitz in Singapur.<\/p>\n<p>F\u00fcr ihren neuen, branchenagnostischen Private Equity-Fonds SGT Capital Fund II mit geografischem Fokus auf<br \/>\nEuropa und Nordamerika (Laufzeit zehn Jahre), strebt SGT ein Fundraising-Zielvolumen von 1 bis 3 Mrd. USD<br \/>\nan. Das Management Team verf\u00fcgt \u00fcber langj\u00e4hrige F\u00fchrungserfahrung bei namhaften Adressen \u2013 globalen<br \/>\nPrivate Equity-H\u00e4usern, Managementberatungen und Investmentbanken.<\/p>\n<p>Aus ihrer Historie als ein f\u00fchrender deutscher Venture Capital-Anbieter unter der Marke German Startups<br \/>\nGroup h\u00e4lt die SGT German Private Equity desweiteren ein Heritage Portfolio an Minderheitsbeteiligungen an<br \/>\nteils aussichtsreichen deutschen Startups.<\/p>\n<p>&nbsp;<\/p>\n<p><u><a href=\"https:\/\/tpgholding.com\/wp-content\/uploads\/2022\/07\/20220704_SGT-German-Private-Equity-schla\u0308gt-ihren-Aktiona\u0308ren-erstmals-Dividende-vor_p.pdf\" target=\"_blank\" rel=\"nofollow\" rel=\"\">Hier klicken f\u00fcr die PDF-Version<\/a><\/u><\/p>\n<p>Mehr Informationen unter\u00a0<a href=\"https:\/\/tpgholding.com\/\">https:\/\/tpgholding.com\/<\/a>\u00a0und\u00a0<a href=\"https:\/\/sgt-capital.com\/\">https:\/\/www.sgt-capital.com\/<\/a>.<\/p>\n","protected":false},"excerpt":{"rendered":"<p>+++ Pressemitteilung +++ SGT German Private Equity schl\u00e4gt ihren Aktion\u00e4ren erstmals Dividende vor Dividendenvorschlag von 2 Cent pro Aktie Aktienr\u00fcckkaufank\u00fcndigung im Volumen von 10 Cent pro Aktie Gewinn 2021 f\u00e4llt h\u00f6her aus als erwartet Frankfurt am Main, 4. Juli 2022 &#8211;\u00a0 Die SGT German Private Equity GmbH &#038; Co. KGaA (SGF), ein b\u00f6rsennotierter Private Equity-Asset [&hellip;]<\/p>\n","protected":false},"author":4,"featured_media":0,"parent":0,"menu_order":0,"comment_status":"closed","ping_status":"closed","template":"page-full.php","meta":[],"_links":{"self":[{"href":"https:\/\/tpgholding.com\/index.php\/wp-json\/wp\/v2\/pages\/15869"}],"collection":[{"href":"https:\/\/tpgholding.com\/index.php\/wp-json\/wp\/v2\/pages"}],"about":[{"href":"https:\/\/tpgholding.com\/index.php\/wp-json\/wp\/v2\/types\/page"}],"author":[{"embeddable":true,"href":"https:\/\/tpgholding.com\/index.php\/wp-json\/wp\/v2\/users\/4"}],"replies":[{"embeddable":true,"href":"https:\/\/tpgholding.com\/index.php\/wp-json\/wp\/v2\/comments?post=15869"}],"version-history":[{"count":2,"href":"https:\/\/tpgholding.com\/index.php\/wp-json\/wp\/v2\/pages\/15869\/revisions"}],"predecessor-version":[{"id":16140,"href":"https:\/\/tpgholding.com\/index.php\/wp-json\/wp\/v2\/pages\/15869\/revisions\/16140"}],"wp:attachment":[{"href":"https:\/\/tpgholding.com\/index.php\/wp-json\/wp\/v2\/media?parent=15869"}],"curies":[{"name":"wp","href":"https:\/\/api.w.org\/{rel}","templated":true}]}}