{"id":15989,"date":"2022-07-22T10:20:28","date_gmt":"2022-07-22T08:20:28","guid":{"rendered":"https:\/\/sgt.phobos.services\/?page_id=15989"},"modified":"2022-08-18T18:04:04","modified_gmt":"2022-08-18T16:04:04","slug":"pressemitteilung-vom-22-juli-2022-2","status":"publish","type":"page","link":"https:\/\/tpgholding.com\/index.php\/pressemitteilung-vom-22-juli-2022-2\/","title":{"rendered":"Pressemitteilung vom <br> 22. Juli 2022"},"content":{"rendered":"<p style=\"text-align: center;\"><a href=\"https:\/\/tpgholding.com\/wp-content\/uploads\/2021\/10\/SGT_Logo.png\" rel=\"attachment wp-att-15549\"><img decoding=\"async\" class=\"alignnone\" src=\"https:\/\/tpgholding.com\/wp-content\/uploads\/2021\/10\/SGT_Logo-300x72.png\" alt=\"SGT_Logo\" \/><\/a><\/p>\n<p style=\"text-align: center; padding: 0px; margin: 0px;\">+++ Pressemitteilung +++<\/p>\n<p style=\"text-align: center; padding: 50px; margin: 0px;\"><strong>SGT German Private Equity &#8211; Erweiterung der Tagesordnung der Hauptversammlung um die Beschlussfassung \u00fcber den Einzug von 11 Mio. eigenen Aktien<\/strong><\/p>\n<p><strong>Frankfurt am Main, 22. Juli 2022 &#8211;\u00a0<\/strong> Die SGT German Private Equity GmbH &#038; Co. KGaA (SGF), ein b\u00f6rsennotierter Private Equity-Asset Manager, h\u00e4lt 11.052.200 eigene Aktien und nimmt auf Antrag ihrer Gro\u00dfaktion\u00e4rin SGT Capital LLC (SGTLLC) die Beschlussfassung \u00fcber den Einzug dieser 11.052.200 SGF St\u00fcckaktien in die Tagesordnung der Hauptversammlung am 18. August 2022 auf. Diesem Ansinnen kommt die Gesellschaft gerne nach. <\/p>\n<p>Die SGF empfiehlt ihren Aktion\u00e4ren, dem Aktieneinzug zuzustimmen, um k\u00fcnftige Aktienr\u00fcckkaufangebote zu vereinfachen und entsprechend gr\u00f6\u00dfere Volumina zu erm\u00f6glichen. Bei Zustimmung der Hauptversammlung verringert sich die Gesamtzahl Aktien von 60.854.000 auf 49.801.800.<\/p>\n<p>Die SGF beabsichtigt, ihren Aktion\u00e4ren noch im laufenden 3. Quartal 2022 ein \u00f6ffentliches Aktienr\u00fcckkaufangebot in einem geplanten Volumen von rund 5 Mio. EUR zu unterbreiten. Das entspricht 6% ihrer Marktkapitalisierung.<\/p>\n<p>Hinsichtlich der Bestimmung des Angebotskurses wurde die SGF-Gesch\u00e4ftsf\u00fchrung von der Hauptversammlung 2021 erm\u00e4chtigt, um bis zu 20% nach oben vom 5-Tages XETRA-Durchschnitts-Schlusskurs vor dem Tag des Abschlusses des dem Erwerb zugrundeliegenden Vertrages abzuweichen. <\/p>\n<p>Das letzte Aktienr\u00fcckkaufprogramm der Gesellschaft fand in 2020 statt. Damals lag der den Aktion\u00e4ren angebotene R\u00fcckkaufkurs bei 2,00 EUR pro Aktie.<\/p>\n<p>&nbsp;<\/p>\n<p><strong>Investor Relations Kontakt<\/strong><br \/>\n<strong>Rosenberg Strategic Communications <\/strong><br \/>\nDirk Schmitt<br \/>\nd.schmitt@rosenbergsc.com<br \/>\n+49 170 302 8833<\/p>\n<p>&nbsp;<\/p>\n<p><strong>\u00dcber SGT German Private Equity<\/strong><\/p>\n<p>SGT German Private Equity ist ein in Deutschland beheimateter, b\u00f6rsennotierter Private Equity-Asset Manager<br \/>\nmit Sitz in Frankfurt am Main. Ihre 100%ige Tochtergesellschaft SGT Capital Pte. Ltd. ist ein globaler Alternative<br \/>\nInvestment- und Private Equity-Asset Manager mit Hauptsitz in Singapur.<\/p>\n<p>F\u00fcr ihren neuen, branchenagnostischen Private Equity-Fonds SGT Capital Fund II mit geografischem Fokus auf<br \/>\nEuropa und Nordamerika (Laufzeit zehn Jahre), strebt SGT ein Fundraising-Zielvolumen von 1 bis 3 Mrd. USD<br \/>\nan. Das Management Team verf\u00fcgt \u00fcber langj\u00e4hrige F\u00fchrungserfahrung bei namhaften Adressen \u2013 globalen<br \/>\nPrivate Equity-H\u00e4usern, Managementberatungen und Investmentbanken.<\/p>\n<p>Aus ihrer Historie als ein f\u00fchrender deutscher Venture Capital-Anbieter unter der Marke German Startups<br \/>\nGroup h\u00e4lt die SGT German Private Equity desweiteren ein Heritage Portfolio an Minderheitsbeteiligungen an<br \/>\nteils aussichtsreichen deutschen Startups.<\/p>\n<p>&nbsp;<\/p>\n<p><u><a href=\"https:\/\/tpgholding.com\/wp-content\/uploads\/2022\/07\/20220722_SGT-German-Private-Equity-Erweiterung-der-Tagesordnung-der-Hauptversammlung.pdf\" target=\"_blank\" rel=\"nofollow\" rel=\"\">Hier klicken f\u00fcr die PDF-Version<\/a><\/u><\/p>\n<p>Mehr Informationen unter\u00a0<a href=\"https:\/\/tpgholding.com\/\">https:\/\/tpgholding.com\/<\/a>\u00a0und\u00a0<a href=\"https:\/\/sgt-capital.com\/\" class=\"broken_link\">https:\/\/www.sgt-capital.com\/<\/a>.<\/p>\n","protected":false},"excerpt":{"rendered":"<p>+++ Pressemitteilung +++ SGT German Private Equity &#8211; Erweiterung der Tagesordnung der Hauptversammlung um die Beschlussfassung \u00fcber den Einzug von 11 Mio. eigenen Aktien Frankfurt am Main, 22. Juli 2022 &#8211;\u00a0 Die SGT German Private Equity GmbH &#038; Co. KGaA (SGF), ein b\u00f6rsennotierter Private Equity-Asset Manager, h\u00e4lt 11.052.200 eigene Aktien und nimmt auf Antrag ihrer [&hellip;]<\/p>\n","protected":false},"author":4,"featured_media":0,"parent":0,"menu_order":0,"comment_status":"closed","ping_status":"closed","template":"page-full-image.php","meta":[],"_links":{"self":[{"href":"https:\/\/tpgholding.com\/index.php\/wp-json\/wp\/v2\/pages\/15989"}],"collection":[{"href":"https:\/\/tpgholding.com\/index.php\/wp-json\/wp\/v2\/pages"}],"about":[{"href":"https:\/\/tpgholding.com\/index.php\/wp-json\/wp\/v2\/types\/page"}],"author":[{"embeddable":true,"href":"https:\/\/tpgholding.com\/index.php\/wp-json\/wp\/v2\/users\/4"}],"replies":[{"embeddable":true,"href":"https:\/\/tpgholding.com\/index.php\/wp-json\/wp\/v2\/comments?post=15989"}],"version-history":[{"count":1,"href":"https:\/\/tpgholding.com\/index.php\/wp-json\/wp\/v2\/pages\/15989\/revisions"}],"predecessor-version":[{"id":16092,"href":"https:\/\/tpgholding.com\/index.php\/wp-json\/wp\/v2\/pages\/15989\/revisions\/16092"}],"wp:attachment":[{"href":"https:\/\/tpgholding.com\/index.php\/wp-json\/wp\/v2\/media?parent=15989"}],"curies":[{"name":"wp","href":"https:\/\/api.w.org\/{rel}","templated":true}]}}