{"id":16030,"date":"2022-08-17T10:54:25","date_gmt":"2022-08-17T08:54:25","guid":{"rendered":"https:\/\/sgt.phobos.services\/?page_id=16030"},"modified":"2025-01-28T11:48:15","modified_gmt":"2025-01-28T10:48:15","slug":"pressemitteilung-vom-17-august-2022","status":"publish","type":"page","link":"https:\/\/tpgholding.com\/index.php\/pressemitteilung-vom-17-august-2022\/","title":{"rendered":"Pressemitteilung vom <br> 17. August 2022"},"content":{"rendered":"<p style=\"text-align: center;\"><a href=\"https:\/\/tpgholding.com\/wp-content\/uploads\/2021\/10\/SGT_Logo.png\" rel=\"attachment wp-att-15549\"><img decoding=\"async\" class=\"alignnone\" src=\"https:\/\/tpgholding.com\/wp-content\/uploads\/2021\/10\/SGT_Logo-300x72.png\" alt=\"SGT_Logo\" \/><\/a><\/p>\n<p style=\"text-align: center; padding: 0px; margin: 0px;\">+++ Pressemitteilung +++<\/p>\n<p style=\"text-align: center; padding: 50px; margin: 0px;\"><strong>SGT German Private Equity steigert Eigenkapital auf 110 Mio. EUR<\/strong><\/p>\n<ul>\n<li>Steigerung des Eigenkapitals auf 2,26 EUR pro Aktie<\/li>\n<li>Positiver Ergebniseffekt in 2022 von 12 Mio. EUR oder 24 Cent pro Aktie<\/li>\n<li>Signifikante stille Reserve<\/li>\n<\/ul>\n<p><strong>Frankfurt am Main, 17. August 2022 &#8211;\u00a0<\/strong> Die SGT German Private Equity GmbH &amp; Co. KGaA (SGF), ein b\u00f6rsennotierter Private Equity-Asset Manager, hat den Erwerb ihrer hundertprozentigen Tochtergesellschaft, der SGT Capital Pte. Ltd. (SGTPTE), einem hochprofitablen Private Equity Asset Manager mit Sitz in Singapur, abgeschlossen. Buchhalterisch wurde der Erwerb zum 30.06.2022 abgeschlossen. Die Kaufpreisverbindlichkeit, die aus der Ausgabe einer bis zum 30.06.2022 variablen Anzahl an die SGT Capital LLC (SGTLLC) auszugebender SGF-Aktien bestand, wurde in das Eigenkapital umgebucht [IFRS Konzern]. Insgesamt erhielt die SGTLLC 39.490.500 neue SGF-Aktien. Diese wurden per 30.06.2022 auch buchhalterisch als Grund- bzw. Eigenkapital erfasst. Dieser Vorgang bewirkt einen positiven Ergebniseffekt im ersten Halbjahr 2022 von knapp 12 Mio. EUR oder 24 Cent Gewinn pro Aktie in 2022. Die Gesamtzahl der Aktien betr\u00e4gt jetzt 49.801.800.<\/p>\n<p>Urspr\u00fcnglich sollte die SGF-Gro\u00dfaktion\u00e4rin SGTLLC f\u00fcr die Leistung der SGTPTE mit 50 Mio. SGF-Aktien entgolten werden. Die SGF-Gesch\u00e4ftsleitung konnte jedoch auf Basis eines von der SGTLLC verbindlich ausgesprochenen Angebots die R\u00fcckgabe von insgesamt 11.052.200 Aktien erwirken, davon 8,3 Mio. Aktien per 30.06.2022 (und 2,2 Mio. Aktien per 31.12.2021). Das Volumen der Aktienr\u00fcckgabe war lediglich von der H\u00f6he des von der SGTPTE bis zu einem bestimmten Zeitpunkt eingeworbenen Kapitals abh\u00e4ngig, wenngleich die Profitabilit\u00e4t der SGTPTE de facto auch von verschiedenen anderen Einflussfaktoren wesentlich abh\u00e4ngt, bei denen die SGTPTE die Erwartungen und Ziele deutlich \u00fcbertreffen konnte. So ist es der SGF gelungen, die SGTPTE zu vorteilhafteren Bedingungen zu erwerben als urspr\u00fcnglich vereinbart.<\/p>\n<p>Zum 30.06.2022 verzeichnet die SGF eine Steigerung des Eigenkapitals von 42 Mio. EUR auf \u00fcber 110 Mio. EUR bzw. 2,26 EUR pro Aktie. Der aus dem SGTPTE-Erwerb resultierende Goodwill sowie der immaterielle Verm\u00f6gensgegenstand wird buchhalterisch mit 82 Mio. EUR bewertet, obwohl der Fair Value der SGTPTE auf Basis ihrer hohen Ertragskraft rechnerisch deutlich h\u00f6her liegt. Bereits anl\u00e4sslich der Hauptversammlung am 7.08.2020 war die SGTPTE von Wirtschaftspr\u00fcfern mit mind. 148,6 Mio. EUR bewertet worden. Nach IFRS ma\u00dfgeblich f\u00fcr die Einbuchung der Akquisition in die Bilanz ist jedoch der Fair Value der Gegenleistung zum Zeitpunkt des Zugangs, der aufgrund des niedrigen Aktienkurses der SGF-Aktie zum 26.01.2021 nur 82 Mio. EUR betrug. Die Differenz zwischen dem Fair Value und dem Buchwert der SGTPTE kann als stille Reserve in der Bilanz der SGF angesehen werden.<\/p>\n<p>&nbsp;<\/p>\n<p><strong>Investor Relations Kontakt<\/strong><br \/>\n<strong>Rosenberg Strategic Communications <\/strong><br \/>\nDirk Schmitt<br \/>\nd.schmitt@rosenbergsc.com<br \/>\n+49 170 302 8833<\/p>\n<p>&nbsp;<\/p>\n<p><strong>\u00dcber SGT German Private Equity<\/strong><\/p>\n<p>SGT German Private Equity ist ein in Deutschland beheimateter, b\u00f6rsennotierter Private Equity-Asset Manager<br \/>\nmit Sitz in Frankfurt am Main. Ihre 100%ige Tochtergesellschaft SGT Capital Pte. Ltd. ist ein globaler Alternative<br \/>\nInvestment- und Private Equity-Asset Manager mit Hauptsitz in Singapur.<\/p>\n<p>SGT Capital Fund II, mit geografischem Fokus auf Europa und Nordamerika (Fondslaufzeit zehn Jahre), investiert in<br \/>\nmarktf\u00fchrende Unternehmen und nutzt sein eigenes Fachwissen, um die Unternehmen weiter zu globalisieren, insbesondere<br \/>\nin asiatische M\u00e4rkte. SGT strebt ein Fundraising-Zielvolumen von 2 bis 3 Mrd. USD an. Das Management-Team verf\u00fcgt \u00fcber<br \/>\nlangj\u00e4hrige F\u00fchrungserfahrung bei namhaften Adressen &#8211; globalen Private Equity-H\u00e4usern, Managementberatungen und<br \/>\nInvestmentbanken. SGT Capital verwaltet derzeit von ihr aufgelegte Private Equity-Fonds und ein Joint Venture mit einem<br \/>\nasiatischen Finanzdienstleister in einem Gesamtvolumen von mehr als 800 Mio. USD.<\/p>\n<div style=\"margin-left: 80px;\"><em>[Das im obigen Satz erw\u00e4hnte Joint Venture hat sich im Februar 2023 leider als unverbindlich erwiesen]<\/em><\/div>\n<p>Aus ihrer Historie als ein f\u00fchrender deutscher Venture Capital-Anbieter unter der Marke German Startups<br \/>\nGroup h\u00e4lt die SGT German Private Equity desweiteren ein Heritage Portfolio an Minderheitsbeteiligungen an<br \/>\nteils aussichtsreichen deutschen Startups.<\/p>\n<p>&nbsp;<\/p>\n<p><u><a href=\"https:\/\/tpgholding.com\/wp-content\/uploads\/2022\/08\/20220817-SGT-German-Private-Equity-steigert-Eigenkapital-auf-mehr-als-110-Mio.-EUR.pdf\" target=\"_blank\" rel=\"nofollow\" rel=\"noopener\">Hier klicken f\u00fcr die PDF-Version<\/a><\/u><\/p>\n<p>Mehr Informationen unter\u00a0<a href=\"https:\/\/tpgholding.com\/\">https:\/\/tpgholding.com\/<\/a>\u00a0und\u00a0<a href=\"https:\/\/sgt-capital.com\/\">https:\/\/www.sgt-capital.com\/<\/a>.<\/p>\n","protected":false},"excerpt":{"rendered":"<p>+++ Pressemitteilung +++ SGT German Private Equity steigert Eigenkapital auf 110 Mio. EUR Steigerung des Eigenkapitals auf 2,26 EUR pro Aktie Positiver Ergebniseffekt in 2022 von 12 Mio. EUR oder 24 Cent pro Aktie Signifikante stille Reserve Frankfurt am Main, 17. August 2022 &#8211;\u00a0 Die SGT German Private Equity GmbH &amp; Co. KGaA (SGF), ein [&hellip;]<\/p>\n","protected":false},"author":4,"featured_media":0,"parent":0,"menu_order":0,"comment_status":"closed","ping_status":"closed","template":"page-full-image.php","meta":[],"_links":{"self":[{"href":"https:\/\/tpgholding.com\/index.php\/wp-json\/wp\/v2\/pages\/16030"}],"collection":[{"href":"https:\/\/tpgholding.com\/index.php\/wp-json\/wp\/v2\/pages"}],"about":[{"href":"https:\/\/tpgholding.com\/index.php\/wp-json\/wp\/v2\/types\/page"}],"author":[{"embeddable":true,"href":"https:\/\/tpgholding.com\/index.php\/wp-json\/wp\/v2\/users\/4"}],"replies":[{"embeddable":true,"href":"https:\/\/tpgholding.com\/index.php\/wp-json\/wp\/v2\/comments?post=16030"}],"version-history":[{"count":3,"href":"https:\/\/tpgholding.com\/index.php\/wp-json\/wp\/v2\/pages\/16030\/revisions"}],"predecessor-version":[{"id":17931,"href":"https:\/\/tpgholding.com\/index.php\/wp-json\/wp\/v2\/pages\/16030\/revisions\/17931"}],"wp:attachment":[{"href":"https:\/\/tpgholding.com\/index.php\/wp-json\/wp\/v2\/media?parent=16030"}],"curies":[{"name":"wp","href":"https:\/\/api.w.org\/{rel}","templated":true}]}}