{"id":16061,"date":"2022-08-18T12:56:39","date_gmt":"2022-08-18T10:56:39","guid":{"rendered":"https:\/\/sgt.phobos.services\/?page_id=16061"},"modified":"2025-01-28T11:50:49","modified_gmt":"2025-01-28T10:50:49","slug":"pressemitteilung-vom-18-august-2022","status":"publish","type":"page","link":"https:\/\/tpgholding.com\/index.php\/pressemitteilung-vom-18-august-2022\/","title":{"rendered":"Pressemitteilung vom <br> 18. August 2022"},"content":{"rendered":"<p style=\"text-align: center;\"><a href=\"https:\/\/tpgholding.com\/wp-content\/uploads\/2021\/10\/SGT_Logo.png\" rel=\"attachment wp-att-15549\"><img decoding=\"async\" class=\"alignnone\" src=\"https:\/\/tpgholding.com\/wp-content\/uploads\/2021\/10\/SGT_Logo-300x72.png\" alt=\"SGT_Logo\" \/><\/a><\/p>\n<p style=\"text-align: center; padding: 0px; margin: 0px;\">+++ Pressemitteilung +++<\/p>\n<p style=\"text-align: center; padding: 50px; margin: 0px;\"><strong>SGT German Private Equity zieht 11 Millionen eigene Aktien ein<\/strong><\/p>\n<p><strong>Frankfurt am Main, 18. August 2022 &#8211;\u00a0<\/strong> Die SGT German Private Equity GmbH &amp; Co. KGaA (SGF), ein b\u00f6rsennotierter Private Equity-Asset Manager, hat die von ihr gehaltenen 11.052.200 Aktien durch heutigen Beschluss der Hauptversammlung eingezogen. Die Anzahl Aktien betr\u00e4gt nunmehr 49.801.800.<\/p>\n<p>Der Streubesitz erh\u00f6ht sich durch diese Ma\u00dfnahme von 16,9% auf 20,7%.<\/p>\n<p>&nbsp;<\/p>\n<p><strong>Investor Relations Kontakt<\/strong><br \/>\n<strong>Rosenberg Strategic Communications <\/strong><br \/>\nDirk Schmitt<br \/>\nd.schmitt@rosenbergsc.com<br \/>\n+49 170 302 8833<\/p>\n<p>&nbsp;<\/p>\n<p><strong>\u00dcber SGT German Private Equity<\/strong><\/p>\n<p>SGT German Private Equity ist ein in Deutschland beheimateter, b\u00f6rsennotierter Private Equity-Asset Manager<br \/>\nmit Sitz in Frankfurt am Main. Ihre 100%ige Tochtergesellschaft SGT Capital Pte. Ltd. ist ein globaler Alternative<br \/>\nInvestment- und Private Equity-Asset Manager mit Hauptsitz in Singapur.<\/p>\n<p>SGT Capital Fund II, mit geografischem Fokus auf Europa und Nordamerika (Fondslaufzeit zehn Jahre), investiert in<br \/>\nmarktf\u00fchrende Unternehmen und nutzt sein eigenes Fachwissen, um die Unternehmen weiter zu globalisie-ren, insbesondere<br \/>\nin asiatische M\u00e4rkte. SGT strebt ein Fundraising-Zielvolumen von 2 bis 3 Mrd. USD an. Das Management-Team verf\u00fcgt \u00fcber<br \/>\nlangj\u00e4hrige F\u00fchrungserfahrung bei namhaften Adressen &#8211; globalen Private Equity-H\u00e4usern, Managementberatungen und<br \/>\nInvestmentbanken. SGT Capital verwaltet derzeit von ihr aufge-legte Private Equity-Fonds und ein Joint Venture mit einem<br \/>\nasiatischen Finanzdienstleister in einem Gesamtvolu-men von mehr als 800 Mio. USD.<\/p>\n<div style=\"margin-left:80px;\"><em>[Das im obigen Satz erw\u00e4hnte Joint Venture hat sich im Februar 2023 leider als unverbindlich erwiesen]<\/em><\/div>\n<p>Aus ihrer Historie als ein f\u00fchrender deutscher Venture Capital-Anbieter unter der Marke German Startups<br \/>\nGroup h\u00e4lt die SGT German Private Equity desweiteren ein Heritage Portfolio an Minderheitsbeteiligungen an<br \/>\nteils aussichtsreichen deutschen Startups.<\/p>\n<p>&nbsp;<\/p>\n<p><u><a href=\"https:\/\/tpgholding.com\/wp-content\/uploads\/2022\/08\/20220818-SGT-German-Private-Equity-zieht-11-Mio.-eigene-Aktien-ein-1.pdf\" target=\"_blank\" rel=\"nofollow\" rel=\"noopener\">Hier klicken f\u00fcr die PDF-Version<\/a><\/u><\/p>\n<p>Mehr Informationen unter\u00a0<a href=\"https:\/\/tpgholding.com\/\">https:\/\/tpgholding.com\/<\/a>\u00a0und\u00a0<a href=\"https:\/\/sgt-capital.com\/\" class=\"broken_link\">https:\/\/www.sgt-capital.com\/<\/a>.<\/p>\n","protected":false},"excerpt":{"rendered":"<p>+++ Pressemitteilung +++ SGT German Private Equity zieht 11 Millionen eigene Aktien ein Frankfurt am Main, 18. August 2022 &#8211;\u00a0 Die SGT German Private Equity GmbH &amp; Co. KGaA (SGF), ein b\u00f6rsennotierter Private Equity-Asset Manager, hat die von ihr gehaltenen 11.052.200 Aktien durch heutigen Beschluss der Hauptversammlung eingezogen. Die Anzahl Aktien betr\u00e4gt nunmehr 49.801.800. Der [&hellip;]<\/p>\n","protected":false},"author":4,"featured_media":0,"parent":0,"menu_order":0,"comment_status":"closed","ping_status":"closed","template":"page-full-image.php","meta":[],"_links":{"self":[{"href":"https:\/\/tpgholding.com\/index.php\/wp-json\/wp\/v2\/pages\/16061"}],"collection":[{"href":"https:\/\/tpgholding.com\/index.php\/wp-json\/wp\/v2\/pages"}],"about":[{"href":"https:\/\/tpgholding.com\/index.php\/wp-json\/wp\/v2\/types\/page"}],"author":[{"embeddable":true,"href":"https:\/\/tpgholding.com\/index.php\/wp-json\/wp\/v2\/users\/4"}],"replies":[{"embeddable":true,"href":"https:\/\/tpgholding.com\/index.php\/wp-json\/wp\/v2\/comments?post=16061"}],"version-history":[{"count":3,"href":"https:\/\/tpgholding.com\/index.php\/wp-json\/wp\/v2\/pages\/16061\/revisions"}],"predecessor-version":[{"id":17941,"href":"https:\/\/tpgholding.com\/index.php\/wp-json\/wp\/v2\/pages\/16061\/revisions\/17941"}],"wp:attachment":[{"href":"https:\/\/tpgholding.com\/index.php\/wp-json\/wp\/v2\/media?parent=16061"}],"curies":[{"name":"wp","href":"https:\/\/api.w.org\/{rel}","templated":true}]}}