{"id":16135,"date":"2022-09-16T09:56:13","date_gmt":"2022-09-16T07:56:13","guid":{"rendered":"https:\/\/sgt.phobos.services\/?page_id=16135"},"modified":"2025-01-28T11:50:17","modified_gmt":"2025-01-28T10:50:17","slug":"pressemitteilung-vom-16-september-2022","status":"publish","type":"page","link":"https:\/\/tpgholding.com\/index.php\/pressemitteilung-vom-16-september-2022\/","title":{"rendered":"Pressemitteilung vom <br> 16. September 2022"},"content":{"rendered":"<p style=\"text-align: center;\"><a href=\"https:\/\/tpgholding.com\/wp-content\/uploads\/2021\/10\/SGT_Logo.png\" rel=\"attachment wp-att-15549\"><img decoding=\"async\" class=\"alignnone\" src=\"https:\/\/tpgholding.com\/wp-content\/uploads\/2021\/10\/SGT_Logo-300x72.png\" alt=\"SGT_Logo\" \/><\/a><\/p>\n<p style=\"text-align: center; padding: 0px; margin: 0px;\">+++ Pressemitteilung +++<\/p>\n<p style=\"text-align: center; padding: 50px; margin: 0px;\"><strong>SGT German Private Equity \u2013<br \/>\n<\/strong><strong>sehr profitables erstes Halbjahr 2022<br \/>\n<\/strong><\/p>\n<ul>\n<li>Nettoergebnis rund 34 Cent pro Aktie<\/li>\n<li>Eigenkapital von rund 2,30 EUR pro Aktie<\/li>\n<li>\u00d6ffentliches Aktienr\u00fcckkaufangebot zeitnah geplant<\/li>\n<\/ul>\n<p><strong>Frankfurt am Main, 16. September 2022 &#8211;\u00a0<\/strong> Die SGT German Private Equity GmbH &amp; Co. KGaA (SGF), ein b\u00f6rsennotierter Private Equity-Asset Manager, war im ersten Halbjahr 2022 erneut sehr profitabel. Die Gesch\u00e4ftsf\u00fchrung sch\u00e4tzt das Nettoergebnis im ersten Halbjahr auf rund 34 Cent pro Aktie (IFRS Konzern, auf Basis der zum 30.06.2022 und heute ausstehenden 49.801.800 Aktien). Von diesem Sch\u00e4tzbetrag resultieren rund 11 Cent pro Aktie aus dem laufenden Gesch\u00e4ft im Segment \u201eAsset Management\u201c, -1 Cent pro Aktie aus dem Segment \u201eInvestment\u201c, und 24 Cent pro Aktie aus der Neubewertung einer Kaufpreisverbindlichkeit.<\/p>\n<p>Die Gesch\u00e4ftsf\u00fchrung sch\u00e4tzt das Eigenkapital per 30.06.2022 auf rund 115 Mio. EUR bzw. rund 2,30 EUR pro Aktie (IFRS Konzern, auf Basis von 49.801.800 Aktien).<\/p>\n<p>Die SGT German Private Equity plant wie bereits angek\u00fcndigt, ihren Aktion\u00e4ren zeitnah ein \u00f6ffentliches Aktienr\u00fcckkaufangebot in einem Volumen von rund 5 Mio. EUR zu unterbreiten. Das entspricht 8% ihrer Marktkapitalisierung. Hinsichtlich der Festlegung des Angebotskurses wurde die SGF-Gesch\u00e4ftsf\u00fchrung von der Hauptversammlung 2021 erm\u00e4chtigt, den R\u00fcckkauf zu bis zu 20% \u00fcber dem 5-Tages XETRA-Durchschnitts-Schlusskurs vor dem Tag des Abschlusses des dem Erwerb zugrundeliegenden Vertrages anzubieten. Das letzte Aktienr\u00fcckkaufangebot der Gesellschaft fand im Jahr 2020 statt. Damals lag der den Aktion\u00e4ren angebotene R\u00fcckkaufkurs bei 2,00 EUR pro Aktie. Die Gesch\u00e4ftsf\u00fchrung ist bereit, das bevorstehende R\u00fcckkaufangebot zu dem gleichen oder auch einem h\u00f6heren Kurs zu t\u00e4tigen, sofern dieser zum Zeitpunkt der Ver\u00f6ffentlichung des verbindlichen Angebots durch die vorstehende Erm\u00e4chtigung der Hauptversammlung 2021 gedeckt ist.<\/p>\n<p>&nbsp;<\/p>\n<p><strong>Investor Relations Kontakt<\/strong><br \/>\n<strong>Rosenberg Strategic Communications <\/strong><br \/>\nDirk Schmitt<br \/>\nd.schmitt@rosenbergsc.com<br \/>\n+49 170 302 8833<\/p>\n<p>&nbsp;<\/p>\n<p><strong>\u00dcber SGT German Private Equity<\/strong><\/p>\n<p>SGT German Private Equity ist ein in Deutschland beheimateter, b\u00f6rsennotierter Private Equity-Asset Manager<br \/>\nmit Sitz in Frankfurt am Main. Ihre 100%ige Tochtergesellschaft SGT Capital Pte. Ltd. ist ein globaler Alternative<br \/>\nInvestment- und Private Equity-Asset Manager mit Hauptsitz in Singapur.<\/p>\n<p>SGT Capital Fund II, mit geografischem Fokus auf Europa und Nordamerika (Fondslaufzeit zehn Jahre), investiert in marktf\u00fchrende Unternehmen und nutzt sein eigenes Fachwissen, um die Unternehmen weiter zu globalisieren, insbesondere in asiatische M\u00e4rkte. SGT strebt ein Fundraising-Zielvolumen von 2 bis 3 Mrd. USD an. Das Management-Team verf\u00fcgt \u00fcber langj\u00e4hrige F\u00fchrungserfahrung bei namhaften Adressen &#8211; globalen Private Equity-H\u00e4usern, Managementberatungen und Investmentbanken. SGT Capital verwaltet derzeit von ihr aufgelegte Private Equity-Fonds und ein Joint Venture mit einem asiatischen Finanzdienstleister in einem Gesamtvolumen von mehr als 800 Mio. USD.<\/p>\n<div style=\"margin-left:80px;\"><em>[Das im obigen Satz erw\u00e4hnte Joint Venture hat sich im Februar 2023 leider als unverbindlich erwiesen]<\/em><\/div>\n<p>Aus ihrer Historie als ein f\u00fchrender deutscher Venture Capital-Anbieter unter der Marke German Startups<br \/>\nGroup h\u00e4lt die SGT German Private Equity desweiteren ein Heritage Portfolio an Minderheitsbeteiligungen an<br \/>\nteils aussichtsreichen deutschen Startups.<\/p>\n<p>&nbsp;<\/p>\n<p><u><a href=\"https:\/\/tpgholding.com\/wp-content\/uploads\/2022\/09\/20220916-SGT-German-Private-Equity-\u2013-sehr-profitables-erstes-Halbjahr-2022.pdf\" target=\"_blank\" rel=\"nofollow\" rel=\"noopener\">Hier klicken f\u00fcr die PDF-Version<\/a><\/u><\/p>\n<p>Mehr Informationen unter\u00a0<a href=\"https:\/\/tpgholding.com\/\">https:\/\/tpgholding.com\/<\/a>\u00a0und\u00a0<a href=\"https:\/\/sgt-capital.com\/\" class=\"broken_link\">https:\/\/www.sgt-capital.com\/<\/a>.<\/p>\n","protected":false},"excerpt":{"rendered":"<p>+++ Pressemitteilung +++ SGT German Private Equity \u2013 sehr profitables erstes Halbjahr 2022 Nettoergebnis rund 34 Cent pro Aktie Eigenkapital von rund 2,30 EUR pro Aktie \u00d6ffentliches Aktienr\u00fcckkaufangebot zeitnah geplant Frankfurt am Main, 16. September 2022 &#8211;\u00a0 Die SGT German Private Equity GmbH &amp; Co. KGaA (SGF), ein b\u00f6rsennotierter Private Equity-Asset Manager, war im ersten [&hellip;]<\/p>\n","protected":false},"author":4,"featured_media":0,"parent":0,"menu_order":0,"comment_status":"closed","ping_status":"closed","template":"page-full.php","meta":[],"_links":{"self":[{"href":"https:\/\/tpgholding.com\/index.php\/wp-json\/wp\/v2\/pages\/16135"}],"collection":[{"href":"https:\/\/tpgholding.com\/index.php\/wp-json\/wp\/v2\/pages"}],"about":[{"href":"https:\/\/tpgholding.com\/index.php\/wp-json\/wp\/v2\/types\/page"}],"author":[{"embeddable":true,"href":"https:\/\/tpgholding.com\/index.php\/wp-json\/wp\/v2\/users\/4"}],"replies":[{"embeddable":true,"href":"https:\/\/tpgholding.com\/index.php\/wp-json\/wp\/v2\/comments?post=16135"}],"version-history":[{"count":4,"href":"https:\/\/tpgholding.com\/index.php\/wp-json\/wp\/v2\/pages\/16135\/revisions"}],"predecessor-version":[{"id":17939,"href":"https:\/\/tpgholding.com\/index.php\/wp-json\/wp\/v2\/pages\/16135\/revisions\/17939"}],"wp:attachment":[{"href":"https:\/\/tpgholding.com\/index.php\/wp-json\/wp\/v2\/media?parent=16135"}],"curies":[{"name":"wp","href":"https:\/\/api.w.org\/{rel}","templated":true}]}}