{"id":16158,"date":"2022-09-26T10:21:47","date_gmt":"2022-09-26T08:21:47","guid":{"rendered":"https:\/\/sgt.phobos.services\/?page_id=16158"},"modified":"2025-01-28T11:51:49","modified_gmt":"2025-01-28T10:51:49","slug":"20220926-sgt-german-private-equity-erhohung-des-umfangs-des-bevorstehenden-offentlichen-aktienruckkaufangebots-2","status":"publish","type":"page","link":"https:\/\/tpgholding.com\/index.php\/20220926-sgt-german-private-equity-erhohung-des-umfangs-des-bevorstehenden-offentlichen-aktienruckkaufangebots-2\/","title":{"rendered":"Pressemitteilung vom <br> 26. September 2022"},"content":{"rendered":"<p style=\"text-align: center;\"><a href=\"https:\/\/tpgholding.com\/wp-content\/uploads\/2021\/10\/SGT_Logo.png\" rel=\"attachment wp-att-15549\"><img decoding=\"async\" class=\"alignnone\" src=\"https:\/\/tpgholding.com\/wp-content\/uploads\/2021\/10\/SGT_Logo-300x72.png\" alt=\"SGT_Logo\" \/><\/a><\/p>\n<p style=\"text-align: center; padding: 0px; margin: 0px;\">+++ Pressemitteilung +++<\/p>\n<p style=\"text-align: center; padding: 50px; margin: 0px;\"><strong>SGT German Private Equity \u2013 <\/strong><strong>Erh\u00f6hung des Umfangs<br \/>\n<\/strong><strong>des bevorstehenden \u00f6ffentlichen Aktienr\u00fcckkaufangebots<br \/>\n<\/strong><\/p>\n<p><strong>Frankfurt am Main, 26. September 2022 &#8211;\u00a0<\/strong> Die SGT German Private Equity GmbH &amp; Co. KGaA (SGF), ein b\u00f6rsennotierter Private Equity-Asset Manager, plant ihren Aktion\u00e4ren, wie bereits angek\u00fcndigt, sehr zeitnah ein \u00f6ffentliches Aktienr\u00fcckkaufangebot zu unterbreiten. Die Gesch\u00e4ftsf\u00fchrung hat nun entschieden, das Volumen des Aktienr\u00fcckkaufangebots um 40% von 5 auf 7 Mio. EUR aufzustocken. Das entspricht 14 Cent pro Aktie oder knapp 9% ihres aktuellen Aktienkurses und ihrer Marktkapitalisierung (Vorjahr: Null).<\/p>\n<p>Zusammen mit der im August bereits ausgezahlten Dividende f\u00fcr 2021 von 2 Cent pro Aktie (Vorjahr: Null) sch\u00fcttet die SGT Germany Private Equity aus dem Gewinn 2021 damit insg. 8 Mio. EUR oder 16 Cent pro Aktie an ihre Aktion\u00e4re aus. Das entspricht 10% ihres aktuellen Aktienkurses und ihrer Marktkapitalisierung.<\/p>\n<p>Den dar\u00fcber hinausgehenden Gewinn 2021 thesauriert die Gesellschaft.<\/p>\n<p>&nbsp;<\/p>\n<p><strong>Investor Relations Kontakt<\/strong><br \/>\n<strong>Rosenberg Strategic Communications <\/strong><br \/>\nDirk Schmitt<br \/>\nd.schmitt@rosenbergsc.com<br \/>\n+49 170 302 8833<\/p>\n<p>&nbsp;<\/p>\n<p><strong>\u00dcber SGT German Private Equity<\/strong><\/p>\n<p>SGT German Private Equity ist ein in Deutschland beheimateter, b\u00f6rsennotierter Private Equity-Asset Manager<br \/>\nmit Sitz in Frankfurt am Main. Ihre 100%ige Tochtergesellschaft SGT Capital Pte. Ltd. ist ein globaler Alternative<br \/>\nInvestment- und Private Equity-Asset Manager mit Hauptsitz in Singapur.<\/p>\n<p>SGT Capital Fund II, mit geografischem Fokus auf Europa und Nordamerika (Fondslaufzeit zehn Jahre), investiert in marktf\u00fchrende Unternehmen und nutzt sein eigenes Fachwissen, um die Unternehmen weiter zu globalisieren, insbesondere in asiatische M\u00e4rkte. SGT strebt ein Fundraising-Zielvolumen von 2 bis 3 Mrd. USD an. Das Management-Team verf\u00fcgt \u00fcber langj\u00e4hrige F\u00fchrungserfahrung bei namhaften Adressen &#8211; globalen Private Equity-H\u00e4usern, Managementberatungen und Investmentbanken. SGT Capital verwaltet derzeit von ihr aufgelegte Private Equity-Fonds und ein Joint Venture mit einem asiatischen Finanzdienstleister in einem Gesamtvolumen von mehr als 800 Mio. USD.<\/p>\n<div style=\"margin-left:80px;\"><em>[Das im obigen Satz erw\u00e4hnte Joint Venture hat sich im Februar 2023 leider als unverbindlich erwiesen]<\/em><\/div>\n<p>Aus ihrer Historie als ein f\u00fchrender deutscher Venture Capital-Anbieter unter der Marke German Startups<br \/>\nGroup h\u00e4lt die SGT German Private Equity desweiteren ein Heritage Portfolio an Minderheitsbeteiligungen an<br \/>\nteils aussichtsreichen deutschen Startups.<\/p>\n<p>&nbsp;<\/p>\n<p><u><a href=\"https:\/\/tpgholding.com\/wp-content\/uploads\/2022\/09\/20220926-SGT-German-Private-Equity-\u2013-Erh\u00f6hung-des-Umfangs-des-bevorstehenden-\u00f6ffentlichen-Aktienr\u00fcckkaufangebots.pdf\" target=\"_blank\" rel=\"nofollow\" rel=\"noopener\">Hier klicken f\u00fcr die PDF-Version<\/a><\/u><\/p>\n<p>Mehr Informationen unter\u00a0<a href=\"https:\/\/tpgholding.com\/\">https:\/\/tpgholding.com\/<\/a>\u00a0und\u00a0<a href=\"https:\/\/sgt-capital.com\/\">https:\/\/www.sgt-capital.com\/<\/a>.<\/p>\n","protected":false},"excerpt":{"rendered":"<p>+++ Pressemitteilung +++ SGT German Private Equity \u2013 Erh\u00f6hung des Umfangs des bevorstehenden \u00f6ffentlichen Aktienr\u00fcckkaufangebots Frankfurt am Main, 26. September 2022 &#8211;\u00a0 Die SGT German Private Equity GmbH &amp; Co. KGaA (SGF), ein b\u00f6rsennotierter Private Equity-Asset Manager, plant ihren Aktion\u00e4ren, wie bereits angek\u00fcndigt, sehr zeitnah ein \u00f6ffentliches Aktienr\u00fcckkaufangebot zu unterbreiten. Die Gesch\u00e4ftsf\u00fchrung hat nun entschieden, [&hellip;]<\/p>\n","protected":false},"author":4,"featured_media":0,"parent":0,"menu_order":0,"comment_status":"closed","ping_status":"closed","template":"page-full.php","meta":[],"_links":{"self":[{"href":"https:\/\/tpgholding.com\/index.php\/wp-json\/wp\/v2\/pages\/16158"}],"collection":[{"href":"https:\/\/tpgholding.com\/index.php\/wp-json\/wp\/v2\/pages"}],"about":[{"href":"https:\/\/tpgholding.com\/index.php\/wp-json\/wp\/v2\/types\/page"}],"author":[{"embeddable":true,"href":"https:\/\/tpgholding.com\/index.php\/wp-json\/wp\/v2\/users\/4"}],"replies":[{"embeddable":true,"href":"https:\/\/tpgholding.com\/index.php\/wp-json\/wp\/v2\/comments?post=16158"}],"version-history":[{"count":2,"href":"https:\/\/tpgholding.com\/index.php\/wp-json\/wp\/v2\/pages\/16158\/revisions"}],"predecessor-version":[{"id":17943,"href":"https:\/\/tpgholding.com\/index.php\/wp-json\/wp\/v2\/pages\/16158\/revisions\/17943"}],"wp:attachment":[{"href":"https:\/\/tpgholding.com\/index.php\/wp-json\/wp\/v2\/media?parent=16158"}],"curies":[{"name":"wp","href":"https:\/\/api.w.org\/{rel}","templated":true}]}}