{"id":16318,"date":"2022-10-28T17:41:58","date_gmt":"2022-10-28T15:41:58","guid":{"rendered":"https:\/\/sgt.phobos.services\/?page_id=16318"},"modified":"2025-01-28T11:52:22","modified_gmt":"2025-01-28T10:52:22","slug":"pressemitteilung-vom-28-oktober-2022","status":"publish","type":"page","link":"https:\/\/tpgholding.com\/index.php\/pressemitteilung-vom-28-oktober-2022\/","title":{"rendered":"Pressemitteilung vom <br> 28. Oktober 2022"},"content":{"rendered":"<p style=\"text-align: center;\"><a href=\"https:\/\/tpgholding.com\/wp-content\/uploads\/2021\/10\/SGT_Logo.png\" rel=\"attachment wp-att-15549\"><img decoding=\"async\" class=\"alignnone\" src=\"https:\/\/tpgholding.com\/wp-content\/uploads\/2021\/10\/SGT_Logo-300x72.png\" alt=\"SGT_Logo\" \/><\/a><\/p>\n<p style=\"text-align: center; padding: 0px; margin: 0px;\">+++ Pressemitteilung +++<\/p>\n<p style=\"text-align: center; padding: 50px; margin: 0px;\"><strong>SGT German Private Equity schlie\u00dft Aktienr\u00fcckkauf<br \/>\nvon 3.500.000 eigenen Aktien ab<\/strong><\/p>\n<p><strong>Frankfurt am Main, 28. Oktober 2022 &#8211;\u00a0<\/strong>Die SGT German Private Equity, ein b\u00f6rsennotierter Private Equity Asset Manager, hat ihren Aktienr\u00fcckkauf abgeschlossen. Im Rahmen des am 30. September 2022 auf der Internetseite der Gesellschaft und im Bundesanzeiger ver\u00f6ffentlichten \u00f6ffentlichen Aktienr\u00fcckkaufangebots sind der SGT German Private Equity GmbH &#038; Co. KGaA bis zum Ablauf der Annahmefrist am 25. Oktober 2022 (12:00 MEZ) insgesamt 32.148.034 Aktien angedient worden. Die Gesch\u00e4ftsf\u00fchrung geht davon aus, dass die Aktion\u00e4re mehr Aktien angedient haben als sie tats\u00e4chlich verkaufen wollen, weil sie mit einer anteiligen Zuteilung gerechnet haben, und dass manche Aktion\u00e4re mit ihrer Andienung Arbitragegesch\u00e4fte betreiben wollen, also die \u00fcber das Aktienr\u00fcckkaufangebot ver\u00e4u\u00dferten Aktien \u00fcber die B\u00f6rse g\u00fcnstiger zur\u00fcckkaufen wollen. Die Gro\u00dfaktion\u00e4rin der SGT German Private Equity, die SGT Capital LLC, hat sich trotz des aus ihrer Sicht niedrigen R\u00fcckkaufkurses ebenfalls zur Andienung Aktien bereitgefunden, um eine Verengung des Streubesitzes zu vermeiden, also ihren Anteil an der Gesellschaft von 79,3% nicht zu vergr\u00f6\u00dfern.<\/p>\n<p>Das Aktienr\u00fcckkaufangebot bezog sich auf den Erwerb von bis zu 3.500.000 auf den Namen lautenden nennwertlosen St\u00fcckaktien der SGT German Private Equity GmbH &#038; Co. KGaA gegen Zahlung von 2,00 EUR je Aktie. Die Gesamtzahl der Aktien, die im Rahmen des Angebots angedient wurden, hat 3.500.000 St\u00fcck \u00fcberschritten, sodass alle Annahmeerkl\u00e4rungen f\u00fcr bis zu 100 Aktien voll sowie alle dar\u00fcber nach Ma\u00dfgabe von Ziffer 3.5 der Angebotsunterlage des Aktienr\u00fcckkaufangebots pro rata ber\u00fccksichtigt, also pro 100 angediente Aktien durchschnittlich 10,8 Aktien von der Gesellschaft zum Kurs von 2,00 EUR erworben wurden.<\/p>\n<p>Die Aktien der Aktion\u00e4re, die unter der Annahmeerkl\u00e4rung ber\u00fccksichtigt werden k\u00f6nnen, werden beginnend am 2. November 2022 gegen Gutschrift des Angebotspreises aus den Kundendepots ausgebucht. Die nicht ber\u00fccksichtigten Aktien verbleiben in den Kundendepots und werden auf die f\u00fcr die \u00fcbrigen SGT-Aktien geltende urspr\u00fcngliche, im Scale Segment des Freiverkehrs der Frankfurter Wertpapierb\u00f6rse gehandelte Wertpapierkennnummer WKN A1MMEV4 bzw. ISIN DE000A1MMEV4 zur\u00fcckgebucht.<\/p>\n<p>Die SGT German Private Equity ist nach abgeschlossenem R\u00fcckkauf im Besitz von 3.500.000 St\u00fcck eigener Aktien, was 7% des derzeitigen Grundkapitals der Gesellschaft entspricht.<\/p>\n<p>Die Gro\u00dfaktion\u00e4rin konnte in Unkenntnis des Andienungsvolumens der \u00fcbrigen Aktion\u00e4re die zur Nicht-Ausweitung ihres Anteils an der Gesellschaft anzudienende Menge ex ante nicht exakt berechnen. Im Ergebnis h\u00e4lt sie nach abgeschlossenem R\u00fcckkauf nun 78,9% an der Gesellschaft. Sie hat hierzu die Absicht erkl\u00e4rt, dass sie die zur Erreichung ihres vorherigen Anteils fehlenden 164.000 SGT-Aktien \u00fcber die n\u00e4chsten Monate im Markt erwerben m\u00f6chte.<\/p>\n<p>Die Gesch\u00e4ftsf\u00fchrung der SGT German Private Equity beabsichtigt, in Zukunft jedes Jahr ein Aktienr\u00fcckkaufangebot auszusprechen.<\/p>\n<p>&nbsp;<\/p>\n<p><strong>Investor Relations Kontakt<\/strong><br \/>\n<strong>Rosenberg Strategic Communications <\/strong><br \/>\nDirk Schmitt<br \/>\nd.schmitt@rosenbergsc.com<br \/>\n+49 170 302 8833<\/p>\n<p>&nbsp;<\/p>\n<p><strong>\u00dcber SGT German Private Equity<\/strong><\/p>\n<p>SGT German Private Equity ist ein in Deutschland beheimateter, b\u00f6rsennotierter Private Equity-Asset Manager<br \/>\nmit Sitz in Frankfurt am Main. Ihre 100%ige Tochtergesellschaft SGT Capital Pte. Ltd. ist ein globaler Alternative<br \/>\nInvestment- und Private Equity-Asset Manager mit Hauptsitz in Singapur.<\/p>\n<p>SGT Capital Fund II, mit geografischem Fokus auf Europa und Nordamerika (Fondslaufzeit zehn Jahre), investiert in marktf\u00fchrende Unternehmen und nutzt sein eigenes Fachwissen, um die Unternehmen weiter zu globalisieren, insbesondere in asiatische M\u00e4rkte. SGT strebt ein Fundraising-Zielvolumen von 2 bis 3 Mrd. USD an. Das Management-Team verf\u00fcgt \u00fcber langj\u00e4hrige F\u00fchrungserfahrung bei namhaften Adressen &#8211; globalen Private Equity-H\u00e4usern, Managementberatungen und Investmentbanken. SGT Capital verwaltet derzeit von ihr aufgelegte Private Equity-Fonds und ein Joint Venture mit einem asiatischen Finanzdienstleister in einem Gesamtvolumen von mehr als 800 Mio. USD.<\/p>\n<div style=\"margin-left:80px;\"><em>[Das im obigen Satz erw\u00e4hnte Joint Venture hat sich im Februar 2023 leider als unverbindlich erwiesen]<\/em><\/div>\n<p>Aus ihrer Historie als ein f\u00fchrender deutscher Venture Capital-Anbieter unter der Marke German Startups<br \/>\nGroup h\u00e4lt die SGT German Private Equity desweiteren ein Heritage Portfolio an Minderheitsbeteiligungen an<br \/>\nteils aussichtsreichen deutschen Startups.<\/p>\n<p>&nbsp;<\/p>\n<p><u><a href=\"https:\/\/tpgholding.com\/wp-content\/uploads\/2022\/10\/221028_SGT-German-Private-Equity-schlie\u00dft-Aktienru\u0308ckkauf-von-3.500.000-eigenen-Aktien-ab-1.pdf\" target=\"_blank\" rel=\"nofollow\" rel=\"noopener\">Hier klicken f\u00fcr die PDF-Version<\/a><\/u><\/p>\n<p>Mehr Informationen unter\u00a0<a href=\"https:\/\/tpgholding.com\/\">https:\/\/tpgholding.com\/<\/a>\u00a0und\u00a0<a href=\"https:\/\/sgt-capital.com\/\">https:\/\/www.sgt-capital.com\/<\/a>.<\/p>\n","protected":false},"excerpt":{"rendered":"<p>+++ Pressemitteilung +++ SGT German Private Equity schlie\u00dft Aktienr\u00fcckkauf von 3.500.000 eigenen Aktien ab Frankfurt am Main, 28. Oktober 2022 &#8211;\u00a0Die SGT German Private Equity, ein b\u00f6rsennotierter Private Equity Asset Manager, hat ihren Aktienr\u00fcckkauf abgeschlossen. Im Rahmen des am 30. September 2022 auf der Internetseite der Gesellschaft und im Bundesanzeiger ver\u00f6ffentlichten \u00f6ffentlichen Aktienr\u00fcckkaufangebots sind der [&hellip;]<\/p>\n","protected":false},"author":4,"featured_media":0,"parent":0,"menu_order":0,"comment_status":"closed","ping_status":"closed","template":"page-full-image.php","meta":[],"_links":{"self":[{"href":"https:\/\/tpgholding.com\/index.php\/wp-json\/wp\/v2\/pages\/16318"}],"collection":[{"href":"https:\/\/tpgholding.com\/index.php\/wp-json\/wp\/v2\/pages"}],"about":[{"href":"https:\/\/tpgholding.com\/index.php\/wp-json\/wp\/v2\/types\/page"}],"author":[{"embeddable":true,"href":"https:\/\/tpgholding.com\/index.php\/wp-json\/wp\/v2\/users\/4"}],"replies":[{"embeddable":true,"href":"https:\/\/tpgholding.com\/index.php\/wp-json\/wp\/v2\/comments?post=16318"}],"version-history":[{"count":2,"href":"https:\/\/tpgholding.com\/index.php\/wp-json\/wp\/v2\/pages\/16318\/revisions"}],"predecessor-version":[{"id":17945,"href":"https:\/\/tpgholding.com\/index.php\/wp-json\/wp\/v2\/pages\/16318\/revisions\/17945"}],"wp:attachment":[{"href":"https:\/\/tpgholding.com\/index.php\/wp-json\/wp\/v2\/media?parent=16318"}],"curies":[{"name":"wp","href":"https:\/\/api.w.org\/{rel}","templated":true}]}}