{"id":16400,"date":"2022-11-24T11:32:17","date_gmt":"2022-11-24T10:32:17","guid":{"rendered":"https:\/\/sgt.phobos.services\/?page_id=16400"},"modified":"2025-01-28T11:52:53","modified_gmt":"2025-01-28T10:52:53","slug":"pressemitteilung-vom-24-november-2022","status":"publish","type":"page","link":"https:\/\/tpgholding.com\/index.php\/pressemitteilung-vom-24-november-2022\/","title":{"rendered":"Pressemitteilung vom <br> 24. November 2022"},"content":{"rendered":"<p style=\"text-align: center;\"><a href=\"https:\/\/tpgholding.com\/wp-content\/uploads\/2021\/10\/SGT_Logo.png\" rel=\"attachment wp-att-15549\"><img decoding=\"async\" class=\"alignnone\" src=\"https:\/\/tpgholding.com\/wp-content\/uploads\/2021\/10\/SGT_Logo-300x72.png\" alt=\"SGT_Logo\" \/><\/a><\/p>\n<p style=\"text-align: center; padding: 0px; margin: 0px;\">+++ Pressemitteilung +++<\/p>\n<p style=\"text-align: center; padding: 50px; margin: 0px;\"><strong>SGT German Private Equity erzielt signifikante Gewinne<br \/>\nmit ihren Private Equity-Anlagen<\/strong><\/p>\n<p><strong>Frankfurt am Main, 24. November 2022 &#8211;\u00a0<\/strong>Die SGT German Private Equity (SGF), ein b\u00f6rsennotierter Private Equity Asset Manager, hat mit ihrem Private Equity-Portfolio im dritten Quartal in 2022 eine sehr gute Performance erzielt und verzeichnet seit Anschaffung am 1. Juni 2022 bereits einen Wertzuwachs von knapp 40% oder gut einer halben Million Euro. Die Outperformance gegen\u00fcber dem NASDAQ-Index im gleichen Zeitraum liegt bei \u00fcber 50%. Mit ihrem Private Equity-Portfolio koinvestiert die SGF in die von ihrer hundertprozentigen Tochtergesellschaft SGT Capital Pte. Ltd. (SGTPTE) verwalteten Private Equity-Fonds. Die SGTPTE hat bis dato eine Private Equity-Transaktion durchgef\u00fchrt, den Erwerb der Utimaco, einem stark wachsenden, hochprofitablen globalen Marktfu\u0308hrer bei High-End-Cyber Security-Software mit Sitz in Aachen, Deutschland, und Campbell, Kalifornien, USA.<\/p>\n<p>Die SGTPTE strebt die Erzielung \u00fcberdurchschnittlicher Renditen an, indem sie die Internationalisierung mittelst\u00e4ndischer Unternehmen in Kombination mit eher traditionellen Private Equity-Wertsch\u00f6pfungsstrategien vorantreibt. Die von den SGTPTE-Fonds erzielte, \u00fcberdurchschnittliche Anfangsperformance l\u00e4sst positiven Einfluss auf ihr weiteres Fundraising erwarten.<\/p>\n<p>&nbsp;<\/p>\n<p><strong>Investor Relations Kontakt<\/strong><br \/>\n<strong>Rosenberg Strategic Communications <\/strong><br \/>\nDirk Schmitt<br \/>\nd.schmitt@rosenbergsc.com<br \/>\n+49 170 302 8833<\/p>\n<p>&nbsp;<\/p>\n<p><strong>\u00dcber SGT German Private Equity<\/strong><\/p>\n<p>SGT German Private Equity ist ein in Deutschland beheimateter, b\u00f6rsennotierter Private Equity-Asset Manager<br \/>\nmit Sitz in Frankfurt am Main. Ihre 100%ige Tochtergesellschaft SGT Capital Pte. Ltd. ist ein globaler Alternative<br \/>\nInvestment- und Private Equity-Asset Manager mit Hauptsitz in Singapur.<\/p>\n<p>SGT Capital Fund II, mit geografischem Fokus auf Europa und Nordamerika (Fondslaufzeit zehn Jahre), investiert in marktf\u00fchrende Unternehmen und nutzt sein eigenes Fachwissen, um die Unternehmen weiter zu globalisieren, insbesondere in asiatische M\u00e4rkte. SGT strebt ein Fundraising-Zielvolumen von 2 bis 3 Mrd. USD an. Das Management-Team verf\u00fcgt \u00fcber langj\u00e4hrige F\u00fchrungserfahrung bei namhaften Adressen &#8211; globalen Private Equity-H\u00e4usern, Managementberatungen und Investmentbanken. SGT Capital verwaltet derzeit von ihr aufgelegte Private Equity-Fonds und ein Joint Venture mit einem asiatischen Finanzdienstleister in einem Gesamtvolumen von mehr als 800 Mio. USD.<\/p>\n<div style=\"margin-left:80px;\"><em>[Das im obigen Satz erw\u00e4hnte Joint Venture hat sich im Februar 2023 leider als unverbindlich erwiesen]<\/em><\/div>\n<p>Aus ihrer Historie als ein f\u00fchrender deutscher Venture Capital-Anbieter unter der Marke German Startups<br \/>\nGroup h\u00e4lt die SGT German Private Equity desweiteren ein Heritage Portfolio an Minderheitsbeteiligungen an<br \/>\nteils aussichtsreichen deutschen Startups.<\/p>\n<p>&nbsp;<\/p>\n<p><u><a href=\"https:\/\/tpgholding.com\/wp-content\/uploads\/2022\/11\/221124-SGT-German-Private-Equity-erzielt-signifikante-Gewinne-mit-ihren-Private-Equity-Anlagen.pdf\" target=\"_blank\" rel=\"nofollow\" rel=\"noopener\">Hier klicken f\u00fcr die PDF-Version<\/a><\/u><\/p>\n<p>Mehr Informationen unter\u00a0<a href=\"https:\/\/tpgholding.com\/\">https:\/\/tpgholding.com\/<\/a>\u00a0und\u00a0<a href=\"https:\/\/sgt-capital.com\/\">https:\/\/www.sgt-capital.com\/<\/a>.<\/p>\n","protected":false},"excerpt":{"rendered":"<p>+++ Pressemitteilung +++ SGT German Private Equity erzielt signifikante Gewinne mit ihren Private Equity-Anlagen Frankfurt am Main, 24. November 2022 &#8211;\u00a0Die SGT German Private Equity (SGF), ein b\u00f6rsennotierter Private Equity Asset Manager, hat mit ihrem Private Equity-Portfolio im dritten Quartal in 2022 eine sehr gute Performance erzielt und verzeichnet seit Anschaffung am 1. Juni 2022 [&hellip;]<\/p>\n","protected":false},"author":4,"featured_media":0,"parent":0,"menu_order":0,"comment_status":"closed","ping_status":"closed","template":"page-full.php","meta":[],"_links":{"self":[{"href":"https:\/\/tpgholding.com\/index.php\/wp-json\/wp\/v2\/pages\/16400"}],"collection":[{"href":"https:\/\/tpgholding.com\/index.php\/wp-json\/wp\/v2\/pages"}],"about":[{"href":"https:\/\/tpgholding.com\/index.php\/wp-json\/wp\/v2\/types\/page"}],"author":[{"embeddable":true,"href":"https:\/\/tpgholding.com\/index.php\/wp-json\/wp\/v2\/users\/4"}],"replies":[{"embeddable":true,"href":"https:\/\/tpgholding.com\/index.php\/wp-json\/wp\/v2\/comments?post=16400"}],"version-history":[{"count":2,"href":"https:\/\/tpgholding.com\/index.php\/wp-json\/wp\/v2\/pages\/16400\/revisions"}],"predecessor-version":[{"id":17948,"href":"https:\/\/tpgholding.com\/index.php\/wp-json\/wp\/v2\/pages\/16400\/revisions\/17948"}],"wp:attachment":[{"href":"https:\/\/tpgholding.com\/index.php\/wp-json\/wp\/v2\/media?parent=16400"}],"curies":[{"name":"wp","href":"https:\/\/api.w.org\/{rel}","templated":true}]}}