{"id":16524,"date":"2023-05-16T13:34:18","date_gmt":"2023-05-16T11:34:18","guid":{"rendered":"https:\/\/tpgholding.com\/?page_id=16524"},"modified":"2025-01-28T11:54:23","modified_gmt":"2025-01-28T10:54:23","slug":"pressemitteilung-vom-16-mai-2023","status":"publish","type":"page","link":"https:\/\/tpgholding.com\/index.php\/pressemitteilung-vom-16-mai-2023\/","title":{"rendered":"Pressemitteilung vom 16. Mai 2023"},"content":{"rendered":"<div class=\"wp-block-image\">\r\n<figure class=\"aligncenter\"><a href=\"https:\/\/tpgholding.com\/wp-content\/uploads\/2021\/10\/SGT_Logo.png\"><img decoding=\"async\" src=\"https:\/\/tpgholding.com\/wp-content\/uploads\/2021\/10\/SGT_Logo-300x72.png\" alt=\"SGT_Logo\" \/><\/a><\/figure><\/div>\r\n<p class=\"has-text-align-center\">+++ <strong>Pressemitteilung\u00a0<\/strong>+++<\/p>\r\n<p><!-- \/wp:paragraph -->\r\n\r\n<!-- wp:paragraph {\"align\":\"center\"} --><\/p>\r\n<p class=\"has-text-align-center\"><strong>SGT German Private Equity schl\u00e4gt ihren Aktion\u00e4ren <\/strong><br \/><strong>erneut Dividende vor und strebt Aktienr\u00fcckkaufangebot an<\/strong><\/p>\r\n<ul>\r\n<li>Nettogewinn 2022 in H\u00f6he von 16 Cent pro Aktie \u00fcbertrifft die Erwartungen aus dem Lagebericht 2021<\/li>\r\n<li>Dividendenvorschlag von 2 Cent und Aktienr\u00fcckkaufabsicht im Volumen von 11 Cent pro Aktie<\/li>\r\n<li>Buchwert des Eigenkapitals 2,15 EUR pro Aktie<\/li>\r\n<\/ul>\r\n<p><!-- \/wp:list-item --><\/p>\r\n<p><!-- \/wp:list -->\r\n\r\n<!-- wp:paragraph --><\/p>\r\n<p><strong>Frankfurt am Main, 16. Mai 2023 \u2013<\/strong> Die SGT German Private Equity GmbH &amp; Co.\u00a0KGaA (SGF), ein b\u00f6rsennotierter Private Equity-Asset Manager, schl\u00e4gt ihren Aktion\u00e4ren in der Hauptversammlung am 28. Juni 2023 erneut die Zahlung einer Dividende in unver\u00e4nderter H\u00f6he von 2 Cent vor.<\/p>\r\n<p>Daneben beabsichtigt die Gesch\u00e4ftsf\u00fchrung der SGF, ihren Aktion\u00e4ren im zweiten Halbjahr 2023 ein \u00f6ffentliches Aktienr\u00fcckkaufangebot zu unterbreiten. Das angestrebte Volumen des Aktienr\u00fcckkaufs betr\u00e4gt rund 5 Mio. EUR oder 11 Cent pro Aktie. Insgesamt w\u00fcrde die SGF damit 6 Mio. EUR oder 13 Cent pro Aktie in Geld an ihre Aktion\u00e4re auskehren. Das entspricht 7% ihrer aktuellen Marktkapitalisierung.<\/p>\r\n<p>Mit einem Nettogewinn von 7 Mio. EUR oder 16 Cent pro Aktie im abgelaufenen Gesch\u00e4ftsjahr \u00fcbertrifft die SGF ihre eigenen Prognosen leicht (IFRS Konzern). Das Segment \u201ePE-Asset Management\u201c hat 9,3 Mio. EUR oder 22 Cent Gewinn pro Aktie erzielt, das Segment \u201eInvestment\u201c verzeichnet einen Verlust in H\u00f6he von 2,4 Mio. EUR oder 6 Cent pro Aktie Verlust. Der IFRS-Abschluss stellt auf durchschnittlich 41.735.287 Aktien im Gesch\u00e4ftsjahr ab. Zum 31.\u00a0Dezember\u00a02022 und aktuell stehen 46.301.800 Aktien aus.<\/p>\r\n<p>Die SGF hat Umsatzerl\u00f6se von rund 13 Mio. EUR (2021: 11 Mio. EUR) erzielt. Diese entfallen mit 13,3 Mio. EUR nahezu ausschlie\u00dflich auf das Segment \u201ePE-Asset Management\u201c (2021: 11,1 Mio. EUR). Den Ums\u00e4tzen stehen Aufwendungen aus bezogenen Leistungen von 3,9 Mio. EUR entgegen (2021: 2,4 Mio. EUR). Daraus leitet sich ein Bruttomarge von 70% ab (2021: 78%). Das Segment hat ein EBITDA in H\u00f6he von 5,0 Mio. EUR erzielt (2021: 6,0 Mio. EUR).<\/p>\r\n<p>Das Eigenkapital hat sich von 42,3 Mio. EUR zum 31. Dezember 2021 um 57,0 Mio. EUR auf 99,4 Mio. EUR oder 2,15 EUR pro Aktie zum 31. Dezember 2022 erh\u00f6ht.<\/p>\r\n<p>&nbsp;<\/p>\r\n<p><strong>Investor Relations Kontakt<\/strong><br \/><strong>Rosenberg Strategic Communications <\/strong><br \/>Dirk Schmitt<br \/>d.schmitt@rosenbergsc.com<br \/>+49 170 302 8833<\/p>\r\n<p><!-- \/wp:paragraph -->\r\n\r\n<!-- wp:paragraph --><\/p>\r\n<p>&nbsp;<\/p>\r\n<p><strong>\u00dcber SGT German Private Equity<br \/><\/strong><strong>\u00a0<\/strong>SGT German Private Equity ist ein in Deutschland beheimateter, b\u00f6rsennotierter Private Equity-Asset Manager mit Sitz in Frankfurt am Main. Ihre 100%ige Tochtergesellschaft SGT Capital Pte. Ltd. ist ein globaler Alternative Investment- und Private Equity-Asset Manager mit Hauptsitz in Singapur.<br \/>SGT Capital Fund II, mit geografischem Fokus auf Europa und Nordamerika (Fondslaufzeit zehn Jahre), investiert in marktf\u00fchrende Unternehmen und nutzt sein eigenes Fachwissen, um die Unternehmen weiter zu globalisieren, insbesondere in asiatische M\u00e4rkte. SGT strebt ein Fundraising-Zielvolumen von 2 bis 3 Mrd. USD an. Das Management-Team verf\u00fcgt \u00fcber langj\u00e4hrige F\u00fchrungserfahrung bei namhaften Adressen &#8211; globalen Private Equity-H\u00e4usern, Managementberatungen und Investmentbanken. SGT Capital verwaltet derzeit von ihr aufgelegte Private Equity-Fonds und ein Joint Venture mit einem asiatischen Finanzdienstleister in einem Gesamtvolumen von mehr als 800 Mio. USD.<\/p>\r\n<div style=\"margin-left: 80px;\"><em>[Das im obigen Satz erw\u00e4hnte Joint Venture hat sich im Februar 2023 leider als unverbindlich erwiesen]<\/em><\/div>\r\n<p>Aus ihrer Historie als ein f\u00fchrender deutscher Venture Capital-Anbieter unter der Marke German Startups Group h\u00e4lt die SGT German Private Equity desweiteren ein Heritage Portfolio an Minderheitsbeteiligungen an teils aussichtsreichen deutschen Startups.<!-- \/wp:paragraph -->\r\n\r\n<!-- wp:paragraph --><\/p>\r\n<p><u><a href=\"http:\/\/tpgholding.com\/wp-content\/uploads\/2023\/05\/20230516_SGT-German-Private-Equity-schlagt-ihren-Aktionaren-erneut-Dividende-vor-und-strebt-Aktienruckkaufangebot-an.pdf\" target=\"_blank\" rel=\"nofollow\" rel=\"noopener\">Hier klicken f\u00fcr die PDF-Version<\/a><\/u><\/p>\r\n<p>Mehr Informationen unter\u00a0<a href=\"https:\/\/tpgholding.com\">https:\/\/tpgholding.com<\/a>\u00a0und\u00a0<a href=\"https:\/\/sgt-capital.com\/\" class=\"broken_link\">https:\/\/www.sgt-capital.com\/<\/a>.<\/p>","protected":false},"excerpt":{"rendered":"<p>+++ Pressemitteilung\u00a0+++ SGT German Private Equity schl\u00e4gt ihren Aktion\u00e4ren erneut Dividende vor und strebt Aktienr\u00fcckkaufangebot an Nettogewinn 2022 in H\u00f6he von 16 Cent pro Aktie \u00fcbertrifft die Erwartungen aus dem Lagebericht 2021 Dividendenvorschlag von 2 Cent und Aktienr\u00fcckkaufabsicht im Volumen von 11 Cent pro Aktie Buchwert des Eigenkapitals 2,15 EUR pro Aktie Frankfurt am Main, [&hellip;]<\/p>\n","protected":false},"author":4,"featured_media":0,"parent":0,"menu_order":0,"comment_status":"closed","ping_status":"closed","template":"page-full.php","meta":[],"_links":{"self":[{"href":"https:\/\/tpgholding.com\/index.php\/wp-json\/wp\/v2\/pages\/16524"}],"collection":[{"href":"https:\/\/tpgholding.com\/index.php\/wp-json\/wp\/v2\/pages"}],"about":[{"href":"https:\/\/tpgholding.com\/index.php\/wp-json\/wp\/v2\/types\/page"}],"author":[{"embeddable":true,"href":"https:\/\/tpgholding.com\/index.php\/wp-json\/wp\/v2\/users\/4"}],"replies":[{"embeddable":true,"href":"https:\/\/tpgholding.com\/index.php\/wp-json\/wp\/v2\/comments?post=16524"}],"version-history":[{"count":13,"href":"https:\/\/tpgholding.com\/index.php\/wp-json\/wp\/v2\/pages\/16524\/revisions"}],"predecessor-version":[{"id":17954,"href":"https:\/\/tpgholding.com\/index.php\/wp-json\/wp\/v2\/pages\/16524\/revisions\/17954"}],"wp:attachment":[{"href":"https:\/\/tpgholding.com\/index.php\/wp-json\/wp\/v2\/media?parent=16524"}],"curies":[{"name":"wp","href":"https:\/\/api.w.org\/{rel}","templated":true}]}}