{"id":16634,"date":"2023-05-25T16:56:14","date_gmt":"2023-05-25T14:56:14","guid":{"rendered":"https:\/\/tpgholding.com\/?page_id=16634"},"modified":"2025-01-28T11:55:02","modified_gmt":"2025-01-28T10:55:02","slug":"pressemitteilung-vom-24-mai-2023","status":"publish","type":"page","link":"https:\/\/tpgholding.com\/index.php\/pressemitteilung-vom-24-mai-2023\/","title":{"rendered":"Pressemitteilung vom 24. Mai 2023"},"content":{"rendered":"<div class=\"wp-block-image\">\r\n<figure class=\"aligncenter\"><a href=\"https:\/\/tpgholding.com\/wp-content\/uploads\/2021\/10\/SGT_Logo.png\"><img decoding=\"async\" src=\"https:\/\/tpgholding.com\/wp-content\/uploads\/2021\/10\/SGT_Logo-300x72.png\" alt=\"SGT_Logo\" \/><\/a><\/figure><\/div>\r\n<p class=\"has-text-align-center\">+++ <strong>Pressemitteilung\u00a0<\/strong>+++<\/p>\r\n<p><!-- \/wp:paragraph -->\r\n\r\n<!-- wp:paragraph {\"align\":\"center\"} --><\/p>\r\n<p class=\"has-text-align-center\"><strong>SGT German Private Equity zieht 3,5 Millionen eigene Aktien ein<\/strong><\/p>\r\n<p><!-- \/wp:list-item --><\/p>\r\n<p><!-- \/wp:list -->\r\n\r\n<!-- wp:paragraph --><\/p>\r\n<p><strong>Frankfurt am Main, 24. Mai 2023 \u2013<\/strong> Die SGT German Private Equity GmbH &amp; Co. KGaA (SGF), ein b\u00f6rsennotierter Private Equity-Asset Manager, hat die von ihr gehaltenen 3.500.000 Aktien durch Gesch\u00e4ftsf\u00fchrungs- und Aufsichtsratsbeschl\u00fcsse eingezogen. Die Anzahl Aktien betr\u00e4gt nunmehr 46.301.800.<\/p>\r\n<p>&nbsp;<\/p>\r\n<p>Der Streubesitz erh\u00f6ht sich durch diese Ma\u00dfnahme von 19,0% auf 20,6%.<\/p>\r\n<p>&nbsp;<\/p>\r\n<p><strong>Investor Relations Kontakt<\/strong><br \/><strong>Rosenberg Strategic Communications <\/strong><br \/>Dirk Schmitt<br \/>d.schmitt@rosenbergsc.com<br \/>+49 170 302 8833<\/p>\r\n<p><!-- \/wp:paragraph -->\r\n\r\n<!-- wp:paragraph --><\/p>\r\n<p>&nbsp;<\/p>\r\n<p><strong>\u00dcber SGT German Private Equity<br \/><\/strong><strong>\u00a0<\/strong>SGT German Private Equity ist ein in Deutschland beheimateter, b\u00f6rsennotierter Private Equity-Asset Manager mit Sitz in Frankfurt am Main. Ihre 100%ige Tochtergesellschaft SGT Capital Pte. Ltd. ist ein globaler Alternative Investment- und Private Equity-Asset Manager mit Hauptsitz in Singapur.<br \/>SGT Capital Fund II, mit geografischem Fokus auf Europa und Nordamerika (Fondslaufzeit zehn Jahre), investiert in marktf\u00fchrende Unternehmen und nutzt sein eigenes Fachwissen, um die Unternehmen weiter zu globalisieren, insbesondere in asiatische M\u00e4rkte. SGT strebt ein Fundraising-Zielvolumen von 2 bis 3 Mrd. USD an. Das Management-Team verf\u00fcgt \u00fcber langj\u00e4hrige F\u00fchrungserfahrung bei namhaften Adressen &#8211; globalen Private Equity-H\u00e4usern, Managementberatungen und Investmentbanken. SGT Capital verwaltet derzeit von ihr aufgelegte Private Equity-Fonds und ein Joint Venture mit einem asiatischen Finanzdienstleister in einem Gesamtvolumen von mehr als 800 Mio. USD.<\/p>\r\n<div style=\"margin-left: 80px;\"><em>[Das im obigen Satz erw\u00e4hnte Joint Venture hat sich im Februar 2023 leider als unverbindlich erwiesen]<\/em><\/div>\r\n<p>Aus ihrer Historie als ein f\u00fchrender deutscher Venture Capital-Anbieter unter der Marke German Startups Group h\u00e4lt die SGT German Private Equity desweiteren ein Heritage Portfolio an Minderheitsbeteiligungen an teils aussichtsreichen deutschen Startups.<!-- \/wp:paragraph -->\r\n\r\n<!-- wp:paragraph --><\/p>\r\n<p><u><a href=\"http:\/\/tpgholding.com\/wp-content\/uploads\/2023\/05\/20230524-SGT-German-Private-Equity-zieht-35-Mio.-eigene-Aktien-ein.pdf\" target=\"_blank\" rel=\"nofollow\" rel=\"noopener\">Hier klicken f\u00fcr die PDF-Version<\/a><\/u><\/p>\r\n<p>Mehr Informationen unter\u00a0<a href=\"https:\/\/tpgholding.com\">https:\/\/tpgholding.com<\/a>\u00a0und\u00a0<a href=\"https:\/\/sgt-capital.com\/\" class=\"broken_link\">https:\/\/www.sgt-capital.com\/<\/a>.<\/p>","protected":false},"excerpt":{"rendered":"<p>+++ Pressemitteilung\u00a0+++ SGT German Private Equity zieht 3,5 Millionen eigene Aktien ein Frankfurt am Main, 24. Mai 2023 \u2013 Die SGT German Private Equity GmbH &amp; Co. KGaA (SGF), ein b\u00f6rsennotierter Private Equity-Asset Manager, hat die von ihr gehaltenen 3.500.000 Aktien durch Gesch\u00e4ftsf\u00fchrungs- und Aufsichtsratsbeschl\u00fcsse eingezogen. Die Anzahl Aktien betr\u00e4gt nunmehr 46.301.800. &nbsp; Der Streubesitz [&hellip;]<\/p>\n","protected":false},"author":4,"featured_media":0,"parent":0,"menu_order":0,"comment_status":"closed","ping_status":"closed","template":"page-full-image.php","meta":[],"_links":{"self":[{"href":"https:\/\/tpgholding.com\/index.php\/wp-json\/wp\/v2\/pages\/16634"}],"collection":[{"href":"https:\/\/tpgholding.com\/index.php\/wp-json\/wp\/v2\/pages"}],"about":[{"href":"https:\/\/tpgholding.com\/index.php\/wp-json\/wp\/v2\/types\/page"}],"author":[{"embeddable":true,"href":"https:\/\/tpgholding.com\/index.php\/wp-json\/wp\/v2\/users\/4"}],"replies":[{"embeddable":true,"href":"https:\/\/tpgholding.com\/index.php\/wp-json\/wp\/v2\/comments?post=16634"}],"version-history":[{"count":4,"href":"https:\/\/tpgholding.com\/index.php\/wp-json\/wp\/v2\/pages\/16634\/revisions"}],"predecessor-version":[{"id":17956,"href":"https:\/\/tpgholding.com\/index.php\/wp-json\/wp\/v2\/pages\/16634\/revisions\/17956"}],"wp:attachment":[{"href":"https:\/\/tpgholding.com\/index.php\/wp-json\/wp\/v2\/media?parent=16634"}],"curies":[{"name":"wp","href":"https:\/\/api.w.org\/{rel}","templated":true}]}}