{"id":16655,"date":"2023-05-30T09:02:23","date_gmt":"2023-05-30T07:02:23","guid":{"rendered":"https:\/\/tpgholding.com\/?page_id=16655"},"modified":"2025-01-28T11:55:40","modified_gmt":"2025-01-28T10:55:40","slug":"pressemitteilung-vom-30-mai-2023","status":"publish","type":"page","link":"https:\/\/tpgholding.com\/index.php\/pressemitteilung-vom-30-mai-2023\/","title":{"rendered":"Pressemitteilung vom 30. Mai 2023"},"content":{"rendered":"<div class=\"wp-block-image\">\r\n<figure class=\"aligncenter\"><a href=\"https:\/\/tpgholding.com\/wp-content\/uploads\/2021\/10\/SGT_Logo.png\"><img decoding=\"async\" src=\"https:\/\/tpgholding.com\/wp-content\/uploads\/2021\/10\/SGT_Logo-300x72.png\" alt=\"SGT_Logo\" \/><\/a><\/figure><\/div>\r\n<p class=\"has-text-align-center\">+++ Pressemitteilung\u00a0+++<\/p>\r\n<p><!-- \/wp:paragraph -->\r\n\r\n<!-- wp:paragraph {\"align\":\"center\"} --><\/p>\r\n<p class=\"has-text-align-center\"><strong>SGT German Private Equity \u2013 Akquisition von Elatec durch die SGT Fonds<\/strong><\/p>\r\n<ul>\r\n<li>Zweite Private Equity-Transaktion f\u00fcr die SGT Capital Fonds<\/li>\r\n<li>Einwerbung zus\u00e4tzlicher Assets under Management<\/li>\r\n<li>Signifikant positive Auswirkungen auf die Ertragslage<\/li>\r\n<\/ul>\r\n<p><!-- \/wp:list-item --><\/p>\r\n<p><!-- \/wp:list -->\r\n\r\n<!-- wp:paragraph --><\/p>\r\n<p><strong>Frankfurt am Main, 30. Mai 2023 \u2013 <\/strong>Von SGT Capital Pte. Ltd. (SGTPTE) verwaltete Private Equity Fonds akquirieren Elatec, einem f\u00fchrenden internationalen Entwickler und Anbieter von L\u00f6sungen f\u00fcr sicheres Zugangsmanagement, die funktionskritische Komponenten der Sicherheits-Infrastruktur ihrer Kunden verk\u00f6rpern, in einem leveraged buyout von Summit Partners. Mit Hauptsitz in Deutschland, und mehr als 150 Mitarbeitern sowie \u00fcber 1.200 Kunden weltweit, entwickelt die 1988 gegr\u00fcndete Elatec ultramoderne, kontaktlose Leseger\u00e4te-Hardware und -Firmware (RFID\/BLE\/NFC) f\u00fcr die Benutzeridentifikation sowie eine Cloud-basierte integrierte IoT-Plattform mit SaaS-Ger\u00e4teverwaltungsl\u00f6sungen, mobilem Berechtigungs- und physischem Zugangsmanagement. Die Produkte sind in 110 L\u00e4ndern zertifiziert und erm\u00f6glichen eine sichere Ende-zu-Ende-Verschl\u00fcsselung. Das Transaktionsvolumen betr\u00e4gt rund 400 Mio. EUR. Die Transaktion unterliegt den \u00fcblichen regulatorischen Zustimmungen.<\/p>\r\n<p>Dieses Investment wird von der SGT Capital Pte. Ltd., einem lizenzierten Private Equity Asset Manager mit Sitz in Singapur, hundertprozentige Tochter der SGT German Private Equity in Frankfurt (SGF), verwaltet. Investoren sind verschiedene SGT Private Equity Fonds.<\/p>\r\n<p>Carsten Geyer, Co-Managing Partner von SGT Capital und Gesch\u00e4ftsf\u00fchrer von SGT German Private Equity in Frankfurt (SGF): &#8220;Elatec ist gut positioniert, um weiteres Wachstum und Innovationen in den Bereichen Elektromobilit\u00e4t, Smart Business, Smart Office und Smart City voranzutreiben. Die Elatec-Transaktion zeigt die besondere F\u00e4higkeit von SGT Capital, marktf\u00fchrende Unternehmen und Management-Teams zu identifizieren und in sie zu investieren und ihren Wert durch kontinuierliche Innovationen und globale Wachstumsinitiativen zu steigern.&#8221;<\/p>\r\n<p>Die Transaktion unterstreicht den Wert des transformierten Gesch\u00e4ftsmodells der SGT German Private Equity mit dem Ziel, nachhaltige, planbare Profitabilit\u00e4t aus der Private Equity Investment Advisory zu generieren, und somit weiter auf ihrem Wachstumspfad voranzuschreiten.<\/p>\r\n<p>Christoph Gerlinger, Gesch\u00e4ftsf\u00fchrer von SGT German Private Equity in Frankfurt (SGF): \u201eDie Private-Equity-Transaktion ist ein Meilenstein f\u00fcr unser neues Gesch\u00e4ftsmodell und unterstreicht unsere F\u00e4higkeit selbst in einem schwierigen makro\u00f6konomischen Umfeld attraktive Private-Equity-Deals zu finden und durchzuf\u00fchren. Die durch die Transaktion und die erh\u00f6hten Assets under Management generierten Fees werden nachhaltige, signifikante positive Auswirkungen auf die Ertragslage der SGT German Private Equity haben.\u201c<\/p>\r\n<p>&nbsp;<\/p>\r\n<p><strong>Investor Relations Kontakt<\/strong><br \/><strong>Rosenberg Strategic Communications <\/strong><br \/>Dirk Schmitt<br \/>d.schmitt@rosenbergsc.com<br \/>+49 170 302 8833<\/p>\r\n<p><!-- \/wp:paragraph -->\r\n\r\n<!-- wp:paragraph --><\/p>\r\n<p>&nbsp;<\/p>\r\n<p><strong>\u00dcber SGT German Private Equity<\/strong><\/p>\r\n<p>SGT German Private Equity ist ein in Deutschland beheimateter, b\u00f6rsennotierter Private Equity-Asset Manager mit Sitz in Frankfurt am Main. Ihre 100%ige Tochtergesellschaft SGT Capital Pte. Ltd. ist ein globaler Private Equity-Asset Manager mit Hauptsitz in Singapur.<\/p>\r\n<p>SGT Capital Pte. Ltd. ist der Private-Equity-Fondsmanager von mehreren von SGT Capital aufgesetzten Fonds, darunter des SGT Capital II Fonds. SGT Capital ist ein f\u00fchrendes globales Private-Equity-Unternehmen, das in mittelst\u00e4ndische, marktf\u00fchrende Unternehmen investiert und mit dem bestehenden Management zusammenarbeitet, um deren globale Wachstumsambitionen zu beschleunigen.<\/p>\r\n<p>Der SGT Capital Fund II, mit geografischem Fokus auf Europa und Nordamerika (Fondslaufzeit zehn Jahre), investiert in marktf\u00fchrende Unternehmen in strukturell wachsenden Sektoren, die deutlich schneller wachsen als das globale BIP, und nutzt sein eigenes Fachwissen, um die Unternehmen weiter zu globalisieren, insbesondere in asiatische M\u00e4rkte. SGT Capital versucht stets, die internationalen F\u00e4higkeiten der erworbenen Unternehmen zu verbessern und ihre globalen Skaleneffekte zu steigern.<\/p>\r\n<p>Das SGT-Investment-Management-Team verf\u00fcgt \u00fcber langj\u00e4hrige F\u00fchrungserfahrung bei namhaften Adressen \u2013 globalen Private Equity-H\u00e4usern, Managementberatungen und Investmentbanken. SGT Capital verwaltet derzeit von ihr aufgelegte Private Equity-Fonds und ein Joint Venture mit einem asiatischen Finanzdienstleister in einem Gesamtvolumen von mehr als 800 Mio. USD und strebt ein Fundraising-Zielvolumen von 2 bis 3 Mrd. USD \u00fcber ihre verschiedenen Fonds hinweg an.<\/p>\r\n<div style=\"margin-left: 80px;\"><em>[Das im obigen Satz erw\u00e4hnte Joint Venture hat sich im Februar 2023 leider als unverbindlich erwiesen]<\/em><\/div>\r\n<p>Aus ihrer Historie als ein f\u00fchrender deutscher Venture Capital-Anbieter unter der Marke German Startups Group h\u00e4lt die SGT German Private Equity des Weiteren ein Heritage Portfolio an Minderheitsbeteiligungen an teils aussichtsreichen deutschen Startups.<\/p>\r\n<p>&nbsp;<\/p>\r\n<p><!-- wp:paragraph --><\/p>\r\n<p><u><a href=\"http:\/\/tpgholding.com\/wp-content\/uploads\/2023\/05\/20230530_SGT-German-Private-Equity-Akquisition-von-Elatec.pdf\" target=\"_blank\" rel=\"nofollow\" rel=\"noopener\">Hier klicken f\u00fcr die PDF-Version<\/a><\/u><\/p>\r\n<p>Mehr Informationen unter\u00a0<a href=\"https:\/\/tpgholding.com\">https:\/\/tpgholding.com<\/a>\u00a0und\u00a0<a href=\"https:\/\/sgt-capital.com\/\" class=\"broken_link\">https:\/\/www.sgt-capital.com\/<\/a>.<\/p>","protected":false},"excerpt":{"rendered":"<p>+++ Pressemitteilung\u00a0+++ SGT German Private Equity \u2013 Akquisition von Elatec durch die SGT Fonds Zweite Private Equity-Transaktion f\u00fcr die SGT Capital Fonds Einwerbung zus\u00e4tzlicher Assets under Management Signifikant positive Auswirkungen auf die Ertragslage Frankfurt am Main, 30. Mai 2023 \u2013 Von SGT Capital Pte. Ltd. (SGTPTE) verwaltete Private Equity Fonds akquirieren Elatec, einem f\u00fchrenden internationalen [&hellip;]<\/p>\n","protected":false},"author":4,"featured_media":0,"parent":0,"menu_order":0,"comment_status":"closed","ping_status":"closed","template":"page-full-image.php","meta":[],"_links":{"self":[{"href":"https:\/\/tpgholding.com\/index.php\/wp-json\/wp\/v2\/pages\/16655"}],"collection":[{"href":"https:\/\/tpgholding.com\/index.php\/wp-json\/wp\/v2\/pages"}],"about":[{"href":"https:\/\/tpgholding.com\/index.php\/wp-json\/wp\/v2\/types\/page"}],"author":[{"embeddable":true,"href":"https:\/\/tpgholding.com\/index.php\/wp-json\/wp\/v2\/users\/4"}],"replies":[{"embeddable":true,"href":"https:\/\/tpgholding.com\/index.php\/wp-json\/wp\/v2\/comments?post=16655"}],"version-history":[{"count":6,"href":"https:\/\/tpgholding.com\/index.php\/wp-json\/wp\/v2\/pages\/16655\/revisions"}],"predecessor-version":[{"id":17958,"href":"https:\/\/tpgholding.com\/index.php\/wp-json\/wp\/v2\/pages\/16655\/revisions\/17958"}],"wp:attachment":[{"href":"https:\/\/tpgholding.com\/index.php\/wp-json\/wp\/v2\/media?parent=16655"}],"curies":[{"name":"wp","href":"https:\/\/api.w.org\/{rel}","templated":true}]}}