{"id":16768,"date":"2023-09-18T09:27:19","date_gmt":"2023-09-18T07:27:19","guid":{"rendered":"https:\/\/tpgholding.com\/?page_id=16768"},"modified":"2025-01-28T11:56:32","modified_gmt":"2025-01-28T10:56:32","slug":"pressemitteilung-vom-18-september-2023","status":"publish","type":"page","link":"https:\/\/tpgholding.com\/index.php\/pressemitteilung-vom-18-september-2023\/","title":{"rendered":"Pressemitteilung vom 18. September 2023"},"content":{"rendered":"<div class=\"wp-block-image\">\r\n<figure class=\"aligncenter\"><a href=\"https:\/\/tpgholding.com\/wp-content\/uploads\/2021\/10\/SGT_Logo.png\"><img decoding=\"async\" src=\"https:\/\/tpgholding.com\/wp-content\/uploads\/2021\/10\/SGT_Logo-300x72.png\" alt=\"SGT_Logo\" \/><\/a><\/figure><\/div>\r\n<p class=\"has-text-align-center\">+++ Pressemitteilung\u00a0+++<\/p>\r\n<p><!-- \/wp:paragraph -->\r\n\r\n<!-- wp:paragraph {\"align\":\"center\"} --><\/p>\r\n<p class=\"has-text-align-center\"><strong>SGT German Private Equity \u2013 Im ersten Halbjahr 2023 erneut profitabel<\/strong><\/p>\r\n<p><!-- \/wp:list-item --><\/p>\r\n<p><!-- \/wp:list -->\r\n\r\n<!-- wp:paragraph --><\/p>\r\n<p><strong>Frankfurt am Main, 18. September 2023 \u2013 <\/strong>Die SGT German Private Equity (SGF), ein b\u00f6rsennotierter Private Equity Asset Manager, gibt eine vorl\u00e4ufige Einsch\u00e4tzung f\u00fcr das erste Halbjahr 2023.<\/p>\r\n<p>Die Gesellschaft rechnet f\u00fcr 1H2023 mit knapp 5 Mio. EUR Umsatz und einem leicht positiven Ergebnis (vorl\u00e4ufige ungepr\u00fcfte Sch\u00e4tzungen, IFRS Konzern). Nahezu der gesamte Umsatz und rund 1,8 Mio. EUR Gewinn 1H2023 kommen aus dem PE Asset Management Segment, w\u00e4hrend das Segment Investment einen Verlust von rund 1 Mio. EUR verzeichnet hat. Es beinhaltet das Heritage VC-Portfolio der Tochter German Startups Group VC und ein Private Equity-Investment der Muttergesellschaft. Letzteres hat einen weiteren Wertzuwachs von 8% verzeichnet. Das Eigenkapital der SGT German Private Equity zum 30. Juni 2023 bel\u00e4uft sich auf rund 98 Mio. EUR oder 2,12 EUR pro Aktie.<\/p>\r\n<p>Die durchschnittliche Anzahl Aktien in 1H2023 betrug 49,5 Mio. Aktien. Nach Einzug von 3,5 Mio. Aktien im Mai 2023 stehen seit 15. Juni 2023 noch 46,3 Mio. Aktien aus.<\/p>\r\n<p>Die Gesch\u00e4ftsf\u00fchrung rechnet damit, dass das zweite Halbjahr 2023 deutlich profitabler ausf\u00e4llt als das erste, und dass der f\u00fcr das Gesamtjahr prognostizierte Gewinn von 15 Cent pro Aktie im zweiten Halbjahr erzielt werden kann.<\/p>\r\n<p>Die SGT German Private Equity hat auch in 2023 wieder eine Dividende ausgesch\u00fcttet und plant f\u00fcr das vierte Quartal 2023 ein weiteres \u00f6ffentliches Aktienr\u00fcckkaufangebot. In 4Q2022 hatte die Gesellschaft 3,5 Mio. Aktien mit einem \u00f6ffentlichen Kaufangebot zu einem Kurs von 2,00 EUR zur\u00fcckerworben und zusammen mit der gezahlten Dividende in 2022 insg. 16 Cent pro Aktie in Geld an ihre Aktion\u00e4re ausgekehrt.<\/p>\r\n<p>&nbsp;<\/p>\r\n<p><strong>Investor Relations Kontakt<\/strong><br \/><strong>Rosenberg Strategic Communications <\/strong><br \/>Dirk Schmitt<br \/>d.schmitt@rosenbergsc.com<br \/>+49 170 302 8833<\/p>\r\n<p><!-- \/wp:paragraph -->\r\n\r\n<!-- wp:paragraph --><\/p>\r\n<p>&nbsp;<\/p>\r\n<p><strong>\u00dcber SGT German Private Equity<\/strong><\/p>\r\n<p>SGT German Private Equity ist ein in Deutschland beheimateter, b\u00f6rsennotierter Private Equity-Asset Manager mit Sitz in Frankfurt am Main. Ihre 100%ige Tochtergesellschaft SGT Capital Pte. Ltd. ist ein globaler Private Equity-Asset Manager mit Hauptsitz in Singapur.<\/p>\r\n<p>SGT Capital Pte. Ltd. ist der Private-Equity-Fondsmanager von mehreren von SGT Capital aufgesetzten Fonds, darunter des SGT Capital II Fonds. SGT Capital ist ein f\u00fchrendes globales Private-Equity-Unternehmen, das in mittelst\u00e4ndische, marktf\u00fchrende Unternehmen investiert und mit dem bestehenden Management zusammenarbeitet, um deren globale Wachstumsambitionen zu beschleunigen.<\/p>\r\n<p>Der SGT Capital Fund II, mit geografischem Fokus auf Europa und Nordamerika (Fondslaufzeit zehn Jahre), investiert in marktf\u00fchrende Unternehmen in strukturell wachsenden Sektoren, die deutlich schneller wachsen als das globale BIP, und nutzt sein eigenes Fachwissen, um die Unternehmen weiter zu globalisieren, insbesondere in asiatische M\u00e4rkte. SGT Capital versucht stets, die internationalen F\u00e4higkeiten der erworbenen Unternehmen zu verbessern und ihre globalen Skaleneffekte zu steigern.<\/p>\r\n<p>Das SGT-Investment-Management-Team verf\u00fcgt \u00fcber langj\u00e4hrige F\u00fchrungserfahrung bei namhaften Adressen \u2013 globalen Private Equity-H\u00e4usern, Managementberatungen und Investmentbanken. SGT Capital verwaltet derzeit von ihr aufgelegte Private Equity-Fonds und ein Joint Venture mit einem asiatischen Finanzdienstleister in einem Gesamtvolumen von mehr als 800 Mio. USD und strebt ein Fundraising-Zielvolumen von 2 bis 3 Mrd. USD \u00fcber ihre verschiedenen Fonds hinweg an.<\/p>\r\n\r\n<div style=\"margin-left:80px;\"><em>[Das im obigen Satz erw\u00e4hnte Joint Venture hat sich im Februar 2023 leider als unverbindlich erwiesen]<\/em><\/div>\r\n\r\n<p>Aus ihrer Historie als ein f\u00fchrender deutscher Venture Capital-Anbieter unter der Marke German Startups Group h\u00e4lt die SGT German Private Equity des Weiteren ein Heritage Portfolio an Minderheitsbeteiligungen an teils aussichtsreichen deutschen Startups.<\/p>\r\n<p>&nbsp;<\/p>\r\n<p><!-- wp:paragraph --><\/p>\r\n<p><u><a href=\"http:\/\/tpgholding.com\/wp-content\/uploads\/2023\/09\/230918-SGT-German-Private-Equity-Im-ersten-Halbjahr-2023-erneut-profitabel.pdf\" target=\"_blank\" rel=\"nofollow\" rel=\"noopener\">Hier klicken f\u00fcr die PDF-Version<\/a><\/u><\/p>\r\n<p>Mehr Informationen unter\u00a0<a href=\"https:\/\/tpgholding.com\">https:\/\/tpgholding.com<\/a>\u00a0und\u00a0<a href=\"https:\/\/sgt-capital.com\/\" class=\"broken_link\">https:\/\/www.sgt-capital.com\/<\/a>.<\/p>","protected":false},"excerpt":{"rendered":"<p>+++ Pressemitteilung\u00a0+++ SGT German Private Equity \u2013 Im ersten Halbjahr 2023 erneut profitabel Frankfurt am Main, 18. September 2023 \u2013 Die SGT German Private Equity (SGF), ein b\u00f6rsennotierter Private Equity Asset Manager, gibt eine vorl\u00e4ufige Einsch\u00e4tzung f\u00fcr das erste Halbjahr 2023. Die Gesellschaft rechnet f\u00fcr 1H2023 mit knapp 5 Mio. EUR Umsatz und einem leicht [&hellip;]<\/p>\n","protected":false},"author":4,"featured_media":0,"parent":0,"menu_order":0,"comment_status":"closed","ping_status":"closed","template":"page-full.php","meta":[],"_links":{"self":[{"href":"https:\/\/tpgholding.com\/index.php\/wp-json\/wp\/v2\/pages\/16768"}],"collection":[{"href":"https:\/\/tpgholding.com\/index.php\/wp-json\/wp\/v2\/pages"}],"about":[{"href":"https:\/\/tpgholding.com\/index.php\/wp-json\/wp\/v2\/types\/page"}],"author":[{"embeddable":true,"href":"https:\/\/tpgholding.com\/index.php\/wp-json\/wp\/v2\/users\/4"}],"replies":[{"embeddable":true,"href":"https:\/\/tpgholding.com\/index.php\/wp-json\/wp\/v2\/comments?post=16768"}],"version-history":[{"count":5,"href":"https:\/\/tpgholding.com\/index.php\/wp-json\/wp\/v2\/pages\/16768\/revisions"}],"predecessor-version":[{"id":17961,"href":"https:\/\/tpgholding.com\/index.php\/wp-json\/wp\/v2\/pages\/16768\/revisions\/17961"}],"wp:attachment":[{"href":"https:\/\/tpgholding.com\/index.php\/wp-json\/wp\/v2\/media?parent=16768"}],"curies":[{"name":"wp","href":"https:\/\/api.w.org\/{rel}","templated":true}]}}