{"id":17007,"date":"2024-03-13T14:40:31","date_gmt":"2024-03-13T13:40:31","guid":{"rendered":"https:\/\/tpgholding.com\/?page_id=17007"},"modified":"2025-01-27T18:11:20","modified_gmt":"2025-01-27T17:11:20","slug":"ad-hoc-mitteilung-vom-13-marz-2024","status":"publish","type":"page","link":"https:\/\/tpgholding.com\/index.php\/ad-hoc-mitteilung-vom-13-marz-2024\/","title":{"rendered":"Ad-hoc Mitteilung vom 13. M\u00e4rz 2024"},"content":{"rendered":"<div class=\"wp-block-image\">\r\n<figure class=\"aligncenter\"><a href=\"https:\/\/tpgholding.com\/wp-content\/uploads\/2021\/10\/SGT_Logo.png\"><img decoding=\"async\" class=\"aligncenter\" src=\"https:\/\/tpgholding.com\/wp-content\/uploads\/2021\/10\/SGT_Logo-300x72.png\" alt=\"SGT_Logo\" \/><\/a><\/figure><\/div>\r\n<p class=\"has-text-align-center\" style=\"text-align: center;\">+++ Ad-hoc Mitteilung\u00a0+++<\/p>\r\n<!-- \/wp:paragraph -->\r\n<p>&nbsp;<\/p>\r\n<!-- wp:paragraph {\"align\":\"center\"} -->\r\n<p class=\"has-text-align-center\" style=\"text-align: center;\"><strong>SGT German Private Equity &#8211; Neuausrichtung auf Artificial Intelligence<\/strong><\/p>\r\n<!-- \/wp:list-item --><!-- \/wp:list -->\r\n\r\n<!-- wp:paragraph -->\r\n<ul>\r\n<li>R\u00fcckerwerb von 36,7 Mio. eigenen Aktien; Anzahl ausstehender Aktien reduziert sich von 46,3 auf 9,6 Mio.; Streubesitz erh\u00f6ht sich damit auf 75%<\/li>\r\n<li>Neuausrichtung der Strategie auf Artificial Intelligence und Umfirmierung in \u201aGerman AI Group\u2018<\/li>\r\n<li>Einstellung des Private Equity Asset Management-Gesch\u00e4fts der Tochtergesellschaft SGT Capital Pte. Ltd. aufgrund eingetr\u00fcbter Gesch\u00e4fts- und Ertragsperspektiven<\/li>\r\n<li>Revidierte Guidance 2023: Operativer Verlust in H\u00f6he von 7 Cent, statt erwartetem Jahres\u00fcberschuss von 10 Cent pro Aktie; der Buchwert des Eigenkapitals verringert sich von 2,15 EUR auf 1,95 EUR je Aktie<\/li>\r\n<\/ul>\r\n<p><strong>Frankfurt am Main, 13. M\u00e4rz 2024, 15:19h \u2013 <\/strong>Die SGT German Private Equity (\u201eSGF\u201c) (ISIN DE000A1MMEV4) wird sich k\u00fcnftig auf Artificial Intelligence fokussieren. Sie greift dabei auf die umfassende Expertise und Erfahrung sowie dem Netzwerk aus ihren fr\u00fcheren Technologieinvestments unter ihrem Gr\u00fcnder und ehemaligen Tech-Unternehmer Christoph Gerlinger zur\u00fcck. Unter der Firma German Startups Group war die SGF zwischen 2012 und 2020 als ein f\u00fchrender Venture Capital-Anbieter in Deutschland erfolgreich und hielt unter anderem Beteiligungen an Delivery Hero, MisterSpex, Chrono24 und Scalable Capital. Im Rahmen dieser strategischen Neuausrichtung, zu der Details im zweiten Quartal vorgestellt werden, wird das Unternehmen in \u201aGerman AI Group\u2018 umfirmieren.<\/p>\r\n<p>Das operative Gesch\u00e4ft der Singapurer Tochtergesellschaft, SGT Capital Pte. Ltd. (\u201eSGTPTE\u201c), wird eingestellt, nachdem es die Erwartungen nicht erf\u00fcllte und zudem unerwartet das Closing einer PE-Transaktion aus dem Mai 2023 nicht stattgefunden hat. Mit dem Management, Mitarbeitern und Dienstleistern wurden Aufhebungsvertr\u00e4ge geschlossen, die nicht zu einer finanziellen Belastung der Gruppe f\u00fchren.<\/p>\r\n<p>Aus diesem Anlass hat die SGF von ihrer (ehemaligen) Gro\u00dfaktion\u00e4rin, der SGT Capital LLC, weitere 36.714.800 SGF-Aktien unentgeltlich zur\u00fcckerworben. Die Anteilsquote der insgesamt zur\u00fcck\u00fcbertragenen SGF-Aktien entspricht der ihr durch die Aktienausgabe in 2021 einger\u00e4umten Anteilsquote von 79,3%.<\/p>\r\n<p>Damit verringert sich die Anzahl der ausstehenden Aktien von 46.301.800 sehr deutlich auf 9.587.000. Der Streubesitz erh\u00f6ht sich auf 75%. Der Wert je ausstehender Aktie verdichtet sich durch die Verringerung der Aktienzahl und erh\u00f6ht sich ceteris paribus um Faktor 4,8x. Zugleich verl\u00e4sst der (ehemalige) Gesch\u00e4ftsf\u00fchrer Carsten Geyer in gegenseitigem Einvernehmen das Unternehmen. Der Unternehmensgr\u00fcnder Christoph Gerlinger ist somit wieder Alleingesch\u00e4ftsf\u00fchrer der gesch\u00e4ftsf\u00fchrenden Komplement\u00e4rin.<\/p>\r\n<p>F\u00fcr das Gesch\u00e4ftsjahr 2023 rechnet die SGF nunmehr statt des prognostizierten Jahres\u00fcberschusses von 10 Cent pro Aktie erstmals nach zwei sehr profitablen Jahren mit einem operativen Verlust von 7 Cent pro Aktie (IFRS konsolidiert, vorl\u00e4ufig und ungepr\u00fcft). Dieser resultiert aus der Tatsache, dass infolge des zuvor genannten, ausgebliebenen Closings der PE-Transaktion aus dem Mai 2023 bestimmte Umsatzerwartungen der SGTPTE, von deren Realisierung im Dezember 2023 die Gesch\u00e4ftsf\u00fchrung der SGTPTE bis dato ausgegangen war, doch nicht als realisiert anzusehen und zudem im ersten Halbjahr 2023 gebuchte Ums\u00e4tze von 3 Mio. EUR zu stornieren sind. Daneben ist per 31.12.2023 ein au\u00dferordentlicher, einmaliger Abwertungsbedarf des im Zusammenhang mit dem Erwerb der SGTPTE in der Konzernbilanz verbuchten Goodwills von 72,3 Mio. EUR und des Restbuchwerts eines immateriellen Verm\u00f6gensgegenstands im Zusammenhang mit einem Joint Venture mit einem asiatischen Finanzdienstleister von 2,2 Mio. EUR entstanden. Die German Startups Group VC GmbH, eine weitere Tochter der SGF, rechnet nach einem allgemeinen Bewertungsr\u00fcckgang von VC-Beteiligungen in 2023 zudem mit Abwertungen von 3,6 Mio. EUR in ihrem VC-Portfolio. Der Buchwert des Eigenkapitals der SGF per 31.12.23 w\u00fcrde sich unter Ber\u00fccksichtigung dieser Verluste und Abwertungen sowie der faktisch bereits zum 31.12.23 verringerten Anzahl ausstehender Aktien geringf\u00fcgig von 2,15 EUR auf etwa 1,95 EUR pro Aktie vermindern. \u00a0<\/p>\r\n<p><strong>Investor Relations Kontakt<\/strong><\/p>\r\n<p><strong>Rosenberg Strategic Communications <\/strong><\/p>\r\n<p>Dirk Schmitt<\/p>\r\n<p>d.schmitt@rosenbergsc.com<\/p>\r\n<p>+49 170 302 8833 \u00a0<\/p>\r\n<!-- \/wp:paragraph -->\r\n\r\n<!-- wp:paragraph -->\r\n<p><strong>\u00dcber SGT German Private Equity<\/strong><\/p>\r\n<p>SGT German Private Equity ist eine b\u00f6rsennotierte Beteiligungsgesellschaft mit Sitz in Frankfurt am Main.<\/p>\r\n<p>Die Gesellschaft richtet sich ab Mitte M\u00e4rz 2024 ganz auf Artificial Intelligence aus und wird in \u201aGerman AI Group\u2018 umfirmieren.<\/p>\r\n<p>Aus ihrer Historie als ein f\u00fchrender deutscher Venture Capital-Anbieter, unter der damaligen Firmierung German Startups Group, h\u00e4lt die SGT German Private Equity ein Heritage Portfolio an Minderheitsbeteiligungen an teils aussichtsreichen deutschen Tech Startups.<\/p>\r\n<!-- wp:paragraph -->\r\n<p><u><a href=\"http:\/\/tpgholding.com\/wp-content\/uploads\/2024\/03\/2040313-Ad-hoc-SGT-German-Private-Equity-Neuausrichtung-auf-Artificial-Intelligence.pdf\" target=\"_blank\" rel=\"nofollow\" rel=\"noopener\">Hier klicken f\u00fcr die PDF-Version<\/a><\/u> Mehr Informationen unter\u00a0<a href=\"https:\/\/tpgholding.com\">https:\/\/tpgholding.com<\/a>\u00a0und\u00a0<a href=\"https:\/\/sgt-capital.com\/\" class=\"broken_link\">https:\/\/www.sgt-capital.com\/<\/a>.<\/p>","protected":false},"excerpt":{"rendered":"<p>+++ Ad-hoc Mitteilung\u00a0+++ &nbsp; SGT German Private Equity &#8211; Neuausrichtung auf Artificial Intelligence R\u00fcckerwerb von 36,7 Mio. eigenen Aktien; Anzahl ausstehender Aktien reduziert sich von 46,3 auf 9,6 Mio.; Streubesitz erh\u00f6ht sich damit auf 75% Neuausrichtung der Strategie auf Artificial Intelligence und Umfirmierung in \u201aGerman AI Group\u2018 Einstellung des Private Equity Asset Management-Gesch\u00e4fts der Tochtergesellschaft [&hellip;]<\/p>\n","protected":false},"author":4,"featured_media":0,"parent":0,"menu_order":0,"comment_status":"closed","ping_status":"closed","template":"page-full-image.php","meta":[],"_links":{"self":[{"href":"https:\/\/tpgholding.com\/index.php\/wp-json\/wp\/v2\/pages\/17007"}],"collection":[{"href":"https:\/\/tpgholding.com\/index.php\/wp-json\/wp\/v2\/pages"}],"about":[{"href":"https:\/\/tpgholding.com\/index.php\/wp-json\/wp\/v2\/types\/page"}],"author":[{"embeddable":true,"href":"https:\/\/tpgholding.com\/index.php\/wp-json\/wp\/v2\/users\/4"}],"replies":[{"embeddable":true,"href":"https:\/\/tpgholding.com\/index.php\/wp-json\/wp\/v2\/comments?post=17007"}],"version-history":[{"count":7,"href":"https:\/\/tpgholding.com\/index.php\/wp-json\/wp\/v2\/pages\/17007\/revisions"}],"predecessor-version":[{"id":17921,"href":"https:\/\/tpgholding.com\/index.php\/wp-json\/wp\/v2\/pages\/17007\/revisions\/17921"}],"wp:attachment":[{"href":"https:\/\/tpgholding.com\/index.php\/wp-json\/wp\/v2\/media?parent=17007"}],"curies":[{"name":"wp","href":"https:\/\/api.w.org\/{rel}","templated":true}]}}