{"id":17019,"date":"2024-03-13T14:41:59","date_gmt":"2024-03-13T13:41:59","guid":{"rendered":"https:\/\/tpgholding.com\/?page_id=17019"},"modified":"2024-07-01T17:37:34","modified_gmt":"2024-07-01T15:37:34","slug":"pressemitteilung-vom-13-marz-2024","status":"publish","type":"page","link":"https:\/\/tpgholding.com\/index.php\/pressemitteilung-vom-13-marz-2024\/","title":{"rendered":"Pressemitteilung vom 13. M\u00e4rz 2024"},"content":{"rendered":"<div class=\"wp-block-image\">\r\n<figure class=\"aligncenter\"><a href=\"https:\/\/tpgholding.com\/wp-content\/uploads\/2021\/10\/SGT_Logo.png\"><img decoding=\"async\" class=\"aligncenter\" src=\"https:\/\/tpgholding.com\/wp-content\/uploads\/2021\/10\/SGT_Logo-300x72.png\" alt=\"SGT_Logo\" \/><\/a><\/figure><\/div>\r\n<p class=\"has-text-align-center\" style=\"text-align: center;\">+++ Pressemitteilung\u00a0+++<\/p>\r\n<!-- \/wp:paragraph -->\r\n<p>&nbsp;<\/p>\r\n<!-- wp:paragraph {\"align\":\"center\"} -->\r\n<p class=\"has-text-align-center\" style=\"text-align: center;\"><strong>SGT German Private Equity &#8211; Strategischer Fokus auf Artificial Intelligence<\/strong><\/p>\r\n<!-- \/wp:list-item --><!-- \/wp:list -->\r\n\r\n<!-- wp:paragraph -->\r\n<ul>\r\n<li>Umfirmierung in \u201aGerman AI Group\u2018<\/li>\r\n<li>\u00c4nderung der erwarteten Gesch\u00e4ftszahlen 2023 aufgrund des verz\u00f6gerten Closings einer PE-Transaktion<\/li>\r\n<li>R\u00fcckerwerb von 36,7 Millionen SGF-Aktien<\/li>\r\n<\/ul>\r\n<p><strong>Frankfurt am Main, 13. M\u00e4rz 2024 \u2013 <\/strong>Die SGT German Private Equity (\u201eSGF\u201c), eine Beteiligungsgesellschaft mit Sitz in Frankfurt am Main, richtet sich ab sofort ganz auf Artificial Intelligence aus. Sie wird k\u00fcnftig unter \u201aGerman AI Group\u2018 firmieren.<\/p>\r\n<p>Christoph Gerlinger, Gr\u00fcnder und CEO der SGF: \u201eViele Experten sehen Artificial Intelligence als eine Zukunftstechnologie, deren Disruptions- und Transformationskraft sowohl der des Internets als auch der des Smartphones gleichkommt. Das verspricht wesentlich bessere Ertragsperspektiven als im klassischen Private Equity-Gesch\u00e4ft, das nach vielen guten Jahren zuletzt allgemein auf erschwerte Marktbedingungen getroffen ist.\u201c Es hat sich auch bei der in Singapur ans\u00e4ssigen Tochtergesellschaft der SGF, der SGT Capital Pte. Ltd. (\u201eSGTPTE\u201c), schw\u00e4cher entwickelt als bei ihrem Erwerb in 2021 erwartet.<\/p>\r\n<p>Die SGF war zuvor in den Jahren 2012 bis 2020 unter der Marke German Startups Group erfolgreich als ein f\u00fchrender Venture Capital-Anbieter in Deutschland t\u00e4tig und unter anderem an Delivery Hero, MisterSpex, Chrono24 und Scalable Capital beteiligt. Christoph Gerlinger: \u201eMit Artificial Intelligence rollt ein transformatorischer Tsunami auf unser aller Leben und die Unternehmen zu. Ich freue mich darauf, mein als langj\u00e4hriger Tech-Unternehmer und Tech-Investor erworbenes Wissen, unser Netzwerk und die umfangreichen gesammelten Erfahrungen zum Nutzen der Aktion\u00e4re nunmehr auf dem Feld der AI einzusetzen. Diese neue Basistechnologie wird in den n\u00e4chsten Jahren mehr Verm\u00f6genswerte neu erschaffen als jeder andere Innovationszyklus zuvor. Deutsche Tech-Unternehmen werden einen signifikanten Anteil daran haben.\u201c Einzelheiten zu der neuen Ausrichtung werden im zweiten Quartal 2024 bekannt gegeben.<\/p>\r\n<p>Nachdem beim Closing einer im Mai 2023 vereinbarten Private Equity-Transaktion unerwartet erhebliche Verz\u00f6gerungen aufgetreten sind und ein baldiger Abschluss auch nicht mehr zu erwarten ist, wird zugleich die operative Gesch\u00e4ftst\u00e4tigkeit der SGTPTE eingestellt. Mit Gesch\u00e4ftsf\u00fchrern, Mitarbeitern und Dienstleistern wurden Aufhebungsvertr\u00e4ge geschlossen, die nicht zu einer finanziellen Belastung der Gruppe f\u00fchren. Aus diesem Anlass hat die SGF von ihrer (ehemaligen) Gro\u00dfaktion\u00e4rin, der SGT Capital LLC, in zwei Tranchen weitere insgesamt 36.714.800 SGF-Aktien unentgeltlich zur\u00fcckerworben. Diese hatte die SGTPTE 2021 gegen Ausgabe von 50 Mio. Aktien in die SGF eingebracht und in 2022 bereits insgesamt 10.509.500 Aktien an die SGF zur\u00fcck\u00fcbertragen und entsprechend ihrem Anteil Aktien in ein R\u00fcckkaufangebot angedient. Die Anteilsquote der insgesamt zur\u00fcck\u00fcbertragenen SGF-Aktien entspricht der ihr durch Aktienausgabe in 2021 einger\u00e4umten Anteilsquote von 79,3%.<\/p>\r\n<p>Damit verringert sich die Anzahl der ausstehenden Aktien von 46.301.800 sehr deutlich auf 9.587.000 und der Streubesitz erh\u00f6ht sich auf 75%. Der Wert je ausstehender Aktie verdichtet sich durch die Verringerung der Aktienzahl und erh\u00f6ht sich ceteris paribus um Faktor 4,8x.<\/p>\r\n<p>Zugleich verl\u00e4sst der (ehemalige) Gesch\u00e4ftsf\u00fchrer Carsten Geyer in gegenseitigem Einvernehmen das Unternehmen. Der Unternehmensgr\u00fcnder Christoph Gerlinger ist somit wieder Alleingesch\u00e4ftsf\u00fchrer der gesch\u00e4ftsf\u00fchrenden Komplement\u00e4rin. Mit den vorstehenden Ma\u00dfnahmen zieht er Konsequenzen aus den eingetr\u00fcbten Ertragsperspektiven der in 2023 unprofitablen und defizit\u00e4ren SGTPTE und schlie\u00dft das dreij\u00e4hrige Private Equity-Engagement der SGF unter dem Strich mit einem Nettogewinn von knapp 10 Mio. EUR ab. F\u00fcr das Gesch\u00e4ftsjahr 2023 rechnet die SGF nunmehr statt des prognostizierten Jahres\u00fcberschusses von 10 Cent pro Aktie erstmals nach zwei sehr profitablen Jahren mit einem operativen Verlust von 7 Cent pro Aktie (IFRS konsolidiert, vorl\u00e4ufig und ungepr\u00fcft). Dieser resultiert aus der Tatsache, dass infolge des oben genannten, ausgebliebenen Closings der PE-Transaktion aus dem Mai 2023 bestimmte Umsatzerwartungen der SGTPTE, von deren Realisierung im Dezember 2023 die Gesch\u00e4ftsf\u00fchrung der SGTPTE bis dato ausgegangen war, doch nicht als realisiert anzusehen sind und zudem im ersten Halbjahr 2023 gebuchte Ums\u00e4tze von 3 Mio. EUR zu stornieren sind. Daneben ist per 31.12.2023 ein au\u00dferordentlicher, einmaliger Abwertungsbedarf des im Zusammenhang mit dem Erwerb der SGTPTE in der Konzernbilanz verbuchten Goodwill von 72,3 Mio. EUR und des Restbuchwerts eines immateriellen Verm\u00f6gensgegenstands im Zusammenhang mit einem Joint Venture mit einem asiatischen Finanzdienstleister von 2,2 Mio. EUR entstanden. Die German Startups Group VC GmbH, eine weitere Tochter der SGF, rechnet nach einem allgemeinen Bewertungsr\u00fcckgang von VC-Beteiligungen in 2023 zudem mit Abwertungen von 3,6 Mio. EUR in ihrem VC-Portfolio. Der Buchwert des Eigenkapitals der SGF per 31.12.23 w\u00fcrde sich unter Ber\u00fccksichtigung dieser Verluste und Abwertungen und der faktisch bereits zum 31.12.23 verringerten Anzahl ausstehender Aktien geringf\u00fcgig von 2,15 EUR auf etwa 1,95 EUR pro Aktie vermindern. \u00a0<\/p>\r\n<p><strong>Investor Relations Kontakt<\/strong><\/p>\r\n<p><strong>Rosenberg Strategic Communications <\/strong><\/p>\r\n<p>Dirk Schmitt <br \/>d.schmitt@rosenbergsc.com <br \/>+49 170 302 8833<\/p>\r\n<!-- \/wp:paragraph -->\r\n\r\n<!-- wp:paragraph -->\r\n<p><strong>\u00dcber SGT German Private Equity<\/strong> <br \/>SGT German Private Equity ist eine b\u00f6rsennotierte Beteiligungsgesellschaft mit Sitz in Frankfurt am Main.<\/p>\r\n<p>Die Gesellschaft richtet sich ab Mitte M\u00e4rz 2024 ganz auf Artificial Intelligence aus und wird in \u201aGerman AI Group\u2018 umfirmieren.<\/p>\r\n<p>Aus ihrer Historie als ein f\u00fchrender deutscher Venture Capital-Anbieter, unter der damaligen Firmierung German Startups Group, h\u00e4lt die SGT German Private Equity ein Heritage Portfolio an Minderheitsbeteiligungen an teils aussichtsreichen deutschen Tech Startups.<\/p>\r\n<!-- wp:paragraph -->\r\n<p><u><a href=\"http:\/\/tpgholding.com\/wp-content\/uploads\/2024\/03\/20240313-SGT-German-Private-Equity-Strategischer-Fokus-auf-Artificial-Intelligence.pdf\" target=\"_blank\" rel=\"nofollow\" rel=\"noopener\">Hier klicken f\u00fcr die PDF-Version<\/a><\/u> Mehr Informationen unter\u00a0<a href=\"https:\/\/tpgholding.com\">https:\/\/tpgholding.com<\/a>\u00a0und\u00a0<a href=\"https:\/\/sgt-capital.com\/\" class=\"broken_link\">https:\/\/www.sgt-capital.com\/<\/a>.<\/p>","protected":false},"excerpt":{"rendered":"<p>+++ Pressemitteilung\u00a0+++ &nbsp; SGT German Private Equity &#8211; Strategischer Fokus auf Artificial Intelligence Umfirmierung in \u201aGerman AI Group\u2018 \u00c4nderung der erwarteten Gesch\u00e4ftszahlen 2023 aufgrund des verz\u00f6gerten Closings einer PE-Transaktion R\u00fcckerwerb von 36,7 Millionen SGF-Aktien Frankfurt am Main, 13. M\u00e4rz 2024 \u2013 Die SGT German Private Equity (\u201eSGF\u201c), eine Beteiligungsgesellschaft mit Sitz in Frankfurt am Main, [&hellip;]<\/p>\n","protected":false},"author":4,"featured_media":0,"parent":0,"menu_order":0,"comment_status":"closed","ping_status":"closed","template":"page-full-image.php","meta":[],"_links":{"self":[{"href":"https:\/\/tpgholding.com\/index.php\/wp-json\/wp\/v2\/pages\/17019"}],"collection":[{"href":"https:\/\/tpgholding.com\/index.php\/wp-json\/wp\/v2\/pages"}],"about":[{"href":"https:\/\/tpgholding.com\/index.php\/wp-json\/wp\/v2\/types\/page"}],"author":[{"embeddable":true,"href":"https:\/\/tpgholding.com\/index.php\/wp-json\/wp\/v2\/users\/4"}],"replies":[{"embeddable":true,"href":"https:\/\/tpgholding.com\/index.php\/wp-json\/wp\/v2\/comments?post=17019"}],"version-history":[{"count":8,"href":"https:\/\/tpgholding.com\/index.php\/wp-json\/wp\/v2\/pages\/17019\/revisions"}],"predecessor-version":[{"id":17249,"href":"https:\/\/tpgholding.com\/index.php\/wp-json\/wp\/v2\/pages\/17019\/revisions\/17249"}],"wp:attachment":[{"href":"https:\/\/tpgholding.com\/index.php\/wp-json\/wp\/v2\/media?parent=17019"}],"curies":[{"name":"wp","href":"https:\/\/api.w.org\/{rel}","templated":true}]}}