{"id":17125,"date":"2024-03-22T14:46:36","date_gmt":"2024-03-22T13:46:36","guid":{"rendered":"https:\/\/tpgholding.com\/?page_id=17125"},"modified":"2024-03-22T14:58:46","modified_gmt":"2024-03-22T13:58:46","slug":"pressemitteilung-vom-22-marz-2024","status":"publish","type":"page","link":"https:\/\/tpgholding.com\/index.php\/pressemitteilung-vom-22-marz-2024\/","title":{"rendered":"Pressemitteilung vom 22. M\u00e4rz 2024"},"content":{"rendered":"<div class=\"wp-block-image\">\r\n<figure class=\"aligncenter\"><a href=\"https:\/\/tpgholding.com\/wp-content\/uploads\/2021\/10\/SGT_Logo.png\"><img decoding=\"async\" src=\"https:\/\/tpgholding.com\/wp-content\/uploads\/2021\/10\/SGT_Logo-300x72.png\" alt=\"SGT_Logo\" \/><\/a><\/figure><\/div>\r\n<p class=\"has-text-align-center\">+++ Pressemitteilung\u00a0+++<\/p>\r\n<p><!-- \/wp:paragraph -->\r\n\r\n<!-- wp:paragraph {\"align\":\"center\"} --><\/p>\r\n<p class=\"has-text-align-center\"><strong>SGT German Private Equity: VC Beteiligung AuctionTech setzt auf Artificial Intelligence <\/strong><\/p>\r\n<ul>\r\n<li>PropNow ist f\u00fchrende Plattform f\u00fcr digitale Angebotsverfahren beim Immobilienverkauf in Europa<\/li>\r\n<li>Bereits mehr als 6.000 Angebotsverfahren mit Transaktionsvolumen von \u00fcber 2 Mrd. Euro durchgef\u00fchrt<\/li>\r\n<li>In 10 europ\u00e4ischen L\u00e4ndern im Einsatz<\/li>\r\n<\/ul>\r\n<p><!-- \/wp:list-item --><\/p>\r\n<p><!-- \/wp:list -->\r\n\r\n<!-- wp:paragraph --><\/p>\r\n<p><strong>Frankfurt am Main, 22. M\u00e4rz 2024 \u2013 <\/strong>AuctionTech, ein in Berlin ans\u00e4ssiger Softwareanbieter f\u00fcr dynamische Marktpreisfindung von Immobilien und Betreiber von PropNow.com, der f\u00fchrenden Plattform f\u00fcr digitale Bieter-\/Angebotsverfahren im Immobilienbereich, wird f\u00fcr die weitere Entwicklung und das internationale Wachstum verst\u00e4rkt auf das Thema K\u00fcnstliche Intelligenz (KI) setzen. PropNow ist mit seiner Plattform f\u00fcr digitales Management von Kaufangeboten und Angebotsverfahren Marktf\u00fchrer in Europa. Die Plattform bietet eine SaaS-basierte L\u00f6sung, die vor allem von professionellen Immobilienmaklern genutzt wird. \u00dcber PropNow wurden bisher bereits \u00fcber 6.000 Angebotsverfahren mit einem Transaktionsvolumen von rund 2 Mrd. Euro erfolgreich durchgef\u00fchrt mit \u00fcber 100.000 teilnehmenden Interessenten. Mit PropNow erzielen Immobilienmakler und professionelle Verk\u00e4ufer gerade in der aktuellen Marktsituation nicht nur schnellere Verkaufsergebnisse und h\u00f6here Verkaufspreise, sondern auch eine h\u00f6here Kundenzufriedenheit dank eines transparenten und bequemen Prozessablaufs.<\/p>\r\n<p>F\u00fcr die weitere Entwicklung von PropNow sieht CEO Jan Thiel mit der Einbindung von KI ein enormes Potenzial: \u201eNicht nur bei Automatisierung von Angebotsprozessen, sondern vor allem bei der zielgerichteten Analyse der Immobilie und der Auswahl der optimalen Parameter des Angebotsverfahrens, wie auch der besseren Vorqualifizierung von Kaufinteressenten, wird KI eine wichtige Rolle spielen. Dar\u00fcber hinaus werden wir auch im Support-Bereich und bei der Umsetzung von kundenspezifischen L\u00f6sungen zunehmend KI-basierte Tools und Technologien einsetzen. Dadurch k\u00f6nnen wir noch bessere Verkaufsergebnisse f\u00fcr unsere Kunden erzielen, neue L\u00f6sungen und Funktionalit\u00e4ten effizienter umsetzen, als auch die Entwicklung neuer M\u00e4rkte schneller vorantreiben. PropNow ist bereits in 10 europ\u00e4ischen L\u00e4ndern vertreten und bietet seine digitale Angebotsplattform in 7 Sprachen an. Als White-Label-Softwarel\u00f6sung ist PropNow die Technologieplattform, die hinter fast allen gro\u00dfen deutschsprachigen Maklernetzwerken steht und zudem im Bereich des \u201eDigital Bidding\u201c sehr eng mit den weltgr\u00f6\u00dften Maklerfirmen zusammenarbeitet.<\/p>\r\n<p>Strategisch betrachtet sieht Jan Thiel in der Nutzung von KI einen weiteren wesentlichen Erfolgsfaktor, der sowohl die Effizienz als auch die Qualit\u00e4t der erzielten Verkaufsergebnisse der digitalen Angebotsplattform erheblich steigern kann und damit ein Sprungbrett bietet, das das erfolgreiche Wachstum und die weitere Internationalisierung des Unternehmens beschleunigen wird. Er f\u00fcgt hinzu: \u201eKI wird die Immobilienbranche grundlegend ver\u00e4ndern \u2013 weg von einem \u201eOne-size-fits-all\u201c-Ansatz mit Standard-Expos\u00e9s und festen Preisen, hin zu einer weit individuelleren Positionierung und zielgruppenspezifischeren Vermarktung einzelner Objekte. Dies wird zu einer wesentlich dynamischeren Marktpreisfindung f\u00fchren. Und genau dort kn\u00fcpft PropNow mit seiner digitalen Angebotsplattform an und schafft die M\u00f6glichkeit, den optimalen Preis in k\u00fcrzester Zeit zu erzielen\u201c.<\/p>\r\n<p>Christoph Gerlinger, CEO von SGT German Private Equity, Lead-Investor und gr\u00f6\u00dfter Gesellschafter von AuctionTech, erg\u00e4nzt: \u201eArtificial Intelligence wird bei AuctionTech nicht nur Effizienzsteigerungen bringen, sondern den Kundennutzen durch das Erkennen von Mustern bei der Immobilienbewertung und beim Bieterverhalten weiter deutlich erh\u00f6hen. AuctionTech bleibt damit einer der Innovationsf\u00fchrer bei der Digitalisierung der Immobilienvermarktung.\u201c<\/p>\r\n<p>&nbsp;<\/p>\r\n<p><strong>Investor Relations Kontakt<\/strong><br \/><strong>Rosenberg Strategic Communications <\/strong><br \/>Dirk Schmitt<br \/>d.schmitt@rosenbergsc.com<br \/>+49 170 302 8833<\/p>\r\n<p><!-- \/wp:paragraph -->\r\n\r\n<!-- wp:paragraph --><\/p>\r\n<p>&nbsp;<\/p>\r\n<p><strong>\u00dcber SGT German Private Equity<br \/><\/strong>SGT German Private Equity ist eine b\u00f6rsennotierte Beteiligungsgesellschaft mit Sitz in Frankfurt am Main.<\/p>\r\n<p>Die Gesellschaft richtet sich ab Mitte M\u00e4rz 2024 ganz auf Artificial Intelligence aus und wird in \u201aGerman AI Group\u2018 umfirmieren.<\/p>\r\n<p>Aus ihrer Historie als ein f\u00fchrender deutscher Venture Capital-Anbieter, unter der damaligen Firmierung German Startups Group, h\u00e4lt die SGT German Private Equity ein Heritage Portfolio an Minderheitsbeteiligungen an teils aussichtsreichen deutschen Tech Startups.<\/p>\r\n<p>&nbsp;<\/p>\r\n<p><strong>\u00dcber AuctionTech<br \/><\/strong>AuctionTech.com entwickelt und betreibt ma\u00dfgeschneiderte White-Label-L\u00f6sungen f\u00fcr Online-Auktionen, dynamische Preisfindungsverfahren und den digitalen Verkauf von Immobilien, Kunst- und Luxusobjekten und bietet diese als Software-as-a-Service (SaaS) weltweit an. AuctionTech ist Erfinder der einzigartigen Live-Video-Auktion, die es erm\u00f6glicht, Versteigerungen in 100% Echtzeit weltweit digital durchzuf\u00fchren. Mit Hilfe ihrer propriet\u00e4ren Technologieplattform wurden bereits \u00fcber 110.000 Objekte versteigert und unz\u00e4hlige Weltrekorde f\u00fcr Online-Preise erzielt.<\/p>\r\n<p>Im Immobilienbereich bietet AuctionTech mit seiner PropNow-Plattform Maklern, Projektentwicklern und professionellen Verk\u00e4ufern innovative und anwenderfreundliche Komplettl\u00f6sungen f\u00fcr den Preisfindungs- und Verkaufsprozess an, die es erm\u00f6glichen, durch einen voll digitalen und transparenten Prozess weitreichendes Kundenvertrauen zu schaffen und den bestm\u00f6glichen Marktpreis in k\u00fcrzester Zeit zu ermitteln. Dar\u00fcber hinaus schafft eine komplette Integration in bestehende CRM\/IT-Systeme erhebliche Effizienzen und Zeitersparnisse f\u00fcr Makler und Verk\u00e4ufer und erh\u00f6ht die Rechtssicherheit bei der Vertragsabwicklung.<\/p>\r\n<p>AuctionTech ist weltweit t\u00e4tig und hat seinen Sitz in Berlin. Das Unternehmen ist Venture Capital finanziert. Lead Investor und gr\u00f6\u00dfter Gesellschafter ist die b\u00f6rsennotierte SGT German Private Equity.<\/p>\r\n<p>&nbsp;<\/p>\r\n<p><!-- wp:paragraph --><\/p>\r\n<p><u><a href=\"https:\/\/tpgholding.com\/wp-content\/uploads\/2024\/03\/20240322-SGT-German-Private-Equity-VC-Beteiligung-AuctionTech-setzt-auf-Artificial-Intelligence.pdf\" target=\"_blank\" rel=\"nofollow\" rel=\"noopener\">Hier klicken f\u00fcr die PDF-Version<\/a><\/u><\/p>\r\n<p>Mehr Informationen unter\u00a0<a href=\"https:\/\/tpgholding.com\">https:\/\/tpgholding.com<\/a>\u00a0und\u00a0<a href=\"https:\/\/sgt-capital.com\/\" class=\"broken_link\">https:\/\/www.sgt-capital.com\/<\/a>.<\/p>","protected":false},"excerpt":{"rendered":"<p>+++ Pressemitteilung\u00a0+++ SGT German Private Equity: VC Beteiligung AuctionTech setzt auf Artificial Intelligence PropNow ist f\u00fchrende Plattform f\u00fcr digitale Angebotsverfahren beim Immobilienverkauf in Europa Bereits mehr als 6.000 Angebotsverfahren mit Transaktionsvolumen von \u00fcber 2 Mrd. Euro durchgef\u00fchrt In 10 europ\u00e4ischen L\u00e4ndern im Einsatz Frankfurt am Main, 22. M\u00e4rz 2024 \u2013 AuctionTech, ein in Berlin ans\u00e4ssiger [&hellip;]<\/p>\n","protected":false},"author":4,"featured_media":0,"parent":0,"menu_order":0,"comment_status":"closed","ping_status":"closed","template":"page-full.php","meta":[],"_links":{"self":[{"href":"https:\/\/tpgholding.com\/index.php\/wp-json\/wp\/v2\/pages\/17125"}],"collection":[{"href":"https:\/\/tpgholding.com\/index.php\/wp-json\/wp\/v2\/pages"}],"about":[{"href":"https:\/\/tpgholding.com\/index.php\/wp-json\/wp\/v2\/types\/page"}],"author":[{"embeddable":true,"href":"https:\/\/tpgholding.com\/index.php\/wp-json\/wp\/v2\/users\/4"}],"replies":[{"embeddable":true,"href":"https:\/\/tpgholding.com\/index.php\/wp-json\/wp\/v2\/comments?post=17125"}],"version-history":[{"count":8,"href":"https:\/\/tpgholding.com\/index.php\/wp-json\/wp\/v2\/pages\/17125\/revisions"}],"predecessor-version":[{"id":17140,"href":"https:\/\/tpgholding.com\/index.php\/wp-json\/wp\/v2\/pages\/17125\/revisions\/17140"}],"wp:attachment":[{"href":"https:\/\/tpgholding.com\/index.php\/wp-json\/wp\/v2\/media?parent=17125"}],"curies":[{"name":"wp","href":"https:\/\/api.w.org\/{rel}","templated":true}]}}