{"id":17178,"date":"2024-06-07T12:03:36","date_gmt":"2024-06-07T10:03:36","guid":{"rendered":"https:\/\/tpgholding.com\/?page_id=17178"},"modified":"2024-06-07T12:22:39","modified_gmt":"2024-06-07T10:22:39","slug":"pressemitteilung-vom-7-juni-2024","status":"publish","type":"page","link":"https:\/\/tpgholding.com\/index.php\/pressemitteilung-vom-7-juni-2024\/","title":{"rendered":"Pressemitteilung vom 7. Juni 2024"},"content":{"rendered":"<div class=\"wp-block-image\">\r\n<figure class=\"aligncenter\"><a href=\"https:\/\/tpgholding.com\/wp-content\/uploads\/2021\/10\/SGT_Logo.png\"><img decoding=\"async\" class=\"aligncenter\" src=\"https:\/\/tpgholding.com\/wp-content\/uploads\/2021\/10\/SGT_Logo-300x72.png\" alt=\"SGT_Logo\" \/><\/a><\/figure><\/div>\r\n<p class=\"has-text-align-center\" style=\"text-align: center;\">+++ Pressemitteilung\u00a0+++<\/p>\r\n<!-- \/wp:paragraph -->\r\n\r\n<!-- wp:paragraph {\"align\":\"center\"} -->\r\n<p style=\"text-align: center;\"><strong>Aus SGT German Private Equity wird die German AI Group \u2013 <br \/>im August wird die Hauptversammlung \u00fcber die Umfirmierung abstimmen<\/strong><\/p>\r\n<ul>\r\n<li>Bekanntgabe von Details zum k\u00fcnftigen Artificial Intelligence-Gesch\u00e4ft und Ver\u00f6ffentlichung des Gesch\u00e4ftsberichts 2023 im Juni geplant<\/li>\r\n<li>Christoph Gerlinger im Interview mit Finance TV<\/li>\r\n<li>Hauptversammlung samt Vorstellung des neuen Gesch\u00e4ftsbereichs am 14.08.24<\/li>\r\n<li>VC Beteiligungsver\u00e4u\u00dferungen und Kostenreduzierungen<\/li>\r\n<\/ul>\r\n<!-- \/wp:list-item --><!-- \/wp:list -->\r\n<p><strong>Frankfurt am Main, 7. Juni 2024 \u2013 <\/strong>Die SGT German Private Equity (\u201eSGF\u201c), eine Beteiligungsgesellschaft mit Sitz in Frankfurt am Main, beabsichtigt noch im Juni, Details zu ihrer angek\u00fcndigten Neuausrichtung auf Artificial Intelligence bekanntzugeben. Ziel ist es, schnell kritisches Know-how aufzubauen, AI-Talente zu werben und zu binden, damit ohne gr\u00f6\u00dfere Investitionen wieder zur Profitabilit\u00e4t zur\u00fcckzukehren und gleichzeitig eine Plattform zu schaffen, um aussichtsreiche AI Startups zu gr\u00fcnden. In einem Anfang der Woche ver\u00f6ffentlichten <a href=\"https:\/\/www.finance-magazin.de\/tv\/deals\/private-equity\/darum-scheiterte-das-projekt-sgt-german-private-equity-182691\/\">Interview mit Finance TV<\/a> hat Gr\u00fcnder und CEO Christoph Gerlinger dazu erste Konkretisierungen vorgenommen.<\/p>\r\n<p>Die Hauptversammlung der SGF soll am 14.08.24 stattfinden. Die Gesellschaft wird ihren Aktion\u00e4ren bei dieser Gelegenheit den neuen Gesch\u00e4ftsbereich vorstellen und die Umfirmierung in \u201eGerman AI Group\u201c zur Abstimmung stellen. Die Einladung samt Tagesordnung wird fristgem\u00e4\u00df erfolgen.<\/p>\r\n<p>Im Mai ist es der Tochtergesellschaft German Startups Group VC GmbH gelungen, zwei VC-Beteiligungen teilweise zu ver\u00e4u\u00dfern, zum Buchwert bzw. dar\u00fcber. Nachdem die Verg\u00fctung der gesch\u00e4ftsf\u00fchrenden Komplement\u00e4rin German AI Group Management GmbH bereits seit Jahresbeginn deutlich reduziert ist, gelingt dies nun auch bei der Aufsichtsratsverg\u00fctung. Der Aufsichtsrat verzichtet r\u00fcckwirkend ab dem 1.01.24 bis auf weiteres auf die H\u00e4lfte seiner satzungsgem\u00e4\u00df festgesetzten Verg\u00fctung. Daneben wird die Gesellschaft auf ihrer Hauptversammlung eine Verkleinerung des Aufsichtsrats auf drei Mitglieder zur Abstimmung stellen. \u00a0<\/p>\r\n<p>&nbsp;<\/p>\r\n<p><strong>Investor Relations Kontakt<br \/><\/strong> <strong>Rosenberg Strategic Communications <br \/><\/strong> Dirk Schmitt <br \/>d.schmitt@rosenbergsc.com <br \/>+49 170 302 8833<\/p>\r\n<!-- \/wp:paragraph -->\r\n\r\n<!-- wp:paragraph -->\r\n<p><strong>\u00dcber SGT German Private Equity <br \/><\/strong> SGT German Private Equity ist eine b\u00f6rsennotierte Beteiligungsgesellschaft mit Sitz in Frankfurt am Main. <br \/>Die Gesellschaft richtet sich seit Mitte M\u00e4rz 2024 ganz auf Artificial Intelligence aus und wird in \u201eGerman AI Group\u201c umfirmieren. <br \/>Aus ihrer Historie als ein f\u00fchrender deutscher Venture Capital-Anbieter, unter der damaligen Firmierung German Startups Group, h\u00e4lt die SGT German Private Equity ein Heritage Portfolio an Minderheitsbeteiligungen an teils aussichtsreichen deutschen Tech Startups. \u00a0<\/p>\r\n<!-- wp:paragraph -->\r\n<p><u><a href=\"https:\/\/tpgholding.com\/wp-content\/uploads\/2024\/06\/20240607_Aus-SGT-German-Private-Equity-wird-die-German-AI-Group-\u2013-im-August-wird-die-Hauptversammlung-uber-die-Umfirmierung-abstimmen.pdf\" target=\"_blank\" rel=\"nofollow\" rel=\"noopener\">Hier klicken f\u00fcr die PDF-Version<\/a><\/u><\/p>\r\n<p>Mehr Informationen unter\u00a0<a href=\"https:\/\/tpgholding.com\">https:\/\/tpgholding.com<\/a>.<\/p>","protected":false},"excerpt":{"rendered":"<p>+++ Pressemitteilung\u00a0+++ Aus SGT German Private Equity wird die German AI Group \u2013 im August wird die Hauptversammlung \u00fcber die Umfirmierung abstimmen Bekanntgabe von Details zum k\u00fcnftigen Artificial Intelligence-Gesch\u00e4ft und Ver\u00f6ffentlichung des Gesch\u00e4ftsberichts 2023 im Juni geplant Christoph Gerlinger im Interview mit Finance TV Hauptversammlung samt Vorstellung des neuen Gesch\u00e4ftsbereichs am 14.08.24 VC Beteiligungsver\u00e4u\u00dferungen und [&hellip;]<\/p>\n","protected":false},"author":4,"featured_media":0,"parent":0,"menu_order":0,"comment_status":"closed","ping_status":"closed","template":"page-full.php","meta":[],"_links":{"self":[{"href":"https:\/\/tpgholding.com\/index.php\/wp-json\/wp\/v2\/pages\/17178"}],"collection":[{"href":"https:\/\/tpgholding.com\/index.php\/wp-json\/wp\/v2\/pages"}],"about":[{"href":"https:\/\/tpgholding.com\/index.php\/wp-json\/wp\/v2\/types\/page"}],"author":[{"embeddable":true,"href":"https:\/\/tpgholding.com\/index.php\/wp-json\/wp\/v2\/users\/4"}],"replies":[{"embeddable":true,"href":"https:\/\/tpgholding.com\/index.php\/wp-json\/wp\/v2\/comments?post=17178"}],"version-history":[{"count":7,"href":"https:\/\/tpgholding.com\/index.php\/wp-json\/wp\/v2\/pages\/17178\/revisions"}],"predecessor-version":[{"id":17199,"href":"https:\/\/tpgholding.com\/index.php\/wp-json\/wp\/v2\/pages\/17178\/revisions\/17199"}],"wp:attachment":[{"href":"https:\/\/tpgholding.com\/index.php\/wp-json\/wp\/v2\/media?parent=17178"}],"curies":[{"name":"wp","href":"https:\/\/api.w.org\/{rel}","templated":true}]}}