{"id":17251,"date":"2024-07-02T14:15:32","date_gmt":"2024-07-02T12:15:32","guid":{"rendered":"https:\/\/tpgholding.com\/?page_id=17251"},"modified":"2024-07-02T15:16:25","modified_gmt":"2024-07-02T13:16:25","slug":"press-release-2-july-2024","status":"publish","type":"page","link":"https:\/\/tpgholding.com\/index.php\/press-release-2-july-2024\/","title":{"rendered":"Pressemitteilung vom 2 Juli 2024"},"content":{"rendered":"<div class=\"wp-block-image\">\r\n<figure class=\"aligncenter\"><a href=\"https:\/\/tpgholding.com\/wp-content\/uploads\/2021\/10\/SGT_Logo.png\"><img decoding=\"async\" class=\"aligncenter\" src=\"https:\/\/tpgholding.com\/wp-content\/uploads\/2021\/10\/SGT_Logo-300x72.png\" alt=\"SGT_Logo\" \/><\/a><\/figure><\/div>\r\n<p class=\"has-text-align-center\" style=\"text-align: center;\">+++ Pressemitteilung\u00a0+++<\/p>\r\n<!-- \/wp:paragraph -->\r\n\r\n<!-- wp:paragraph {\"align\":\"center\"} -->\r\n<p style=\"text-align: center;\"><strong>SGT German Private Equity evaluiert sich ihr bietende M\u00f6glichkeiten <br \/>und blickt optimistisch nach vorn<\/strong><\/p>\r\n<ul>\r\n<li>Gespr\u00e4che \u00fcber eine Kooperation mit einer Artificial Intelligence-Plattform renommierter AI-Experten<\/li>\r\n<li>Ver\u00f6ffentlichung des Gesch\u00e4ftsberichts 2023 samt des testierten Jahresabschlusses<\/li>\r\n<li>Evaluierung der Opportunit\u00e4ten eines Reverse Listings<\/li>\r\n<\/ul>\r\n<!-- \/wp:list-item --><!-- \/wp:list -->\r\n<p><strong>Frankfurt am Main, 2. Juli 2024 \u2013 <\/strong>Die SGT German Private Equity (\u201eSGF\u201c) und designierte \u201aGerman AI Group\u2018, eine Beteiligungsgesellschaft mit Sitz in Frankfurt am Main, f\u00fchrt Gespr\u00e4che \u00fcber eine enge Kooperation bis hin zu einer signifikanten Beteiligung an einem AI-Strategieberatungsunternehmen. Dieses soll zeitnah von anerkannten deutschen AI-Spezialisten gegr\u00fcndet werden, die eine Zusammenarbeit mit der SGF anstreben. Die Gr\u00fcnder sind anerkannte Experten auf ihrem Gebiet und sehen seit Jahren eine hohe und weiter steigende Nachfrage nach AI-bezogenen Beratungsleistungen von Unternehmen, Organisationen, Beratungsh\u00e4usern ebenso wie aus Politik, \u00f6ffentlichen Verwaltungen und Universit\u00e4ten.<\/p>\r\n<p>Dar\u00fcber hinaus haben sie direkten Zugang zu Ressourcen, also jungen AI-Fachkr\u00e4ften, was in dem im AI-Sektor heraufziehenden \u201eWar for Talent\u201c kritische Bedeutung gewinnen d\u00fcrfte. Im Falle einer Zusammenarbeit wird die SGF ihre Kenntnisse und Erfahrungen als ein f\u00fchrender deutscher Venture Capital-Investor unter der Firma \u201aGerman Startups Group\u2018 (2012 \u2013 2020) einbringen, um gemeinsam vielversprechende deutsche AI-Startups ab der Seed Stage zu begleiten, zu inkubieren und zu finanzieren. Zwei sehr aussichtsreiche Konzepte f\u00fcr AI-Startups hat die SGF nach Vorbildern aus den USA selbst entwickelt. Christoph Gerlinger: \u201eJedes einzelne Seed AI Startup kann binnen weniger Monate einen Unternehmenswert generieren, der unsere derzeitige Marktkapitalisierung \u00fcbersteigt.\u201c<\/p>\r\n<p>Beide Seiten eruieren des Weiteren, gemeinsam einen Deutschland-zentrierten AI-VC-Fonds unter der Bezeichnung \u201aGerman AI Fund\u2018 aufzulegen. Christoph Gerlinger, Gr\u00fcnder und CEO der SGF bzw. der designierten German AI Group: \u201eDabei k\u00f6nnen wir auf den wenig bekannten, ja verbl\u00fcffenden Umstand setzen, dass Deutschland weltweit den zweiten Platz bei der Anzahl der AI-Patente belegt.\u201c<\/p>\r\n<p><strong>Gesch\u00e4ftsbericht 2023 samt testiertem Jahresabschluss ver\u00f6ffentlicht <\/strong><\/p>\r\n<p>Die SGF hat ihren Gesch\u00e4ftsbericht mitsamt dem Konzernabschluss 2023 am 30. Juni 2024 auf ihrer Website ver\u00f6ffentlicht. Der Buchwert des Eigenkapitals je ausstehender Aktie als Ma\u00dfstab f\u00fcr den Substanzwert der Aktie, hat sich trotz der hohen Einmal-Verluste aus der Beendigung des Private Equity-Asset Management-Gesch\u00e4fts ihrer Tochter SGT Capital Pte. Ltd. (\u201eSGTPTE\u201c) lediglich um 0,38 EUR von 2,15 EUR (31.12.2022) auf 1,77 EUR je Aktie verringert.<\/p>\r\n<p>Die Verluste und Risiken aus der Beendigung des Private Equity-Asset Management-Gesch\u00e4fts ihrer Tochter SGTPTE und ihrer geplanten Liquidation wurden im Jahresabschluss 2023 bereits vollst\u00e4ndig verarbeitet. Die seit M\u00e4rz 2024 ruhende SGTPTE soll noch 2024 liquidiert werden. Ihr Netto-Restverm\u00f6gen von \u00fcber 4 Mio. EUR soll auf die SGF \u00fcbertragen werden.<\/p>\r\n<p>Der Wirtschaftspr\u00fcfer hat einen eingeschr\u00e4nkten Best\u00e4tigungsvermerk erteilt. Seine Einschr\u00e4nkung bezieht sich auf den Ausweis der ausstehenden Aktien in der Bilanz, bei dem die Gesch\u00e4ftsf\u00fchrung die dinglich erst am 26. Februar 2024 vollzogene unentgeltliche Aktien\u00fcbertragung von 36.714.800 Aktien an die Gesellschaft aufgrund dahingehender Zusagen im Einvernehmen mit dem Aufsichtsrat bereits zum 31. Dezember 2023 ber\u00fccksichtigt hat. Sie h\u00e4lt diese Darstellung f\u00fcr richtig, da die Aktienr\u00fcckgabe mit der Einstellung des Private Equity-Gesch\u00e4fts und der hieraus resultierenden Abwertung des \u2013 im Zusammenhang mit der SGTPTE aktivierten \u2013 Goodwills und immateriellen Verm\u00f6gensgegenstands eine wirtschaftliche Einheit bildet. Der Wirtschaftspr\u00fcfer h\u00e4lt die Aktienr\u00fcckgabe jedoch erst ab dem 26. Februar 2024 f\u00fcr zu ber\u00fccksichtigen. Dieser Dissens hat sich also bereits per 26. Februar 2024 aufgel\u00f6st, da ab diesem Zeitpunkt unstrittig nur noch die auf 9.587.000 Aktien verringerte Anzahl ausstehender Aktien auszuweisen ist.<\/p>\r\n<p><strong>Evaluierung der Opportunit\u00e4ten eines Reverse Listings<\/strong><\/p>\r\n<p>Zus\u00e4tzliche Opportunit\u00e4ten ergeben sich f\u00fcr die SGF aus der M\u00f6glichkeit, ihre B\u00f6rsennotierung alternativ oder kumulativ dazu f\u00fcr ein sogenanntes Reverse Listing eines Tech- oder anderen Wachstumsunternehmens zu nutzen. Hierzu finden derzeit Gespr\u00e4che mit zwei attraktiv erscheinenden Kandidaten statt. In einer solchen Transaktion w\u00fcrde die SGF eigene Aktien einsetzen, allerdings zu einem rechnerischen Kurs, der ein Mehrfaches des aktuellen B\u00f6rsenkurses betr\u00e4gt. Ma\u00dfgeblich f\u00fcr den anzusetzenden Kurs sind nach der Ansicht des Managements der Buchwert des Eigenkapitals pro SGF-Aktie, also eine Art Substanzwert von 1,77 EUR (per 31.12.23) und nicht bilanzierte andere wirtschaftliche Werte, wie etwa bestimmtes Know-how und die B\u00f6rsennotierung.<\/p>\r\n<p>Nach Einsch\u00e4tzung der Gesch\u00e4ftsleitung hat sich die SGF binnen kurzer Zeit aus einer \u00fcberraschend eingetretenen, am 13. M\u00e4rz 2024 bekannt gegebenen, von der SGT Capital verursachten schwierigen Situation befreit und befindet sich wieder in einer soliden wirtschaftlichen Verfassung und aussichtsreichen Position.<\/p>\r\n<p>&nbsp;<\/p>\r\n<!-- \/wp:paragraph -->\r\n\r\n<!-- wp:paragraph -->\r\n<p><strong>\u00dcber SGT German Private Equity<br \/><\/strong>SGT German Private Equity ist eine b\u00f6rsennotierte Beteiligungsgesellschaft mit Sitz in Frankfurt am Main. <br \/>Die Gesellschaft richtet sich seit Mitte M\u00e4rz 2024 ganz auf Artificial Intelligence aus und wird in \u201eGerman AI Group\u201c umfirmieren. <br \/>Aus ihrer Historie als ein f\u00fchrender deutscher Venture Capital-Anbieter, unter der damaligen Firmierung German Startups Group, h\u00e4lt die SGT German Private Equity ein Heritage Portfolio an Minderheitsbeteiligungen an teils aussichtsreichen deutschen Tech Startups. \u00a0<\/p>\r\n<p><strong>Investor Relations Kontakt <br \/><\/strong> <strong>Rosenberg Strategic Communications <br \/><\/strong> Dirk Schmitt <br \/>d.schmitt@rosenbergsc.com <br \/>+49 170 302 8833 \u00a0<\/p>\r\n<p>&nbsp;<\/p>\r\n<!-- wp:paragraph -->\r\n<p><u><a href=\"https:\/\/tpgholding.com\/wp-content\/uploads\/2024\/07\/20240702_SGT-German-Private-Equity-evaluiert-sich-ihr-bietende-Moglichkeiten-und-blickt-optimistisch-nach-vorn_vfinal.pdf\" target=\"_blank\" rel=\"nofollow\" rel=\"noopener\">Hier klicken f\u00fcr die PDF-Version<\/a><\/u>.<\/p>\r\n<p>Mehr Informationen unter\u00a0<a href=\"https:\/\/tpgholding.com\">https:\/\/tpgholding.com<\/a>.<\/p>","protected":false},"excerpt":{"rendered":"<p>+++ Pressemitteilung\u00a0+++ SGT German Private Equity evaluiert sich ihr bietende M\u00f6glichkeiten und blickt optimistisch nach vorn Gespr\u00e4che \u00fcber eine Kooperation mit einer Artificial Intelligence-Plattform renommierter AI-Experten Ver\u00f6ffentlichung des Gesch\u00e4ftsberichts 2023 samt des testierten Jahresabschlusses Evaluierung der Opportunit\u00e4ten eines Reverse Listings Frankfurt am Main, 2. Juli 2024 \u2013 Die SGT German Private Equity (\u201eSGF\u201c) und designierte [&hellip;]<\/p>\n","protected":false},"author":4,"featured_media":0,"parent":0,"menu_order":0,"comment_status":"closed","ping_status":"closed","template":"page-full.php","meta":[],"_links":{"self":[{"href":"https:\/\/tpgholding.com\/index.php\/wp-json\/wp\/v2\/pages\/17251"}],"collection":[{"href":"https:\/\/tpgholding.com\/index.php\/wp-json\/wp\/v2\/pages"}],"about":[{"href":"https:\/\/tpgholding.com\/index.php\/wp-json\/wp\/v2\/types\/page"}],"author":[{"embeddable":true,"href":"https:\/\/tpgholding.com\/index.php\/wp-json\/wp\/v2\/users\/4"}],"replies":[{"embeddable":true,"href":"https:\/\/tpgholding.com\/index.php\/wp-json\/wp\/v2\/comments?post=17251"}],"version-history":[{"count":9,"href":"https:\/\/tpgholding.com\/index.php\/wp-json\/wp\/v2\/pages\/17251\/revisions"}],"predecessor-version":[{"id":17300,"href":"https:\/\/tpgholding.com\/index.php\/wp-json\/wp\/v2\/pages\/17251\/revisions\/17300"}],"wp:attachment":[{"href":"https:\/\/tpgholding.com\/index.php\/wp-json\/wp\/v2\/media?parent=17251"}],"curies":[{"name":"wp","href":"https:\/\/api.w.org\/{rel}","templated":true}]}}