{"id":17263,"date":"2024-07-02T14:40:40","date_gmt":"2024-07-02T12:40:40","guid":{"rendered":"https:\/\/tpgholding.com\/?page_id=17263"},"modified":"2024-07-02T14:49:02","modified_gmt":"2024-07-02T12:49:02","slug":"marktmeinung-christoph-gerlinger","status":"publish","type":"page","link":"https:\/\/tpgholding.com\/index.php\/marktmeinung-christoph-gerlinger\/","title":{"rendered":"Marktmeinung &#8211; Christoph Gerlinger"},"content":{"rendered":"<div class=\"wp-block-image\">\r\n<figure class=\"aligncenter\"><a href=\"https:\/\/tpgholding.com\/wp-content\/uploads\/2021\/10\/SGT_Logo.png\"><img decoding=\"async\" class=\"aligncenter\" src=\"https:\/\/tpgholding.com\/wp-content\/uploads\/2021\/10\/SGT_Logo-300x72.png\" alt=\"SGT_Logo\" \/><\/a><\/figure><\/div>\r\n<p class=\"has-text-align-center\" style=\"text-align: center;\">+++ Marktmeinung +++<\/p>\r\n<p>&nbsp;<\/p>\r\n<!-- \/wp:paragraph -->\r\n\r\n<!-- wp:paragraph {\"align\":\"center\"} -->\r\n<p style=\"text-align: center;\"><strong>Mit Artificial Intelligence rollt ein transformatorischer Tsunami <br \/>auf unser aller Leben und auf die Unternehmen zu<\/strong><\/p>\r\n<p>&nbsp;<\/p>\r\n<!-- \/wp:list-item --><!-- \/wp:list -->\r\n<p style=\"text-align: center;\"><em>AI erzeugt eine nie dagewesene F\u00fclle von Fortschritten, von Freizeit, von Erlebnissen und Gesch\u00e4ftsm\u00f6glichkeiten. <br \/>Christoph Gerlinger, CEO von SGT Private Equity \u2013 demn\u00e4chst German AI Group \u2013 gibt eine Einsch\u00e4tzung.<\/em> <em>\u00a0<\/em><\/p>\r\n<p>&nbsp;<\/p>\r\n<p><strong>Frankfurt am Main, 2. Juli 2024 \u2013 <\/strong>Die Menschheit befindet sich inmitten einer fundamentalen technologischen Revolution, die das Potential hat, unser aller Leben und die Wirtschaft in den kommenden Jahren tiefgreifend zu ver\u00e4ndern: Die durchg\u00e4ngige, friktionslose Nutzung von Artificial Intelligence (AI) in allen Bereichen unseres Privat- und Berufslebens. Dabei beschr\u00e4nkt sich AI nicht nur auf die derzeit im Mittelpunkt stehenden, generativen AI-Anwendungen, die auf erstaunliche Weise Text, Bilder, Videos, Sprache und Musik oder Computerprogramme erzeugen. Vielmehr entstehen mit atemberaubender Geschwindigkeit immer leistungsf\u00e4higere AI-Systeme, deren Leistungsverm\u00f6gen und F\u00e4higkeiten exponentiell wachsen, und dies in unz\u00e4hligen Anwendungsbereichen \u2013 sei es f\u00fcr medizinische Diagnosen und Therapieempfehlungen, Unternehmens- und Rechtsberatung, Aus- und Fortbildungsproramme, Finanzprognosen und -dispositionen, Kredit-, Anlage- und Investmententscheidungen, Architekten-, Ingenieurs- und Programmierleistungen, Marketing, Vertrieb oder auch f\u00fcr kreative Aufgaben wie Produktdesign, Architektur, Mode oder Journalismus. Erstmals in der Geschichte erfolgt eine breite Automatisierung nicht nur von physischer Arbeit, sondern auch von geistiger Wertsch\u00f6pfung. Das vernichtet nicht die Jobs in diesen Berufen, aber es macht die Berufst\u00e4tigen darin viel effizienter, leistungsf\u00e4higer und ver\u00e4ndert ihre Aufgaben \u2013 n\u00e4mlich viel an die AI zu delegieren, statt sie alle selbst zu erledigen.<\/p>\r\n<p>Und erstmals kann eine Maschine selbst dazulernen, und sogar andere Maschinen unterrichten, also Maschinen von Maschinen lernen. Das macht den gro\u00dfen Unterschied und f\u00fchrt im Zusammenwirken mit dem exponentiellen Wachstum der Rechenleistung der Mikrochips und der zum Trainieren von AI verf\u00fcgbaren Datenmenge zu einem nie dagewesenen Innovationstempo. Daten sind der Rohstoff dieser Disruptionswelle. Bereits in wenigen Monaten d\u00fcrften alle heute verf\u00fcgbaren, h\u00f6chst erstaunlichen AI-Anwendungen wieder komplett \u00fcberholt worden sein von viel besseren Versionen. Man geht davon aus, dass sich die Leistungsf\u00e4higkeit von AI-Systemen alle 3 bis 5 Monate verdoppelt. Im Vergleich zu dieser exponentiellen Entwicklung erscheint der durch Moore\u2019s Law erzeugte Wachstumspfad der Rechenleistung blo\u00df noch als flache Linie. Hieraus ergeben sich ungeheure Gesch\u00e4ftsm\u00f6glichkeiten. Umgekehrt ist es aber kein Grund zur Panik \u2013 was die Besch\u00e4ftigungslage insgesamt angeht, wird die AI nicht die Menschen ersetzen, sondern Menschen, die AI nutzen, die Menschen ersetzen, die AI nicht nutzen. Durch AI werden auch die gr\u00f6\u00dften Herausforderungen der Menschheit gel\u00f6st werden, wie Krankheiten, Klimawandel, Umweltzerst\u00f6rung, Ressourcen- und Energieknappheit, Gewalt, Kriminalit\u00e4t, soziale Ungerechtigkeit.<\/p>\r\n<p>AI erm\u00f6glicht zudem eine Revolution an der Schnittstelle zwischen Mensch und Computer \u2013 nicht nur weil nat\u00fcrliche Sprachein- und -ausgabe Tastatur und Bildschirm abl\u00f6sen, sondern weil sie \u00fcber Mixed Reality-Brillen, wie die Apple Vision Pro, dreidimensionale Umgebungen, Charaktere und Objekte lebensecht simulieren k\u00f6nnen. AI-Technologien erm\u00f6glichen es diesen Systemen, die physische Welt pr\u00e4zise zu interpretieren und nahtlos mit digitalen Informationen zu interagieren. Diese technologische Entwicklung revolutioniert die Mensch-Computer-Interaktion, indem sie intuitivere, immersivere und personalisierte Benutzererfahrungen bietet. Kaum jemand wird noch Sportstadien, Konzerne, Kinos, Theater oder Kirchen live besuchen und es kann f\u00fcr den ohnehin schon geschundenen physischen Einzelhandel das endg\u00fcltige Aus bedeuten, wenn ein vergleichbares oder sogar besseres Erlebnis mit einer Mixed Reality-Brille ohne Anreise von jedem Ort aus und viel preiswerter m\u00f6glich ist. Das wird auch die Immobilienm\u00e4rkte durcheinanderwirbeln und die alte Weisheit \u201eLage, Lage, Lage\u201c in Frage stellen, denn welches Schaufenster oder Produkt ein Kunde vor den Augen hat, bestimmt sich dann nicht mehr durch seinen momentanen geografischen Standort, sondern durch die Einblendung eines Werbetreibenden auf den mit der realen visuellen Wahrnehmung verschwimmenden Bildschirm in seiner Brille, die von einer AI individuell f\u00fcr ihn ausgesucht wird. Unter den Hardware-Anbietern wird ein Kampf um die Vormachtstellung vor den Gesichtern der Menschen stattfinden, die das dominierende Gateway zum Absatz von Produkten, Dienstleistungen und Erlebnissen verk\u00f6rpern wird.<\/p>\r\n<p>Selbst vor k\u00fcnstlerischen Sch\u00f6pfungen in Literatur, Musik, Bild, Foto, Film und Computerspielen bzw. Onlinewelten macht AI nicht Halt. Sogar zwischenmenschliche Beziehungen lassen sich durch AI simulieren also in der Kommunikation halbwegs ersetzen, n\u00e4mlich mittels sogenannte AI-Companions, besonders f\u00fcr alleinstehende, einsame oder demenzkranke Menschen. Insgesamt wird sich das Leben und Erleben der Menschen noch mehr als heute weg von Physik und Realit\u00e4t in den virtuellen Raum verlagern.<\/p>\r\n<p>Die AI-Revolution wird vor diesem Hintergrund nicht nur vielerlei geistige Arbeitsschritte und T\u00e4tigkeiten automatisieren, sondern auch v\u00f6llig neue Verhaltensmuster, Dienstleistungen, Produkte und Gesch\u00e4ftsmodelle hervorbringen, die heute noch nicht vorstellbar sind, aber unsere Lebens- und Arbeitswelt nachhaltig neu definieren werden. Es sind dabei drei Disruptionsstufen zu unterscheiden:<\/p>\r\n<p>AI-Anwendungen, die einzelne Wertsch\u00f6pfungsschritte vereinfachen und beschleunigen, zum Beispiel \u00dcbersetzungen in einer Nachrichtenagentur, und damit bei gleichem Ressourceneinsatz einen vielfachen Output erzeugen, oder andersherum, Faustregel 10 \u2013 20x.<\/p>\r\n<p>Daneben AI-Anwendungen, die ein Produkt verbessern oder ganz erschaffen, beispielsweise einen Musik-Hit schreiben, ein besseres Einfamilienhaus planen, eine neue Mode-Kollektion entwerfen oder \u00e4hnliches.<\/p>\r\n<p>Und nicht zuletzt AI-Anwendungen, f\u00fcr die es bis dato kein herk\u00f6mmliches Human Intelligence-generiertes \u00c4quivalent gibt, weil Probleme gel\u00f6st werden, die vorher unl\u00f6sbar waren, oder Erlebnisse geschaffen werden, die vorher nicht vorstellbar waren. Zum Beispiel die Realisierung eines Menschheitstraums, das Weiterleben nach dem Tod, durch einen AI-generierten, lebensecht kommunizierenden und visualisierten Avatar des Verstorbenen im \u201eSpatial Internet\u201c, nat\u00fcrlich nur zum Trost der Hinterbliebenen.<\/p>\r\n<p>AI wird zu einer Basistechnologie, \u00e4hnlich wie einst das Internet und das Smartphone, und so unsere Kultur pr\u00e4gen. AI ist unsichtbar und bald allgegenw\u00e4rtig. Da sie als Funktion nicht abzuw\u00e4hlen ist, m\u00fcssen wir alle mit ihr umgehen \u2013 und sie und ihren Einsatz akzeptieren.<\/p>\r\n<p>Berufst\u00e4tige und Unternehmen stehen damit vor der existentiellen Notwendigkeit, sich schnell, intensiv und entschlossen mit AI auseinanderzusetzen. Denn diese technologische Revolution entfaltet sich mit nie dagewesener Dynamik und Wucht. Unternehmen, denen es gelingt, AI in ihre Produkte und Wertsch\u00f6pfungen zu integrieren, oder gar ganz neue Angebote zu erschaffen, werden enorme Wettbewerbs- und Effizienzvorteile erzielen. Wer das hingegen verpasst, d\u00fcrfte von diesem AI-Tsunami \u00fcberrollt werden. Die gute Nachricht \u2013 bislang liegen deutsche Forscher, Programmierer und Unternehmen im internationalen Wettbewerb sehr gut im Rennen, n\u00e4mlich bei der Anzahl der AI-bezogenen Patentanmeldungen auf Platz 2 gleich hinter den USA (DPMA | 18.03.2024, 2024).<\/p>\r\n<p>&nbsp;<\/p>\r\n<p><strong>\u00dcber Christoph Gerlinger<br \/><\/strong>Der Autor ist CEO und Gr\u00fcnder der b\u00f6rsennotierten SGT German Private Equity in Frankfurt, die sich k\u00fcnftig ganz auf Artificial Intelligence ausrichten und in German AI Group umbenennen wird. Der Text beinhaltet seine Eindr\u00fccke von einem Singularity University-AI Programm im Silicon Valley im Mai und von der sxsw Konferenz in Austin (Texas) im M\u00e4rz. <strong>\u00a0<\/strong><\/p>\r\n<p>&nbsp;<\/p>\r\n<!-- \/wp:paragraph -->\r\n\r\n<!-- wp:paragraph -->\r\n<p><strong>\u00dcber SGT German Private Equity<br \/><\/strong>SGT German Private Equity ist eine b\u00f6rsennotierte Beteiligungsgesellschaft mit Sitz in Frankfurt am Main.<br \/>Die Gesellschaft richtet sich seit Mitte M\u00e4rz 2024 ganz auf Artificial Intelligence aus und wird in \u201eGerman AI Group\u201c umfirmieren.<br \/>Aus ihrer Historie als ein f\u00fchrender deutscher Venture Capital-Anbieter, unter der damaligen Firmierung German Startups Group, h\u00e4lt die SGT German Private Equity ein Heritage Portfolio an Minderheitsbeteiligungen an teils aussichtsreichen deutschen Tech Startups. \u00a0<\/p>\r\n<p>&nbsp;<\/p>\r\n<p><strong>Investor Relations Kontakt <br \/><\/strong> <strong>Rosenberg Strategic Communications <br \/><\/strong> Dirk Schmitt <br \/>d.schmitt@rosenbergsc.com <br \/>+49 170 302 8833<\/p>\r\n<p>&nbsp;<\/p>\r\n<!-- wp:paragraph -->\r\n<p><u><a href=\"https:\/\/tpgholding.com\/wp-content\/uploads\/2024\/07\/20240701_Mit-Artificial-Intelligence-rollt-ein-transformatorischer-Tsunami-auf-unser-aller-Leben-und-auf-die-Unternehmen-zu.pdf\" target=\"_blank\" rel=\"nofollow\" rel=\"noopener\">Hier klicken f\u00fcr die PDF-Version<\/a><\/u> Mehr Informationen unter\u00a0<a href=\"https:\/\/tpgholding.com\">https:\/\/tpgholding.com<\/a>.<\/p>","protected":false},"excerpt":{"rendered":"<p>+++ Marktmeinung +++ &nbsp; Mit Artificial Intelligence rollt ein transformatorischer Tsunami auf unser aller Leben und auf die Unternehmen zu &nbsp; AI erzeugt eine nie dagewesene F\u00fclle von Fortschritten, von Freizeit, von Erlebnissen und Gesch\u00e4ftsm\u00f6glichkeiten. Christoph Gerlinger, CEO von SGT Private Equity \u2013 demn\u00e4chst German AI Group \u2013 gibt eine Einsch\u00e4tzung. \u00a0 &nbsp; Frankfurt am [&hellip;]<\/p>\n","protected":false},"author":4,"featured_media":0,"parent":0,"menu_order":0,"comment_status":"closed","ping_status":"closed","template":"page-full-image.php","meta":[],"_links":{"self":[{"href":"https:\/\/tpgholding.com\/index.php\/wp-json\/wp\/v2\/pages\/17263"}],"collection":[{"href":"https:\/\/tpgholding.com\/index.php\/wp-json\/wp\/v2\/pages"}],"about":[{"href":"https:\/\/tpgholding.com\/index.php\/wp-json\/wp\/v2\/types\/page"}],"author":[{"embeddable":true,"href":"https:\/\/tpgholding.com\/index.php\/wp-json\/wp\/v2\/users\/4"}],"replies":[{"embeddable":true,"href":"https:\/\/tpgholding.com\/index.php\/wp-json\/wp\/v2\/comments?post=17263"}],"version-history":[{"count":3,"href":"https:\/\/tpgholding.com\/index.php\/wp-json\/wp\/v2\/pages\/17263\/revisions"}],"predecessor-version":[{"id":17275,"href":"https:\/\/tpgholding.com\/index.php\/wp-json\/wp\/v2\/pages\/17263\/revisions\/17275"}],"wp:attachment":[{"href":"https:\/\/tpgholding.com\/index.php\/wp-json\/wp\/v2\/media?parent=17263"}],"curies":[{"name":"wp","href":"https:\/\/api.w.org\/{rel}","templated":true}]}}