{"id":17526,"date":"2024-08-16T09:15:29","date_gmt":"2024-08-16T07:15:29","guid":{"rendered":"https:\/\/tpgholding.com\/?page_id=17526"},"modified":"2024-08-16T14:53:33","modified_gmt":"2024-08-16T12:53:33","slug":"pressemitteilung-vom-16-august-2024","status":"publish","type":"page","link":"https:\/\/tpgholding.com\/index.php\/pressemitteilung-vom-16-august-2024\/","title":{"rendered":"Pressemitteilung vom 16 August 2024"},"content":{"rendered":"<div class=\"wp-block-image\">\r\n<figure class=\"aligncenter\"><a href=\"https:\/\/tpgholding.com\/wp-content\/themes\/FoundationXOZ\/assets\/logo.png\"><img decoding=\"async\" class=\"aligncenter\" src=\"https:\/\/tpgholding.com\/wp-content\/themes\/FoundationXOZ\/assets\/logo.png\" width=\"400px\" alt=\"SGT_Logo\" \/><\/a><\/figure><\/div>\r\n<p class=\"has-text-align-center\" style=\"text-align: center;\">+++ Pressemitteilung\u00a0+++<\/p>\r\n<!-- \/wp:paragraph -->\r\n\r\n<!-- wp:paragraph {\"align\":\"center\"} -->\r\n<p style=\"text-align: center;\"><strong>Hauptversammlung der SGT German Private Equity macht den Weg f\u00fcr die Umfirmierung in The Payments Group Holding und die \u00dcbernahme von drei Internet-Zahlungsdienstleistern frei <\/strong><\/p>\r\n<ul>\r\n<li>Klare Mehrheiten f\u00fcr die transformatorische Reverse Listing-Transaktion<\/li>\r\n<li>Erwerb von Mehrheitsbeteiligungen gegen Geld und Ausgabe eigener Aktien zu einer Bewertung von 2,40 EUR pro SGT German Private Equity-Aktie<\/li>\r\n<li>Die drei Internet-Zahlungsdienstleister sind profitabel und verzeichnen hohes Wachstum<\/li>\r\n<li>Die neue Gruppe plant f\u00fcr 2025 ein Transaktionsvolumen von 140 Mio. EUR und einen Umsatz von gut 15 Mio. EUR<\/li>\r\n<\/ul>\r\n<!-- \/wp:list-item --><!-- \/wp:list -->\r\n<p><strong>Frankfurt am Main, 16. August 2024 \u2013 <\/strong>Die Hauptversammlung der 2012 gegr\u00fcndeten SGT German Private Equity (\u201eSGF\u201c), ehemalige German Startups Group (\u201eGSG\u201c), bislang ein Private Equity Asset Manager mit Sitz in Frankfurt am Main und zuvor ein f\u00fchrender Venture Capital-Investor in Deutschland mit Sitz in Berlin, macht den Weg frei zur Akquisition von Mehrheitsbeteiligungen an der Funanga AG, Berlin, der Campamocha Ltd., Malta, und der Surfer Rosa Ltd., Isle of Man.<\/p>\r\n<p>Diese drei Unternehmen bieten Internet-Zahlungsdienstleistungen an und arbeiten erfolgreich zusammen.<\/p>\r\n<p>Auf der Hauptversammlung wurde auf Antrag von Christoph Gerlinger, CEO und Gr\u00fcnder der Gesellschaft, deren Umfirmierung in \u201eThe Payments Group Holding GmbH &amp; Co. KGaA\u201c beschlossen. S\u00e4mtliche Beschlussvorschl\u00e4ge haben klare Mehrheiten gefunden, meist nahe an 100% der vertretenen Stimmen. Die HV-Pr\u00e4sentation ist auf der Unternehmens-Website abrufbar.<\/p>\r\n<p>Durch die Transaktion entsteht eine in Deutschland beheimatete, b\u00f6rsennotierte FinTech-Gruppe mit rund 50 Mitarbeitern. Das f\u00fcr 2025 geplante Transaktionsvolumen, das hei\u00dft das abgewickelte Zahlungsvolumen, liegt auf einer konsolidierten Basis bei etwa 140 Mio. EUR, der geplante Umsatz f\u00fcr 2025 bei rund 15 Mio. EUR. F\u00fchrende Mitarbeiter der drei Zielunternehmen haben vor wenigen Jahren bereits ein international sehr erfolgreiches Internet-Zahlungsdienstleistungsunternehmen mit \u00fcber 1 Mrd. USD Transaktionsvolumen aufgebaut.<\/p>\r\n<p>Die \u00fcbernommenen Gesellschaften sind profitabel und Cashflow-positiv. Das j\u00e4hrliche Umsatzwachstum in den Jahren von 2021 bis 2025e wird voraussichtlich \u00fcber 50% p.a. betragen und sich bis 2027 weiter beschleunigen. Die The Payments Group Holding rechnet f\u00fcr 2025 mit einem Nettogewinn von rund 13 Cent pro SGF-Aktie, zuz\u00fcglich etwaiger Ergebnisbeitr\u00e4ge aus dem Heritage VC-Portfolio der Tochter German Startups Group VC.<\/p>\r\n<p>Im ersten Schritt wird die SGF auf einen Anteil von 75% an den drei Zielunternehmen kommen. Daneben h\u00e4lt sie f\u00fcr einen zweiten Schritt Call-Optionen zum Erwerb der \u00fcbrigen je 25% bis 13. August 2025 zur gleichen Bewertung. Hierf\u00fcr wendet sie 9,15 Mio. EUR in Geld und 24,8 Mio. eigene SGF-Aktien auf, unter Ausschluss des Bezugsrechts der SGF-Altaktion\u00e4re.<\/p>\r\n<p>F\u00fcr die 24,8 Mio. zu \u00fcbertragenden SGF-Aktien sowie die SGF-Aktien-Altbest\u00e4nde von Christoph Gerlinger, CEO und Gr\u00fcnder der SGT German Private Equity, und seiner Gerlinger &amp; Partner GmbH, sind mehrj\u00e4hrige Lock-ups vereinbart.<\/p>\r\n<p>Mit der Transaktion wird die SGF auf Basis ihres NAV unter Abzug des Barwerts k\u00fcnftiger Verwaltungskosten auf 23,1 Mio. EUR bzw. 2,40 EUR pro Aktie und die drei Zielgesellschaften mit einem Ertragswert von 92,5 Mio. EUR bewertet (DCF mit 26 \u2013 32% p.a. Diskontierungszins).<\/p>\r\n<p>Die Komplement\u00e4rin der SGF hat ebenfalls in \u201eThe Payments Group Management GmbH\u201c umfirmiert. Der Gr\u00fcnder der drei Zielgesellschaften, Seth Iorio, wird als Chief Strategy Officer in die Gesch\u00e4ftsf\u00fchrung der Komplement\u00e4rin und damit der Gruppe eintreten. Er ist seit \u00fcber 20 Jahren Internet-Unternehmer. Bereits 2011 war er Vorstandskollege von Christoph Gerlinger bei der b\u00f6rsennotierten Frogster Interactive Pictures AG in Berlin, die den Entry Standard Performance Index um mehr als 500% outperformt hat.<\/p>\r\n<p>Christoph Gerlinger, CEO und Gr\u00fcnder der SGT German Private Equity und designierten The Payments Group Holding: \u201eDie Zustimmung der Hauptversammlung zu dieser Transaktion legt die Basis f\u00fcr ein starkes Wachstum und Profitabilit\u00e4t unseres Unternehmens. Meine Gerlinger &amp; Partner GmbH hat vorgestern entgeltlich 2,7 Millionen Kaufoptionen auf SGF-Aktien mit einem Aus\u00fcbungskurs von 2,50 EUR erworben.\u201c<\/p>\r\n<p>Seth Iorio, Vorstand und Gr\u00fcnder der The Payments Group und designierter Chief Strategy Officer der designierten The Payments Group Holding: \u201eDie B\u00f6rsennotierung er\u00f6ffnet unserer schon jetzt stark wachsenden Unternehmensgruppe erhebliche zus\u00e4tzliche Wachstumsperspektiven.\u201c<\/p>\r\n<p>Das B\u00f6rsenk\u00fcrzel der The Payments Group Holding wurde vorgestern in \u201ePGH\u201c ge\u00e4ndert. \u00a0<\/p>\r\n<p>&nbsp;<\/p>\r\n<!-- \/wp:paragraph -->\r\n\r\n<!-- wp:paragraph -->\r\n<p><strong>\u00dcber SGT German Private Equity <br \/><\/strong> SGT German Private Equity ist eine b\u00f6rsennotierte Beteiligungsgesellschaft mit Sitz in Frankfurt am Main.<\/p>\r\n<p>Aus ihrer Historie als ein f\u00fchrender deutscher Venture Capital-Anbieter, unter der damaligen Firmierung German Startups Group, h\u00e4lt die SGT German Private Equity ein Heritage Portfolio an Minderheitsbeteiligungen an teils aussichtsreichen deutschen Tech Startups. \u00a0<\/p>\r\n<p>&nbsp;<\/p>\r\n<p><strong>\u00dcber The Payments Group<\/strong> <br \/>The Payments Group (\u201eTPG\u201c) ist ein dynamisch wachsendes, vertikal integriertes E-Geld-Fintech-Unternehmen. TPG bietet geschlossene und offene Prepaid-(Emoney)-Zahlungsdienste f\u00fcr zahlreiche Online-H\u00e4ndler weltweit an.<\/p>\r\n<p>Das Unternehmen stellt eine skalierbare Fintech-Plattform bereit. Diese Plattform erm\u00f6glicht Online-H\u00e4ndlern den Zugang zu bisher unerschlossenen Bargeld- und Prepaid-M\u00e4rkten sowie eingebetteten Finanzprodukten, was zu einer Erweiterung ihres Total Addressable Market (TAM) und einer Steigerung ihrer Ums\u00e4tze f\u00fchrt.<\/p>\r\n<p>TPG ist international t\u00e4tig und arbeitet mit einer Reihe von weltweit f\u00fchrenden Online-H\u00e4ndlern aus verschiedenen Branchen zusammen. Diese Kunden nutzen das umfangreiche Netzwerk von \u00fcber 550.000 europ\u00e4ischen POS-Bargeldsammelstellen sowie das globale Online-Prepaidkarten-Fulfillment-Netzwerk von TPG, um bargeldlose und Bargeld-Online-Zahlungen weltweit abzuwickeln.<\/p>\r\n<p>&nbsp;<\/p>\r\n<p><strong>Investor Relations Kontakt <br \/><\/strong> <strong>Rosenberg Strategic Communications <br \/><\/strong> Dirk Schmitt <br \/>d.schmitt@rosenbergsc.com <br \/>+49 170 302 8833 \u00a0<\/p>\r\n<p>&nbsp;<\/p>\r\n<!-- wp:paragraph -->\r\n<p><u><a href=\"https:\/\/tpgholding.com\/wp-content\/uploads\/2024\/08\/20240816_Hauptversammlung-der-SGT-German-Private-Equity-macht-den-Weg-fur-die-Umfirmierung-in-The-Payments-Group-Holding-und-die-Ubernahme-von-drei-Internet-Zahlungsdienstleistern-frei.pdf\" target=\"_blank\" rel=\"nofollow\" rel=\"noopener\">Hier klicken f\u00fcr die PDF-Version<\/a><\/u>. Mehr Informationen unter\u00a0<a href=\"https:\/\/tpgholding.com\">https:\/\/tpgholding.com<\/a>\u00a0und\u00a0<a href=\"https:\/\/payments-group.com\/startseite-de\/\">https:\/\/www.payments-group.com\/<\/a>.<\/p>","protected":false},"excerpt":{"rendered":"<p>+++ Pressemitteilung\u00a0+++ Hauptversammlung der SGT German Private Equity macht den Weg f\u00fcr die Umfirmierung in The Payments Group Holding und die \u00dcbernahme von drei Internet-Zahlungsdienstleistern frei Klare Mehrheiten f\u00fcr die transformatorische Reverse Listing-Transaktion Erwerb von Mehrheitsbeteiligungen gegen Geld und Ausgabe eigener Aktien zu einer Bewertung von 2,40 EUR pro SGT German Private Equity-Aktie Die drei [&hellip;]<\/p>\n","protected":false},"author":4,"featured_media":0,"parent":0,"menu_order":0,"comment_status":"closed","ping_status":"closed","template":"page-full-image.php","meta":[],"_links":{"self":[{"href":"https:\/\/tpgholding.com\/index.php\/wp-json\/wp\/v2\/pages\/17526"}],"collection":[{"href":"https:\/\/tpgholding.com\/index.php\/wp-json\/wp\/v2\/pages"}],"about":[{"href":"https:\/\/tpgholding.com\/index.php\/wp-json\/wp\/v2\/types\/page"}],"author":[{"embeddable":true,"href":"https:\/\/tpgholding.com\/index.php\/wp-json\/wp\/v2\/users\/4"}],"replies":[{"embeddable":true,"href":"https:\/\/tpgholding.com\/index.php\/wp-json\/wp\/v2\/comments?post=17526"}],"version-history":[{"count":6,"href":"https:\/\/tpgholding.com\/index.php\/wp-json\/wp\/v2\/pages\/17526\/revisions"}],"predecessor-version":[{"id":17552,"href":"https:\/\/tpgholding.com\/index.php\/wp-json\/wp\/v2\/pages\/17526\/revisions\/17552"}],"wp:attachment":[{"href":"https:\/\/tpgholding.com\/index.php\/wp-json\/wp\/v2\/media?parent=17526"}],"curies":[{"name":"wp","href":"https:\/\/api.w.org\/{rel}","templated":true}]}}