{"id":17558,"date":"2024-08-27T20:18:27","date_gmt":"2024-08-27T18:18:27","guid":{"rendered":"https:\/\/tpgholding.com\/?page_id=17558"},"modified":"2025-02-18T11:26:25","modified_gmt":"2025-02-18T10:26:25","slug":"pressemitteilung-vom-27-august-2024","status":"publish","type":"page","link":"https:\/\/tpgholding.com\/index.php\/pressemitteilung-vom-27-august-2024\/","title":{"rendered":"Pressemitteilung vom 27 August 2024"},"content":{"rendered":"<div class=\"wp-block-image\">\r\n<figure class=\"aligncenter\"><a href=\"https:\/\/tpgholding.com\/wp-content\/themes\/FoundationXOZ\/assets\/logo.png\"><img decoding=\"async\" class=\"aligncenter\" src=\"https:\/\/tpgholding.com\/wp-content\/themes\/FoundationXOZ\/assets\/logo.png\" alt=\"SGT_Logo\" width=\"400px\" \/><\/a><\/figure><\/div>\r\n<p class=\"has-text-align-center\" style=\"text-align: center;\">+++ Pressemitteilung\u00a0+++<\/p>\r\n<!-- \/wp:paragraph -->\r\n\r\n<!-- wp:paragraph {\"align\":\"center\"} -->\r\n<p style=\"text-align: center;\"><strong>The Payments Group Holding \u2013 Trennung von der SGT Gruppe abgeschlossen<\/strong><\/p>\r\n<!-- \/wp:list-item --><!-- \/wp:list -->\r\n<p><strong>Frankfurt am Main, 27. August 2024 \u2013 <\/strong>Die The Payments Group Holding (\u201ePGH\u201c), zurzeit noch firmierend als SGT German Private Equity, Beteiligungsgesellschaft mit Sitz in Frankfurt am Main, schlie\u00dft mit der bevorstehenden Eintragung der beschlossenen Umfirmierung in das Handelsregister die Trennung von der SGT Capital-Gruppe ab.<\/p>\r\n<p>Die \u00fcbrigen das K\u00fcrzel SGT in der Firma tragenden Gesellschaften in der Sph\u00e4re der PGH haben dieses ebenfalls eliminiert: Die SGT Capital Pte. Ltd. wurde in TGS24 Pte. Ltd. und die SGT German Private Equity Management in The Payments Group Management umbenannt. Ihr CEO und Gr\u00fcnder, Christoph Gerlinger, hat die von ihm bei Gesellschaften der SGT-Gruppe und mit ihr verbundenen Unternehmen zeitweise wahrgenommenen Gesch\u00e4ftsf\u00fchrermandate bereits am 27.09.2023 oder davor niedergelegt, bei der Ultimate BidCo GmbH, der Ultimate HoldCo GmbH, der SGT Ultimate GP GmbH, der ELT BidCo GmbH, der ELT HoldCo GmbH und der SGT ELT GP GmbH sowie das bei der SGT Beteiligungsberatung GmbH am 9.10.2023. Am 14.02.24 hat er zudem die Mitgliedschaft seiner GmbH in der SGT Capital LLC gek\u00fcndigt und damit seine Partnerstellung bei der Private Equity-Gruppe aufgegeben. Das B\u00f6rsenk\u00fcrzel wurde von \u201eSGF\u201c in \u201ePGH\u201c ge\u00e4ndert.<\/p>\r\n<p>Damit bestehen keine Bindungen und namentlichen Verwandtschaften der PGH und von Christoph Gerlinger auf der einen zur SGT Capital-Gruppe und ihren Partnern rund um Joseph Pacini, Carsten Geyer und Marianne Rajic auf der anderen Seite mehr, au\u00dfer bestimmter Finanzverbindlichkeiten verschiedener SGT-Entit\u00e4ten gegen\u00fcber der PGH. Der \u00fcberwiegende Teil derselben ist besichert. Zu der in 2024 ins Leben gerufenen SGT Capital AG in der Schweiz hatten die PGH und Christoph Gerlinger von Anfang an keinerlei Verbindung. \u00a0<\/p>\r\n<p>&nbsp;<\/p>\r\n<!-- \/wp:paragraph -->\r\n\r\n<!-- wp:paragraph -->\r\n<p><strong>\u00dcber The Payments Group Holding<br \/><\/strong>Die The Payments Group Holding (PGH) ist eine 2012 gegr\u00fcndete und im August 2024 umfirmierte Beteiligungsgesellschaft mit Sitz in Frankfurt am Main.<\/p>\r\n<p>Im August 2024 hat die PGH einen Kaufvertrag \u00fcber den Erwerb von vier PayTech-Unternehmen unterzeichnet, dessen Closing unter aufschiebenden Bedingungen steht, deren Eintritt in den n\u00e4chsten Monaten erwartet wird. Nach Vollzug der Transaktion wird die PGH eine Gruppe aus vier operativen PayTech-Unternehmen bilden:<br \/><b><span lang=\"DE\"><br \/><\/span><\/b>Funanga AG, Campamocha Ltd. mit ihren 100%igen Tochtergesellschaften TBWS Ltd. und Calida Financial Ltd. sowie Surfer Rosa Ltd. bilden eine wachstumsstarke, vertikal integrierte eMoney-PayTech-Unternehmensgruppe \u2013 The Payments Group (TPG). TPG bietet eigene geschlossene und offene (Marken- und White-Label-)Prepaid-Zahlungsdienste f\u00fcr Hunderte von Online-H\u00e4ndlern weltweit an. Die Synergie zwischen diesen Unternehmen positioniert die TPG als k\u00fcnftigen Marktf\u00fchrer in den Bereichen Embedded Financial Products und Prepaidl\u00f6sungen. Die Calida Financial Ltd. ist das regulierte Unternehmen innerhalb der TPG, nachdem sie im August 2024 eine E-Geld-Lizenz von der maltesischen Finanzaufsicht (MFSA) erhalten hat. Diese Lizenz erlaubt es Calida Financial Ltd. innovative E-Geld-Dienstleistungen und -Produkte in ganz Europa anzubieten.<b><span lang=\"DE\"><br \/><br \/><\/span><\/b>TPG besch\u00e4ftigt \u00fcber 50 Mitarbeiter und ist global t\u00e4tig. Kunden von TPG nutzen die mehr als 550.000 POS-Bargeldzahlstellen sowie das globale Online-Prepaid-Kartennetzwerk zur Abwicklung von Bargeld- und bargeldlosen Online-Zahlungen.<b><span lang=\"DE\"><br \/><br \/><\/span><\/b>Des Weiteren h\u00e4lt die PGH aus ihrer Historie als ein f\u00fchrender deutscher Venture Capital-Anbieter unter der Marke German Startups Group ein Heritage VC-Portfolio an Minderheitsbeteiligungen an teils aussichtsreichen deutschen Startups \u00fcber ihre 100%ige Tochtergesellschaft German Startups Group VC GmbH.<\/p>\r\n<p>&nbsp;<\/p>\r\n<p><strong>Investor Relations Kontakt <br \/><\/strong><strong>Rosenberg Strategic Communications <br \/><\/strong> Dirk Schmitt <br \/>d.schmitt@rosenbergsc.com <br \/>+49 170 302 8833 \u00a0<\/p>\r\n<p>&nbsp;<\/p>\r\n<!-- wp:paragraph -->\r\n<p><u><a href=\"https:\/\/tpgholding.com\/wp-admin\/post.php?post=17560&amp;action=edit\" target=\"_blank\" rel=\"nofollow\" rel=\"noopener\">Hier klicken f\u00fcr die PDF-Version<\/a><\/u>. Mehr Informationen unter\u00a0<a href=\"https:\/\/tpgholding.com\">https:\/\/tpgholding.com<\/a>\u00a0und\u00a0<a href=\"https:\/\/payments-group.com\/startseite-de\/\">https:\/\/www.payments-group.com\/<\/a>.<\/p>","protected":false},"excerpt":{"rendered":"<p>+++ Pressemitteilung\u00a0+++ The Payments Group Holding \u2013 Trennung von der SGT Gruppe abgeschlossen Frankfurt am Main, 27. August 2024 \u2013 Die The Payments Group Holding (\u201ePGH\u201c), zurzeit noch firmierend als SGT German Private Equity, Beteiligungsgesellschaft mit Sitz in Frankfurt am Main, schlie\u00dft mit der bevorstehenden Eintragung der beschlossenen Umfirmierung in das Handelsregister die Trennung von [&hellip;]<\/p>\n","protected":false},"author":4,"featured_media":0,"parent":0,"menu_order":0,"comment_status":"closed","ping_status":"closed","template":"page-full-image.php","meta":[],"_links":{"self":[{"href":"https:\/\/tpgholding.com\/index.php\/wp-json\/wp\/v2\/pages\/17558"}],"collection":[{"href":"https:\/\/tpgholding.com\/index.php\/wp-json\/wp\/v2\/pages"}],"about":[{"href":"https:\/\/tpgholding.com\/index.php\/wp-json\/wp\/v2\/types\/page"}],"author":[{"embeddable":true,"href":"https:\/\/tpgholding.com\/index.php\/wp-json\/wp\/v2\/users\/4"}],"replies":[{"embeddable":true,"href":"https:\/\/tpgholding.com\/index.php\/wp-json\/wp\/v2\/comments?post=17558"}],"version-history":[{"count":8,"href":"https:\/\/tpgholding.com\/index.php\/wp-json\/wp\/v2\/pages\/17558\/revisions"}],"predecessor-version":[{"id":18092,"href":"https:\/\/tpgholding.com\/index.php\/wp-json\/wp\/v2\/pages\/17558\/revisions\/18092"}],"wp:attachment":[{"href":"https:\/\/tpgholding.com\/index.php\/wp-json\/wp\/v2\/media?parent=17558"}],"curies":[{"name":"wp","href":"https:\/\/api.w.org\/{rel}","templated":true}]}}