{"id":17579,"date":"2024-09-04T12:03:03","date_gmt":"2024-09-04T10:03:03","guid":{"rendered":"https:\/\/tpgholding.com\/?page_id=17579"},"modified":"2025-02-27T13:27:01","modified_gmt":"2025-02-27T12:27:01","slug":"pressemitteilung-vom-4-september-2024","status":"publish","type":"page","link":"https:\/\/tpgholding.com\/index.php\/pressemitteilung-vom-4-september-2024\/","title":{"rendered":"Pressemitteilung vom 4 September 2024"},"content":{"rendered":"<div class=\"wp-block-image\">\r\n<figure class=\"aligncenter\"><a href=\"https:\/\/tpgholding.com\/wp-content\/themes\/FoundationXOZ\/assets\/logo.png\"><img decoding=\"async\" class=\"aligncenter\" src=\"https:\/\/tpgholding.com\/wp-content\/themes\/FoundationXOZ\/assets\/logo.png\" alt=\"SGT_Logo\" width=\"400px\" \/><\/a><\/figure><\/div>\r\n<p class=\"has-text-align-center\" style=\"text-align: center;\">+++ Pressemitteilung\u00a0+++<\/p>\r\n<!-- \/wp:paragraph -->\r\n\r\n<!-- wp:paragraph {\"align\":\"center\"} -->\r\n<p style=\"text-align: center;\"><strong>The Payments Group erh\u00e4lt eine E-Geld Lizenz <\/strong><\/p>\r\n<!-- \/wp:list-item --><!-- \/wp:list -->\r\n<p><strong>Frankfurt am Main, 4. September 2024 \u2013 <\/strong>Die Calida Financial Ltd., ein in Malta ans\u00e4ssiger Internet-Zahlungsdienstleister, an dem die The Payments Group Holding (\u201ePGH\u201c), aktuell noch firmierend als SGT German Private Equity und mit Sitz in Frankfurt am Main, wie auch an anderen Zahlungsdienstleistern am 13. August 2024 (mittelbar) eine Mehrheitsbeteiligung erworben hat, hat von der maltesischen Finanzaufsicht MFSA eine E-Geld-Lizenz erhalten. Diese Lizenz berechtigt die Calida Financial Ltd., innovative E-Geld-Dienstleistungen und -Produkte europaweit anzubieten. Die Lizenz soll nun im Rahmen des daf\u00fcr vorgesehenen Passportierungsprozesses in allen EU-Mitgliedsstaaten aktiviert werden. Seth Iorio, Vorstand und Gr\u00fcnder der Funanga AG sowie designierter Gesch\u00e4ftsf\u00fchrer der The Payments Group Holding, und Jens Bader, CEO der Calida Financial Ltd., erwarten durch diese Entwicklung einen deutlichen Umsatzanstieg der unter der Marke \u201aThe Payments Group\u2018 agierenden Zahlungsdienstleister.<\/p>\r\n<p>Jens Bader, CEO der Calida Financial Ltd., kommentierte: \u201eDer Prozess zur Erlangung einer E-Geld-Lizenz ist \u00e4u\u00dferst anspruchsvoll und erfordert die Einrichtung und Vorhaltung umfassender Strukturen und Prozesse f\u00fcr den Betrieb einer Finanzinstitution. Unser Team in Malta ist stolz und erleichtert, diesen Meilenstein nun erreicht zu haben. Dies er\u00f6ffnet uns zahlreiche neue M\u00f6glichkeiten, auf die viele unserer Kunden bereits gewartet haben. Diese Entwicklung st\u00e4rkt unsere Wettbewerbsposition erheblich und beschleunigt unser Wachstum.\u201c<\/p>\r\n<p>&nbsp;<\/p>\r\n<p>&nbsp;<\/p>\r\n<!-- \/wp:paragraph -->\r\n\r\n<!-- wp:paragraph -->\r\n<p><strong>\u00dcber The Payments Group Holding <br \/><\/strong>Die The Payments Group Holding (PGH) ist eine 2012 gegr\u00fcndete und im August 2024 umfirmierte Beteiligungsgesellschaft mit Sitz in Frankfurt am Main.<\/p>\r\n<p>Im August 2024 hat die PGH einen Kaufvertrag \u00fcber den Erwerb von vier PayTech-Unternehmen unterzeichnet, dessen Closing unter aufschiebenden Bedingungen steht, deren Eintritt in den n\u00e4chsten Monaten erwartet wird. Nach Vollzug der Transaktion wird die PGH eine Gruppe aus vier operativen PayTech-Unternehmen bilden:<\/p>\r\n<p>Funanga AG, Campamocha Ltd. mit ihren 100%igen Tochtergesellschaften TBWS Ltd. und Calida Financial Ltd. sowie Surfer Rosa Ltd. bilden eine wachstumsstarke, vertikal integrierte eMoney-PayTech-Unternehmensgruppe \u2013 The Payments Group (TPG). TPG bietet eigene geschlossene und offene (Marken- und White-Label-)Prepaid-Zahlungsdienste f\u00fcr Hunderte von Online-H\u00e4ndlern weltweit an. Die Synergie zwischen diesen Unternehmen positioniert die TPG als k\u00fcnftigen Marktf\u00fchrer in den Bereichen Embedded Financial Products und Prepaidl\u00f6sungen. Die Calida Financial Ltd. ist das regulierte Unternehmen innerhalb der TPG, nachdem sie im August 2024 eine E-Geld-Lizenz von der maltesischen Finanzaufsicht (MFSA) erhalten hat. Diese Lizenz erlaubt es Calida Financial Ltd. innovative E-Geld-Dienstleistungen und -Produkte in ganz Europa anzubieten.<b><span lang=\"DE\"><br \/><br \/><\/span><\/b>TPG besch\u00e4ftigt \u00fcber 50 Mitarbeiter und ist global t\u00e4tig. Kunden von TPG nutzen die mehr als 550.000 POS-Bargeldzahlstellen sowie das globale Online-Prepaid-Kartennetzwerk zur Abwicklung von Bargeld- und bargeldlosen Online-Zahlungen.<b><span lang=\"DE\"><br \/><br \/><\/span><\/b>Des Weiteren h\u00e4lt die PGH aus ihrer Historie als ein f\u00fchrender deutscher Venture Capital-Anbieter unter der Marke German Startups Group ein Heritage VC-Portfolio an Minderheitsbeteiligungen an teils aussichtsreichen deutschen Startups \u00fcber ihre 100%ige Tochtergesellschaft German Startups Group VC GmbH.<\/p>\r\n<p>&nbsp;<\/p>\r\n<p>&nbsp;<\/p>\r\n<p><strong>Investor Relations Kontakt <br \/><\/strong><strong>Rosenberg Strategic Communications <br \/><\/strong> Dirk Schmitt <br \/>d.schmitt@rosenbergsc.com <br \/>+49 170 302 8833 \u00a0<\/p>\r\n<p>&nbsp;<\/p>\r\n<!-- wp:paragraph -->\r\n<p><u><a href=\"https:\/\/tpgholding.com\/wp-content\/uploads\/2025\/02\/20240904_The-Payments-Group-Holding-\u2013-Erhalt-E-Geld-Lizenz-.pdf\" target=\"_blank\" rel=\"nofollow\" rel=\"noopener\">Hier klicken f\u00fcr die PDF-Version<\/a><\/u>. Mehr Informationen unter\u00a0<a href=\"https:\/\/tpgholding.com\">https:\/\/tpgholding.com<\/a>\u00a0und\u00a0<a href=\"https:\/\/payments-group.com\/startseite-de\/\">https:\/\/www.payments-group.com\/<\/a>.<\/p>","protected":false},"excerpt":{"rendered":"<p>+++ Pressemitteilung\u00a0+++ The Payments Group erh\u00e4lt eine E-Geld Lizenz Frankfurt am Main, 4. September 2024 \u2013 Die Calida Financial Ltd., ein in Malta ans\u00e4ssiger Internet-Zahlungsdienstleister, an dem die The Payments Group Holding (\u201ePGH\u201c), aktuell noch firmierend als SGT German Private Equity und mit Sitz in Frankfurt am Main, wie auch an anderen Zahlungsdienstleistern am 13. [&hellip;]<\/p>\n","protected":false},"author":4,"featured_media":0,"parent":0,"menu_order":0,"comment_status":"closed","ping_status":"closed","template":"page-full-image.php","meta":[],"_links":{"self":[{"href":"https:\/\/tpgholding.com\/index.php\/wp-json\/wp\/v2\/pages\/17579"}],"collection":[{"href":"https:\/\/tpgholding.com\/index.php\/wp-json\/wp\/v2\/pages"}],"about":[{"href":"https:\/\/tpgholding.com\/index.php\/wp-json\/wp\/v2\/types\/page"}],"author":[{"embeddable":true,"href":"https:\/\/tpgholding.com\/index.php\/wp-json\/wp\/v2\/users\/4"}],"replies":[{"embeddable":true,"href":"https:\/\/tpgholding.com\/index.php\/wp-json\/wp\/v2\/comments?post=17579"}],"version-history":[{"count":7,"href":"https:\/\/tpgholding.com\/index.php\/wp-json\/wp\/v2\/pages\/17579\/revisions"}],"predecessor-version":[{"id":18138,"href":"https:\/\/tpgholding.com\/index.php\/wp-json\/wp\/v2\/pages\/17579\/revisions\/18138"}],"wp:attachment":[{"href":"https:\/\/tpgholding.com\/index.php\/wp-json\/wp\/v2\/media?parent=17579"}],"curies":[{"name":"wp","href":"https:\/\/api.w.org\/{rel}","templated":true}]}}