{"id":17620,"date":"2024-09-24T12:33:43","date_gmt":"2024-09-24T10:33:43","guid":{"rendered":"https:\/\/tpgholding.com\/?page_id=17620"},"modified":"2025-02-27T13:26:09","modified_gmt":"2025-02-27T12:26:09","slug":"pressemitteilung-vom-24-september-2024","status":"publish","type":"page","link":"https:\/\/tpgholding.com\/index.php\/pressemitteilung-vom-24-september-2024\/","title":{"rendered":"Pressemitteilung vom 24 September 2024"},"content":{"rendered":"<div class=\"wp-block-image\">\r\n<figure class=\"aligncenter\"><a href=\"https:\/\/tpgholding.com\/wp-content\/themes\/FoundationXOZ\/assets\/logo.png\"><img decoding=\"async\" class=\"aligncenter\" src=\"https:\/\/tpgholding.com\/wp-content\/themes\/FoundationXOZ\/assets\/logo.png\" alt=\"SGT_Logo\" width=\"400px\" \/><\/a><\/figure><\/div>\r\n<p class=\"has-text-align-center\" style=\"text-align: center;\">+++ Pressemitteilung\u00a0+++<\/p>\r\n<!-- \/wp:paragraph -->\r\n\r\n<!-- wp:paragraph {\"align\":\"center\"} -->\r\n<p style=\"text-align: center;\"><strong>The Payments Group Holding \u2013 Umfirmierung in das Handelsregister eingetragen<\/strong><\/p>\r\n<!-- \/wp:list-item --><!-- \/wp:list -->\r\n<p><strong>Frankfurt am Main, 24. September 2024 \u2013 <\/strong>Die The Payments Group Holding (\u201ePGH\u201c), bis gestern noch firmierend als SGT German Private Equity, Beteiligungsgesellschaft mit Sitz in Frankfurt am Main, hat mit der Eintragung der im August beschlossenen Umfirmierung in das Handelsregister am 23. September 2024 die Trennung von der SGT Capital-Gruppe abgeschlossen und wendet sich ganz ihrer durch die am 13. August 2024 bekanntgegebene Beteiligungsakquisition gepr\u00e4gten Zukunft zu.<\/p>\r\n<p>Der neue Name spiegelt das Gesch\u00e4ftsmodell der PGH nach ihren drei j\u00fcngsten Beteiligungserwerben wider &#8211; Funanga AG, der Campamocha Ltd. mit ihren beiden Tochterunternehmen Calida Financial Ltd. und TWBS Ltd., und der Surfer Rosa Ltd. Diese international t\u00e4tigen Unternehmen bieten weltweit Internet-Zahlungsdienstleistungen an, sind auf eine margenstarke Nische innerhalb der Zahlungsdienstleistungsbranche spezialisiert und arbeiten markt\u00fcbergreifend erfolgreich zusammen.<\/p>\r\n<p>Mit dieser Transaktion wandelt sich die PGH in eine profitable, schnell wachsende FinTech-Gruppe mit Sitz in Deutschland, die rund 50 Mitarbeiter besch\u00e4ftigt und \u00fcber mehr als 500.000 technisch angebundenen Verkaufsstellen, darunter Kioske, Einzelh\u00e4ndler und Tankstellen, in \u00fcber 20 L\u00e4ndern verf\u00fcgt.<\/p>\r\n<p>Das B\u00f6rsenk\u00fcrzel wurde bereits von \u201eSGF\u201c in \u201ePGH\u201c ge\u00e4ndert. \u00a0 \u00a0<\/p>\r\n<!-- \/wp:paragraph -->\r\n\r\n<!-- wp:paragraph -->\r\n<p>&nbsp;<\/p>\r\n<p><strong>\u00dcber The Payments Group Holding <br \/><\/strong>Die The Payments Group Holding (PGH) ist eine 2012 gegr\u00fcndete und im August 2024 umfirmierte Beteiligungsgesellschaft mit Sitz in Frankfurt am Main.<\/p>\r\n<p>Im August 2024 hat die PGH einen Kaufvertrag \u00fcber den Erwerb von vier PayTech-Unternehmen unterzeichnet, dessen Closing unter aufschiebenden Bedingungen steht, deren Eintritt in den n\u00e4chsten Monaten erwartet wird. Nach Vollzug der Transaktion wird die PGH eine Gruppe aus vier operativen PayTech-Unternehmen bilden:<br \/><b><span lang=\"DE\"><br \/><\/span><\/b>Funanga AG, Campamocha Ltd. mit ihren 100%igen Tochtergesellschaften TBWS Ltd. und Calida Financial Ltd. sowie Surfer Rosa Ltd. bilden eine wachstumsstarke, vertikal integrierte eMoney-PayTech-Unternehmensgruppe \u2013 The Payments Group (TPG). TPG bietet eigene geschlossene und offene (Marken- und White-Label-)Prepaid-Zahlungsdienste f\u00fcr Hunderte von Online-H\u00e4ndlern weltweit an. Die Synergie zwischen diesen Unternehmen positioniert die TPG als k\u00fcnftigen Marktf\u00fchrer in den Bereichen Embedded Financial Products und Prepaidl\u00f6sungen. Die Calida Financial Ltd. ist das regulierte Unternehmen innerhalb der TPG, nachdem sie im August 2024 eine E-Geld-Lizenz von der maltesischen Finanzaufsicht (MFSA) erhalten hat. Diese Lizenz erlaubt es Calida Financial Ltd. innovative E-Geld-Dienstleistungen und -Produkte in ganz Europa anzubieten.<b><span lang=\"DE\"><br \/><br \/><\/span><\/b>TPG besch\u00e4ftigt \u00fcber 50 Mitarbeiter und ist global t\u00e4tig. Kunden von TPG nutzen die mehr als 550.000 POS-Bargeldzahlstellen sowie das globale Online-Prepaid-Kartennetzwerk zur Abwicklung von Bargeld- und bargeldlosen Online-Zahlungen.<b><span lang=\"DE\"><br \/><br \/><\/span><\/b>Des Weiteren h\u00e4lt die PGH aus ihrer Historie als ein f\u00fchrender deutscher Venture Capital-Anbieter unter der Marke German Startups Group ein Heritage VC-Portfolio an Minderheitsbeteiligungen an teils aussichtsreichen deutschen Startups \u00fcber ihre 100%ige Tochtergesellschaft German Startups Group VC GmbH.<\/p>\r\n<p>&nbsp;<\/p>\r\n<p><strong>Investor Relations Kontakt <br \/><\/strong><strong>Rosenberg Strategic Communications <br \/><\/strong> Dirk Schmitt <br \/>d.schmitt@rosenbergsc.com +49 170 302 8833 \u00a0<\/p>\r\n<p>&nbsp;<\/p>\r\n<!-- wp:paragraph -->\r\n<p><u><a href=\"https:\/\/tpgholding.com\/wp-content\/uploads\/2025\/02\/20240924_The-Payments-Group-Holding-\u2013-Umfirmierung-im-Handelsregister-eingetragen.pdf\" target=\"_blank\" rel=\"nofollow\" rel=\"noopener\">Hier klicken f\u00fcr die PDF-Version<\/a><\/u>. <br \/>Mehr Informationen unter\u00a0<a href=\"https:\/\/tpgholding.com\">https:\/\/tpgholding.com<\/a>\u00a0und\u00a0<a href=\"https:\/\/payments-group.com\/startseite-de\/\">https:\/\/www.payments-group.com\/<\/a>.<\/p>","protected":false},"excerpt":{"rendered":"<p>+++ Pressemitteilung\u00a0+++ The Payments Group Holding \u2013 Umfirmierung in das Handelsregister eingetragen Frankfurt am Main, 24. September 2024 \u2013 Die The Payments Group Holding (\u201ePGH\u201c), bis gestern noch firmierend als SGT German Private Equity, Beteiligungsgesellschaft mit Sitz in Frankfurt am Main, hat mit der Eintragung der im August beschlossenen Umfirmierung in das Handelsregister am 23. [&hellip;]<\/p>\n","protected":false},"author":4,"featured_media":0,"parent":0,"menu_order":0,"comment_status":"closed","ping_status":"closed","template":"page-full-image.php","meta":[],"_links":{"self":[{"href":"https:\/\/tpgholding.com\/index.php\/wp-json\/wp\/v2\/pages\/17620"}],"collection":[{"href":"https:\/\/tpgholding.com\/index.php\/wp-json\/wp\/v2\/pages"}],"about":[{"href":"https:\/\/tpgholding.com\/index.php\/wp-json\/wp\/v2\/types\/page"}],"author":[{"embeddable":true,"href":"https:\/\/tpgholding.com\/index.php\/wp-json\/wp\/v2\/users\/4"}],"replies":[{"embeddable":true,"href":"https:\/\/tpgholding.com\/index.php\/wp-json\/wp\/v2\/comments?post=17620"}],"version-history":[{"count":8,"href":"https:\/\/tpgholding.com\/index.php\/wp-json\/wp\/v2\/pages\/17620\/revisions"}],"predecessor-version":[{"id":18135,"href":"https:\/\/tpgholding.com\/index.php\/wp-json\/wp\/v2\/pages\/17620\/revisions\/18135"}],"wp:attachment":[{"href":"https:\/\/tpgholding.com\/index.php\/wp-json\/wp\/v2\/media?parent=17620"}],"curies":[{"name":"wp","href":"https:\/\/api.w.org\/{rel}","templated":true}]}}