{"id":17731,"date":"2024-11-11T11:48:46","date_gmt":"2024-11-11T10:48:46","guid":{"rendered":"https:\/\/tpgholding.com\/?page_id=17731"},"modified":"2025-02-27T13:13:46","modified_gmt":"2025-02-27T12:13:46","slug":"pressemitteilung-vom-11-november-2024","status":"publish","type":"page","link":"https:\/\/tpgholding.com\/index.php\/pressemitteilung-vom-11-november-2024\/","title":{"rendered":"Pressemitteilung vom 11 November 2024"},"content":{"rendered":"<figure><a href=\"https:\/\/tpgholding.com\/wp-content\/themes\/FoundationXOZ\/assets\/logo.png\" rel=\"attachment wp-att-15549\"><img decoding=\"async\" class=\"aligncenter\" src=\"https:\/\/tpgholding.com\/wp-content\/themes\/FoundationXOZ\/assets\/logo.png\" alt=\"SGT_Logo\" width=\"400px\" \/><\/a><\/figure>\n<p style=\"text-align: center;\">+++ Pressemitteilung +++<\/p>\n<p style=\"text-align: center;\"><strong>The Payments Group partners with HubPeople to bring cash payments to another 100 million users<br \/>\n<\/strong><\/p>\n<p><strong><br \/>\nFrankfurt\/Main, 11 November 2024 &#8211; <\/strong>The Payments Group, the newly formed operating unit under the umbrella of The Payments Group Holding, has announced its partnership with HubPeople:<\/p>\n<p style=\"text-align: center;\"><strong>The Payments Group partners with HubPeople to bring cash payments to 100m daters<\/strong><strong><br \/>\n<\/strong>Hundreds of online dating apps and sites now accepting cash payments<strong><br \/>\n<\/strong><\/p>\n<p><strong>Berlin, 11 November 2024 &#8211; <\/strong>The Payments Group (TPG), a new global payments company, has announced a deal with online dating giant, HubPeople. HubPeople is an AI-based software platform that powers many of the world\u2019s top dating applications and websites, which have a combined 100m users worldwide. For the first time, anyone using a HubPeople powered dating brand will now be able to pay for their dating subscriptions in cash with TPG\u2019s award winning CashtoCode service. Cash deposits can be made at 550,000 physical POS locations worldwide, including newsagents, petrol stations and supermarkets.<\/p>\n<p>HubPeople needed a global payment partner that could help it manage transactions across international borders and in multiple currencies. TPG will initially accept 17 currencies in cash payments. Users can also pay for their dating services\/subscriptions with TPG\u2019s evoucher solution, a fast, secure service that closely resembles using an Amazon voucher or gift card.<\/p>\n<p>The dating apps built on the HubPeople platform have a large and highly diverse global customer-base. Providing a new cash payment option was important to HubPeople because cash is still the most used and most widely accessible payment method worldwide. It needed a solution that would work reliably in emerging markets like LATAM and countries like Argentina where card adoption is still relatively low. The new cash option can be used by anyone with access to a smartphone or computer, as a secure, reliable payment solution for cash-first customers and the unbanked.<\/p>\n<p>CashtoCode is also perfect for people who prefer to pay in cash, for privacy or security reasons. Dating subscriptions are often a payment that people want to make discretely.<\/p>\n<p>\u201cWe hope that TPG and HubPeople are a perfect match,\u201d said Nick Orton at HubPeople. \u201cBringing cash payments to 100m customers is an exciting step for our platform, and we think that our brands will jump at the chance to market their services to a new dating demographic.\u201d<\/p>\n<p>\u201cThe cash customer is one of the biggest demographics on the planet,\u201d said TPG founder and CEO, Jens Bader. \u201cUnfortunately, they are often left behind by digital services, but that doesn\u2019t need to be the case. A CashtoCode integration is like instantly adding 550,000 new checkout options. There is a huge crossover between our USPs and the needs of the dating market. We are global, secure, discrete and reliable. It\u2019s everything you need from a dating app payment method.\u201d<\/p>\n<p>&nbsp;<\/p>\n<p><strong>About The Payments Group<br \/>\n<\/strong>The Payments Group (&#8220;TPG&#8221;) is a dynamically growing, vertically integrated e-money fintech company. TPG provides closed and open loop branded and white-labelled prepaid (e-money) payment services to hundreds of online merchants worldwide. The company provides a scalable fintech platform. This platform enables online merchants to access previously untapped cash and prepaid markets and embedded financial products, expanding their Total Addressable Market (TAM) and increasing their revenues.<\/p>\n<p>TPG operates internationally and works with a number of global leading online merchants across various industries. TPG customers can use more than 550,000 point of sale cash payment stations and a global online prepaid card network to process cash and cashless online payments.<\/p>\n<p>TPG employs more than 50 people worldwide.<\/p>\n<p>&nbsp;<\/p>\n<p><strong>About HubPeople<br \/>\n<\/strong>HubPeople is a leading technology provider specialising in \u201cDating as a Service\u201d platforms, empowering brand owners to effortlessly launch, market, and grow profitable dating brands. With a robust, cloud-based infrastructure, HubPeople supports thousands of social networks worldwide, delivering seamless solutions that drive high conversion rates, an ever-growing user base, and retention levels unmatched by competitors.<\/p>\n<p>Headquartered in the Isle of Man, with additional offices internationally, HubPeople provides end-to-end services &#8211; from technical development and marketing expertise to 24\/7 customer support in English and Spanish.<\/p>\n<p>The company\u2019s mission is to create vibrant, multi-dimensional communities for people who want to connect, learn, and feel empowered over a mutual interest. HubPeople is dedicated to creating engaging spaces that encourage meaningful connections, going beyond basic interactions with innovative, community-centred features tailored to niche interests.<\/p>\n<p>HubPeople goes beyond the one-way exchange of user information by constantly innovating new community-based features to inspire engagement and connections that are relevant and meaningful to a particular niche or interest group.<\/p>\n<p>&nbsp;<\/p>\n<p><strong>About The Payments Group Holding<br \/>\n<\/strong>Die The Payments Group Holding (PGH) ist eine 2012 gegr\u00fcndete und im August 2024 umfirmierte Beteiligungsgesellschaft mit Sitz in Frankfurt am Main.<\/p>\n<p>Im August 2024 hat die PGH einen Kaufvertrag \u00fcber den Erwerb von vier PayTech-Unternehmen unterzeichnet, dessen Closing unter aufschiebenden Bedingungen steht, deren Eintritt in den n\u00e4chsten Monaten erwartet wird. Nach Vollzug der Transaktion wird die PGH eine Gruppe aus vier operativen PayTech-Unternehmen bilden:<\/p>\n<p>Funanga AG, Campamocha Ltd. mit ihren 100%igen Tochtergesellschaften TBWS Ltd. und Calida Financial Ltd. sowie Surfer Rosa Ltd. bilden eine wachstumsstarke, vertikal integrierte eMoney-PayTech-Unternehmensgruppe \u2013 The Payments Group (TPG). TPG bietet eigene geschlossene und offene (Marken- und White-Label-)Prepaid-Zahlungsdienste f\u00fcr Hunderte von Online-H\u00e4ndlern weltweit an. Die Synergie zwischen diesen Unternehmen positioniert die TPG als k\u00fcnftigen Marktf\u00fchrer in den Bereichen Embedded Financial Products und Prepaidl\u00f6sungen. Die Calida Financial Ltd. ist das regulierte Unternehmen innerhalb der TPG, nachdem sie im August 2024 eine E-Geld-Lizenz von der maltesischen Finanzaufsicht (MFSA) erhalten hat. Diese Lizenz erlaubt es Calida Financial Ltd. innovative E-Geld-Dienstleistungen und -Produkte in ganz Europa anzubieten.<\/p>\n<p>TPG besch\u00e4ftigt \u00fcber 50 Mitarbeiter und ist global t\u00e4tig. Kunden von TPG nutzen die mehr als 550.000 POS-Bargeldzahlstellen sowie das globale Online-Prepaid-Kartennetzwerk zur Abwicklung von Bargeld- und bargeldlosen Online-Zahlungen.<\/p>\n<p>Des Weiteren h\u00e4lt die PGH aus ihrer Historie als ein f\u00fchrender deutscher Venture Capital-Anbieter unter der Marke German Startups Group ein Heritage VC-Portfolio an Minderheitsbeteiligungen an teils aussichtsreichen deutschen Startups \u00fcber ihre 100%ige Tochtergesellschaft German Startups Group VC GmbH.<\/p>\n<p>&nbsp;<\/p>\n<p>&nbsp;<\/p>\n<p><strong>Investor Relations Kontakt<br \/>\n<\/strong> <strong>Rosenberg Strategic Communications<br \/>\n<\/strong> Dirk Schmitt<br \/>\nd.schmitt@rosenbergsc.com<br \/>\n+49 170 302 8833<\/p>\n<p><u><a href=\"https:\/\/tpgholding.com\/wp-content\/uploads\/2025\/02\/20241111-The-Payments-Group-partners-with-HubPeople-to-bring-cash-payments-to-another-100-million-users-1.pdf\" target=\"_blank\" rel=\"nofollow\" rel=\"noopener\">Click here for PDF version<\/a><\/u><\/p>\n<p>More information at <a href=\"https:\/\/tpgholding.com\">https:\/\/tpgholding.com<\/a>\u00a0and <a href=\"https:\/\/payments-group.com\/startseite-de\/\">https:\/\/www.payments-group.com\/<\/a><\/p>\n","protected":false},"excerpt":{"rendered":"<p>+++ Pressemitteilung +++ The Payments Group partners with HubPeople to bring cash payments to another 100 million users Frankfurt\/Main, 11 November 2024 &#8211; The Payments Group, the newly formed operating unit under the umbrella of The Payments Group Holding, has announced its partnership with HubPeople: The Payments Group partners with HubPeople to bring cash payments [&hellip;]<\/p>\n","protected":false},"author":4,"featured_media":0,"parent":0,"menu_order":0,"comment_status":"closed","ping_status":"closed","template":"page-full-image.php","meta":[],"_links":{"self":[{"href":"https:\/\/tpgholding.com\/index.php\/wp-json\/wp\/v2\/pages\/17731"}],"collection":[{"href":"https:\/\/tpgholding.com\/index.php\/wp-json\/wp\/v2\/pages"}],"about":[{"href":"https:\/\/tpgholding.com\/index.php\/wp-json\/wp\/v2\/types\/page"}],"author":[{"embeddable":true,"href":"https:\/\/tpgholding.com\/index.php\/wp-json\/wp\/v2\/users\/4"}],"replies":[{"embeddable":true,"href":"https:\/\/tpgholding.com\/index.php\/wp-json\/wp\/v2\/comments?post=17731"}],"version-history":[{"count":6,"href":"https:\/\/tpgholding.com\/index.php\/wp-json\/wp\/v2\/pages\/17731\/revisions"}],"predecessor-version":[{"id":18123,"href":"https:\/\/tpgholding.com\/index.php\/wp-json\/wp\/v2\/pages\/17731\/revisions\/18123"}],"wp:attachment":[{"href":"https:\/\/tpgholding.com\/index.php\/wp-json\/wp\/v2\/media?parent=17731"}],"curies":[{"name":"wp","href":"https:\/\/api.w.org\/{rel}","templated":true}]}}