{"id":18203,"date":"2025-03-24T09:09:55","date_gmt":"2025-03-24T08:09:55","guid":{"rendered":"https:\/\/tpgholding.com\/?page_id=18203"},"modified":"2025-03-25T12:10:40","modified_gmt":"2025-03-25T11:10:40","slug":"pressemitteilung-vom-24-marz-2025","status":"publish","type":"page","link":"https:\/\/tpgholding.com\/index.php\/pressemitteilung-vom-24-marz-2025\/","title":{"rendered":"Pressemitteilung vom 24 M\u00e4rz 2025"},"content":{"rendered":"<figure><a href=\"https:\/\/tpgholding.com\/wp-content\/themes\/FoundationXOZ\/assets\/logo.png\" rel=\"attachment wp-att-15549\"><img decoding=\"async\" class=\"aligncenter\" src=\"https:\/\/tpgholding.com\/wp-content\/themes\/FoundationXOZ\/assets\/logo.png\" alt=\"SGT_Logo\" width=\"400px\" \/><\/a><\/figure>\n<p style=\"text-align: center;\">+++ Pressemitteilung +++<\/p>\n<p style=\"text-align: center;\"><strong>Die PGH-Gruppe launcht gemeinsam mit AI-Experten einen<br \/>\nauf k\u00fcnstliche Intelligenz ausgerichteten Company Builder<br \/>\n<\/strong><\/p>\n<p>&nbsp;<\/p>\n<p><strong>Frankfurt am Main, 24. M\u00e4rz 2025 &#8211; <\/strong> Die German AI Projects GmbH, eine Tochtergesellschaft der The Payments Group Holding (PGH), einer 2012 gegr\u00fcndeten und im August 2024 umfirmierten Holdinggesellschaft mit Sitz in Frankfurt am Main, an der sie k\u00fcnftig eine Sperrminorit\u00e4t halten wird, launcht gemeinsam mit erfahrenen AI-Experten einen auf k\u00fcnstliche Intelligenz ausgerichteten Company Builder unter der Bezeichnung \u201aAI Product Factory\u2018 in M\u00fcnchen.<\/p>\n<p>Das opportunistisch gepr\u00e4gte Projekt basiert auf dem wegweisenden Open-Source-Modell von DeepSeek und umfasst die schnell getaktete Serienentwicklung mehrerer, miteinander verwandter AI-Apps f\u00fcr verschiedene Anwendungsgebiete, auf gemeinsamen programmiertechnischen Grundlagen wie zB. Text-to-Speech Engines. Bei geringem Kapitalbedarf bietet das Projekt Profitabilit\u00e4tsaussichten der entwickelten AI-Apps und erhebliche Wertsteigerungspotenziale der daraus hervorgehenden Startups.<\/p>\n<p>Das Chance-Risiko-Profil des AI Product Factory-Projekts ist nach Ansicht des CEO der PGH, Christoph Gerlinger, hochattraktiv. Er hatte zum Themenkomplex Artificial Intelligence im Juli eine Marktmeinung (<a href=\"https:\/\/tpgholding.com\/index.php\/marktmeinung-christoph-gerlinger\/\">LINK<\/a>) verfasst.<br \/>\nZudem d\u00fcrfte Artificial Intelligence auch die Wertsch\u00f6pfung der The Payments Group befruchten, an der sich die PGH vorbehaltlich des Eintretens bestimmter aufschiebender Bedingungen mehrheitlich beteiligen wird.<\/p>\n<p>Der prim\u00e4re Fokus der PGH bleibt dessen ungeachtet PayTech und die diesbez\u00fcgliche Akquisition der The Payments Group als Basis f\u00fcr k\u00fcnftiges, profitables Wachstum.<\/p>\n<p>&nbsp;<\/p>\n<p><strong>\u00dcber The Payments Group Holding<br \/>\n<\/strong>Die The Payments Group Holding (PGH) ist eine 2012 gegr\u00fcndete und im August 2024 umfirmierte Holdinggesellschaft und ein Venture Capital-Anbieter mit Sitz in Frankfurt am Main.<\/p>\n<p>Im August 2024 hat die PGH einen Kaufvertrag \u00fcber den Erwerb von vier PayTech-Unternehmen unterzeichnet, dessen Closing nach dem Eintreten bestimmter aufschiebender Bedingungen im Sommer 2025 erwartet wird. Nach Vollzug der Transaktion wird die PGH eine Gruppe aus vier operativen PayTech-Unternehmen bilden:<\/p>\n<p>Funanga AG, Campamocha Ltd. mit ihren 100%igen Tochtergesellschaften TBWS Ltd. und Calida Financial Ltd. sowie Surfer Rosa Ltd. bilden eine wachstumsstarke, vertikal integrierte eMoney-PayTech-Unternehmensgruppe \u2013 The Payments Group (TPG). TPG bietet eigene geschlossene und offene (Marken- und White-Label-)Prepaid-Zahlungsdienste f\u00fcr Hunderte von Online-H\u00e4ndlern weltweit an. Die Synergie zwischen diesen Unternehmen positioniert die TPG als k\u00fcnftigen Marktf\u00fchrer in den Bereichen Embedded Financial Products und Prepaidl\u00f6sungen. Die Calida Financial Ltd. ist das regulierte Unternehmen innerhalb der TPG, nachdem sie im August 2024 eine E-Geld-Lizenz von der maltesischen Finanzaufsicht (MFSA) erhalten hat. Diese Lizenz erlaubt es Calida Financial Ltd. innovative E-Geld-Dienstleistungen und -Produkte in ganz Europa anzubieten.<\/p>\n<p>TPG besch\u00e4ftigt \u00fcber 50 Mitarbeiter und ist global t\u00e4tig. Kunden von TPG nutzen die mehr als 550.000 POS-Bargeldzahlstellen sowie das globale Online-Prepaid-Kartennetzwerk zur Abwicklung von Bargeld- und bargeldlosen Online-Zahlungen.<\/p>\n<p>Des Weiteren betreibt die PGH mit ihrer k\u00fcnftig 25%igen Beteiligung German AI Projects GmbH gemeinsam mit AI-Experten einen auf AI fokussierten Company Builder namens \u201aAI Product Factory\u2018. Daneben h\u00e4lt die PGH aus ihrer Historie als ein f\u00fchrender deutscher Venture Capital-Anbieter unter der Marke German Startups Group ein Heritage VC-Portfolio an Minderheitsbeteiligungen an teils aussichtsreichen deutschen Startups \u00fcber ihre 100%ige Tochtergesellschaft German Startups Group VC GmbH.<\/p>\n<p>&nbsp;<\/p>\n<p>&nbsp;<\/p>\n<p><strong>Investor Relations Kontakt<br \/>\n<\/strong> <strong>Rosenberg Strategic Communications<br \/>\n<\/strong> Dirk Schmitt<br \/>\nd.schmitt@rosenbergsc.com<br \/>\n+49 170 302 8833<\/p>\n<p><u><a href=\"https:\/\/tpgholding.com\/wp-content\/uploads\/2025\/03\/250324-Die-PGH-Gruppe-launcht-gemeinsam-mit-AI-Experten-einen-auf-kunstliche-Intelligenz-ausgerichteten-Company-Builder_final.pdf\" target=\"_blank\" rel=\"nofollow\" rel=\"noopener\">Click here for PDF version<\/a><\/u><\/p>\n<p>More information at <a href=\"https:\/\/tpgholding.com\">https:\/\/tpgholding.com<\/a>\u00a0and <a href=\"https:\/\/payments-group.com\/startseite-de\/\">https:\/\/www.payments-group.com\/<\/a><\/p>\n","protected":false},"excerpt":{"rendered":"<p>+++ Pressemitteilung +++ Die PGH-Gruppe launcht gemeinsam mit AI-Experten einen auf k\u00fcnstliche Intelligenz ausgerichteten Company Builder &nbsp; Frankfurt am Main, 24. M\u00e4rz 2025 &#8211; Die German AI Projects GmbH, eine Tochtergesellschaft der The Payments Group Holding (PGH), einer 2012 gegr\u00fcndeten und im August 2024 umfirmierten Holdinggesellschaft mit Sitz in Frankfurt am Main, an der sie [&hellip;]<\/p>\n","protected":false},"author":4,"featured_media":0,"parent":0,"menu_order":0,"comment_status":"closed","ping_status":"closed","template":"page-full-image.php","meta":[],"_links":{"self":[{"href":"https:\/\/tpgholding.com\/index.php\/wp-json\/wp\/v2\/pages\/18203"}],"collection":[{"href":"https:\/\/tpgholding.com\/index.php\/wp-json\/wp\/v2\/pages"}],"about":[{"href":"https:\/\/tpgholding.com\/index.php\/wp-json\/wp\/v2\/types\/page"}],"author":[{"embeddable":true,"href":"https:\/\/tpgholding.com\/index.php\/wp-json\/wp\/v2\/users\/4"}],"replies":[{"embeddable":true,"href":"https:\/\/tpgholding.com\/index.php\/wp-json\/wp\/v2\/comments?post=18203"}],"version-history":[{"count":3,"href":"https:\/\/tpgholding.com\/index.php\/wp-json\/wp\/v2\/pages\/18203\/revisions"}],"predecessor-version":[{"id":18248,"href":"https:\/\/tpgholding.com\/index.php\/wp-json\/wp\/v2\/pages\/18203\/revisions\/18248"}],"wp:attachment":[{"href":"https:\/\/tpgholding.com\/index.php\/wp-json\/wp\/v2\/media?parent=18203"}],"curies":[{"name":"wp","href":"https:\/\/api.w.org\/{rel}","templated":true}]}}