{"id":18230,"date":"2025-03-25T12:35:35","date_gmt":"2025-03-25T11:35:35","guid":{"rendered":"https:\/\/tpgholding.com\/?page_id=18230"},"modified":"2025-03-25T12:36:44","modified_gmt":"2025-03-25T11:36:44","slug":"ad-hoc-mitteilung-vom-25-marz-2025","status":"publish","type":"page","link":"https:\/\/tpgholding.com\/index.php\/ad-hoc-mitteilung-vom-25-marz-2025\/","title":{"rendered":"Ad-hoc Mitteilung vom 25. M\u00e4rz 2025"},"content":{"rendered":"<figure><a href=\"https:\/\/tpgholding.com\/wp-content\/themes\/FoundationXOZ\/assets\/logo.png\" rel=\"attachment wp-att-15549\"><img decoding=\"async\" class=\"aligncenter\" src=\"https:\/\/tpgholding.com\/wp-content\/themes\/FoundationXOZ\/assets\/logo.png\" alt=\"SGT_Logo\" width=\"400px\" \/><\/a><\/figure>\n<p style=\"text-align: center;\">+++ Ad-hoc Mitteilung +++<\/p>\n<p style=\"text-align: center;\"><strong>PGH-Gruppe ver\u00e4u\u00dfert Beteiligung aus ihrem VC Portfolio<br \/>\n<\/strong><\/p>\n<ul>\n<li>Erl\u00f6s von 1 Mio. EUR<\/li>\n<li>Erzielung eines Multiples von 4x der Anschaffungskosten<\/li>\n<\/ul>\n<p><strong>Frankfurt\/Main, 25. M\u00e4rz 2025, 12:32h &#8211; <\/strong>Die German Startups Group VC GmbH, eine Tochtergesellschaft der The Payments Group Holding (PGH), einer 2012 gegr\u00fcndeten und im August 2024 umfirmierten Holdinggesellschaft mit Sitz in Frankfurt am Main, hat eine Beteiligung aus ihrem Heritage Venture Capital-Portfolio ver\u00e4u\u00dfert. Dabei hat sie einen Verkaufserl\u00f6s von 989 TEUR erzielt, was einem Multiple von 4x der Anschaffungskosten entspricht.<\/p>\n<p>Gemessen am Buchwert entsteht indessen ein Aufwand von 0,9 Mio. EUR, der noch in das Gesch\u00e4ftsjahr 2024 f\u00e4llt. Dieser Aufwand wird durch nach Ansicht der Anw\u00e4lte der PGH bestehende Schadenersatzanspr\u00fcche in etwa gleicher H\u00f6he gegen die SGT Capital LLC (SGTLLC) und den SGT Capital Fund II kompensiert, die aber wohl (fr\u00fchestens) in 2025 ertragswirksam einzubuchen w\u00e4ren. Zusammen mit dem Aufwand aus der am 21. M\u00e4rz 2025 gemeldeten Anteilsver\u00e4u\u00dferung verringert sich der f\u00fcr die TPG-Transaktion vom 13. August 2025 relevante, gesch\u00e4tzte Substanzwert der PGH folglich von 20 auf 18 bis 19 Mio. EUR oder rund 1,90 EUR pro PGH-Aktie.<\/p>\n<p>Die erwarteten Zahlungseing\u00e4nge aus nach Rechtsauffassung der PGH bestehenden, \u00fcberf\u00e4lligen Zahlungspflichten des SGT Capital Fund II von 1,1 Mio. und der SGTLLC von 0,9 Mio. EUR gegen\u00fcber der PGH verz\u00f6gern sich wohl, da nach Fristablauf am 20. M\u00e4rz 2025 und nach anwaltlicher Pr\u00fcfung und Bewertung auf Seite der Schuldner Zahlungsunwilligkeit\u00a0oder andernfalls sogar Zahlungsunf\u00e4higkeit\u00a0zu bestehen scheint. Hintergrund ist, dass der SGT Capital Fund II und die SGTLLC den genannten Zahlungspflichten unver\u00e4ndert nicht nachgekommen sind, bzgl. des SGT Capital Fund II trotz Mitteilung sowohl an seinen Fondsadministrator CSC Intertrust als auch seine Wirtschaftspr\u00fcfer Forvis Mazars, Cayman Islands. Die SGT-Schuldner befinden sich nach Ansicht der PGH weiterhin im Zahlungsverzug. Die Fondsadministratoren haben uns nun mitgeteilt, dass die Verbindlichkeiten des SGT Capital II Fund gegen\u00fcber der PGH von diesem gar nicht gebucht seien. Wir k\u00f6nnen insoweit nicht ausschlie\u00dfen, dass SGT Capital wesentliche Informationen vor CSC Intertrust zur\u00fcckh\u00e4lt. SGT Capital bestreitet die Abtretung und \u00dcbertragung der fraglichen Forderungen von der PGH-Tochtergesellschaft TGS24 an die PGH, obwohl die dahingehenden\u00a0 Vereinbarungen im Mai 2024 von der derzeitigen SGT Partnern Joseph Pacini f\u00fcr die Schuldnerseite und Marianne Rajic in ihrer damaligen Rolle als CEO der TGS24 selbst unterschrieben wurden.<\/p>\n<p>&nbsp;<\/p>\n<p><strong>\u00dcber The Payments Group Holding<br \/>\n<\/strong>Die The Payments Group Holding (PGH) ist eine 2012 gegr\u00fcndete und im August 2024 umfirmierte Holdinggesellschaft und ein Venture Capital-Anbieter mit Sitz in Frankfurt am Main.<\/p>\n<p>Im August 2024 hat die PGH einen Kaufvertrag \u00fcber den Erwerb von vier PayTech-Unternehmen unterzeichnet, dessen Closing nach dem Eintreten bestimmter aufschiebender Bedingungen im Sommer 2025 erwartet wird. Nach Vollzug der Transaktion wird die PGH eine Gruppe aus vier operativen PayTech-Unternehmen bilden:<\/p>\n<p>Funanga AG, Campamocha Ltd. mit ihren 100%igen Tochtergesellschaften TBWS Ltd. und Calida Financial Ltd. sowie Surfer Rosa Ltd. bilden eine wachstumsstarke, vertikal integrierte eMoney-PayTech-Unternehmensgruppe \u2013 The Payments Group (TPG). TPG bietet eigene geschlossene und offene (Marken- und White-Label-)Prepaid-Zahlungsdienste f\u00fcr Hunderte von Online-H\u00e4ndlern weltweit an. Die Synergie zwischen diesen Unternehmen positioniert die TPG als k\u00fcnftigen Marktf\u00fchrer in den Bereichen Embedded Financial Products und Prepaidl\u00f6sungen. Die Calida Financial Ltd. ist das regulierte Unternehmen innerhalb der TPG, nachdem sie im August 2024 eine E-Geld-Lizenz von der maltesischen Finanzaufsicht (MFSA) erhalten hat. Diese Lizenz erlaubt es Calida Financial Ltd. innovative E-Geld-Dienstleistungen und -Produkte in ganz Europa anzubieten.<\/p>\n<p>TPG besch\u00e4ftigt \u00fcber 50 Mitarbeiter und ist global t\u00e4tig. Kunden von TPG nutzen die mehr als 550.000 POS-Bargeldzahlstellen sowie das globale Online-Prepaid-Kartennetzwerk zur Abwicklung von Bargeld- und bargeldlosen Online-Zahlungen.<\/p>\n<p>Des Weiteren betreibt die PGH mit ihrer k\u00fcnftig 25%igen Beteiligung German AI Projects GmbH gemeinsam mit AI-Experten einen auf AI fokussierten Company Builder namens \u201aAI Product Factory\u2018. Daneben h\u00e4lt die PGH aus ihrer Historie als ein f\u00fchrender deutscher Venture Capital-Anbieter unter der Marke German Startups Group ein Heritage VC-Portfolio an Minderheitsbeteiligungen an teils aussichtsreichen deutschen Startups \u00fcber ihre 100%ige Tochtergesellschaft German Startups Group VC GmbH.<\/p>\n<p>&nbsp;<\/p>\n<p><strong>Investor Relations Kontakt<br \/>\n<\/strong> <strong>Rosenberg Strategic Communications<br \/>\n<\/strong> Dirk Schmitt<br \/>\nd.schmitt@rosenbergsc.com<br \/>\n+49 170 302 8833<\/p>\n<p><u><a href=\"https:\/\/tpgholding.com\/wp-content\/uploads\/2025\/03\/250325-PGH-Gruppe-verausert-Beteiligung-aus-ihrem-Heritage-VC-Portfolio.pdf\" target=\"_blank\" rel=\"nofollow\" rel=\"noopener\">Click here for PDF version<\/a><\/u><\/p>\n<p>More information at <a href=\"https:\/\/tpgholding.com\">https:\/\/tpgholding.com<\/a>\u00a0and <a href=\"https:\/\/payments-group.com\/startseite-de\/\">https:\/\/www.payments-group.com\/<\/a><\/p>\n","protected":false},"excerpt":{"rendered":"<p>+++ Ad-hoc Mitteilung +++ PGH-Gruppe ver\u00e4u\u00dfert Beteiligung aus ihrem VC Portfolio Erl\u00f6s von 1 Mio. EUR Erzielung eines Multiples von 4x der Anschaffungskosten Frankfurt\/Main, 25. M\u00e4rz 2025, 12:32h &#8211; Die German Startups Group VC GmbH, eine Tochtergesellschaft der The Payments Group Holding (PGH), einer 2012 gegr\u00fcndeten und im August 2024 umfirmierten Holdinggesellschaft mit Sitz in [&hellip;]<\/p>\n","protected":false},"author":4,"featured_media":0,"parent":0,"menu_order":0,"comment_status":"closed","ping_status":"closed","template":"page-full-image.php","meta":[],"_links":{"self":[{"href":"https:\/\/tpgholding.com\/index.php\/wp-json\/wp\/v2\/pages\/18230"}],"collection":[{"href":"https:\/\/tpgholding.com\/index.php\/wp-json\/wp\/v2\/pages"}],"about":[{"href":"https:\/\/tpgholding.com\/index.php\/wp-json\/wp\/v2\/types\/page"}],"author":[{"embeddable":true,"href":"https:\/\/tpgholding.com\/index.php\/wp-json\/wp\/v2\/users\/4"}],"replies":[{"embeddable":true,"href":"https:\/\/tpgholding.com\/index.php\/wp-json\/wp\/v2\/comments?post=18230"}],"version-history":[{"count":3,"href":"https:\/\/tpgholding.com\/index.php\/wp-json\/wp\/v2\/pages\/18230\/revisions"}],"predecessor-version":[{"id":18253,"href":"https:\/\/tpgholding.com\/index.php\/wp-json\/wp\/v2\/pages\/18230\/revisions\/18253"}],"wp:attachment":[{"href":"https:\/\/tpgholding.com\/index.php\/wp-json\/wp\/v2\/media?parent=18230"}],"curies":[{"name":"wp","href":"https:\/\/api.w.org\/{rel}","templated":true}]}}