{"id":18292,"date":"2025-04-30T13:42:49","date_gmt":"2025-04-30T11:42:49","guid":{"rendered":"https:\/\/tpgholding.com\/?page_id=18292"},"modified":"2025-04-30T13:44:07","modified_gmt":"2025-04-30T11:44:07","slug":"pressemitteilung-vom-30-april-2025","status":"publish","type":"page","link":"https:\/\/tpgholding.com\/index.php\/pressemitteilung-vom-30-april-2025\/","title":{"rendered":"Pressemitteilung vom 30 April 2025"},"content":{"rendered":"<figure><a href=\"https:\/\/tpgholding.com\/wp-content\/themes\/FoundationXOZ\/assets\/logo.png\" rel=\"attachment wp-att-15549\"><img decoding=\"async\" class=\"aligncenter\" src=\"https:\/\/tpgholding.com\/wp-content\/themes\/FoundationXOZ\/assets\/logo.png\" alt=\"SGT_Logo\" width=\"400px\" \/><\/a><\/figure>\n<p style=\"text-align: center;\">+++ Pressemitteilung +++<\/p>\n<p style=\"text-align: center;\"><strong>The Payments Group Holding \u2013 das angek\u00fcndigte AI Company Building nimmt Form an und Fahrt auf<\/strong><\/p>\n<ul>\n<li>Joint Venture mit etablierten AI-Experten zur Serienentwicklung von AI-Produkten und -Ausgr\u00fcndungen<\/li>\n<li>Umfirmierung der Tr\u00e4gergesellschaft des JV in Softmax AI GmbH, Beteiligung von 25%<\/li>\n<li>Markteinf\u00fchrung der ersten Produkte steht unmittelbar bevor<\/li>\n<\/ul>\n<p><strong>Frankfurt am Main, 30. April 2025 &#8211; <\/strong>Die German AI Projects GmbH, eine Tochtergesellschaft der The Payments Group Holding (PGH), einer 2012 gegr\u00fcndeten und im August 2024 umfirmierten Holdinggesellschaft mit Sitz in Frankfurt am Main, hat in Softmax AI GmbH umfirmiert und ihren Sitz nach Landshut bei M\u00fcnchen verlegt. Die PGH h\u00e4lt fortan eine Beteiligung von 25% plus einen Anteil an der Softmax AI. Zur weiteren Gesch\u00e4ftsf\u00fchrerin der Softmax AI wurde Dr. Denise Vandeweijer, Wirtschaftsinformatikerin, Gr\u00fcnderin von Verdas Ventures und ehemalige Head of AI bei BMW bestellt. Verdas Ventures ist ein AI-Unternehmen im Raum M\u00fcnchen, h\u00e4lt 40% an der Softmax AI und wird von ihr und ihrer Mitgr\u00fcnderin Dr. Allison Fisher geleitet, eine erfahrene F\u00fchrungskraft im Bereich der AI-Ethik und des Aufbaus von AI-Kompetenzen, mit \u00fcber 20 Jahren Erfahrung in F\u00fchrung und Lernkonzeption. Sie haben es sich zum Ziel gesetzt, mithilfe von AI eine bessere Zukunft zu schaffen. Softmax AI erschafft einen auf k\u00fcnstliche Intelligenz ausgerichteten Company Builder.<\/p>\n<p>Das opportunistisch gepr\u00e4gte Joint Venture basiert auf dem wegweisenden Open-Source-Modell von DeepSeek und \u00e4hnlichen AI-Modellen und umfasst die schnell getaktete Serienentwicklung mehrerer, miteinander verwandter AI-Apps f\u00fcr verschiedene Anwendungsgebiete, auf gemeinsamen programmiertechnischen Grundlagen wie zB. Text-to-Speech Engines. Bei geringem Kapitalbedarf bietet das Projekt Profitabilit\u00e4tsaussichten der entwickelten AI-Produkte und erhebliche Wertsteigerungspotenziale der daraus hervorgehenden Startups.<\/p>\n<p>Zwei von Softmax AI entwickelte Anwendungen stehen bereits kurz vor der Markteinf\u00fchrung, eine Sprachanwendung zur Nutzung durch Pflegeheime und ihren Bewohnern, und ein auf Computer Vision basierendes Tool zur Begutachtung und Dokumentation des Zustands von Bauteilen im Hochbau. Beide Anwendungen sollen bei geringen Betriebskosten nennenswerte Umsatzerl\u00f6se generieren. Weitere aussichtsreiche Anwendungsprojekte und potenzielle Ausgr\u00fcndungen sind bereits in Vorbereitung.<\/p>\n<p>&nbsp;<\/p>\n<p>&nbsp;<\/p>\n<p><strong>\u00dcber The Payments Group Holding<br \/>\n<\/strong>Die The Payments Group Holding (PGH) ist eine 2012 gegr\u00fcndete und im August 2024 umfirmierte Holdinggesellschaft und ein Venture Capital-Anbieter mit Sitz in Frankfurt am Main.<\/p>\n<p>Im August 2024 hat die PGH einen Kaufvertrag \u00fcber den Erwerb von vier PayTech-Unternehmen unterzeichnet, dessen Closing nach dem Eintreten bestimmter aufschiebender Bedingungen im Sommer 2025 erwartet wird. Nach Vollzug der Transaktion wird die PGH eine Gruppe aus vier operativen PayTech-Unternehmen bilden:<\/p>\n<p>Funanga AG, Campamocha Ltd. mit ihren 100%igen Tochtergesellschaften TBWS Ltd. und Calida Financial Ltd. sowie Surfer Rosa Ltd. bilden eine wachstumsstarke, vertikal integrierte eMoney-PayTech-Unternehmensgruppe \u2013 The Payments Group (TPG). TPG bietet eigene geschlossene und offene (Marken- und White-Label-)Prepaid-Zahlungsdienste f\u00fcr Hunderte von Online-H\u00e4ndlern weltweit an. Die Synergie zwischen diesen Unternehmen positioniert die TPG als k\u00fcnftigen Marktf\u00fchrer in den Bereichen Embedded Financial Products und Prepaidl\u00f6sungen. Die Calida Financial Ltd. ist das regulierte Unternehmen innerhalb der TPG, nachdem sie im August 2024 eine E-Geld-Lizenz von der maltesischen Finanzaufsicht (MFSA) erhalten hat. Diese Lizenz erlaubt es Calida Financial Ltd. innovative E-Geld-Dienstleistungen und -Produkte in ganz Europa anzubieten.<\/p>\n<p>TPG besch\u00e4ftigt \u00fcber 50 Mitarbeiter und ist global t\u00e4tig. Kunden von TPG nutzen die mehr als 550.000 POS-Bargeldzahlstellen sowie das globale Online-Prepaid-Kartennetzwerk zur Abwicklung von Bargeld- und bargeldlosen Online-Zahlungen.<\/p>\n<p>Des Weiteren betreibt die PGH mit ihrer k\u00fcnftig 25%igen Beteiligung German AI Projects GmbH gemeinsam mit AI-Experten einen auf AI fokussierten Company Builder namens \u201aSoftmax AI\u2018. Daneben h\u00e4lt die PGH aus ihrer Historie als ein f\u00fchrender deutscher Venture Capital-Anbieter unter der Marke German Startups Group ein Heritage VC-Portfolio an Minderheitsbeteiligungen an teils aussichtsreichen deutschen Startups \u00fcber ihre 100%ige Tochtergesellschaft German Startups Group VC GmbH.<\/p>\n<p>&nbsp;<\/p>\n<p>&nbsp;<\/p>\n<p><strong>Investor Relations Kontakt<br \/>\n<\/strong> <strong>Rosenberg Strategic Communications<br \/>\n<\/strong> Dirk Schmitt<br \/>\nd.schmitt@rosenbergsc.com<br \/>\n+49 170 302 8833<\/p>\n<p><u><a href=\"https:\/\/tpgholding.com\/wp-content\/uploads\/2025\/04\/250430-The-Payments-Group-Holding-\u2013-das-angekundigte-AI-Company-Building-nimmt-Form-an-und-Fahrt-auf.pdf\" target=\"_blank\" rel=\"nofollow\" rel=\"noopener\">Click here for PDF version<\/a><\/u><\/p>\n<p>More information at <a href=\"https:\/\/tpgholding.com\">https:\/\/tpgholding.com<\/a>\u00a0and <a href=\"https:\/\/payments-group.com\/startseite-de\/\">https:\/\/www.payments-group.com\/<\/a><\/p>\n","protected":false},"excerpt":{"rendered":"<p>+++ Pressemitteilung +++ The Payments Group Holding \u2013 das angek\u00fcndigte AI Company Building nimmt Form an und Fahrt auf Joint Venture mit etablierten AI-Experten zur Serienentwicklung von AI-Produkten und -Ausgr\u00fcndungen Umfirmierung der Tr\u00e4gergesellschaft des JV in Softmax AI GmbH, Beteiligung von 25% Markteinf\u00fchrung der ersten Produkte steht unmittelbar bevor Frankfurt am Main, 30. April 2025 [&hellip;]<\/p>\n","protected":false},"author":4,"featured_media":0,"parent":0,"menu_order":0,"comment_status":"closed","ping_status":"closed","template":"page-full-image.php","meta":[],"_links":{"self":[{"href":"https:\/\/tpgholding.com\/index.php\/wp-json\/wp\/v2\/pages\/18292"}],"collection":[{"href":"https:\/\/tpgholding.com\/index.php\/wp-json\/wp\/v2\/pages"}],"about":[{"href":"https:\/\/tpgholding.com\/index.php\/wp-json\/wp\/v2\/types\/page"}],"author":[{"embeddable":true,"href":"https:\/\/tpgholding.com\/index.php\/wp-json\/wp\/v2\/users\/4"}],"replies":[{"embeddable":true,"href":"https:\/\/tpgholding.com\/index.php\/wp-json\/wp\/v2\/comments?post=18292"}],"version-history":[{"count":4,"href":"https:\/\/tpgholding.com\/index.php\/wp-json\/wp\/v2\/pages\/18292\/revisions"}],"predecessor-version":[{"id":18309,"href":"https:\/\/tpgholding.com\/index.php\/wp-json\/wp\/v2\/pages\/18292\/revisions\/18309"}],"wp:attachment":[{"href":"https:\/\/tpgholding.com\/index.php\/wp-json\/wp\/v2\/media?parent=18292"}],"curies":[{"name":"wp","href":"https:\/\/api.w.org\/{rel}","templated":true}]}}