{"id":18341,"date":"2025-07-01T09:59:28","date_gmt":"2025-07-01T07:59:28","guid":{"rendered":"https:\/\/tpgholding.com\/?page_id=18341"},"modified":"2025-07-01T10:04:49","modified_gmt":"2025-07-01T08:04:49","slug":"ad-hoc-mitteilung-vom-30-juni-2025","status":"publish","type":"page","link":"https:\/\/tpgholding.com\/index.php\/ad-hoc-mitteilung-vom-30-juni-2025\/","title":{"rendered":"Ad-hoc Mitteilung vom 30. Juni 2025"},"content":{"rendered":"<figure><a href=\"https:\/\/tpgholding.com\/wp-content\/themes\/FoundationXOZ\/assets\/logo.png\" rel=\"attachment wp-att-15549\"><img decoding=\"async\" class=\"aligncenter\" src=\"https:\/\/tpgholding.com\/wp-content\/themes\/FoundationXOZ\/assets\/logo.png\" alt=\"SGT_Logo\" width=\"400px\" \/><\/a><\/figure>\n<p style=\"text-align: center;\">+++ Ad-hoc Mitteilung +++<\/p>\n<p style=\"text-align: center;\"><strong>The Payments Group Holding erringt wichtigen Sieg gegen die SGT Beteiligungsberatung GmbH vor Gericht<br \/>\n<\/strong><\/p>\n<ul>\n<li>PGH obsiegt im ersten gerichtsanh\u00e4ngigen Rechtsstreit um Finanzforderungen der PGH gegen die SGT-Gruppe und in Bezug auf deren haltlose Gegenforderungen <\/li>\n<li>Best\u00e4tigung der weiteren Finanzforderungen der PGH gegen die SGT-Gruppe von 7,3 Mio. EUR, davon 4,5 Mio. EUR nach Ansicht der PGH f\u00e4llig<\/li>\n<li>Keine Relevanz der von der Gegenseite aus heiterem Himmel erhobenen Gegenforderungen, mit denen sie die Aufrechnung erkl\u00e4rt hatte<\/li>\n<\/ul>\n<p><strong>Frankfurt\/Main, 30. Juni 2025, 12:43h &#8211; <\/strong>Die The Payments Group Holding (PGH), 2012 gegr\u00fcndete und im August 2024 umfirmierte Holdinggesellschaft mit Sitz in Frankfurt am Main, obsiegt im Urkundenverfahren. Der Richter am Landgericht Frankfurt entschied, dass die SGTBB, eine Gesellschaft der von Joseph Pacini und Carsten Geyer gesteuerten, in vielerlei Rechtsauseinandersetzungen verwickelten SGT Capital LLC-Gruppe (SGT-Gruppe) mit Sitz auf den Kaimaninseln, die Finanzforderung der PGH in H\u00f6he von 200 TEUR zzgl. Zins und Kosten an die PGH zu zahlen hat.<\/p>\n<p>Gegen die SGTBB besitzt die PGH ihrer Ansicht nach weitere f\u00e4llige Forderungen von 41 TEUR und nach j\u00fcngsten Erkenntnissen von weiteren 500 TEUR, die sie nun beide ebenfalls einklagen wird. <\/p>\n<p>Daneben besitzt die PGH nach ihrer Ansicht gegen die SGT-Gruppe insgesamt Forderungen von weiteren 7,2 Mio. EUR, von denen 4,4 Mio. EUR f\u00e4llig sind.<\/p>\n<p>Die von der Gegenseite hiergegen vorgebrachten Einwendungen der Unwirksamkeit der Forderungsabtretung von der TSG24 an die PGH, und des Bestehens von Gegenforderungen die Gegenseite sowie deren Aufrechnung haben sich in dem Verfahren vor Landgericht Frankfurt als jeweils unbeachtlich, haltlos oder unzul\u00e4ssig erwiesen. Das bekr\u00e4ftigt die Rechtsauffassung der PGH, dass ihre Forderungen von 7,2 Mio. EUR bestehen und durchsetzbar sind.<\/p>\n<p>&nbsp;<\/p>\n<p><strong>\u00dcber The Payments Group Holding<br \/>\n<\/strong>Die The Payments Group Holding (PGH) ist eine 2012 gegr\u00fcndete und im August 2024 umfirmierte Holdinggesellschaft und ein Venture Capital-Anbieter mit Sitz in Frankfurt am Main.<\/p>\n<p>Im August 2024 hat die PGH einen Kaufvertrag \u00fcber den Erwerb von vier PayTech-Unternehmen unterzeichnet, dessen Closing nach dem Eintreten bestimmter aufschiebender Bedingungen im Sommer 2025 erwartet wird. Nach Vollzug der Transaktion wird die PGH eine Gruppe aus vier operativen PayTech-Unternehmen bilden:<\/p>\n<p>Funanga AG, Campamocha Ltd. mit ihren 100%igen Tochtergesellschaften TBWS Ltd. und Calida Financial Ltd. sowie Surfer Rosa Ltd. bilden eine wachstumsstarke, vertikal integrierte eMoney-PayTech-Unternehmensgruppe \u2013 The Payments Group (TPG). TPG bietet eigene geschlossene und offene (Marken- und White-Label-)Prepaid-Zahlungsdienste f\u00fcr Hunderte von Online-H\u00e4ndlern weltweit an. Die Synergie zwischen diesen Unternehmen positioniert die TPG als k\u00fcnftigen Marktf\u00fchrer in den Bereichen Embedded Financial Products und Prepaidl\u00f6sungen. Die Calida Financial Ltd. ist das regulierte Unternehmen innerhalb der TPG, nachdem sie im August 2024 eine E-Geld-Lizenz von der maltesischen Finanzaufsicht (MFSA) erhalten hat. Diese Lizenz erlaubt es Calida Financial Ltd. innovative E-Geld-Dienstleistungen und -Produkte in ganz Europa anzubieten.<\/p>\n<p>TPG besch\u00e4ftigt \u00fcber 50 Mitarbeiter und ist global t\u00e4tig. Kunden von TPG nutzen die mehr als 550.000 POS-Bargeldzahlstellen sowie das globale Online-Prepaid-Kartennetzwerk zur Abwicklung von Bargeld- und bargeldlosen Online-Zahlungen.<\/p>\n<p>Des Weiteren betreibt die PGH mit ihrer k\u00fcnftig 25%igen Beteiligung German AI Projects GmbH gemeinsam mit AI-Experten einen auf AI fokussierten Company Builder namens \u201aAI Product Factory\u2018. Daneben h\u00e4lt die PGH aus ihrer Historie als ein f\u00fchrender deutscher Venture Capital-Anbieter unter der Marke German Startups Group ein Heritage VC-Portfolio an Minderheitsbeteiligungen an teils aussichtsreichen deutschen Startups \u00fcber ihre 100%ige Tochtergesellschaft German Startups Group VC GmbH.<\/p>\n<p>&nbsp;<\/p>\n<p><strong>Investor Relations Kontakt<br \/>\n<\/strong> <strong>Rosenberg Strategic Communications<br \/>\n<\/strong> Dirk Schmitt<br \/>\nd.schmitt@rosenbergsc.com<br \/>\n+49 170 302 8833<\/p>\n<p><u><a href=\"https:\/\/tpgholding.com\/wp-content\/uploads\/2025\/07\/250630-The-Payments-Group-Holding-erringt-wichtigen-Sieg-gegen-die-SGT-Beteiligungsberatung-GmbH-vor-Gericht.pdf\" target=\"_blank\" rel=\"nofollow\" rel=\"noopener\">Click here for PDF version<\/a><\/u><\/p>\n<p>More information at <a href=\"https:\/\/tpgholding.com\">https:\/\/tpgholding.com<\/a>\u00a0and <a href=\"https:\/\/payments-group.com\/startseite-de\/\">https:\/\/www.payments-group.com\/<\/a><\/p>\n","protected":false},"excerpt":{"rendered":"<p>+++ Ad-hoc Mitteilung +++ The Payments Group Holding erringt wichtigen Sieg gegen die SGT Beteiligungsberatung GmbH vor Gericht PGH obsiegt im ersten gerichtsanh\u00e4ngigen Rechtsstreit um Finanzforderungen der PGH gegen die SGT-Gruppe und in Bezug auf deren haltlose Gegenforderungen Best\u00e4tigung der weiteren Finanzforderungen der PGH gegen die SGT-Gruppe von 7,3 Mio. EUR, davon 4,5 Mio. EUR [&hellip;]<\/p>\n","protected":false},"author":4,"featured_media":0,"parent":0,"menu_order":0,"comment_status":"closed","ping_status":"closed","template":"page-full-image.php","meta":[],"_links":{"self":[{"href":"https:\/\/tpgholding.com\/index.php\/wp-json\/wp\/v2\/pages\/18341"}],"collection":[{"href":"https:\/\/tpgholding.com\/index.php\/wp-json\/wp\/v2\/pages"}],"about":[{"href":"https:\/\/tpgholding.com\/index.php\/wp-json\/wp\/v2\/types\/page"}],"author":[{"embeddable":true,"href":"https:\/\/tpgholding.com\/index.php\/wp-json\/wp\/v2\/users\/4"}],"replies":[{"embeddable":true,"href":"https:\/\/tpgholding.com\/index.php\/wp-json\/wp\/v2\/comments?post=18341"}],"version-history":[{"count":2,"href":"https:\/\/tpgholding.com\/index.php\/wp-json\/wp\/v2\/pages\/18341\/revisions"}],"predecessor-version":[{"id":18348,"href":"https:\/\/tpgholding.com\/index.php\/wp-json\/wp\/v2\/pages\/18341\/revisions\/18348"}],"wp:attachment":[{"href":"https:\/\/tpgholding.com\/index.php\/wp-json\/wp\/v2\/media?parent=18341"}],"curies":[{"name":"wp","href":"https:\/\/api.w.org\/{rel}","templated":true}]}}