{"id":18460,"date":"2025-07-24T10:16:06","date_gmt":"2025-07-24T08:16:06","guid":{"rendered":"https:\/\/tpgholding.com\/?page_id=18460"},"modified":"2025-11-25T09:46:01","modified_gmt":"2025-11-25T08:46:01","slug":"ad-hoc-mitteilung-vom-24-juli-2025","status":"publish","type":"page","link":"https:\/\/tpgholding.com\/index.php\/ad-hoc-mitteilung-vom-24-juli-2025\/","title":{"rendered":"Ad-hoc Mitteilung vom 24. Juli 2025"},"content":{"rendered":"<figure><a href=\"https:\/\/tpgholding.com\/wp-content\/themes\/FoundationXOZ\/assets\/logo.png\" rel=\"attachment wp-att-15549\"><img decoding=\"async\" class=\"aligncenter\" src=\"https:\/\/tpgholding.com\/wp-content\/themes\/FoundationXOZ\/assets\/logo.png\" alt=\"SGT_Logo\" width=\"400px\" \/><\/a><\/figure>\n<p style=\"text-align: center;\">+++ Ad-hoc Mitteilung +++<\/p>\n<p style=\"text-align: center;\"><strong>Aktivierung der E-Geld-Lizenz der The Payments Group seitens der MFSA und wegweisende Kooperation mit einem f\u00fchrenden mobilen Bezahlsystem<br \/>\n<\/strong><\/p>\n<ul>\n<li>Die The Payments Group (TPG) startet strategische Kooperation mit Bluecode <\/li>\n<li>Meilenstein f\u00fcr die The Payments Group <\/li>\n<\/ul>\n<p><strong>Frankfurt am Main, 24. Juli 2025, 10:15h &#8211; <\/strong>Die Malta Financial Services Authority (MFSA) hat die Lizenz des E-Geldinstituts Calida Financial Ltd. (Calida) aktiviert. Die The Payments Group Holding (PGH), 2012 gegr\u00fcndete und im August 2024 umfirmierte Holdinggesellschaft mit Sitz in Frankfurt am Main, hatte im August 2024 die Akquisition von vier untereinander kooperierenden FinTech- und PayTech-Unternehmen, zusammen die The Payments Group (TPG), vereinbart, darunter auch Calida. Diese Transaktion steht noch unter verschiedenen aufschiebenden Bedingungen.<\/p>\n<p>Calida, ein in Malta ans\u00e4ssiger Internet-Zahlungsdienstleister, hat im August 2024 die E-Geld-Lizenz der maltesischen Finanzaufsichtsbeh\u00f6rde (MFSA) erhalten. Nach erfolgreicher Erf\u00fcllung s\u00e4mtlicher Mobilisierungsauflagen wurde die Lizenz nun aktiviert. Sie berechtigt Calida, innovative E-Geld-Produkte und -Dienstleistungen in ganz Europa anzubieten \u2013 einschlie\u00dflich der Er\u00f6ffnung von Zahlungsverkehrskonten f\u00fcr Privatkunden.<\/p>\n<p>Calida wird nun in enger Zusammenarbeit mit den weiteren Unternehmen der TPG-Gruppe \u2013 der Funanga AG, der TWBS Ltd. und der Surfer Rosa Ltd. \u2013 und gest\u00fctzt auf konkrete Marktnachfrage, eine Reihe ma\u00dfgeschneiderter operativ einsatzbereiter L\u00f6sungen f\u00fcr Endkunden sowie f\u00fcr Online-H\u00e4ndler einf\u00fchren.<\/p>\n<p>Dazu geh\u00f6rt prim\u00e4r eine Kooperation mit Bluecode, einem f\u00fchrenden europ\u00e4ischen mobilen Zahlungsdienst mit rund 160 Millionen Akzeptenzstellen. Bluecode arbeitet mit internationalen Netzwerken wie Alipay+ und Discover Global Network zusammen und ist Mitglied der European Mobile Payment Systems Association (EMPSA), der auch Anbieter wie Swish, Twint und Vipps angeh\u00f6ren. So k\u00f6nnen Endkunden mit der Bluecode-App nahezu weltweit bezahlen.<\/p>\n<p>Die TPG wird nun als erster E-Geld-Emittent integraler Teil des Bluecode-Zahlungssystems. Die Prepaidl\u00f6sung erm\u00f6glicht Personen, deren Hausbanken nicht direkt an Bluecode angebunden sind, ebenfalls Zahlungen \u00fcber die Bluecode-App zu t\u00e4tigen. So steht die beliebte Prepaid-L\u00f6sung f\u00fcr mobile Zahlungen nun erstmals allen Einwohnern des Europ\u00e4ischen Wirtschaftsraums (EWR) zur Verf\u00fcgung. Es handelt sich um einen vollst\u00e4ndig in Europa entwickelten Zahlungsdienst, der als Alternative zu den dominierenden US-amerikanischen Zahlungs- und Kreditkartensystemen speziell f\u00fcr den EWR konzipiert wurde.<\/p>\n<p>TPG hat ihren neuen Prepaid-Zahlungsdienst nahtlos in die Bluecode-App integriert. Seine Aktivierung erfolgt in wenigen Minuten, das Aufladen des Guthabens ist bequem per SEPA-\u00dcberweisung, Kredit- oder Debitkarte sowie weiteren l\u00e4nderspezifischen Zahlungsmethoden m\u00f6glich. Nutzerinnen und Nutzer profitieren von einer sicheren L\u00f6sung mit hohen Datenschutzstandards und voller Ausgabenkontrolle.<\/p>\n<p>Erg\u00e4nzt wird das Angebot durch digitale Mehrwertdienste, Kundenbindungsprogramme und personalisierte Angebote direkt in der Bluecode-App.<\/p>\n<p>&nbsp;<\/p>\n<p><strong>\u00dcber The Payments Group Holding<br \/>\n<\/strong>Die The Payments Group Holding (PGH) ist eine 2012 gegr\u00fcndete und im August 2024 umfirmierte Holdinggesellschaft und ein Venture Capital-Anbieter mit Sitz in Frankfurt am Main.<\/p>\n<p>Im August 2024 hat die PGH einen Kaufvertrag \u00fcber den Erwerb von vier PayTech-Unternehmen unterzeichnet, dessen Closing nach dem Eintreten bestimmter aufschiebender Bedingungen im Q1 2026 erwartet wird. Nach Vollzug der Transaktion wird die PGH eine Gruppe aus vier operativen PayTech-Unternehmen bilden:<\/p>\n<p>Funanga AG, Campamocha Ltd. mit ihren 100%igen Tochtergesellschaften TBWS Ltd. und Calida Financial Ltd. sowie Surfer Rosa Ltd. bilden eine wachstumsstarke, vertikal integrierte eMoney-PayTech-Unternehmensgruppe \u2013 The Payments Group (TPG). TPG bietet eigene geschlossene und offene (Marken- und White-Label-)Prepaid-Zahlungsdienste f\u00fcr Hunderte von Online-H\u00e4ndlern weltweit an. Die Synergie zwischen diesen Unternehmen positioniert die TPG als k\u00fcnftigen Marktf\u00fchrer in den Bereichen Embedded Financial Products und Prepaidl\u00f6sungen. Die Calida Financial Ltd. ist das regulierte Unternehmen innerhalb der TPG, nachdem sie im August 2024 eine E-Geld-Lizenz von der maltesischen Finanzaufsicht (MFSA) erhalten hat. Diese Lizenz erlaubt es Calida Financial Ltd. innovative E-Geld-Dienstleistungen und -Produkte in ganz Europa anzubieten.<\/p>\n<p>TPG besch\u00e4ftigt \u00fcber 50 Mitarbeiter und ist global t\u00e4tig. Kunden von TPG nutzen die mehr als 550.000 POS-Bargeldzahlstellen sowie das globale Online-Prepaid-Kartennetzwerk zur Abwicklung von Bargeld- und bargeldlosen Online-Zahlungen.<\/p>\n<p>Des Weiteren betreibt die PGH mit ihrer k\u00fcnftig 25%igen Beteiligung German AI Projects GmbH gemeinsam mit AI-Experten einen auf AI fokussierten Company Builder namens \u201aAI Product Factory\u2018. Daneben h\u00e4lt die PGH aus ihrer Historie als ein f\u00fchrender deutscher Venture Capital-Anbieter unter der Marke German Startups Group ein Heritage VC-Portfolio an Minderheitsbeteiligungen an teils aussichtsreichen deutschen Startups \u00fcber ihre 100%ige Tochtergesellschaft German Startups Group VC GmbH.<\/p>\n<p>&nbsp;<\/p>\n<p><strong>\u00dcber The Payments Group<\/strong><\/p>\n<p>The Payments Group (TPG) ist ein dynamisch wachsendes, vertikal integriertes E-Geld Fintech-Unternehmen. TPG bietet Closed- und Open-Loop Prepaid-Zahlungsdienste (E-Geld) f\u00fcr Hunderte von Online-H\u00e4ndlern weltweit. Das Unternehmen stellt eine skalierbare Fintech-Plattform bereit. Diese Plattform erm\u00f6glicht es Online-H\u00e4ndlern, bisher unerschlossene Bargeld- und Prepaid-M\u00e4rkte sowie eingebettete Finanzprodukte zu erschlie\u00dfen, wodurch sich deren adressierbarer Markt erweitert und Ums\u00e4tze gesteigert werden. TPG ist international t\u00e4tig und arbeitet mit einer Vielzahl f\u00fchrender Online-H\u00e4ndler aus verschiedenen Branchen zusammen. Kunden von TPG k\u00f6nnen auf mehr als 550.000 Bargeld-Zahlungsstellen am Point-of-Sale sowie auf ein globales Netzwerk von Online-Prepaid-Karten zugreifen, um sowohl Bar- als auch bargeldlose Online-Zahlungen abzuwickeln. TPG besch\u00e4ftigt weltweit \u00fcber 60 Mitarbeiter. Die Aktien des Unternehmens werden unter dem B\u00f6rsenticker PGH gehandelt.<\/p>\n<p>Weitere Informationen: <a href=\"http:\/\/www.payments-group.com\/\">www.payments-group.com<\/a><\/p>\n<p>&nbsp;<\/p>\n<p><strong>\u00dcber Bluecode<\/strong><\/p>\n<p>Bluecode ist ein europ\u00e4ischer Bezahldienst, der bargeldloses Bezahlen per Mobiltelefon erm\u00f6glicht. Das System nutzt einen einmaligen Zahlungstoken, der entweder als Barcode oder QR-Code dargestellt wird und per Scan oder per NFC (Near Field Communication) \u00fcbertragen werden kann. Bluecode ist direkt mit dem Bankkonto des Nutzers verbunden. Akzeptiert von einem breiten Netzwerk von H\u00e4ndlern, kann Bluecode \u00fcber Apps von Banken, H\u00e4ndlern und anderen Anbietern sowie \u00fcber die eigene Bluecode-App genutzt werden. Dar\u00fcber hinaus l\u00e4sst sich Bluecode mit Kundenbindungsprogrammen verkn\u00fcpfen. Bluecode arbeitet mit internationalen Netzwerken wie Alipay+, Discover\u00ae Global Network und EMPSA (European Mobile Payment Systems Association) zusammen, um Interoperabilit\u00e4t untereinander zu erm\u00f6glichen. Bluecode wird somit weltweit akzeptiert.<\/p>\n<p>Weitere Informationen: <a href=\"https:\/\/www.bluecode.com\/de-de\">www.bluecode.com<\/a><\/p>\n<p>&nbsp;<\/p>\n<p>&nbsp;<\/p>\n<p><strong>Investor Relations Kontakt<br \/>\n<\/strong> <strong>Rosenberg Strategic Communications<br \/>\n<\/strong> Alexander Schmidt<br \/>\na.schmidt@rosenbergsc.com<\/p>\n<p><u><a href=\"https:\/\/tpgholding.com\/wp-content\/uploads\/2025\/07\/250724-The-Payments-Group-Holding-Aktivierung-der-E-Geld-Lizenz-der-The-Payments-Group-seitens-der-MFSA-und-wegweisende-Kooperation-mit-einem-fuhrenden-mobilen-Bezahlsystem.pdf\" target=\"_blank\" rel=\"nofollow\" rel=\"noopener\">Click here for PDF version<\/a><\/u><\/p>\n<p>More information at <a href=\"https:\/\/tpgholding.com\">https:\/\/tpgholding.com<\/a>\u00a0and <a href=\"https:\/\/payments-group.com\/startseite-de\/\">https:\/\/www.payments-group.com\/<\/a><\/p>\n","protected":false},"excerpt":{"rendered":"<p>+++ Ad-hoc Mitteilung +++ Aktivierung der E-Geld-Lizenz der The Payments Group seitens der MFSA und wegweisende Kooperation mit einem f\u00fchrenden mobilen Bezahlsystem Die The Payments Group (TPG) startet strategische Kooperation mit Bluecode Meilenstein f\u00fcr die The Payments Group Frankfurt am Main, 24. Juli 2025, 10:15h &#8211; Die Malta Financial Services Authority (MFSA) hat die Lizenz [&hellip;]<\/p>\n","protected":false},"author":4,"featured_media":0,"parent":0,"menu_order":0,"comment_status":"closed","ping_status":"closed","template":"page-full-image.php","meta":[],"_links":{"self":[{"href":"https:\/\/tpgholding.com\/index.php\/wp-json\/wp\/v2\/pages\/18460"}],"collection":[{"href":"https:\/\/tpgholding.com\/index.php\/wp-json\/wp\/v2\/pages"}],"about":[{"href":"https:\/\/tpgholding.com\/index.php\/wp-json\/wp\/v2\/types\/page"}],"author":[{"embeddable":true,"href":"https:\/\/tpgholding.com\/index.php\/wp-json\/wp\/v2\/users\/4"}],"replies":[{"embeddable":true,"href":"https:\/\/tpgholding.com\/index.php\/wp-json\/wp\/v2\/comments?post=18460"}],"version-history":[{"count":5,"href":"https:\/\/tpgholding.com\/index.php\/wp-json\/wp\/v2\/pages\/18460\/revisions"}],"predecessor-version":[{"id":18955,"href":"https:\/\/tpgholding.com\/index.php\/wp-json\/wp\/v2\/pages\/18460\/revisions\/18955"}],"wp:attachment":[{"href":"https:\/\/tpgholding.com\/index.php\/wp-json\/wp\/v2\/media?parent=18460"}],"curies":[{"name":"wp","href":"https:\/\/api.w.org\/{rel}","templated":true}]}}