{"id":18524,"date":"2025-08-05T16:37:50","date_gmt":"2025-08-05T14:37:50","guid":{"rendered":"https:\/\/tpgholding.com\/?page_id=18524"},"modified":"2025-11-25T09:45:08","modified_gmt":"2025-11-25T08:45:08","slug":"ad-hoc-mitteilung-vom-5-august-2025","status":"publish","type":"page","link":"https:\/\/tpgholding.com\/index.php\/ad-hoc-mitteilung-vom-5-august-2025\/","title":{"rendered":"Ad-hoc Mitteilung vom 5. August 2025"},"content":{"rendered":"<figure><a href=\"https:\/\/tpgholding.com\/wp-content\/themes\/FoundationXOZ\/assets\/logo.png\" rel=\"attachment wp-att-15549\"><img decoding=\"async\" class=\"aligncenter\" src=\"https:\/\/tpgholding.com\/wp-content\/themes\/FoundationXOZ\/assets\/logo.png\" alt=\"SGT_Logo\" width=\"400px\" \/><\/a><\/figure>\n<p style=\"text-align: center;\">+++ Ad-hoc Mitteilung +++<\/p>\n<p style=\"text-align: center;\"><strong>The Payments Group Holding \u2013 Zustimmung der MFSA zu ihrer \u00dcbernahme der The Payments Group<br \/>\n<\/strong><\/p>\n<ul>\n<li>Entscheidender Meilenstein f\u00fcr die Transformation der The Payments Group Holding in ein operatives PayTech-Unternehmen<\/li>\n<li>Nachhaltige Profitabilit\u00e4t und Wachstumsst\u00e4rke im Visier<\/li>\n<\/ul>\n<p><strong>Frankfurt am Main, 5. August 2025, 16:36h &#8211; <\/strong>Die The Payments Group Holding (PGH), 2012 gegr\u00fcndete und im August 2024 umfirmierte Holdinggesellschaft mit Sitz in Frankfurt am Main, hat von ihren Anw\u00e4lten die Mitteilung erhalten, dass die im September 2024 beantragte Zustimmung der Malta Financial Services Authority (MFSA) zur \u00dcbernahme der Calida Financial Ltd. nun mutma\u00dflich abschlie\u00dfend positiv beschieden wurde. Die formelle schriftliche Best\u00e4tigung steht noch aus.<\/p>\n<p>Damit d\u00fcrfte der langwierige Pr\u00fcfprozess abgeschlossen und die wesentliche H\u00fcrde f\u00fcr die \u00dcbernahme der The Payments Group (TPG) \u00fcberwunden sein. Die im August 2024 vereinbarte Transaktion umfasst vier untereinander kooperierende FinTech- und PayTech-Unternehmen, darunter auch das MFSA-lizensierte E-Geldinstitut Calida Financial Ltd., dessen E-Geld-Lizenz j\u00fcngst von der Malta Financial Services Authority (MFSA) aktiviert wurde. Mit der Zustimmung der MFSA ist die entscheidende aufschiebende Bedingung des Kaufvertrags betreffend einen 75%igen Anteil an der TPG nun erf\u00fcllt.<\/p>\n<p>&nbsp;<\/p>\n<p><strong>\u00dcber The Payments Group Holding<br \/>\n<\/strong>Die The Payments Group Holding (PGH) ist eine 2012 gegr\u00fcndete und im August 2024 umfirmierte Holdinggesellschaft und ein Venture Capital-Anbieter mit Sitz in Frankfurt am Main.<\/p>\n<p>Im August 2024 hat die PGH einen Kaufvertrag \u00fcber den Erwerb von vier PayTech-Unternehmen unterzeichnet, dessen Closing nach dem Eintreten bestimmter aufschiebender Bedingungen in Q1 2026 erwartet wird. Nach Vollzug der Transaktion wird die PGH eine Gruppe aus vier operativen PayTech-Unternehmen bilden:<\/p>\n<p>Funanga AG, Campamocha Ltd. mit ihren 100%igen Tochtergesellschaften TBWS Ltd. und Calida Financial Ltd. sowie Surfer Rosa Ltd. bilden eine wachstumsstarke, vertikal integrierte eMoney-PayTech-Unternehmensgruppe \u2013 The Payments Group (TPG). TPG bietet eigene geschlossene und offene (Marken- und White-Label-)Prepaid-Zahlungsdienste f\u00fcr Hunderte von Online-H\u00e4ndlern weltweit an. Die Synergie zwischen diesen Unternehmen positioniert die TPG als k\u00fcnftigen Marktf\u00fchrer in den Bereichen Embedded Financial Products und Prepaidl\u00f6sungen. Die Calida Financial Ltd. ist das regulierte Unternehmen innerhalb der TPG, nachdem sie im August 2024 eine E-Geld-Lizenz von der maltesischen Finanzaufsicht (MFSA) erhalten hat. Diese Lizenz erlaubt es Calida Financial Ltd. innovative E-Geld-Dienstleistungen und -Produkte in ganz Europa anzubieten.<\/p>\n<p>TPG besch\u00e4ftigt \u00fcber 50 Mitarbeiter und ist global t\u00e4tig. Kunden von TPG nutzen die mehr als 550.000 POS-Bargeldzahlstellen sowie das globale Online-Prepaid-Kartennetzwerk zur Abwicklung von Bargeld- und bargeldlosen Online-Zahlungen.<\/p>\n<p>Des Weiteren betreibt die PGH mit ihrer k\u00fcnftig 25%igen Beteiligung German AI Projects GmbH gemeinsam mit AI-Experten einen auf AI fokussierten Company Builder namens \u201aAI Product Factory\u2018. Daneben h\u00e4lt die PGH aus ihrer Historie als ein f\u00fchrender deutscher Venture Capital-Anbieter unter der Marke German Startups Group ein Heritage VC-Portfolio an Minderheitsbeteiligungen an teils aussichtsreichen deutschen Startups \u00fcber ihre 100%ige Tochtergesellschaft German Startups Group VC GmbH.<\/p>\n<p>&nbsp;<\/p>\n<p>&nbsp;<\/p>\n<p><strong>Investor Relations Kontakt<br \/>\n<\/strong> <strong>Rosenberg Strategic Communications<br \/>\n<\/strong> Alexander Schmidt<br \/>\na.schmidt@rosenbergsc.com<\/p>\n<p><u><a href=\"https:\/\/tpgholding.com\/wp-content\/uploads\/2025\/08\/250805-Adhoc-The-Payments-Group-Holding-\u2013-Zustimmung-der-MFSA-zu-ihrer-Ubernahme-der-The-Payments-Group.pdf\" target=\"_blank\" rel=\"nofollow\" rel=\"noopener\">Click here for PDF version<\/a><\/u><\/p>\n<p>More information at <a href=\"https:\/\/tpgholding.com\">https:\/\/tpgholding.com<\/a>\u00a0and <a href=\"https:\/\/payments-group.com\/startseite-de\/\">https:\/\/www.payments-group.com\/<\/a><\/p>\n","protected":false},"excerpt":{"rendered":"<p>+++ Ad-hoc Mitteilung +++ The Payments Group Holding \u2013 Zustimmung der MFSA zu ihrer \u00dcbernahme der The Payments Group Entscheidender Meilenstein f\u00fcr die Transformation der The Payments Group Holding in ein operatives PayTech-Unternehmen Nachhaltige Profitabilit\u00e4t und Wachstumsst\u00e4rke im Visier Frankfurt am Main, 5. August 2025, 16:36h &#8211; Die The Payments Group Holding (PGH), 2012 gegr\u00fcndete [&hellip;]<\/p>\n","protected":false},"author":4,"featured_media":0,"parent":0,"menu_order":0,"comment_status":"closed","ping_status":"closed","template":"page-full-image.php","meta":[],"_links":{"self":[{"href":"https:\/\/tpgholding.com\/index.php\/wp-json\/wp\/v2\/pages\/18524"}],"collection":[{"href":"https:\/\/tpgholding.com\/index.php\/wp-json\/wp\/v2\/pages"}],"about":[{"href":"https:\/\/tpgholding.com\/index.php\/wp-json\/wp\/v2\/types\/page"}],"author":[{"embeddable":true,"href":"https:\/\/tpgholding.com\/index.php\/wp-json\/wp\/v2\/users\/4"}],"replies":[{"embeddable":true,"href":"https:\/\/tpgholding.com\/index.php\/wp-json\/wp\/v2\/comments?post=18524"}],"version-history":[{"count":5,"href":"https:\/\/tpgholding.com\/index.php\/wp-json\/wp\/v2\/pages\/18524\/revisions"}],"predecessor-version":[{"id":18951,"href":"https:\/\/tpgholding.com\/index.php\/wp-json\/wp\/v2\/pages\/18524\/revisions\/18951"}],"wp:attachment":[{"href":"https:\/\/tpgholding.com\/index.php\/wp-json\/wp\/v2\/media?parent=18524"}],"curies":[{"name":"wp","href":"https:\/\/api.w.org\/{rel}","templated":true}]}}