{"id":18599,"date":"2025-08-18T10:10:08","date_gmt":"2025-08-18T08:10:08","guid":{"rendered":"https:\/\/tpgholding.com\/?page_id=18599"},"modified":"2025-11-25T09:44:27","modified_gmt":"2025-11-25T08:44:27","slug":"pressemitteilung-vom-15-august-2025","status":"publish","type":"page","link":"https:\/\/tpgholding.com\/index.php\/pressemitteilung-vom-15-august-2025\/","title":{"rendered":"Pressemitteilung vom 15 August 2025"},"content":{"rendered":"<figure><a href=\"https:\/\/tpgholding.com\/wp-content\/themes\/FoundationXOZ\/assets\/logo.png\" rel=\"attachment wp-att-15549\"><img decoding=\"async\" class=\"aligncenter\" src=\"https:\/\/tpgholding.com\/wp-content\/themes\/FoundationXOZ\/assets\/logo.png\" alt=\"SGT_Logo\" width=\"400px\" \/><\/a><\/figure>\n<p style=\"text-align: center;\">+++ Pressemitteilung +++<\/p>\n<p style=\"text-align: center;\"><strong>The Payments Group Holding \u2013 Anlauf der strategischen Kooperation mit Bluecode technisch und wirtschaftlich erfolgreich<br \/>\n<\/strong><\/p>\n<ul>\n<li>Nahezu weltweit einsatzf\u00e4hige Payment-App eines f\u00fchrenden europ\u00e4ischen mobilen Zahlungsdienstes mit rund 160 Millionen Akzeptanzstellen <\/li>\n<li>Zusammenarbeit mit internationalen Netzwerken wie Alipay+ und Discover Global Network sowie Mitgliedschaft in der European Mobile Payment Systems Association (EMPSA)<\/li>\n<li>Start umfangreicher Marketingkampagnen, darunter das neue \u201eTravel Wallet\u201c<\/li>\n<\/ul>\n<p><strong>Frankfurt am Main, 15. August 2025 &#8211; <\/strong>Die strategische Kooperation zwischen der The Payments Group (TPG) und Bluecode, einem f\u00fchrenden europ\u00e4ischen Bezahlsystem, ist erfolgreich angelaufen. Die TPG hat eine hoch skalierbare, nahtlos in die Bluecode-App integrierte Softwarel\u00f6sung bereitgestellt, die mit internationalen Zahlungsdiensten wie Alipay+ interoperabel ist. W\u00e4hrend der Anlaufphase wurden technische Herausforderungen gel\u00f6st sowie Systeme und Prozesse optimiert.<\/p>\n<p>Schon in den ersten Wochen verzeichnete die Prepaid-L\u00f6sung der TPG eine erfreulich hohe Zahl an Nutzern, die ihr f\u00fcr Bluecode-Zahlungen nutzbares Wallet bei der Calida Financial Ltd., einer TPG-Gesellschaft, mit Guthaben aufgeladen haben \u2013 noch bevor die aktive Vermarktung begann. Nun starten die Partner mit den vorbereiteten, breit angelegten Marketingkampagnen. Die mit der Calida-Prepaid-L\u00f6sung realisierte, attraktive globale Bezahlm\u00f6glichkeit wird dabei unter anderem als \u201eTravel Wallet\u201c f\u00fcr Vielreisende positioniert und erschlie\u00dft so neue Einsatzm\u00f6glichkeiten au\u00dferhalb des etablierten Bluecode-Akzeptanznetzwerks.<\/p>\n<p>Die The Payments Group Holding (PGH) wurde 2012 gegr\u00fcndet und im August 2024 umfirmiert. Im selben Monat vereinbarte PGH die \u00dcbernahme von vier kooperierenden FinTech- und PayTech-Unternehmen, die gemeinsam die The Payments Group bilden. Nach der bereits erteilten, mutma\u00dflich abschlie\u00dfenden Zustimmung der MFSA wird das Closing der Transaktion in den kommenden Monaten erwartet.<\/p>\n<p>&nbsp;<\/p>\n<p>&nbsp;<\/p>\n<p><strong>\u00dcber The Payments Group Holding<br \/>\n<\/strong>Die The Payments Group Holding (PGH) ist eine 2012 gegr\u00fcndete und im August 2024 umfirmierte Holdinggesellschaft und ein Venture Capital-Anbieter mit Sitz in Frankfurt am Main.<\/p>\n<p>Im August 2024 hat die PGH einen Kaufvertrag \u00fcber den Erwerb von vier PayTech-Unternehmen unterzeichnet, dessen Closing nach dem Eintreten bestimmter aufschiebender Bedingungen in Q1 2026 erwartet wird. Nach Vollzug der Transaktion wird die PGH eine Gruppe aus vier operativen PayTech-Unternehmen bilden:<\/p>\n<p>Funanga AG, Campamocha Ltd. mit ihren 100%igen Tochtergesellschaften TBWS Ltd. und Calida Financial Ltd. sowie Surfer Rosa Ltd. bilden eine wachstumsstarke, vertikal integrierte eMoney-PayTech-Unternehmensgruppe \u2013 The Payments Group (TPG). TPG bietet eigene geschlossene und offene (Marken- und White-Label-)Prepaid-Zahlungsdienste f\u00fcr Hunderte von Online-H\u00e4ndlern weltweit an. Die Synergie zwischen diesen Unternehmen positioniert die TPG als k\u00fcnftigen Marktf\u00fchrer in den Bereichen Embedded Financial Products und Prepaidl\u00f6sungen. Die Calida Financial Ltd. ist das regulierte Unternehmen innerhalb der TPG, nachdem sie im August 2024 eine E-Geld-Lizenz von der maltesischen Finanzaufsicht (MFSA) erhalten hat. Diese Lizenz erlaubt es Calida Financial Ltd. innovative E-Geld-Dienstleistungen und -Produkte in ganz Europa anzubieten.<\/p>\n<p>TPG besch\u00e4ftigt \u00fcber 50 Mitarbeiter und ist global t\u00e4tig. Kunden von TPG nutzen die mehr als 550.000 POS-Bargeldzahlstellen sowie das globale Online-Prepaid-Kartennetzwerk zur Abwicklung von Bargeld- und bargeldlosen Online-Zahlungen.<\/p>\n<p>Des Weiteren betreibt die PGH mit ihrer k\u00fcnftig 25%igen Beteiligung German AI Projects GmbH gemeinsam mit AI-Experten einen auf AI fokussierten Company Builder namens \u201aAI Product Factory\u2018. Daneben h\u00e4lt die PGH aus ihrer Historie als ein f\u00fchrender deutscher Venture Capital-Anbieter unter der Marke German Startups Group ein Heritage VC-Portfolio an Minderheitsbeteiligungen an teils aussichtsreichen deutschen Startups \u00fcber ihre 100%ige Tochtergesellschaft German Startups Group VC GmbH.<\/p>\n<p>&nbsp;<\/p>\n<p><strong>Investor Relations Kontakt<br \/>\n<\/strong> <strong>Rosenberg Strategic Communications<br \/>\n<\/strong>Alexander Schmidt<br \/>\na.schmidt@rosenbergsc.com<\/p>\n<p><u><a href=\"https:\/\/tpgholding.com\/wp-content\/uploads\/2025\/08\/The-Payments-Group-Holding-\u2013-Anlauf-der-strategischen-Kooperation-mit-Bluecode-technisch-und-wirtschaftlich-erfolgreich.pdf\" target=\"_blank\" rel=\"nofollow\" rel=\"noopener\">Click here for PDF version<\/a><\/u><\/p>\n<p>More information at <a href=\"https:\/\/tpgholding.com\">https:\/\/tpgholding.com<\/a>\u00a0and <a href=\"https:\/\/payments-group.com\/startseite-de\/\">https:\/\/www.payments-group.com\/<\/a><\/p>\n","protected":false},"excerpt":{"rendered":"<p>+++ Pressemitteilung +++ The Payments Group Holding \u2013 Anlauf der strategischen Kooperation mit Bluecode technisch und wirtschaftlich erfolgreich Nahezu weltweit einsatzf\u00e4hige Payment-App eines f\u00fchrenden europ\u00e4ischen mobilen Zahlungsdienstes mit rund 160 Millionen Akzeptanzstellen Zusammenarbeit mit internationalen Netzwerken wie Alipay+ und Discover Global Network sowie Mitgliedschaft in der European Mobile Payment Systems Association (EMPSA) Start umfangreicher Marketingkampagnen, [&hellip;]<\/p>\n","protected":false},"author":4,"featured_media":0,"parent":0,"menu_order":0,"comment_status":"closed","ping_status":"closed","template":"page-full-image.php","meta":[],"_links":{"self":[{"href":"https:\/\/tpgholding.com\/index.php\/wp-json\/wp\/v2\/pages\/18599"}],"collection":[{"href":"https:\/\/tpgholding.com\/index.php\/wp-json\/wp\/v2\/pages"}],"about":[{"href":"https:\/\/tpgholding.com\/index.php\/wp-json\/wp\/v2\/types\/page"}],"author":[{"embeddable":true,"href":"https:\/\/tpgholding.com\/index.php\/wp-json\/wp\/v2\/users\/4"}],"replies":[{"embeddable":true,"href":"https:\/\/tpgholding.com\/index.php\/wp-json\/wp\/v2\/comments?post=18599"}],"version-history":[{"count":2,"href":"https:\/\/tpgholding.com\/index.php\/wp-json\/wp\/v2\/pages\/18599\/revisions"}],"predecessor-version":[{"id":18947,"href":"https:\/\/tpgholding.com\/index.php\/wp-json\/wp\/v2\/pages\/18599\/revisions\/18947"}],"wp:attachment":[{"href":"https:\/\/tpgholding.com\/index.php\/wp-json\/wp\/v2\/media?parent=18599"}],"curies":[{"name":"wp","href":"https:\/\/api.w.org\/{rel}","templated":true}]}}