{"id":18621,"date":"2025-08-21T10:11:47","date_gmt":"2025-08-21T08:11:47","guid":{"rendered":"https:\/\/tpgholding.com\/?page_id=18621"},"modified":"2025-11-25T09:43:28","modified_gmt":"2025-11-25T08:43:28","slug":"pressemitteilung-vom-21-august-2025","status":"publish","type":"page","link":"https:\/\/tpgholding.com\/index.php\/pressemitteilung-vom-21-august-2025\/","title":{"rendered":"Pressemitteilung vom 21 August 2025"},"content":{"rendered":"<figure><a href=\"https:\/\/tpgholding.com\/wp-content\/themes\/FoundationXOZ\/assets\/logo.png\" rel=\"attachment wp-att-15549\"><img decoding=\"async\" class=\"aligncenter\" src=\"https:\/\/tpgholding.com\/wp-content\/themes\/FoundationXOZ\/assets\/logo.png\" alt=\"SGT_Logo\" width=\"400px\" \/><\/a><\/figure>\n<p style=\"text-align: center;\">+++ Pressemitteilung +++<\/p>\n<p style=\"text-align: center;\"><strong>The Payments Group Holding pr\u00fcft Einstieg in den Stablecoin Markt<br \/>\n<\/strong><\/p>\n<p><strong>Frankfurt am Main, 21. August 2025 &#8211; <\/strong>Die Gesch\u00e4ftsf\u00fchrung der The Payments Group Holding (PGH), 2012 gegr\u00fcndete und im August 2024 umfirmierte Holdinggesellschaft mit Sitz in Frankfurt am Main, pr\u00fcft die Chancen und Risiken sowie die konkreten regulatorischen Rahmenbedingungen f\u00fcr einen Einstieg in den Markt f\u00fcr Stablecoins \u2013 ein Markt, der sich weltweit rapide entwickelt.<\/p>\n<p>Ein solcher Schritt liegt nahe, da die PGH-Gruppe In ihrer k\u00fcnftigen Struktur \u00fcber das Knowhow und die wesentlichen technologischen und regulatorischen Voraussetzungen zur verf\u00fcgen d\u00fcrfte, perspektivisch eigene Stablecoins emittieren zu k\u00f6nnen. Diese Frage wird die PGH nun mit Hochdruck untersuchen.<\/p>\n<p>\u201eStablecoins verk\u00f6rpern eine Disruption herk\u00f6mmlichen Geldes und von Geldtransaktionen. Sie verbinden die Sicherheit von Leitw\u00e4hrungen wie US Dollar und Euro mit den vielen Vorteilen digitaler Assets wie Kryptow\u00e4hrungen.\u201c, sagt Christoph Gerlinger, CEO der PGH. \u201eDas Transaktionsvolumina mit Stablecoins ist im ersten Quartal 2025 auf \u00fcber 6 Billionen US Dollar angestiegen und hat damit erstmals das des globalen Kreditkartennetzwerks Visa \u00fcbertroffen. Marktforscher rechnen damit, dass Stablecoins bis 2030 einen Marktwert von mehreren Billionen US Dollar und im Transaktionsvolumen ein Vielfaches davon erreichen, und \u00fcber 10% der weltweiten Zahlungsvorg\u00e4nge ausmachen werden.\u201c<\/p>\n<p>Das erkl\u00e4rt auch das hohe politische Interesse: In den USA hat Pr\u00e4sident Donald Trump im Juli 2025 ein Dekret zur F\u00f6rderung von Stablecoins unterzeichnet \u2013 Europa steht unter Zugzwang, hier nachzuziehen.<\/p>\n<p>In Deutschland verf\u00fcgt derzeit nur ein einziger Anbieter \u2013 das Start-up AllUnity \u2013 \u00fcber eine BaFin-Lizenz f\u00fcr die MiCar-konforme Emission von Stablecoins. An AllUnity sind neben der Deutsche Bank-Tochter DWS auch Flow Traders und Galaxy Digital beteiligt. In Europa gibt es zw\u00f6lf Euro-basierte Stablecoins europ\u00e4ischer Emittenten mit unterschiedlichen Anwendungsgebieten.<\/p>\n<p>F\u00fcr die Machbarkeitsstudie hat die PGH den renommierten Blockchain Finance-Spezialisten Prof. Dr. Ralf Wandmacher mandatiert. Er gilt als einer der f\u00fchrenden Kryptow\u00e4hrungs-, Blockchain- und Tokenisierungs-Experten in Europa, und bringt seine umfassende Stablecoin-Marktkenntnis und -Erfahrung aus Forschung und Praxis ein.<\/p>\n<p>\u201eMit Ralf Wandmacher haben wir einen Experten an Bord \u2013 er wei\u00df genau, wie ein Stablecoin aufgesetzt wird, der MiCAR-konform, technologisch state of the art und f\u00fcr das anvisierte Anwendungsgebiet wirtschaftlich effizient ist\u201c, betont Christoph Gerlinger.<\/p>\n<p>&nbsp;<\/p>\n<p>&nbsp;<\/p>\n<p><strong>\u00dcber The Payments Group Holding<br \/>\n<\/strong>Die The Payments Group Holding (PGH) ist eine 2012 gegr\u00fcndete und im August 2024 umfirmierte Holdinggesellschaft und ein Venture Capital-Anbieter mit Sitz in Frankfurt am Main.<\/p>\n<p>Im August 2024 hat die PGH einen Kaufvertrag \u00fcber den Erwerb von vier PayTech-Unternehmen unterzeichnet, dessen Closing nach dem Eintreten bestimmter aufschiebender Bedingungen in Q1 2026 erwartet wird. Nach Vollzug der Transaktion wird die PGH eine Gruppe aus vier operativen PayTech-Unternehmen bilden:<\/p>\n<p>Funanga AG, Campamocha Ltd. mit ihren 100%igen Tochtergesellschaften TBWS Ltd. und Calida Financial Ltd. sowie Surfer Rosa Ltd. bilden eine wachstumsstarke, vertikal integrierte eMoney-PayTech-Unternehmensgruppe \u2013 The Payments Group (TPG). TPG bietet eigene geschlossene und offene (Marken- und White-Label-)Prepaid-Zahlungsdienste f\u00fcr Hunderte von Online-H\u00e4ndlern weltweit an. Die Synergie zwischen diesen Unternehmen positioniert die TPG als k\u00fcnftigen Marktf\u00fchrer in den Bereichen Embedded Financial Products und Prepaidl\u00f6sungen. Die Calida Financial Ltd. ist das regulierte Unternehmen innerhalb der TPG, nachdem sie im August 2024 eine E-Geld-Lizenz von der maltesischen Finanzaufsicht (MFSA) erhalten hat. Diese Lizenz erlaubt es Calida Financial Ltd. innovative E-Geld-Dienstleistungen und -Produkte in ganz Europa anzubieten.<\/p>\n<p>TPG besch\u00e4ftigt \u00fcber 50 Mitarbeiter und ist global t\u00e4tig. Kunden von TPG nutzen die mehr als 550.000 POS-Bargeldzahlstellen sowie das globale Online-Prepaid-Kartennetzwerk zur Abwicklung von Bargeld- und bargeldlosen Online-Zahlungen.<\/p>\n<p>Des Weiteren betreibt die PGH mit ihrer k\u00fcnftig 25%igen Beteiligung German AI Projects GmbH gemeinsam mit AI-Experten einen auf AI fokussierten Company Builder namens \u201aAI Product Factory\u2018. Daneben h\u00e4lt die PGH aus ihrer Historie als ein f\u00fchrender deutscher Venture Capital-Anbieter unter der Marke German Startups Group ein Heritage VC-Portfolio an Minderheitsbeteiligungen an teils aussichtsreichen deutschen Startups \u00fcber ihre 100%ige Tochtergesellschaft German Startups Group VC GmbH.<\/p>\n<p>&nbsp;<\/p>\n<p><strong>Investor Relations Kontakt<br \/>\n<\/strong> <strong>Rosenberg Strategic Communications<br \/>\n<\/strong>Alexander Schmidt<br \/>\na.schmidt@rosenbergsc.com<\/p>\n<p><u><a href=\"https:\/\/tpgholding.com\/wp-content\/uploads\/2025\/08\/250821-The-Payments-Group-Holding-pruft-Einstieg-in-den-Stablecoin-Markt.pdf\" target=\"_blank\" rel=\"nofollow\" rel=\"noopener\">Click here for PDF version<\/a><\/u><\/p>\n<p>More information at <a href=\"https:\/\/tpgholding.com\">https:\/\/tpgholding.com<\/a>\u00a0and <a href=\"https:\/\/payments-group.com\/startseite-de\/\">https:\/\/www.payments-group.com\/<\/a><\/p>\n","protected":false},"excerpt":{"rendered":"<p>+++ Pressemitteilung +++ The Payments Group Holding pr\u00fcft Einstieg in den Stablecoin Markt Frankfurt am Main, 21. August 2025 &#8211; Die Gesch\u00e4ftsf\u00fchrung der The Payments Group Holding (PGH), 2012 gegr\u00fcndete und im August 2024 umfirmierte Holdinggesellschaft mit Sitz in Frankfurt am Main, pr\u00fcft die Chancen und Risiken sowie die konkreten regulatorischen Rahmenbedingungen f\u00fcr einen Einstieg [&hellip;]<\/p>\n","protected":false},"author":4,"featured_media":0,"parent":0,"menu_order":0,"comment_status":"closed","ping_status":"closed","template":"page-full-image.php","meta":[],"_links":{"self":[{"href":"https:\/\/tpgholding.com\/index.php\/wp-json\/wp\/v2\/pages\/18621"}],"collection":[{"href":"https:\/\/tpgholding.com\/index.php\/wp-json\/wp\/v2\/pages"}],"about":[{"href":"https:\/\/tpgholding.com\/index.php\/wp-json\/wp\/v2\/types\/page"}],"author":[{"embeddable":true,"href":"https:\/\/tpgholding.com\/index.php\/wp-json\/wp\/v2\/users\/4"}],"replies":[{"embeddable":true,"href":"https:\/\/tpgholding.com\/index.php\/wp-json\/wp\/v2\/comments?post=18621"}],"version-history":[{"count":3,"href":"https:\/\/tpgholding.com\/index.php\/wp-json\/wp\/v2\/pages\/18621\/revisions"}],"predecessor-version":[{"id":18945,"href":"https:\/\/tpgholding.com\/index.php\/wp-json\/wp\/v2\/pages\/18621\/revisions\/18945"}],"wp:attachment":[{"href":"https:\/\/tpgholding.com\/index.php\/wp-json\/wp\/v2\/media?parent=18621"}],"curies":[{"name":"wp","href":"https:\/\/api.w.org\/{rel}","templated":true}]}}