{"id":18668,"date":"2025-08-27T11:12:19","date_gmt":"2025-08-27T09:12:19","guid":{"rendered":"https:\/\/tpgholding.com\/?page_id=18668"},"modified":"2025-11-25T09:42:12","modified_gmt":"2025-11-25T08:42:12","slug":"pressemitteilung-vom-27-august-2025","status":"publish","type":"page","link":"https:\/\/tpgholding.com\/index.php\/pressemitteilung-vom-27-august-2025\/","title":{"rendered":"Pressemitteilung vom 27 August 2025"},"content":{"rendered":"<figure><a href=\"https:\/\/tpgholding.com\/wp-content\/themes\/FoundationXOZ\/assets\/logo.png\" rel=\"attachment wp-att-15549\"><img decoding=\"async\" class=\"aligncenter\" src=\"https:\/\/tpgholding.com\/wp-content\/themes\/FoundationXOZ\/assets\/logo.png\" alt=\"SGT_Logo\" width=\"400px\" \/><\/a><\/figure>\n<p style=\"text-align: center;\">+++ Pressemitteilung +++<\/p>\n<p style=\"text-align: center;\"><strong>The Payments Group Holding \u2013 Ausblick bis 2028<br \/>\n<\/strong><\/p>\n<p><strong>Frankfurt am Main, 27. August 2025 &#8211; <\/strong>Die The Payments Group Holding (PGH), 2012 gegr\u00fcndete und im August 2024 umfirmierte Holdinggesellschaft mit Sitz in Frankfurt am Main, gibt einen Ausblick auf die vorl\u00e4ufigen Finanzziele des Konzerns f\u00fcr die kommenden drei Jahre. F\u00fcr diesen Zweck unterstellt die PGH, dass das ausstehende Closing der im August 2024 vereinbarten Akquisition von 75% an den The Payments Group-Gesellschaften (TPG) noch im Jahr 2025 stattfindet und diese somit ab 2026 voll in den vergr\u00f6\u00dferten Konzern konsolidiert werden.<\/p>\n<p>Das Transaktionsvolumen der TPG soll von 80 Mio. EUR in 2024 auf 100 bis 150 Mio. EUR in 2025 ansteigen, das Wachstumstempo bis 2028 in Anbetracht der k\u00fcrzlich erlangten E-Geld-Lizenz weiter zunehmen und das Transaktionsvolumen die Schwelle von 1 Mrd. EUR \u00fcberschreiten. Dabei erwartet die PGH aufgrund neuer, volumentr\u00e4chtiger Wachstumsgesch\u00e4ftsfelder, dass das Verh\u00e4ltnis von Umsatz zu Transaktionsvolumen abnehmen wird.<\/p>\n<p>Der Umsatz der TPG soll sich bis 2028 von gut 7 Mio. EUR in 2024 etwa vervierfachen, was einem j\u00e4hrlichen Wachstum von rund 40% entspr\u00e4che.<\/p>\n<p>Das EBITDA des PGH-Konzerns soll in 2026 4 Mio. EUR und in 2028 deutlich \u00fcber 10 Mio. EUR erreichen. Hierbei unterstellt die PGH, dass die Holding mit ihrem von ihr gesch\u00e4tzten Net Asset Value von \u00fcber 20 Mio. EUR einen negativen Beitrag zum EBITDA in H\u00f6he ihrer Overhead-Kosten leistet. Das erhebliche Upsidepotential aus dem Heritage VC Portfolio und dem in 2025 aufgenommenen AI Company Building ist nicht eingerechnet.<\/p>\n<p>Diese Zielgr\u00f6\u00dfen beinhalten auch nicht den derzeit in Pr\u00fcfung befindlichen Einstieg in das Stablecoin-Gesch\u00e4ft. Dieses ist schwer prognostizierbar, k\u00f6nnte aber nach vorl\u00e4ufiger Einsch\u00e4tzung der Gesch\u00e4ftsleitung das EBITDA des Konzerns ab 2027 signifikant erh\u00f6hen oder gar pr\u00e4gen.<\/p>\n<p>Der Aufsichtsrat der PGH hat indessen der Pr\u00fcfung der Chancen und Risiken sowie der konkreten regulatorischen Rahmenbedingungen f\u00fcr einen Einstieg in den Markt f\u00fcr Stablecoins zugestimmt. Die Gesch\u00e4ftsf\u00fchrung der PGH hatte dies als bedeutende strategische Option identifiziert und am 21. August 2025 angek\u00fcndigt. Stablecoins verbinden die Sicherheit von Leitw\u00e4hrungen wie US Dollar und Euro mit den vielen Vorteilen digitaler Assets wie Kryptow\u00e4hrungen und verzeichnen derzeit weltweit hohe Nachfrage und rapides Wachstum. Die PGH verfolgt dieses Projekt mit Hochdruck.<\/p>\n<p>Der CEO der PGH, Christoph Gerlinger, hat hierzu Carsten M\u00fcller (Nebenwertewelt) vor wenigen Tagen ein Interview gegeben \u2013 <a href=\"https:\/\/nebenwertewelt.podigee.io\/19-payments-group-holdings\">https:\/\/nebenwertewelt.podigee.io\/19-payments-group-holdings<\/a>.<\/p>\n<p>&nbsp;<\/p>\n<p>&nbsp;<\/p>\n<p><strong>\u00dcber The Payments Group Holding<br \/>\n<\/strong>Die The Payments Group Holding (PGH) ist eine 2012 gegr\u00fcndete und im August 2024 umfirmierte Holdinggesellschaft und ein Venture Capital-Anbieter mit Sitz in Frankfurt am Main.<\/p>\n<p>Im August 2024 hat die PGH einen Kaufvertrag \u00fcber den Erwerb von vier PayTech-Unternehmen unterzeichnet, dessen Closing nach dem Eintreten bestimmter aufschiebender Bedingungen in Q1 2026 erwartet wird. Nach Vollzug der Transaktion wird die PGH eine Gruppe aus vier operativen PayTech-Unternehmen bilden:<\/p>\n<p>Funanga AG, Campamocha Ltd. mit ihren 100%igen Tochtergesellschaften TBWS Ltd. und Calida Financial Ltd. sowie Surfer Rosa Ltd. bilden eine wachstumsstarke, vertikal integrierte eMoney-PayTech-Unternehmensgruppe \u2013 The Payments Group (TPG). TPG bietet eigene geschlossene und offene (Marken- und White-Label-)Prepaid-Zahlungsdienste f\u00fcr Hunderte von Online-H\u00e4ndlern weltweit an. Die Synergie zwischen diesen Unternehmen positioniert die TPG als k\u00fcnftigen Marktf\u00fchrer in den Bereichen Embedded Financial Products und Prepaidl\u00f6sungen. Die Calida Financial Ltd. ist das regulierte Unternehmen innerhalb der TPG, nachdem sie im August 2024 eine E-Geld-Lizenz von der maltesischen Finanzaufsicht (MFSA) erhalten hat. Diese Lizenz erlaubt es Calida Financial Ltd. innovative E-Geld-Dienstleistungen und -Produkte in ganz Europa anzubieten.<\/p>\n<p>TPG besch\u00e4ftigt \u00fcber 50 Mitarbeiter und ist global t\u00e4tig. Kunden von TPG nutzen die mehr als 550.000 POS-Bargeldzahlstellen sowie das globale Online-Prepaid-Kartennetzwerk zur Abwicklung von Bargeld- und bargeldlosen Online-Zahlungen.<\/p>\n<p>Des Weiteren betreibt die PGH mit ihrer k\u00fcnftig 25%igen Beteiligung German AI Projects GmbH gemeinsam mit AI-Experten einen auf AI fokussierten Company Builder namens \u201aAI Product Factory\u2018. Daneben h\u00e4lt die PGH aus ihrer Historie als ein f\u00fchrender deutscher Venture Capital-Anbieter unter der Marke German Startups Group ein Heritage VC-Portfolio an Minderheitsbeteiligungen an teils aussichtsreichen deutschen Startups \u00fcber ihre 100%ige Tochtergesellschaft German Startups Group VC GmbH.<\/p>\n<p>&nbsp;<\/p>\n<p><strong>Investor Relations Kontakt<br \/>\n<\/strong> <strong>Rosenberg Strategic Communications<br \/>\n<\/strong>Alexander Schmidt<br \/>\na.schmidt@rosenbergsc.com<\/p>\n<p><u><a href=\"https:\/\/tpgholding.com\/wp-content\/uploads\/2025\/08\/250827-The-Payments-Group-Holding-\u2013-Ausblick-bis-2028.pdf\" target=\"_blank\" rel=\"nofollow\" rel=\"noopener\">Click here for PDF version<\/a><\/u><\/p>\n<p>More information at <a href=\"https:\/\/tpgholding.com\">https:\/\/tpgholding.com<\/a>\u00a0and <a href=\"https:\/\/payments-group.com\/startseite-de\/\">https:\/\/www.payments-group.com\/<\/a><\/p>\n","protected":false},"excerpt":{"rendered":"<p>+++ Pressemitteilung +++ The Payments Group Holding \u2013 Ausblick bis 2028 Frankfurt am Main, 27. August 2025 &#8211; Die The Payments Group Holding (PGH), 2012 gegr\u00fcndete und im August 2024 umfirmierte Holdinggesellschaft mit Sitz in Frankfurt am Main, gibt einen Ausblick auf die vorl\u00e4ufigen Finanzziele des Konzerns f\u00fcr die kommenden drei Jahre. F\u00fcr diesen Zweck [&hellip;]<\/p>\n","protected":false},"author":4,"featured_media":0,"parent":0,"menu_order":0,"comment_status":"closed","ping_status":"closed","template":"page-full-image.php","meta":[],"_links":{"self":[{"href":"https:\/\/tpgholding.com\/index.php\/wp-json\/wp\/v2\/pages\/18668"}],"collection":[{"href":"https:\/\/tpgholding.com\/index.php\/wp-json\/wp\/v2\/pages"}],"about":[{"href":"https:\/\/tpgholding.com\/index.php\/wp-json\/wp\/v2\/types\/page"}],"author":[{"embeddable":true,"href":"https:\/\/tpgholding.com\/index.php\/wp-json\/wp\/v2\/users\/4"}],"replies":[{"embeddable":true,"href":"https:\/\/tpgholding.com\/index.php\/wp-json\/wp\/v2\/comments?post=18668"}],"version-history":[{"count":3,"href":"https:\/\/tpgholding.com\/index.php\/wp-json\/wp\/v2\/pages\/18668\/revisions"}],"predecessor-version":[{"id":18943,"href":"https:\/\/tpgholding.com\/index.php\/wp-json\/wp\/v2\/pages\/18668\/revisions\/18943"}],"wp:attachment":[{"href":"https:\/\/tpgholding.com\/index.php\/wp-json\/wp\/v2\/media?parent=18668"}],"curies":[{"name":"wp","href":"https:\/\/api.w.org\/{rel}","templated":true}]}}