{"id":18741,"date":"2025-09-02T11:50:05","date_gmt":"2025-09-02T09:50:05","guid":{"rendered":"https:\/\/tpgholding.com\/?page_id=18741"},"modified":"2025-11-25T09:41:53","modified_gmt":"2025-11-25T08:41:53","slug":"pressemitteilung-vom-2-september-2025","status":"publish","type":"page","link":"https:\/\/tpgholding.com\/index.php\/pressemitteilung-vom-2-september-2025\/","title":{"rendered":"Pressemitteilung vom 2 September 2025"},"content":{"rendered":"<figure><a href=\"https:\/\/tpgholding.com\/wp-content\/themes\/FoundationXOZ\/assets\/logo.png\" rel=\"attachment wp-att-15549\"><img decoding=\"async\" class=\"aligncenter\" src=\"https:\/\/tpgholding.com\/wp-content\/themes\/FoundationXOZ\/assets\/logo.png\" alt=\"SGT_Logo\" width=\"400px\" \/><\/a><\/figure>\n<p style=\"text-align: center;\">+++ Pressemitteilung (nachbearbeitet am 29.09.2025)+++<\/p>\n<p style=\"text-align: center;\"><strong>The Payments Group Holding \u2013 Ergebnisse der Hauptversammlung und Aufsichtsratssitzung<br \/>\n<\/strong><\/p>\n<ul>\n<li>Reiner Sachs folgt als neuer Aufsichtsratsvorsitzender auf G\u00fcnther Paul L\u00f6w<\/li>\n<li>Stefan Menz zum Aufsichtsratsmitglied gew\u00e4hlt<\/li>\n<li>Breite Zustimmung der Hauptversammlung zu den Beschlussvorschl\u00e4gen samt Geltendmachung und Durchsetzung von Anspr\u00fcchen gegen die SGT Capital-Gruppe<\/li>\n<li>Bericht zur unabh\u00e4ngigen Untersuchung der Geschehnisse bei der TGS24 zwischen April 2023 und April 2024<\/li>\n<li>Mutma\u00dfliche Unregelm\u00e4\u00dfigkeiten bei der fr\u00fcheren Gesch\u00e4ftsleitung der TGS24 durch drei SGT Capital-Partner<\/li>\n<\/ul>\n<p><strong>Frankfurt am Main, 2. September 2025 &#8211; <\/strong>Die am 28. August 2025 durchgef\u00fchrte Hauptversammlung der The Payments Group Holding (PGH), 2012 gegr\u00fcndete und im August 2024 umfirmierte Holdinggesellschaft mit Sitz in Frankfurt am Main, hat den Rechts- und Wirtschaftswissenschaftler Stefan Menz LL.M. zum Aufsichtsratsmitglied gew\u00e4hlt. Im Anschluss an die Hauptversammlung hat der Aufsichtsrat das langj\u00e4hrige Aufsichtsratsmitglied Reiner Sachs aus seiner Mitte zum Vorsitzenden und das langj\u00e4hrige Aufsichtsratsmitglied Gerhard Koning erneut zum stellvertretenden Vorsitzenden gew\u00e4hlt. Der bisherige Aufsichtsratsvorsitzende G\u00fcnther Paul L\u00f6w hatte sein Aufsichtsratsmandat nach 33 Jahren Aufsichtsratst\u00e4tigkeit in verschiedenen Unternehmen zum Ablauf der Hauptversammlung niederlegt. Die \u00fcbrigen Aufsichtsratsmitglieder und der CEO der PGH, Christoph Gerlinger, haben ihm ihren Dank f\u00fcr die vertrauensvolle Zusammenarbeit ausgesprochen.<\/p>\n<p>Die Beschlussvorschl\u00e4ge der Komplement\u00e4rin der PGH haben in der Hauptversammlung jeweils mehr als 98% Zustimmung erhalten. F\u00fcr den Beschlussvorschlag zur Geltendmachung und Durchsetzung von Anspr\u00fcchen gegen die SGT Capital-Gruppe haben sogar 100% der anwesenden Aktion\u00e4re gestimmt. Damit ist die wiederholte, absurde Behauptung der SGT Capital LLC (SGTLLC) widerlegt, bei den bisherigen rechtlichen Schritten gegen die SGT-Gruppe und diesbez\u00fcglichen \u00c4u\u00dferungen der PGH handele es sich blo\u00df um eine pers\u00f6nliche Vendetta ihres CEO.<\/p>\n<p>Die von Joseph Pacini und Carsten Geyer gesteuerte SGT Capital-Gruppe, ihre Partner und ihr Vorl\u00e4uferunternehmen XiO waren bereits in der Vergangenheit in eine Vielzahl von Rechtsauseinandersetzungen rund um den Globus verwickelt, darunter mit der Verk\u00e4uferin in ihrem 2023 gescheiterten Elatec-Deal, einer Gesellschaft der Summit-Partners-Gruppe, mit Investoren der XiO, mit dem Wall Street Journal bzw. seiner Tr\u00e4gergesellschaft Dow Jones, mit der Mehrzahl ihrer fr\u00fcheren Partner und sogar mit den derzeitigen SGTLLC-Partnern Marcel Normann und Jens Dino Steinborn sowie mit ihren eigenen Anw\u00e4lten. Ein Teil dieser Streitigkeiten dauert nach Informationen der PGH noch an.<\/p>\n<p>Hintergrund des Beschlussvorschlags an die Hauptversammlung sind die bereits berichteten Rechtsstreitigkeiten mit der SGT-Gruppe und mutma\u00dflichen Unregelm\u00e4\u00dfigkeiten, die bei der fr\u00fcheren Gesch\u00e4ftsleitung der singapurischen PGH-Tochter TGS24 Capital Pte. Ltd. (TGSG24, vormals SGT Capital Pte. Ltd.) zwischen April 2023 und April 2024 zu verzeichnen sind und die bereits Gegenstand des Abh\u00e4ngigkeitsberichts 2024 und der Hauptversammlungseinladung der PGH waren. Die Leitung der Gesch\u00e4fte der TGS24 erfolgte in diesem Zeitraum unter anderem durch die SGT-Partner Marianne Rajic, Marcel Normann und Jens Dino Steinborn.<\/p>\n<p>Hierzu hat die PGH bereits im Juli 2024 eine unabh\u00e4ngige Untersuchung der Geschehnisse bei der TGS24 zwischen April 2023 und April 2024 bei einem renommierten forensischen Ermittlungsdienstleister in Auftrag gegeben. Dar\u00fcber liegt nun ein vorl\u00e4ufiger Bericht vor. Die Aufkl\u00e4rung wurde dadurch verz\u00f6gert, dass die fr\u00fchere Gesch\u00e4ftsleitung der TGS24 dem Buchhaltungssoftware-Dienstleister SAGE unter rechtlichen Drohungen untersagt hat, der TSG24 Zugang zu ihrem eigenen, von ihr abonnierten Buchhaltungssystem einzur\u00e4umen.<\/p>\n<p>Nach Verst\u00e4ndnis der PGH liegt eine erhebliche Zahl von mutma\u00dflichen Unregelm\u00e4\u00dfigkeiten vor, durch die der TGS24 Millionensch\u00e4den zugef\u00fcgt worden sein d\u00fcrften. Nach Ansicht der PGH ist nun jeweils zu pr\u00fcfen, ob und welche Rechtsverst\u00f6\u00dfe vorliegen, wer sie verursacht hat, und ob sie beispielsweise die Tatbest\u00e4nde der Untreue erf\u00fcllen.<\/p>\n<p>Unter anderem haben die damaligen Direktoren der TGS24 \u2013 ohne f\u00fcr die PGH erkennbare Rechtsgr\u00fcnde oder Anl\u00e4sse \u2013 Zahlungen der TGS24 an die SGTLLC und ihr nahestehende Unternehmen get\u00e4tigt, Darlehen an diese ausgereicht und Auslagen f\u00fcr diese get\u00e4tigt, die bis heute nicht oder nur teilweise an die TGS24 zur\u00fcckgezahlt wurden, darunter 71 TEUR f\u00fcr eine Gerichtsgeb\u00fchr einer SGT ELT BidCo GmbH im Zusammenhang mit dem Elatec-Rechtsstreit, 200 TEUR f\u00fcr einen Aktienerwerb der SGT Beteiligungsberatung GmbH (SGTBB), 500 TEUR als Anzahlungen an die SGTBB und 1,4 Mio. EUR Auslagen f\u00fcr den SGT Capital Fund II und andere Entit\u00e4ten. Ab September 2023 hatten die damaligen Direktoren der TGS24 das Finanzreporting an die PGH verweigert. Der PGH erscheint es naheliegend, dass sie f\u00fcr etwaige Sch\u00e4den haften, zumal drei von ihnen zugleich wirtschaftlich Beg\u00fcnstigte der SGT-Gruppe sind, mit denen die TGS24 st\u00e4ndig Transaktionen get\u00e4tigt hat. Somit waren die damaligen Direktoren der TGS24 einem st\u00e4ndigen Interessenkonflikt ausgesetzt. Die von der PGH bei der TGS24 vorgefundenen Unterlagen brachten auch die Einr\u00e4umung einer Darlehenslinie an die SGT ELT BidCo zur Begleichung von Geb\u00fchren, Kosten und Honoraren im Elatec-Rechtsstreit seitens des von CSC Intertrust administrierten SGT Capital Fund II in H\u00f6he von von 3,35 Mio. EUR ans Licht, wodurch der Wert der der TGS24 von der SGTLLC einger\u00e4umten Sicherheiten nennenswert geschm\u00e4lert worden sein k\u00f6nnte. Marcel Normann hat in Vertretung der TGS24 zudem wenige Tage vor seinem Ausscheiden im Februar 2024 eine deutliche Verschlechterung dieser Besicherung vereinbart. Wie sich erst in 2025 herausstellte, haben die damaligen Direktoren der TGS24 m\u00f6glicherweise des weiteren pflichtwidrig vers\u00e4umt, eine Dokumentation der ordnungsgem\u00e4\u00dfen Besicherung laut Besicherungsvereinbarung bei der SGTLLC einzufordern. Soweit die TGS24 bei Transaktionen zu Gunsten der SGT-Gruppe gesch\u00e4digt wurde, stellt sich nach der Ansicht der PGH auch die Frage einer etwaigen pers\u00f6nlichen Bereicherung.<\/p>\n<p>Der CEO der PGH schockiert: \u201eIch bin fassungslos und auch sonst menschlich sehr entt\u00e4uscht von den SGT-Partnern \u2013 nicht nur wegen der massiven Verfehlung ihrer Fundraising-Versprechen aus 2020 bis zu unserer Trennung in 2024, des Nichtvorhandenseins der angeblichen verbindlichen Kapitalzusage von 411 Mio. USD eines asiatischen Finanzdienstleisters und des Scheiterns des Elatec-Deals in 2023, was zur Einstellung unseres verlusttr\u00e4chtigen Private Equity-Gesch\u00e4fts und zu unserer Trennung von der SGT Capital im Februar 2024 gef\u00fchrt hat. Sondern insbesondere wegen der vorgefundenen, vielleicht in Antizipation der bevorstehenden Trennung verursachten mutma\u00dflichen Unregelm\u00e4\u00dfigkeiten und des sch\u00e4bigen Verhaltens nach der Trennung. So versuchen sie bekanntlich, sich ihren Zahlungsverpflichtungen uns gegen\u00fcber zu entziehen, sogar solchen, die sie selbst durch mutma\u00dfliche Unregelm\u00e4\u00dfigkeiten wie Vornahmen von Zahlungen, Darlehenseinr\u00e4umungen und Auslagen\u00fcbernahmen der TGS24 zu Gunsten der SGT-Gruppe verursacht haben. Selbst die unserem Team von ihnen versprochenen Boni 2023 haben sie bis heute nicht bezahlt. Dabei waren Carsten, Marcel, Dino und ich auch privat befreundet und haben uns vertraut. Carsten und Georg wollten sogar noch im Sommer 2023 ein Immobilienprojekt mit mir gemeinsam t\u00e4tigen. Und nicht zuletzt hat die SGT Capital sogar ihr bis dato einziges Private Equity-Investment, den Ultimaco-Deal, unter anderem auch der PGH zu verdanken, da die PGH ihre Anlaufverluste im Zeitraum September 2020 \u2013 Mai 2022 von knapp 7 Mio. EUR finanziert hat, darunter insbesondere die SGT-Partnergeh\u00e4lter und die ihres Teams.\u201c<\/p>\n<p>&nbsp;<\/p>\n<p>&nbsp;<\/p>\n<p>&nbsp;<\/p>\n<p><strong>\u00dcber The Payments Group Holding<br \/>\n<\/strong>Die The Payments Group Holding (PGH) ist eine 2012 gegr\u00fcndete und im August 2024 umfirmierte Holdinggesellschaft und ein Venture Capital-Anbieter mit Sitz in Frankfurt am Main.<\/p>\n<p>Im August 2024 hat die PGH einen Kaufvertrag \u00fcber den Erwerb von vier PayTech-Unternehmen unterzeichnet, dessen Closing nach dem Eintreten bestimmter aufschiebender Bedingungen in Q1 2026 erwartet wird. Nach Vollzug der Transaktion wird die PGH eine Gruppe aus vier operativen PayTech-Unternehmen bilden:<\/p>\n<p>Funanga AG, Campamocha Ltd. mit ihren 100%igen Tochtergesellschaften TBWS Ltd. und Calida Financial Ltd. sowie Surfer Rosa Ltd. bilden eine wachstumsstarke, vertikal integrierte eMoney-PayTech-Unternehmensgruppe \u2013 The Payments Group (TPG). TPG bietet eigene geschlossene und offene (Marken- und White-Label-)Prepaid-Zahlungsdienste f\u00fcr Hunderte von Online-H\u00e4ndlern weltweit an. Die Synergie zwischen diesen Unternehmen positioniert die TPG als k\u00fcnftigen Marktf\u00fchrer in den Bereichen Embedded Financial Products und Prepaidl\u00f6sungen. Die Calida Financial Ltd. ist das regulierte Unternehmen innerhalb der TPG, nachdem sie im August 2024 eine E-Geld-Lizenz von der maltesischen Finanzaufsicht (MFSA) erhalten hat. Diese Lizenz erlaubt es Calida Financial Ltd. innovative E-Geld-Dienstleistungen und -Produkte in ganz Europa anzubieten.<\/p>\n<p>TPG besch\u00e4ftigt \u00fcber 50 Mitarbeiter und ist global t\u00e4tig. Kunden von TPG nutzen die mehr als 550.000 POS-Bargeldzahlstellen sowie das globale Online-Prepaid-Kartennetzwerk zur Abwicklung von Bargeld- und bargeldlosen Online-Zahlungen.<\/p>\n<p>Des Weiteren betreibt die PGH mit ihrer k\u00fcnftig 25%igen Beteiligung German AI Projects GmbH gemeinsam mit AI-Experten einen auf AI fokussierten Company Builder namens \u201aAI Product Factory\u2018. Daneben h\u00e4lt die PGH aus ihrer Historie als ein f\u00fchrender deutscher Venture Capital-Anbieter unter der Marke German Startups Group ein Heritage VC-Portfolio an Minderheitsbeteiligungen an teils aussichtsreichen deutschen Startups \u00fcber ihre 100%ige Tochtergesellschaft German Startups Group VC GmbH.<\/p>\n<p>&nbsp;<\/p>\n<p><strong>Investor Relations Kontakt<br \/>\n<\/strong> <strong>Rosenberg Strategic Communications<br \/>\n<\/strong>Alexander Schmidt<br \/>\na.schmidt@rosenbergsc.com<\/p>\n<p><u><a href=\"https:\/\/tpgholding.com\/wp-content\/uploads\/2025\/09\/250902-The-Payments-Group-Holding-\u2013-The-Payments-Group-Holding-\u2013-Ergebnisse-der-Hauptversammlung-und-Aufsichtsratssitzung-1.pdf\" target=\"_blank\" rel=\"nofollow\" rel=\"noopener\">Click here for PDF version<\/a><\/u><\/p>\n<p>More information at <a href=\"https:\/\/tpgholding.com\">https:\/\/tpgholding.com<\/a>\u00a0and <a href=\"https:\/\/payments-group.com\/startseite-de\/\">https:\/\/www.payments-group.com\/<\/a><\/p>\n","protected":false},"excerpt":{"rendered":"<p>+++ Pressemitteilung (nachbearbeitet am 29.09.2025)+++ The Payments Group Holding \u2013 Ergebnisse der Hauptversammlung und Aufsichtsratssitzung Reiner Sachs folgt als neuer Aufsichtsratsvorsitzender auf G\u00fcnther Paul L\u00f6w Stefan Menz zum Aufsichtsratsmitglied gew\u00e4hlt Breite Zustimmung der Hauptversammlung zu den Beschlussvorschl\u00e4gen samt Geltendmachung und Durchsetzung von Anspr\u00fcchen gegen die SGT Capital-Gruppe Bericht zur unabh\u00e4ngigen Untersuchung der Geschehnisse bei der [&hellip;]<\/p>\n","protected":false},"author":4,"featured_media":0,"parent":0,"menu_order":0,"comment_status":"closed","ping_status":"closed","template":"page-full-image.php","meta":[],"_links":{"self":[{"href":"https:\/\/tpgholding.com\/index.php\/wp-json\/wp\/v2\/pages\/18741"}],"collection":[{"href":"https:\/\/tpgholding.com\/index.php\/wp-json\/wp\/v2\/pages"}],"about":[{"href":"https:\/\/tpgholding.com\/index.php\/wp-json\/wp\/v2\/types\/page"}],"author":[{"embeddable":true,"href":"https:\/\/tpgholding.com\/index.php\/wp-json\/wp\/v2\/users\/4"}],"replies":[{"embeddable":true,"href":"https:\/\/tpgholding.com\/index.php\/wp-json\/wp\/v2\/comments?post=18741"}],"version-history":[{"count":7,"href":"https:\/\/tpgholding.com\/index.php\/wp-json\/wp\/v2\/pages\/18741\/revisions"}],"predecessor-version":[{"id":18941,"href":"https:\/\/tpgholding.com\/index.php\/wp-json\/wp\/v2\/pages\/18741\/revisions\/18941"}],"wp:attachment":[{"href":"https:\/\/tpgholding.com\/index.php\/wp-json\/wp\/v2\/media?parent=18741"}],"curies":[{"name":"wp","href":"https:\/\/api.w.org\/{rel}","templated":true}]}}