{"id":18854,"date":"2025-11-10T09:51:54","date_gmt":"2025-11-10T08:51:54","guid":{"rendered":"https:\/\/tpgholding.com\/?page_id=18854"},"modified":"2026-01-02T17:32:43","modified_gmt":"2026-01-02T16:32:43","slug":"pressemitteilung-vom-10-november-2025","status":"publish","type":"page","link":"https:\/\/tpgholding.com\/index.php\/pressemitteilung-vom-10-november-2025\/","title":{"rendered":"Pressemitteilung vom 10 November 2025"},"content":{"rendered":"<figure><a href=\"https:\/\/tpgholding.com\/wp-content\/themes\/FoundationXOZ\/assets\/logo.png\" rel=\"attachment wp-att-15549\"><img decoding=\"async\" class=\"aligncenter\" src=\"https:\/\/tpgholding.com\/wp-content\/themes\/FoundationXOZ\/assets\/logo.png\" alt=\"SGT_Logo\" width=\"400px\" \/><\/a><\/figure>\n<p style=\"text-align: center;\">+++ Pressemitteilung +++<\/p>\n<p style=\"text-align: center;\"><strong>The Payments Group Holding \u2013 Aktualisierter Ausblick bis 2028 und Neuigkeiten von ihrem AI-Engagement <\/strong><\/p>\n<p><strong>Frankfurt am Main, 10. November 2025 &#8211; <\/strong>Die The Payments Group Holding (PGH), 2012 gegr\u00fcndete und im August 2024 umfirmierte Holdinggesellschaft mit Sitz in Frankfurt am Main, aktualisiert ihren Ausblick auf die vorl\u00e4ufigen Finanzziele des Konzerns f\u00fcr die kommenden drei Jahre. F\u00fcr diesen Zweck unterstellt die PGH, dass das ausstehende Closing der im August 2024 vereinbarten Akquisition von 75% an den The Payments Group-Gesellschaften (TPG) noch im Jahr 2025 stattfindet und diese somit ab 2026 voll in den vergr\u00f6\u00dferten Konzern konsolidiert werden.<\/p>\n<p>Das Transaktionsvolumen der TPG soll von 80 Mio. EUR in 2024 auf knapp 100 Mio. EUR in 2025 ansteigen, das Wachstumstempo bis 2028 in Anbetracht der k\u00fcrzlich erlangten E-Geld-Lizenz weiter zunehmen und das Transaktionsvolumen in 2028 zwischen 800 Mio. und gut 1,9 Mrd. EUR erreichen. Dabei erwartet die PGH aufgrund neuer, volumentr\u00e4chtiger Wachstumsgesch\u00e4ftsfelder, dass das Verh\u00e4ltnis von Umsatz zu Transaktionsvolumen abnehmen wird.<\/p>\n<p>Der Umsatz der TPG soll sich bis 2028 von gut 7 Mio. EUR in 2024 etwa verdrei- bis verf\u00fcnffachen, was einem j\u00e4hrlichen Wachstum von knapp 30 bis \u00fcber 60% entspr\u00e4che.<\/p>\n<p>Das EBITDA des PGH-Konzerns soll bis 2028 auf 5 bis 12 Mio. EUR ansteigen, und sich in 2026 auf 2 bis 2,5 Mio. EUR belaufen. Hierbei unterstellt die PGH, dass die Holding mit ihrem von ihr gesch\u00e4tzten Net Asset Value von \u00fcber 20 Mio. EUR keinen negativen Beitrag zum EBITDA leistet, sondern Wertsteigerungen aus dem Heritage VC Portfolio und dem in 2025 aufgenommenen AI Company Building in H\u00f6he ihrer Overhead-Aufwendungen erzielt. Andernfalls w\u00e4re ein negativer EBITDA-Beitrag in Abzug zu bringen.<\/p>\n<p>Diese Zielgr\u00f6\u00dfen beinhalten nicht den derzeit in Pr\u00fcfung befindlichen Einstieg in das Stablecoin-Gesch\u00e4ft. Dieses ist schwer prognostizierbar, k\u00f6nnte aber nach vorl\u00e4ufiger Einsch\u00e4tzung der Gesch\u00e4ftsleitung das EBITDA des Konzerns ab 2027 signifikant erh\u00f6hen oder gar pr\u00e4gen.<\/p>\n<p>Mit ihrem strategischen Engagement im Bereich K\u00fcnstliche Intelligenz bei dem von ihr ins Leben gerufenen AI-Company-Builder Softmax AI hat die PGH weitere Fortschritte erzielt.<\/p>\n<p>Mit der Cognicare AI GmbH wurde das erste Venture erfolgreich ausgegr\u00fcndet. Es entwickelt, vermarktet und betreibt AI gest\u00fctzte Software-Assistenzsysteme im Pflegebereich und ein digitales \u00d6kosystem zur Entlastung von Pflegekr\u00e4ften und zur Verbesserung der Sicherheit von Bewohnerinnen und Bewohnern in station\u00e4ren Einrichtungen. Als Gesch\u00e4ftsf\u00fchrer konnte Philipp Buchta gewonnen werden, langj\u00e4hriger Leiter mehrerer station\u00e4rer Pflegeeinrichtungen.<\/p>\n<p>Das System wird bereits seit einigen Wochen mit gro\u00dfem Erfolg in einem Pilotbetrieb eingesetzt, ein zweiter und dritter Betrieb werden in K\u00fcrze folgen. Sechs weitere Pflegeeinrichtungen haben ohne aktive Marketing-Anstrengungen bereits konkretes Interesse signalisiert. Der adressierbare Zielmarkt umfasst gut 11.000 station\u00e4re Pflegeeinrichtungen in Deutschland.<\/p>\n<p>Neben Cognicare AI befinden sich mit Inspectos, einem Computer-Vision-Tool zur Begutachtung und Dokumentation von Bauteilen und mit Jobklar, einem Online-AI-Bewerbungstrainer, weitere Produkte und potenzielle Ausgr\u00fcndungen in Vorbereitung. Daneben hat die Softmax auf Grundlage von Gespr\u00e4chen mit mittelst\u00e4ndischen Unternehmen j\u00fcngst ein sehr vielversprechendes, neues Projekt ins Auge gefasst, das mit den bereits entwickelten Anwendungen technologisch verwandt ist.<\/p>\n<p>&nbsp;<\/p>\n<p>&nbsp;<\/p>\n<p><strong>\u00dcber The Payments Group Holding<br \/>\n<\/strong>Die The Payments Group Holding (PGH) ist eine 2012 gegr\u00fcndete und im August 2024 umfirmierte Holdinggesellschaft und ein Venture Capital-Anbieter mit Sitz in Frankfurt am Main.<\/p>\n<p>Im August 2024 hat die PGH einen Kaufvertrag \u00fcber den Erwerb von vier PayTech-Unternehmen unterzeichnet, dessen Closing nach dem Eintreten bestimmter aufschiebender Bedingungen in Q1 2026 erwartet wird. Nach Vollzug der Transaktion wird die PGH eine Gruppe aus vier operativen PayTech-Unternehmen bilden:<\/p>\n<p>Funanga AG, Campamocha Ltd. mit ihren 100%igen Tochtergesellschaften TBWS Ltd. und Calida Financial Ltd. sowie Surfer Rosa Ltd. bilden eine wachstumsstarke, vertikal integrierte eMoney-PayTech-Unternehmensgruppe \u2013 The Payments Group (TPG). TPG bietet eigene geschlossene und offene (Marken- und White-Label-)Prepaid-Zahlungsdienste f\u00fcr Hunderte von Online-H\u00e4ndlern weltweit an. Die Synergie zwischen diesen Unternehmen positioniert die TPG als k\u00fcnftigen Marktf\u00fchrer in den Bereichen Embedded Financial Products und Prepaidl\u00f6sungen. Die Calida Financial Ltd. ist das regulierte Unternehmen innerhalb der TPG, nachdem sie im August 2024 eine E-Geld-Lizenz von der maltesischen Finanzaufsicht (MFSA) erhalten hat. Diese Lizenz erlaubt es Calida Financial Ltd. innovative E-Geld-Dienstleistungen und -Produkte in ganz Europa anzubieten.<\/p>\n<p>TPG besch\u00e4ftigt \u00fcber 50 Mitarbeiter und ist global t\u00e4tig. Kunden von TPG nutzen die mehr als 550.000 POS-Bargeldzahlstellen sowie das globale Online-Prepaid-Kartennetzwerk zur Abwicklung von Bargeld- und bargeldlosen Online-Zahlungen.<\/p>\n<p>Des Weiteren betreibt die PGH mit ihrer 25%igen Beteiligung Softmax AI GmbH gemeinsam mit AI-Experten einen auf AI fokussierten Company Builder. Daneben h\u00e4lt die PGH aus ihrer Historie als ein f\u00fchrender deutscher Venture Capital-Anbieter unter der Marke German Startups Group ein Heritage VC-Portfolio an Minderheitsbeteiligungen an teils aussichtsreichen deutschen Startups \u00fcber ihre 100%ige Tochtergesellschaft German Startups Group VC GmbH.<\/p>\n<p>&nbsp;<\/p>\n<p><strong>Investor Relations Kontakt<br \/>\n<\/strong> <strong>Rosenberg Strategic Communications<br \/>\n<\/strong>Alexander Schmidt<br \/>\na.schmidt@rosenbergsc.com<\/p>\n<p><u><a href=\"https:\/\/tpgholding.com\/wp-content\/uploads\/2026\/01\/251110-The-Payments-Group-Holding-\u2013-Updated-outlook-through-2028-and-news-about-its-AI-engagement.pdf\" target=\"_blank\" rel=\"nofollow\" rel=\"noopener\">Click here for PDF version<\/a><\/u><\/p>\n<p>More information at <a href=\"https:\/\/tpgholding.com\">https:\/\/tpgholding.com<\/a>\u00a0and <a href=\"https:\/\/payments-group.com\/startseite-de\/\">https:\/\/www.payments-group.com\/<\/a><\/p>\n","protected":false},"excerpt":{"rendered":"<p>+++ Pressemitteilung +++ The Payments Group Holding \u2013 Aktualisierter Ausblick bis 2028 und Neuigkeiten von ihrem AI-Engagement Frankfurt am Main, 10. November 2025 &#8211; Die The Payments Group Holding (PGH), 2012 gegr\u00fcndete und im August 2024 umfirmierte Holdinggesellschaft mit Sitz in Frankfurt am Main, aktualisiert ihren Ausblick auf die vorl\u00e4ufigen Finanzziele des Konzerns f\u00fcr die [&hellip;]<\/p>\n","protected":false},"author":4,"featured_media":0,"parent":0,"menu_order":0,"comment_status":"closed","ping_status":"closed","template":"page-full.php","meta":[],"_links":{"self":[{"href":"https:\/\/tpgholding.com\/index.php\/wp-json\/wp\/v2\/pages\/18854"}],"collection":[{"href":"https:\/\/tpgholding.com\/index.php\/wp-json\/wp\/v2\/pages"}],"about":[{"href":"https:\/\/tpgholding.com\/index.php\/wp-json\/wp\/v2\/types\/page"}],"author":[{"embeddable":true,"href":"https:\/\/tpgholding.com\/index.php\/wp-json\/wp\/v2\/users\/4"}],"replies":[{"embeddable":true,"href":"https:\/\/tpgholding.com\/index.php\/wp-json\/wp\/v2\/comments?post=18854"}],"version-history":[{"count":4,"href":"https:\/\/tpgholding.com\/index.php\/wp-json\/wp\/v2\/pages\/18854\/revisions"}],"predecessor-version":[{"id":19087,"href":"https:\/\/tpgholding.com\/index.php\/wp-json\/wp\/v2\/pages\/18854\/revisions\/19087"}],"wp:attachment":[{"href":"https:\/\/tpgholding.com\/index.php\/wp-json\/wp\/v2\/media?parent=18854"}],"curies":[{"name":"wp","href":"https:\/\/api.w.org\/{rel}","templated":true}]}}