{"id":18885,"date":"2025-11-21T13:35:18","date_gmt":"2025-11-21T12:35:18","guid":{"rendered":"https:\/\/tpgholding.com\/?page_id=18885"},"modified":"2025-11-25T09:39:57","modified_gmt":"2025-11-25T08:39:57","slug":"ad-hoc-mitteilung-vom-21-november-2025","status":"publish","type":"page","link":"https:\/\/tpgholding.com\/index.php\/ad-hoc-mitteilung-vom-21-november-2025\/","title":{"rendered":"Ad-hoc Mitteilung vom 21. November 2025"},"content":{"rendered":"<figure><a href=\"https:\/\/tpgholding.com\/wp-content\/themes\/FoundationXOZ\/assets\/logo.png\" rel=\"attachment wp-att-15549\"><img decoding=\"async\" class=\"aligncenter\" src=\"https:\/\/tpgholding.com\/wp-content\/themes\/FoundationXOZ\/assets\/logo.png\" alt=\"SGT_Logo\" width=\"400px\" \/><\/a><\/figure>\n<p style=\"text-align: center;\">+++ Ad-hoc Mitteilung +++<\/p>\n<p style=\"text-align: center;\"><strong>The Payments Group Holding &#8211; \u00d6ffentliches Angebot zum Bezug eigener Aktien<br \/>\n<\/strong><\/p>\n<p><strong>Frankfurt am Main, 21. November 2025, 13:34h &#8211; <\/strong>Die pers\u00f6nlich haftende Gesellschafterin der The Payments Group Holding (PGH), eine in 2012 gegr\u00fcndete und im August 2024 umfirmierte Holdinggesellschaft mit Sitz in Frankfurt am Main, hat heute mit Zustimmung des Aufsichtsrats beschlossen, ihren Aktion\u00e4ren auf Grundlage des Erm\u00e4chtigungsbeschlusses der Hauptversammlung der Gesellschaft vom 14. August 2024 unter TOP 10 lit. b) den Bezug eigener Aktien anzubieten.<\/p>\n<p>Die PGH bietet ihren Aktion\u00e4ren vom 25. November 2025 bis 9. Dezember 2025 den Bezug von bis zu 2.850.000 eigenen Aktien zum Kurs von 0,35 EUR an. Das Gesamtemissionsvolumen betr\u00e4gt mithin bis zu 1,0 Mio. EUR. Der Abschlag auf den Durchschnitt der Xetra-Schlusskurse der letzten zehn Handelstage bel\u00e4uft sich auf 45%. Das Bezugsverh\u00e4ltnis betr\u00e4gt 4:1, das hei\u00dft je vier Aktien berechtigen zum Erwerb von einer (eigenen) Aktie der Gesellschaft. Sofern nicht s\u00e4mtliche Bezugsrechte ausge\u00fcbt werden, besteht die M\u00f6glichkeit des \u00dcberbezugs. Der CEO und Gr\u00fcnder der PGH und Gesch\u00e4ftsf\u00fchrer der pers\u00f6nlich haftenden Gesellschafterin, die Mitglieder seiner Familie und die Gruppe der Aufsichtsratsmitglieder bzw. die Vehikel der genannten Personengruppen haben erkl\u00e4rt, eigene Aktien im Verh\u00e4ltnis von mindestens 4:1 zu erwerben.<\/p>\n<p>Zu dem \u00f6ffentlichen Angebot wird die PGH ein Informationsdokument gem\u00e4\u00df Anhang IX der Verordnung (EU) 2017\/1129 auf ihrer Website unter <a href=\"https:\/\/tpgholding.com\/index.php\/fuer-aktionaere\/aktie\/\">https:\/\/tpgholding.com\/index.php\/fuer-aktionaere\/aktie<\/a>\/ ver\u00f6ffentlichen.<\/p>\n<p>Die Erl\u00f6se aus der Ver\u00e4u\u00dferung eigener Aktien sollen die Liquidit\u00e4t der Gesellschaft bis zum Eintritt der aufschiebenden Bedingungen f\u00fcr das Closing der Akquisition der The Payments Group oder andernfalls bis zur Ver\u00e4u\u00dferung von Verm\u00f6gensgegenst\u00e4nden, bis zur Durchf\u00fchrung einer weiteren Finanzierungsma\u00dfnahme oder bis zur teilweisen oder vollst\u00e4ndigen Vereinnahmung ihrer diversen Forderungen gegen die SGT Capital-Gruppe in H\u00f6he von insgesamt 6,0 Mio. EUR sichern, von denen nach Ansicht der PGH 3,1 Mio. EUR \u00fcberf\u00e4llig sind. Mit der SGT Capital-Gruppe steht die PGH in verschiedenen Rechtsauseinandersetzungen. Die PGH erhebt in diesem Zusammenhang des weiteren 1,7 Mio. EUR Schadensersatzforderungen gegen die SGT Capital-Gruppe. Sollte die Ver\u00e4u\u00dferung eigener Aktien nicht in ausreichendem Umfang gelingen, kann dies den Fortbestand der Gesellschaft gef\u00e4hrden.<\/p>\n<p>Zur Schonung der Liquidit\u00e4t stundet die gesch\u00e4ftsf\u00fchrende Komplement\u00e4rin der PGH derzeit einen nennenswerten Teil ihrer laufenden Gesch\u00e4ftsf\u00fchrungs- und Haftungs\u00fcbernahme-Verg\u00fctung und beabsichtigt, das bis zum Closing der TPG-Akquisition weiterhin zu tun.<\/p>\n<p>&nbsp;<\/p>\n<p><strong>\u00dcber The Payments Group Holding<br \/>\n<\/strong>Die The Payments Group Holding (PGH) ist eine 2012 gegr\u00fcndete und im August 2024 umfirmierte Holdinggesellschaft und ein Venture Capital-Anbieter mit Sitz in Frankfurt am Main.<\/p>\n<p>Im August 2024 hat die PGH einen Kaufvertrag \u00fcber den Erwerb von vier PayTech-Unternehmen unterzeichnet, dessen Closing nach dem Eintreten bestimmter aufschiebender Bedingungen im Q1 2026 erwartet wird. Nach Vollzug der Transaktion wird die PGH eine Gruppe aus vier operativen PayTech-Unternehmen bilden:<\/p>\n<p>Funanga AG, Campamocha Ltd. mit ihren 100%igen Tochtergesellschaften TBWS Ltd. und Calida Financial Ltd. sowie Surfer Rosa Ltd. bilden eine wachstumsstarke, vertikal integrierte eMoney-PayTech-Unternehmensgruppe \u2013 The Payments Group (TPG). TPG bietet eigene geschlossene und offene (Marken- und White-Label-)Prepaid-Zahlungsdienste f\u00fcr Hunderte von Online-H\u00e4ndlern weltweit an. Die Synergie zwischen diesen Unternehmen positioniert die TPG als k\u00fcnftigen Marktf\u00fchrer in den Bereichen Embedded Financial Products und Prepaidl\u00f6sungen. Die Calida Financial Ltd. ist das regulierte Unternehmen innerhalb der TPG, nachdem sie im August 2024 eine E-Geld-Lizenz von der maltesischen Finanzaufsicht (MFSA) erhalten hat. Diese Lizenz erlaubt es Calida Financial Ltd. innovative E-Geld-Dienstleistungen und -Produkte in ganz Europa anzubieten.<\/p>\n<p>TPG besch\u00e4ftigt \u00fcber 50 Mitarbeiter und ist global t\u00e4tig. Kunden von TPG nutzen die mehr als 550.000 POS-Bargeldzahlstellen sowie das globale Online-Prepaid-Kartennetzwerk zur Abwicklung von Bargeld- und bargeldlosen Online-Zahlungen.<\/p>\n<p>Des Weiteren betreibt die PGH mit ihrer k\u00fcnftig 25%igen Beteiligung German AI Projects GmbH gemeinsam mit AI-Experten einen auf AI fokussierten Company Builder namens \u201aAI Product Factory\u2018. Daneben h\u00e4lt die PGH aus ihrer Historie als ein f\u00fchrender deutscher Venture Capital-Anbieter unter der Marke German Startups Group ein Heritage VC-Portfolio an Minderheitsbeteiligungen an teils aussichtsreichen deutschen Startups \u00fcber ihre 100%ige Tochtergesellschaft German Startups Group VC GmbH.<\/p>\n<p>&nbsp;<\/p>\n<p>&nbsp;<\/p>\n<p><strong>Investor Relations Kontakt<br \/>\n<\/strong> <strong>Rosenberg Strategic Communications<br \/>\n<\/strong> Alexander Schmidt<br \/>\na.schmidt@rosenbergsc.com<\/p>\n<p><u><a href=\"https:\/\/tpgholding.com\/wp-content\/uploads\/2025\/11\/251121-The-Payments-Group-Holding-\u2013-Offentliches-Angebot-zum-Bezug-eigener-Aktien.pdf\" target=\"_blank\" rel=\"nofollow\" rel=\"noopener\">Click here for PDF version<\/a><\/u><\/p>\n<p>More information at <a href=\"https:\/\/tpgholding.com\">https:\/\/tpgholding.com<\/a>\u00a0and <a href=\"https:\/\/payments-group.com\/startseite-de\/\">https:\/\/www.payments-group.com\/<\/a><\/p>\n","protected":false},"excerpt":{"rendered":"<p>+++ Ad-hoc Mitteilung +++ The Payments Group Holding &#8211; \u00d6ffentliches Angebot zum Bezug eigener Aktien Frankfurt am Main, 21. November 2025, 13:34h &#8211; Die pers\u00f6nlich haftende Gesellschafterin der The Payments Group Holding (PGH), eine in 2012 gegr\u00fcndete und im August 2024 umfirmierte Holdinggesellschaft mit Sitz in Frankfurt am Main, hat heute mit Zustimmung des Aufsichtsrats [&hellip;]<\/p>\n","protected":false},"author":4,"featured_media":0,"parent":0,"menu_order":0,"comment_status":"closed","ping_status":"closed","template":"page-full-image.php","meta":[],"_links":{"self":[{"href":"https:\/\/tpgholding.com\/index.php\/wp-json\/wp\/v2\/pages\/18885"}],"collection":[{"href":"https:\/\/tpgholding.com\/index.php\/wp-json\/wp\/v2\/pages"}],"about":[{"href":"https:\/\/tpgholding.com\/index.php\/wp-json\/wp\/v2\/types\/page"}],"author":[{"embeddable":true,"href":"https:\/\/tpgholding.com\/index.php\/wp-json\/wp\/v2\/users\/4"}],"replies":[{"embeddable":true,"href":"https:\/\/tpgholding.com\/index.php\/wp-json\/wp\/v2\/comments?post=18885"}],"version-history":[{"count":3,"href":"https:\/\/tpgholding.com\/index.php\/wp-json\/wp\/v2\/pages\/18885\/revisions"}],"predecessor-version":[{"id":18933,"href":"https:\/\/tpgholding.com\/index.php\/wp-json\/wp\/v2\/pages\/18885\/revisions\/18933"}],"wp:attachment":[{"href":"https:\/\/tpgholding.com\/index.php\/wp-json\/wp\/v2\/media?parent=18885"}],"curies":[{"name":"wp","href":"https:\/\/api.w.org\/{rel}","templated":true}]}}