{"id":18907,"date":"2025-11-24T09:45:25","date_gmt":"2025-11-24T08:45:25","guid":{"rendered":"https:\/\/tpgholding.com\/?page_id=18907"},"modified":"2026-01-02T12:14:11","modified_gmt":"2026-01-02T11:14:11","slug":"ad-hoc-mitteilung-vom-24-november-2025","status":"publish","type":"page","link":"https:\/\/tpgholding.com\/index.php\/ad-hoc-mitteilung-vom-24-november-2025\/","title":{"rendered":"Ad-hoc Mitteilung vom 24. November 2025"},"content":{"rendered":"<figure><a href=\"https:\/\/tpgholding.com\/wp-content\/themes\/FoundationXOZ\/assets\/logo.png\" rel=\"attachment wp-att-15549\"><img decoding=\"async\" class=\"aligncenter\" src=\"https:\/\/tpgholding.com\/wp-content\/themes\/FoundationXOZ\/assets\/logo.png\" alt=\"SGT_Logo\" width=\"400px\" \/><\/a><\/figure>\n<p style=\"text-align: center;\">+++ Ad-hoc Mitteilung +++<\/p>\n<p style=\"text-align: center;\"><strong>The Payments Group Holding verhandelt \u00fcber wesentliche \u00c4nderungen der Bedingungen der Akquisition der The Payments Group<br \/>\n<\/strong><\/p>\n<ul>\n<li>Ziel: Wegfall der Barkomponente<\/li>\n<li>Keine Durchf\u00fchrung des am 21. November angek\u00fcndigten \u00f6ffentlichen Bezugsangebots<\/li>\n<\/ul>\n<p><strong>Frankfurt am Main, 24. November 2025, 09:43h &#8211; <\/strong>Die The Payments Group Holding (PGH), eine in 2012 gegr\u00fcndete und im August 2024 umfirmierte Holdinggesellschaft mit Sitz in Frankfurt am Main, ist mit Gesellschaftern der Unternehmen der The Payments Group (TPG) in Verhandlungen \u00fcber eine \u00c4nderung des am 13. August 2024 geschlossenen Kaufvertrags \u00fcber die Akquisition der TPG und der am 31. M\u00e4rz 2025 geschlossenen Nachtragsvereinbarung eingetreten. Dabei geht es insbesondere um den Wegfall der Barkomponente der vereinbarten Kompensation, um die seit Kaufvertragsschluss bestehende Transaktionsunsicherheit vollst\u00e4ndig zu beseitigen und ein Closing der Akquisition gegen \u00dcbertragung von PGH-Aktien ohne Barkomponente noch in 2025 zu erm\u00f6glichen.<\/p>\n<p>Wegen der laufenden Verhandlungen zieht die PGH ihre Ank\u00fcndigung der Durchf\u00fchrung eines \u00f6ffentlichen Aktienbezugsangebots an ihre Aktion\u00e4re vom 21. November 2025 zur\u00fcck und wird das in Aussicht gestellte Angebot nicht umsetzen.<\/p>\n<p><strong>\u00dcber The Payments Group Holding<br \/>\n<\/strong>Die The Payments Group Holding (PGH) ist eine 2012 gegr\u00fcndete und im August 2024 umfirmierte Holdinggesellschaft und ein Venture Capital-Anbieter mit Sitz in Frankfurt am Main.<\/p>\n<p>Im August 2024 hat die PGH einen Kaufvertrag \u00fcber den Erwerb von vier PayTech-Unternehmen unterzeichnet, dessen Closing nach dem Eintreten bestimmter aufschiebender Bedingungen in Q1 2026 erwartet wird. Nach Vollzug der Transaktion wird die PGH eine Gruppe aus vier operativen PayTech-Unternehmen bilden:<\/p>\n<p>Funanga AG, Campamocha Ltd. mit ihren 100%igen Tochtergesellschaften TBWS Ltd. und Calida Financial Ltd. sowie Surfer Rosa Ltd. bilden eine wachstumsstarke, vertikal integrierte eMoney-PayTech-Unternehmensgruppe \u2013 The Payments Group (TPG). TPG bietet eigene geschlossene und offene (Marken- und White-Label-)Prepaid-Zahlungsdienste f\u00fcr Hunderte von Online-H\u00e4ndlern weltweit an. Die Synergie zwischen diesen Unternehmen positioniert die TPG als k\u00fcnftigen Marktf\u00fchrer in den Bereichen Embedded Financial Products und Prepaidl\u00f6sungen. Die Calida Financial Ltd. ist das regulierte Unternehmen innerhalb der TPG, nachdem sie im August 2024 eine E-Geld-Lizenz von der maltesischen Finanzaufsicht (MFSA) erhalten hat. Diese Lizenz erlaubt es Calida Financial Ltd. innovative E-Geld-Dienstleistungen und -Produkte in ganz Europa anzubieten.<\/p>\n<p>TPG besch\u00e4ftigt \u00fcber 50 Mitarbeiter und ist global t\u00e4tig. Kunden von TPG nutzen die mehr als 550.000 POS-Bargeldzahlstellen sowie das globale Online-Prepaid-Kartennetzwerk zur Abwicklung von Bargeld- und bargeldlosen Online-Zahlungen.<\/p>\n<p>Des Weiteren betreibt die PGH mit ihrer 25%igen Beteiligung Softmax AI GmbH gemeinsam mit AI-Experten einen auf AI fokussierten Company Builder. Daneben h\u00e4lt die PGH aus ihrer Historie als ein f\u00fchrender deutscher Venture Capital-Anbieter unter der Marke German Startups Group ein Heritage VC-Portfolio an Minderheitsbeteiligungen an teils aussichtsreichen deutschen Startups \u00fcber ihre 100%ige Tochtergesellschaft German Startups Group VC GmbH.<\/p>\n<p>&nbsp;<\/p>\n<p>&nbsp;<\/p>\n<p><strong>Investor Relations Kontakt<br \/>\n<\/strong> <strong>Rosenberg Strategic Communications<br \/>\n<\/strong> Alexander Schmidt<br \/>\na.schmidt@rosenbergsc.com<\/p>\n<p><u><a href=\"https:\/\/tpgholding.com\/wp-content\/uploads\/2025\/11\/251124-The-Payments-Group-Holding-\u2013-PGH-verhandelt-uber-wesentliche-Anderungen-der-Bedingungen-der-Akquisition-der-TPG.pdf\" target=\"_blank\" rel=\"nofollow\" rel=\"noopener\">Click here for PDF version<\/a><\/u><\/p>\n<p>More information at <a href=\"https:\/\/tpgholding.com\">https:\/\/tpgholding.com<\/a>\u00a0and <a href=\"https:\/\/payments-group.com\/startseite-de\/\">https:\/\/www.payments-group.com\/<\/a><\/p>\n","protected":false},"excerpt":{"rendered":"<p>+++ Ad-hoc Mitteilung +++ The Payments Group Holding verhandelt \u00fcber wesentliche \u00c4nderungen der Bedingungen der Akquisition der The Payments Group Ziel: Wegfall der Barkomponente Keine Durchf\u00fchrung des am 21. November angek\u00fcndigten \u00f6ffentlichen Bezugsangebots Frankfurt am Main, 24. November 2025, 09:43h &#8211; Die The Payments Group Holding (PGH), eine in 2012 gegr\u00fcndete und im August 2024 [&hellip;]<\/p>\n","protected":false},"author":4,"featured_media":0,"parent":0,"menu_order":0,"comment_status":"closed","ping_status":"closed","template":"page-full-image.php","meta":[],"_links":{"self":[{"href":"https:\/\/tpgholding.com\/index.php\/wp-json\/wp\/v2\/pages\/18907"}],"collection":[{"href":"https:\/\/tpgholding.com\/index.php\/wp-json\/wp\/v2\/pages"}],"about":[{"href":"https:\/\/tpgholding.com\/index.php\/wp-json\/wp\/v2\/types\/page"}],"author":[{"embeddable":true,"href":"https:\/\/tpgholding.com\/index.php\/wp-json\/wp\/v2\/users\/4"}],"replies":[{"embeddable":true,"href":"https:\/\/tpgholding.com\/index.php\/wp-json\/wp\/v2\/comments?post=18907"}],"version-history":[{"count":5,"href":"https:\/\/tpgholding.com\/index.php\/wp-json\/wp\/v2\/pages\/18907\/revisions"}],"predecessor-version":[{"id":19060,"href":"https:\/\/tpgholding.com\/index.php\/wp-json\/wp\/v2\/pages\/18907\/revisions\/19060"}],"wp:attachment":[{"href":"https:\/\/tpgholding.com\/index.php\/wp-json\/wp\/v2\/media?parent=18907"}],"curies":[{"name":"wp","href":"https:\/\/api.w.org\/{rel}","templated":true}]}}