{"id":18994,"date":"2025-12-15T11:13:30","date_gmt":"2025-12-15T10:13:30","guid":{"rendered":"https:\/\/tpgholding.com\/?page_id=18994"},"modified":"2026-01-05T16:55:04","modified_gmt":"2026-01-05T15:55:04","slug":"pressemitteilung-vom-13-dezember-2025","status":"publish","type":"page","link":"https:\/\/tpgholding.com\/index.php\/pressemitteilung-vom-13-dezember-2025\/","title":{"rendered":"Pressemitteilung vom 13 Dezember 2025"},"content":{"rendered":"<figure><a href=\"https:\/\/tpgholding.com\/wp-content\/themes\/FoundationXOZ\/assets\/logo.png\" rel=\"attachment wp-att-15549\"><img decoding=\"async\" class=\"aligncenter\" src=\"https:\/\/tpgholding.com\/wp-content\/themes\/FoundationXOZ\/assets\/logo.png\" alt=\"SGT_Logo\" width=\"400px\" \/><\/a><\/figure>\n<p style=\"text-align: center;\">+++ Pressemitteilung +++<\/p>\n<p style=\"text-align: center;\"><strong>The Payments Group Holding sieht Bet\u00e4tigungsfelder und Investmentopportunit\u00e4ten<br \/>\nim AI-Company Building und im BioTech-Bereich<\/strong><\/p>\n<ul>\n<li>AI-Company Building-Ausgr\u00fcndungen<\/li>\n<li>Disruptives, nachweislich klar \u00fcberlegenes und erprobtes Diagnostik-Radiopharmazeutikum<\/li>\n<li>Verhandlungen mit der The Payments Group<\/li>\n<\/ul>\n<p><strong>Frankfurt am Main, 13. Dezember 2025 &#8211; <\/strong>Die The Payments Group Holding (PGH), eine 2012 gegr\u00fcndete und im August 2024 umfirmierte Holdinggesellschaft mit Sitz in Frankfurt am Main, sieht sehr interessante neue Bet\u00e4tigungsfelder und dort zugleich sehr aussichtsreiche Investmentopportunit\u00e4ten. Diese stammen einerseits aus dem von Softmax AI gemeinsam betriebenen Company-Building und andererseits aus der Verfolgung der Forschungs- und Entwicklungsarbeit eines Teams von leitenden \u00c4rzten und Chemikern, das ein neues, disruptives, nachweislich klar \u00fcberlegenes und bereits seit \u00fcber drei Jahren erfolgreich erprobtes Radiopharmazeutikum zur vielfach h\u00f6her aufl\u00f6senden Bildgebung bei der Diagnose bestimmter h\u00e4ufiger, ernster Erkrankungen zur Identifikation der besten, zielgenausten Therapieoption entwickelt hat. Vergleichbare Produkte, die heute im Einsatz aber der Neuentwicklung deutlich unterlegen sind, z\u00e4hlen zu sogenannten Blockbustern, womit man in der Pharma-Industrie Produkte bezeichnet, die Jahresums\u00e4tze in Milliardenh\u00f6he erzielen.<\/p>\n<p>Im Bereich K\u00fcnstliche Intelligenz sticht derzeit die Ausgr\u00fcndung Cognicare AI aus dem mit der Softmax AI betriebenen Company Building hervor, die bereits erprobte und stark nachgefragte Anwendungen f\u00fcr den wachsenden Altenpflegebereich anbietet. Die PGH rechnet zudem f\u00fcr 2026 mit weiteren vergleichbaren Erfolgen und Vertiefungsopportunit\u00e4ten.<\/p>\n<p>Mit deren Wahrnehmung k\u00f6nnte sich die PGH nach Einstellung ihres aktiven VC-Gesch\u00e4fts Mitte 2020 wieder auf ihre Wurzeln als erfolgreicher, jahrelang zweit-aktivster deutscher Wagniskapital-Investor unter der Firma German Startups Group und auf die asymmetrisch hohen Chancen von disruptiven Venture-Projekten zur\u00fcckbesinnen. Sie strebt dabei an, sich auf solche Startups in der Fr\u00fchphase zu konzentrieren, die nur \u00fcberschaubaren Kapitalbedarf erfordern und eine hohe Planungssicherheit aufweisen. Diese Pr\u00e4misse erf\u00fcllen die vorstehenden Bet\u00e4tigungsfelder und Investmentopportunit\u00e4ten.<\/p>\n<p>Sie stellen keine Alternative zu der geplanten Akquisition der The Payments Group (TPG) dar, sondern eine Erg\u00e4nzungsm\u00f6glichkeit im Sinne einer Portfoliodiversifikation. Falls in den gegenw\u00e4rtigen Verhandlungen zur Anpassung der Modalit\u00e4ten dieser Transaktion an ge\u00e4nderte wirtschaftliche Parameter der TPG keine die Interessen der PGH-Aktion\u00e4re wahrende Einigung erzielt werden k\u00f6nnte, w\u00fcrde die TPG-Akquisition nicht stattfinden und auf der anderen Seite auch die daf\u00fcr notwendige \u00dcbertragung einer gr\u00f6\u00dferen Anzahl eigener Aktien etwa in der Gr\u00f6\u00dfenordnung von 19 bis 23 Millionen St\u00fcck entfallen. Daneben w\u00e4re dann auch die vorherige Platzierung von einigen Millionen eigenen Aktien zur Finanzierung der Barkomponente der TPG-Akquisition nicht erforderlich.<\/p>\n<p>CEO und Gr\u00fcnder Christoph Gerlinger: \u201eIm Nachhinein erweist sich die uns aufgezwungene lange Wartezeit auf die MFSA-Zustimmung zur geplanten TPG-Akquisition als Gl\u00fccksfall. In dieser Zeit haben wir uns vorsichtshalber mit viel Flei\u00df und Energie nach anderen Opportunit\u00e4ten umgesehen \u2013 und das mit gro\u00dfem Erfolg. Wir konnten sehr interessante Bet\u00e4tigungsfelder identifizieren und sehr aussichtsreiche Investmentopportunit\u00e4ten anbahnen. Unabh\u00e4ngig davon, ob wir die TPG-Akquisition zu den von uns gew\u00fcnschten Konditionen zum Abschluss bringen, er\u00f6ffnen sich unserer Gesellschaft exzellente Zukunftsaussichten f\u00fcr das Jahr 2026.\u201c<\/p>\n<p>&nbsp;<\/p>\n<p>&nbsp;<\/p>\n<p><strong>\u00dcber The Payments Group Holding<br \/>\n<\/strong>Die The Payments Group Holding (PGH) ist eine 2012 gegr\u00fcndete und im August 2024 umfirmierte Holdinggesellschaft und ein Venture Capital-Anbieter mit Sitz in Frankfurt am Main.<\/p>\n<p>&nbsp;<\/p>\n<p><strong>Investor Relations Kontakt<br \/>\n<\/strong> <strong>Rosenberg Strategic Communications<br \/>\n<\/strong>Alexander Schmidt<br \/>\na.schmidt@rosenbergsc.com<\/p>\n<p><u><a href=\"https:\/\/tpgholding.com\/wp-content\/uploads\/2026\/01\/251213-The-Payments-Group-Holding-sieht-Betatigungsfelder-und-Investmentopportunitaten-im-AI-Company-Building-und-im-BioTech-Bereich-1.pdf\" target=\"_blank\" rel=\"nofollow\" rel=\"noopener\">Click here for PDF version<\/a><\/u><\/p>\n<p>More information at <a href=\"https:\/\/tpgholding.com\">https:\/\/tpgholding.com<\/a>\u00a0and <a href=\"https:\/\/payments-group.com\/startseite-de\/\">https:\/\/www.payments-group.com\/<\/a><\/p>\n","protected":false},"excerpt":{"rendered":"<p>+++ Pressemitteilung +++ The Payments Group Holding sieht Bet\u00e4tigungsfelder und Investmentopportunit\u00e4ten im AI-Company Building und im BioTech-Bereich AI-Company Building-Ausgr\u00fcndungen Disruptives, nachweislich klar \u00fcberlegenes und erprobtes Diagnostik-Radiopharmazeutikum Verhandlungen mit der The Payments Group Frankfurt am Main, 13. Dezember 2025 &#8211; Die The Payments Group Holding (PGH), eine 2012 gegr\u00fcndete und im August 2024 umfirmierte Holdinggesellschaft mit [&hellip;]<\/p>\n","protected":false},"author":4,"featured_media":0,"parent":0,"menu_order":0,"comment_status":"closed","ping_status":"closed","template":"page-full-image.php","meta":[],"_links":{"self":[{"href":"https:\/\/tpgholding.com\/index.php\/wp-json\/wp\/v2\/pages\/18994"}],"collection":[{"href":"https:\/\/tpgholding.com\/index.php\/wp-json\/wp\/v2\/pages"}],"about":[{"href":"https:\/\/tpgholding.com\/index.php\/wp-json\/wp\/v2\/types\/page"}],"author":[{"embeddable":true,"href":"https:\/\/tpgholding.com\/index.php\/wp-json\/wp\/v2\/users\/4"}],"replies":[{"embeddable":true,"href":"https:\/\/tpgholding.com\/index.php\/wp-json\/wp\/v2\/comments?post=18994"}],"version-history":[{"count":6,"href":"https:\/\/tpgholding.com\/index.php\/wp-json\/wp\/v2\/pages\/18994\/revisions"}],"predecessor-version":[{"id":19152,"href":"https:\/\/tpgholding.com\/index.php\/wp-json\/wp\/v2\/pages\/18994\/revisions\/19152"}],"wp:attachment":[{"href":"https:\/\/tpgholding.com\/index.php\/wp-json\/wp\/v2\/media?parent=18994"}],"curies":[{"name":"wp","href":"https:\/\/api.w.org\/{rel}","templated":true}]}}