{"id":19118,"date":"2026-01-05T11:57:21","date_gmt":"2026-01-05T10:57:21","guid":{"rendered":"https:\/\/tpgholding.com\/?page_id=19118"},"modified":"2026-01-05T12:00:39","modified_gmt":"2026-01-05T11:00:39","slug":"pressemitteilung-3-januar-2026","status":"publish","type":"page","link":"https:\/\/tpgholding.com\/index.php\/pressemitteilung-3-januar-2026\/","title":{"rendered":"Pressemitteilung vom 3. Januar 2026"},"content":{"rendered":"<figure><a href=\"https:\/\/tpgholding.com\/wp-content\/themes\/FoundationXOZ\/assets\/logo.png\" rel=\"attachment wp-att-15549\"><img decoding=\"async\" class=\"aligncenter\" src=\"https:\/\/tpgholding.com\/wp-content\/themes\/FoundationXOZ\/assets\/logo.png\" alt=\"SGT_Logo\" width=\"400px\" \/><\/a><\/figure>\n<p style=\"text-align: center;\">+++ Pressemitteilung +++<\/p>\n<p style=\"text-align: center;\"><strong>The Payments Group Holding \u2013 Stand der Verhandlungen mit den TPG-Gesellschaftern und Neuausrichtung<\/strong><\/p>\n<ul>\n<li>Closing der TPG-Akquisition nicht mehr \u00fcberwiegend wahrscheinlich<\/li>\n<li>Fokus auf alternative, aussichtsreiche Opportunit\u00e4ten und Gesch\u00e4ftsfelder<\/li>\n<li>Entsprechende Umfirmierung vorgesehen<\/li>\n<\/ul>\n<p><strong>Frankfurt am Main, 3. Januar 2026 &#8211; <\/strong>Die The Payments Group Holding (PGH), eine 2012 gegr\u00fcndete und im August 2024 umfirmierte Holdinggesellschaft mit Sitz in Frankfurt am Main, informiert \u00fcber den aktuellen Stand der schwebenden Akquisition einer Mehrheitsbeteiligung an den unter der Bezeichnung The Payments Group (TPG) operierenden PayTech-Unternehmen.<\/p>\n<p>In den am 24. November 2025 angek\u00fcndigten, fortdauernden Verhandlungen \u00fcber eine Anpassung der Modalit\u00e4ten dieser Transaktion an ge\u00e4nderte wirtschaftliche Parameter der TPG und insbesondere \u00fcber einen Wegfall der Barkomponente als Teil der Gegenleistung konnte bislang keine Einigung erzielt werden. Die PGH-Gesch\u00e4ftsleitung h\u00e4lt einen Abschluss der Transaktion in der bisher angestrebten Struktur nicht mehr f\u00fcr \u00fcberwiegend wahrscheinlich, f\u00fchrt aber weiterhin Gespr\u00e4che, die stattdessen in eine Minderheitsbeteiligung an einzelnen oder s\u00e4mtlichen TPG-Gesellschaften gegen \u00dcbertragung einer \u00fcberschaubaren Anzahl PGH-Aktien m\u00fcnden k\u00f6nnen. Eine solche h\u00e4tte jedoch zun\u00e4chst keine pr\u00e4gende wirtschaftliche Bedeutung f\u00fcr die PGH.<\/p>\n<p>Sollte die Akquisition einer Mehrheitsbeteiligung an der TPG nicht stattfinden, entf\u00e4llt auf der anderen Seite die geplante \u00dcbertragung von 19 bis 23 Millionen St\u00fcck eigenen Aktien. Auch die vorherige Platzierung von weiteren einigen Millionen eigenen Aktien zur Finanzierung der Barkomponente der TPG-Akquisition w\u00e4re dann nicht n\u00f6tig.<\/p>\n<p>Die PGH fokussiert sich indessen auf bestehende Verm\u00f6genswerte und die neuen Opportunit\u00e4ten und Gesch\u00e4ftsfelder, die am 13. Dezember 2025 vorgestellt wurden, und wird ihren Aktion\u00e4ren bei der n\u00e4chsten Hauptversammlung eine entsprechende Umfirmierung vorschlagen. Das Unternehmen blickt optimistisch auf das Jahr 2026.<\/p>\n<p>Im Vordergrund bei den Verm\u00f6genswerten stehen die 35%ige Beteiligung an der dynamisch wachsenden AuctionTech sowie Finanzforderungen gegen\u00fcber der SGT Capital Gruppe \u00fcber 6,0 Mio. Euro und zus\u00e4tzliche Schadenersatzanspr\u00fcche von 1,7 Mio. Euro. Der gesamte NAV pro Aktie einschlie\u00dflich nicht bilanzierter Werte auf Basis der derzeit ausstehenden 11,4 Mio. Aktien d\u00fcrfte nach Ansicht der PGH in der Gr\u00f6\u00dfenordnung von 1,50 Euro und damit deutlich h\u00f6her als der aktuelle Aktienkurs liegen.<\/p>\n<p>&nbsp;<\/p>\n<p>&nbsp;<\/p>\n<p><strong>\u00dcber The Payments Group Holding<br \/>\n<\/strong>Die The Payments Group Holding (PGH) ist eine 2012 gegr\u00fcndete und im August 2024 umfirmierte Holdinggesellschaft und ein Venture Capital-Anbieter mit Sitz in Frankfurt am Main und fokussiert sich auf bestehende Verm\u00f6genswerte und die neuen Opportunit\u00e4ten und Gesch\u00e4ftsfelder, die in ihrer Pressemitteilung vom 13. Dezember 2025 vorgestellt wurden, darunter den Betrieb eines auf AI fokussierten Company Builders namens Softmax AI GmbH gemeinsam mit AI-Experten, an dem sie mit 25% beteiligt ist . Daneben h\u00e4lt die PGH aus ihrer Historie als ein f\u00fchrender deutscher Venture Capital-Anbieter unter der Marke German Startups Group ein Heritage VC-Portfolio an Minderheitsbeteiligungen an teils aussichtsreichen deutschen Startups \u00fcber ihre 100%ige Tochtergesellschaft German Startups Group VC GmbH.<\/p>\n<p>&nbsp;<\/p>\n<p><strong>Investor Relations Kontakt<br \/>\n<\/strong> <strong>Rosenberg Strategic Communications<br \/>\n<\/strong>Alexander Schmidt<br \/>\na.schmidt@rosenbergsc.com<\/p>\n<p><u><a href=\"https:\/\/tpgholding.com\/wp-content\/uploads\/2026\/01\/260103-The-Payments-Group-Holding-\u2013-Stand-der-Verhandlungen-mit-den-TPG-Gesellschaftern-und-Neuausrichtung.pdf\" target=\"_blank\" rel=\"nofollow\" rel=\"noopener\">Click here for PDF version<\/a><\/u><\/p>\n<p>More information at <a href=\"https:\/\/tpgholding.com\">https:\/\/tpgholding.com<\/a>\u00a0and <a href=\"https:\/\/payments-group.com\/startseite-de\/\">https:\/\/www.payments-group.com\/<\/a><\/p>\n","protected":false},"excerpt":{"rendered":"<p>+++ Pressemitteilung +++ The Payments Group Holding \u2013 Stand der Verhandlungen mit den TPG-Gesellschaftern und Neuausrichtung Closing der TPG-Akquisition nicht mehr \u00fcberwiegend wahrscheinlich Fokus auf alternative, aussichtsreiche Opportunit\u00e4ten und Gesch\u00e4ftsfelder Entsprechende Umfirmierung vorgesehen Frankfurt am Main, 3. Januar 2026 &#8211; Die The Payments Group Holding (PGH), eine 2012 gegr\u00fcndete und im August 2024 umfirmierte Holdinggesellschaft [&hellip;]<\/p>\n","protected":false},"author":4,"featured_media":0,"parent":0,"menu_order":0,"comment_status":"closed","ping_status":"closed","template":"page-full-image.php","meta":[],"_links":{"self":[{"href":"https:\/\/tpgholding.com\/index.php\/wp-json\/wp\/v2\/pages\/19118"}],"collection":[{"href":"https:\/\/tpgholding.com\/index.php\/wp-json\/wp\/v2\/pages"}],"about":[{"href":"https:\/\/tpgholding.com\/index.php\/wp-json\/wp\/v2\/types\/page"}],"author":[{"embeddable":true,"href":"https:\/\/tpgholding.com\/index.php\/wp-json\/wp\/v2\/users\/4"}],"replies":[{"embeddable":true,"href":"https:\/\/tpgholding.com\/index.php\/wp-json\/wp\/v2\/comments?post=19118"}],"version-history":[{"count":2,"href":"https:\/\/tpgholding.com\/index.php\/wp-json\/wp\/v2\/pages\/19118\/revisions"}],"predecessor-version":[{"id":19122,"href":"https:\/\/tpgholding.com\/index.php\/wp-json\/wp\/v2\/pages\/19118\/revisions\/19122"}],"wp:attachment":[{"href":"https:\/\/tpgholding.com\/index.php\/wp-json\/wp\/v2\/media?parent=19118"}],"curies":[{"name":"wp","href":"https:\/\/api.w.org\/{rel}","templated":true}]}}