{"id":19172,"date":"2026-01-08T08:31:36","date_gmt":"2026-01-08T07:31:36","guid":{"rendered":"https:\/\/tpgholding.com\/?page_id=19172"},"modified":"2026-01-08T08:40:02","modified_gmt":"2026-01-08T07:40:02","slug":"pressemitteilung-vom-7-januar-2026","status":"publish","type":"page","link":"https:\/\/tpgholding.com\/index.php\/pressemitteilung-vom-7-januar-2026\/","title":{"rendered":"Pressemitteilung vom 7. Januar 2026"},"content":{"rendered":"<figure><a href=\"https:\/\/tpgholding.com\/wp-content\/themes\/FoundationXOZ\/assets\/logo.png\" rel=\"attachment wp-att-15549\"><img decoding=\"async\" class=\"aligncenter\" src=\"https:\/\/tpgholding.com\/wp-content\/themes\/FoundationXOZ\/assets\/logo.png\" alt=\"SGT_Logo\" width=\"400px\" \/><\/a><\/figure>\n<p style=\"text-align: center;\">+++ Ad-hoc Mitteilung +++<\/p>\n<p style=\"text-align: center;\"><strong>The Payments Group Holding \u2013<br \/>\nAusgabe Pflichtwandelanleihe von bis zu 2,3 Mio. EUR mit Bezugsrecht<\/strong><\/p>\n<ul>\n<li>10% Zins und drei Jahre Laufzeit<\/li>\n<li>Bezugsrecht 500 Aktien : 1 Teilschuldverschreibung \u00e0 100 EUR Nennwert<\/li>\n<li>Entfall der im November 2025 angek\u00fcndigten Platzierung eigener Aktien<\/li>\n<\/ul>\n<p><strong>Frankfurt am Main, 7. Januar 2026, 22:06h &#8211; <\/strong>Die pers\u00f6nlich haftende Gesellschafterin der The Payments Group Holding (PGH), eine in 2012 gegr\u00fcndete und im August 2024 umfirmierte Holdinggesellschaft mit Sitz in Frankfurt am Main, hat heute mit Zustimmung des Aufsichtsrats beschlossen, auf Grundlage des Erm\u00e4chtigungsbeschlusses der Hauptversammlung der Gesellschaft vom 23.\u00a0Juni\u00a02021 eine Pflichtwandelanleihe zu begeben und auf die im November 2025 angek\u00fcndigte Platzierung eigener Aktien zu verzichten.<\/p>\n<p>Die PGH bietet ihren Aktion\u00e4ren vom 13. bis 27. Januar 2026 den Bezug einer mit 10 % Zinskupon ausgestatteten Pflichtwandelanleihe mit Laufzeit von drei Jahren im Nennbetrag von bis zu 2.280.000 EUR, eingeteilt in 22.800 Teilschuldverschreibungen im Nennbetrag von 100 EUR, zum Ausgabebetrag von 100 % des Nennbetrags an. Das Gesamtemissionsvolumen betr\u00e4gt mithin bis zu rd. 2,3 Mio. EUR. Die Anleihe wird girosammelverwahrt und im Freiverkehr notiert werden.<\/p>\n<p>Die PGH hat das Recht, die Anleihe ab dem 1. Februar 2027 vorzeitig zu tilgen, bei R\u00fcckzahlung bis zum 31. Januar 2028 zu 102 % des Nennbetrags und bei R\u00fcckzahlung im Zeitraum zwischen dem 1.\u00a0Februar 2028 und dem 31. Januar 2029 zu 101 % des Nennbetrags. Sollte die Gesellschaft die Anleihe bei Endf\u00e4lligkeit am 31. Januar 2029 nicht vollst\u00e4ndig getilgt haben, wird der ausstehende Nennbetrag der Schuldverschreibungen zu einem Wandlungspreis von 0,20 EUR in Aktien der PGH gewandelt, d. h., den Anleihegl\u00e4ubigern werden pro EUR 1,00 Nennbetrag der Schuldverschreibungen jeweils f\u00fcnf (eigene) Aktien \u00fcbertragen. Der Wandlungspreis verk\u00f6rpert einen Abschlag auf den Durchschnitt der Xetra-Schlusskurse der letzten zehn Handelstage von 55 %.<\/p>\n<p>Das Bezugsverh\u00e4ltnis f\u00fcr die Anleihe betr\u00e4gt 500\u00a0:\u00a01, das hei\u00dft je 500 PGH-Aktien berechtigen zum Erwerb von einer Teilschuldverschreibung im Nennbetrag von 100 EUR. Sofern nicht s\u00e4mtliche Bezugsrechte ausge\u00fcbt werden, besteht die M\u00f6glichkeit des \u00dcberbezugs. Der CEO und Gr\u00fcnder der PGH und Gesch\u00e4ftsf\u00fchrer der pers\u00f6nlich haftenden Gesellschafterin, die Mitglieder seiner Familie und die Gruppe der Aufsichtsratsmitglieder bzw. die Vehikel der genannten Personengruppen haben erkl\u00e4rt, ihre Bezugsrechte voll auszu\u00fcben und mindestens in diesem Umfang Teilschuldverschreibungen zu erwerben.<\/p>\n<p>Zu dem Bezugsangebot wird die PGH ein Basisinformationsblatt gem\u00e4\u00df der Verordnung (EU) Nr. 1286\/2014 auf ihrer Website unter <a href=\"https:\/\/tpgholding.com\/index.php\/fuer-aktionaere\/aktie\/\">https:\/\/tpgholding.com\/index.php\/fuer-aktionaere\/aktie<\/a>\/ ver\u00f6ffentlichen.<\/p>\n<p>Die Erl\u00f6se aus der Emission der Anleihe sollen die Liquidit\u00e4t der Gesellschaft bis zur Ver\u00e4u\u00dferung von Verm\u00f6gensgegenst\u00e4nden, bis zur Durchf\u00fchrung einer weiteren Finanzierungsma\u00dfnahme im Zusammenhang mit neuen Opportunit\u00e4ten und Gesch\u00e4ftsfeldern oder bis zur teilweisen oder vollst\u00e4ndigen Vereinnahmung ihrer diversen Forderungen gegen die SGT Capital-Gruppe sichern. Sollte die Platzierung der Anleihe nicht in ausreichendem Umfang gelingen, kann dies den Fortbestand der Gesellschaft gef\u00e4hrden.<\/p>\n<p>&nbsp;<\/p>\n<p>&nbsp;<\/p>\n<p><strong>\u00dcber The Payments Group Holding<br \/>\n<\/strong>Die The Payments Group Holding (PGH) ist eine 2012 gegr\u00fcndete und im August 2024 umfirmierte Holdinggesellschaft mit Sitz in Frankfurt am Main und fokussiert sich auf bestehende Verm\u00f6genswerte und die neuen Opportunit\u00e4ten und Gesch\u00e4ftsfelder, die in ihrer Pressemitteilung vom 13. Dezember 2025 vorgestellt wurden, darunter den Betrieb eines auf AI fokussierten Company Builders namens Softmax AI GmbH gemeinsam mit AI-Experten, an dem sie mit 25% beteiligt ist . Daneben h\u00e4lt die PGH aus ihrer Historie als ein f\u00fchrender deutscher Venture Capital-Anbieter unter der Marke German Startups Group ein Heritage VC-Portfolio an Minderheitsbeteiligungen an teils aussichtsreichen deutschen Startups \u00fcber ihre 100%ige Tochtergesellschaft German Startups Group VC GmbH.<\/p>\n<p>&nbsp;<\/p>\n<p><strong>Investor Relations Kontakt<br \/>\n<\/strong> <strong>Rosenberg Strategic Communications<br \/>\n<\/strong>Alexander Schmidt<br \/>\na.schmidt@rosenbergsc.com<\/p>\n<p><u><a href=\"https:\/\/tpgholding.com\/wp-content\/uploads\/2026\/01\/260107-The-Payments-Group-Holding-\u2013-Ausgabe-Pflichtwandelanleihe-von-bis-zu-23-Mio.-EUR-mit-Bezugsrecht.pdf\" target=\"_blank\" rel=\"nofollow\" rel=\"noopener\">Click here for PDF version<\/a><\/u><\/p>\n<p>More information at <a href=\"https:\/\/tpgholding.com\">https:\/\/tpgholding.com<\/a>\u00a0and <a href=\"https:\/\/payments-group.com\/startseite-de\/\">https:\/\/www.payments-group.com\/<\/a><\/p>\n","protected":false},"excerpt":{"rendered":"<p>+++ Ad-hoc Mitteilung +++ The Payments Group Holding \u2013 Ausgabe Pflichtwandelanleihe von bis zu 2,3 Mio. EUR mit Bezugsrecht 10% Zins und drei Jahre Laufzeit Bezugsrecht 500 Aktien : 1 Teilschuldverschreibung \u00e0 100 EUR Nennwert Entfall der im November 2025 angek\u00fcndigten Platzierung eigener Aktien Frankfurt am Main, 7. Januar 2026, 22:06h &#8211; Die pers\u00f6nlich haftende [&hellip;]<\/p>\n","protected":false},"author":4,"featured_media":0,"parent":0,"menu_order":0,"comment_status":"closed","ping_status":"closed","template":"page-full-image.php","meta":[],"_links":{"self":[{"href":"https:\/\/tpgholding.com\/index.php\/wp-json\/wp\/v2\/pages\/19172"}],"collection":[{"href":"https:\/\/tpgholding.com\/index.php\/wp-json\/wp\/v2\/pages"}],"about":[{"href":"https:\/\/tpgholding.com\/index.php\/wp-json\/wp\/v2\/types\/page"}],"author":[{"embeddable":true,"href":"https:\/\/tpgholding.com\/index.php\/wp-json\/wp\/v2\/users\/4"}],"replies":[{"embeddable":true,"href":"https:\/\/tpgholding.com\/index.php\/wp-json\/wp\/v2\/comments?post=19172"}],"version-history":[{"count":6,"href":"https:\/\/tpgholding.com\/index.php\/wp-json\/wp\/v2\/pages\/19172\/revisions"}],"predecessor-version":[{"id":19194,"href":"https:\/\/tpgholding.com\/index.php\/wp-json\/wp\/v2\/pages\/19172\/revisions\/19194"}],"wp:attachment":[{"href":"https:\/\/tpgholding.com\/index.php\/wp-json\/wp\/v2\/media?parent=19172"}],"curies":[{"name":"wp","href":"https:\/\/api.w.org\/{rel}","templated":true}]}}