{"id":19248,"date":"2026-01-16T09:59:55","date_gmt":"2026-01-16T08:59:55","guid":{"rendered":"https:\/\/tpgholding.com\/?page_id=19248"},"modified":"2026-01-16T10:00:01","modified_gmt":"2026-01-16T09:00:01","slug":"pressemitteilung-vom-16-januar-2026","status":"publish","type":"page","link":"https:\/\/tpgholding.com\/index.php\/pressemitteilung-vom-16-januar-2026\/","title":{"rendered":"Pressemitteilung vom 16. Januar 2026"},"content":{"rendered":"<figure><a href=\"https:\/\/tpgholding.com\/wp-content\/themes\/FoundationXOZ\/assets\/logo.png\" rel=\"attachment wp-att-15549\"><img decoding=\"async\" class=\"aligncenter\" src=\"https:\/\/tpgholding.com\/wp-content\/themes\/FoundationXOZ\/assets\/logo.png\" alt=\"SGT_Logo\" width=\"400px\" \/><\/a><\/figure>\n<p style=\"text-align: center;\">+++ Pressemitteilung +++<\/p>\n<p style=\"text-align: center;\"><strong>The Payments Group Holding \u2013 Ausblick 2026<\/strong><\/p>\n<ul>\n<li>Fokus auf Verm\u00f6genswerte sowie aussichtsreiche neue Opportunit\u00e4ten und Gesch\u00e4ftsfelder<\/li>\n<li>Aufl\u00f6sung der Streitigkeiten mit der SGT Capital-Gruppe erwartet<\/li>\n<li>Ausgabe 10 % Wandelanleihe mit Bezugsrecht<\/li>\n<\/ul>\n<p><strong>Frankfurt am Main, 16. Januar 2026 &#8211; <\/strong>Die The Payments Group Holding (PGH), eine 2012 gegr\u00fcndete und im August 2024 umfirmierte Holdinggesellschaft mit Sitz in Frankfurt am Main, fokussiert sich in 2026 auf bestehende Verm\u00f6genswerte. Gleichzeitig verfolgt sie die am 13.\u00a0Dezember 2025 vorgestellten neuen Opportunit\u00e4ten und Gesch\u00e4ftsfelder. Im Vordergrund bei den Verm\u00f6genswerten stehen die 35 %-Beteiligung an der dynamisch wachsenden AuctionTech sowie Finanzforderungen gegen\u00fcber der SGT Capital-Gruppe \u00fcber 6,0\u00a0Mio.\u00a0Euro, mit der sie sich in verschiedenen Streitigkeiten befindet. Die PGH erwartet, dass sich diese Streitigkeiten in 2026 aufl\u00f6sen und sie einen Teil ihrer Forderungen in diesem Jahr und den Rest in 2027 wird vereinnahmen k\u00f6nnen.<\/p>\n<p>Der NAV pro Aktie einschlie\u00dflich nicht bilanzierter Werte auf Basis der derzeit ausstehenden 11,4\u00a0Mio. Aktien d\u00fcrfte nach Ansicht der PGH in der Gr\u00f6\u00dfenordnung von 1,50 Euro liegen und damit deutlich h\u00f6her als der aktuelle Aktienkurs.<\/p>\n<p>Die neuen, von der PGH im Jahr 2026 verfolgten Opportunit\u00e4ten und Gesch\u00e4ftsfelder umfassen Vorhaben im Bereich K\u00fcnstliche Intelligenz, die aus dem von ihrer 25\u00a0%-Beteiligung Softmax AI betriebenen Company\u2011Building hervorgehen. Besonders hervorzuheben ist dabei die Ausgr\u00fcndung Cognicare AI, die bereits erprobte und stark nachgefragte Anwendungen f\u00fcr die wachsende Zahl von Pflegeeinrichtungen anbietet und an der die PGH mittelbar mit 18 % beteiligt ist. Die erst im September 2025 gegr\u00fcndete Cognicare AI verzeichnet bereits eine hohe Traktion, die auf schnelles Wachstum hindeutet und sowohl im laufenden Jahr einen Break-even als auch in 2027 Millionenums\u00e4tze mit hohen EBITDA-Margen vermuten l\u00e4sst.<\/p>\n<p>Die Softmax AI beabsichtigt in 2026 mehrere weitere Ausgr\u00fcndungen. Dazu geh\u00f6rt ein Computer\u2011Vision\u2011Tool f\u00fcr das Bauingenieurwesen zur effizienten Begutachtung und Dokumentation von Bauwerken, insbesondere der Verkehrsinfrastruktur. Weitere Projekte umfassen EdTech-Anwendungen f\u00fcr berufliche Schulungen, Weiterbildung und Bewerbungstrainings. Hinzu kommt eine KI\u2011Sprachbox f\u00fcr Kinder, die nat\u00fcrliche Dialoge mit ihnen f\u00fchrt, geduldig und kenntnisreich ihre unz\u00e4hligen Fragen beantwortet und auf diese Weise vielf\u00e4ltiges Wissen sowie Fremdsprachen spielerisch vermittelt. Die PGH geht davon aus, ihren mittelbaren Anteil an solchen Ausgr\u00fcndungen sukzessive erh\u00f6hen zu k\u00f6nnen.<\/p>\n<p>Die PGH erwartet dar\u00fcber hinaus, in den kommenden Monaten Zugang zu einer sehr attraktiven Beteiligungsm\u00f6glichkeit in der Fr\u00fchphase zu erhalten. Es handelt sich um eine aus einem Forschungs- und Entwicklungsprojekt hervorgehende Gr\u00fcndung eines Teams aus leitenden \u00c4rzten und Chemikern, das ein neues, disruptives Kontrastmittel entwickelt hat. Das Pr\u00e4parat ist seit \u00fcber drei Jahren erfolgreich erprobt, ausgereift und erm\u00f6glicht eine deutlich h\u00f6her aufl\u00f6sende Bildgebung bei der Diagnose h\u00e4ufiger, ernster Erkrankungen. Dadurch l\u00e4sst sich die jeweils beste, zielgenaueste Therapieoption pr\u00e4ziser bestimmen. Vergleichbare Produkte, die heute im Einsatz und deutlich unterlegen sind, z\u00e4hlen zu sogenannten Blockbustern, womit in der Pharma-Industrie Produkte bezeichnet werden, die Jahresums\u00e4tze in Milliardenh\u00f6he erzielen.<\/p>\n<p>Die PGH strebt an, sich auf solche Startups in der Fr\u00fchphase zu konzentrieren, die nur \u00fcberschaubaren Kapitalbedarf erfordern und eine hohe Planungssicherheit aufweisen. Diese Pr\u00e4misse erf\u00fcllen die vorstehenden Opportunit\u00e4ten und Gesch\u00e4ftsfelder.<\/p>\n<p>Die PGH bietet ihren Aktion\u00e4ren derzeit bis zum 27. Januar 2026 den Bezug einer mit einem Zinskupon von 10\u00a0% ausgestatteten Wandelanleihe mit Laufzeit von drei Jahren und einem Volumen von bis zu 2.280.000\u00a0Euro zum Kurs von 100\u00a0% an. Die PGH beabsichtigt, die Anleihe vollst\u00e4ndig aus dem Tilgungserl\u00f6s ihrer am 31.\u00a0Dezember 2027 f\u00e4lligen und mit 9\u00a0% p.a. verzinsten Darlehensforderung gegen die SGT\u00a0Capital\u00a0LLC in H\u00f6he von 4,0\u00a0Mio. Euro inklusive aufgelaufenem Zins zu tilgen. Sie hat das Recht, die Anleihe ab 1.\u00a0Februar\u00a02027 (bis zum 31.\u00a0Januar\u00a02028) zu 102 % vorzeitig zu tilgen, danach bis 31.\u00a0Januar\u00a02029 zu 101\u00a0%. Sollte die Gesellschaft die Anleihe bei Endf\u00e4lligkeit am 1.\u00a0Februar\u00a02029 nicht vollst\u00e4ndig getilgt haben, wird der Restbetrag zu einem Kurs von 0,20 Euro in eigene Aktien gewandelt, also dem Anleiheinhaber f\u00fcnf Aktien pro 1 Euro Nennwert \u00fcbertragen.<\/p>\n<p>Das Bezugsverh\u00e4ltnis f\u00fcr die Anleihe betr\u00e4gt 500 : 1, das hei\u00dft: Je 500 PGH-Aktien berechtigen zum Erwerb von 100 Euro Nennbetrag der Anleihe. Sofern nicht s\u00e4mtliche Bezugsrechte ausge\u00fcbt werden, besteht die M\u00f6glichkeit des \u00dcberbezugs. Der CEO und Gr\u00fcnder der PGH und Gesch\u00e4ftsf\u00fchrer der pers\u00f6nlich haftenden Gesellschafterin, die Mitglieder seiner Familie und die Gruppe der Aufsichtsratsmitglieder bzw. die Vehikel der genannten Personengruppen haben erkl\u00e4rt, Nominalvolumina im Verh\u00e4ltnis von mindestens 500 : 1 zu erwerben.<\/p>\n<p>Zur Schonung der Liquidit\u00e4t verzichtet die gesch\u00e4ftsf\u00fchrende Komplement\u00e4rin der PGH derzeit auf einen nennenswerten Teil ihrer laufenden Gesch\u00e4ftsf\u00fchrungs- und Haftungs\u00fcbernahme-Verg\u00fctung und beabsichtigt, dies bis auf weiteres weiterhin zu tun.<\/p>\n<p>Die PGH hat in 2018 schon einmal eine Wandelanleihe mit f\u00fcnf Jahren Laufzeit in H\u00f6he von 3\u00a0Mio.\u00a0Euro ausgegeben und bei 8\u00a0% Zinskupon voll platziert. In 2021 hat sie diese zu \u00fcber Nennwert vollst\u00e4ndig vorzeitig zur\u00fcckerworben.<\/p>\n<p>Einige Aktion\u00e4re haben bereits Interesse am Bezug der aktuellen Wandelanleihe bekundet.<\/p>\n<p>Die Anleiheemission ersetzt die im November 2025 angek\u00fcndigte Platzierung eigener Aktien. Eine solche ist mithin auf absehbare Zeit nicht geplant.<\/p>\n<p>Das Unternehmen blickt sehr optimistisch auf das Jahr 2026.<\/p>\n<p>&nbsp;<\/p>\n<p>&nbsp;<\/p>\n<p><strong>\u00dcber The Payments Group Holding<br \/>\n<\/strong>Die The Payments Group Holding (PGH) ist eine 2012 gegr\u00fcndete und im August 2024 umfirmierte Holdinggesellschaft mit Sitz in Frankfurt am Main und fokussiert sich auf bestehende Verm\u00f6genswerte und die neuen Opportunit\u00e4ten und Gesch\u00e4ftsfelder, die in ihren Pressemitteilungen vom 13. Dezember 2025 und 16. Januar 2026 vorgestellt wurden, darunter den Betrieb eines auf AI fokussierten Company Builders namens Softmax AI GmbH gemeinsam mit AI-Experten, an dem sie mit 25 % beteiligt ist und die hieraus hervorgehenden Ausgr\u00fcndungen. Daneben h\u00e4lt die PGH aus ihrer Historie als ein f\u00fchrender deutscher Venture Capital-Anbieter unter der Marke German Startups Group ein Heritage VC-Portfolio an Minderheitsbeteiligungen an teils aussichtsreichen deutschen Startups \u00fcber ihre 100%ige Tochtergesellschaft German Startups Group VC GmbH.<\/p>\n<p>&nbsp;<\/p>\n<p><strong>Investor Relations Kontakt<br \/>\n<\/strong> <strong>Rosenberg Strategic Communications<br \/>\n<\/strong>Alexander Schmidt<br \/>\na.schmidt@rosenbergsc.com<\/p>\n<p><u><a href=\"https:\/\/tpgholding.com\/wp-content\/uploads\/2026\/01\/260116-The-Payments-Group-Holding-\u2013-Ausblick-2026.pdf\" target=\"_blank\" rel=\"nofollow\" rel=\"noopener\">Click here for PDF version<\/a><\/u><\/p>\n<p>More information at <a href=\"https:\/\/tpgholding.com\">https:\/\/tpgholding.com<\/a>\u00a0and <a href=\"https:\/\/payments-group.com\/startseite-de\/\">https:\/\/www.payments-group.com\/<\/a><\/p>\n","protected":false},"excerpt":{"rendered":"<p>+++ Pressemitteilung +++ The Payments Group Holding \u2013 Ausblick 2026 Fokus auf Verm\u00f6genswerte sowie aussichtsreiche neue Opportunit\u00e4ten und Gesch\u00e4ftsfelder Aufl\u00f6sung der Streitigkeiten mit der SGT Capital-Gruppe erwartet Ausgabe 10 % Wandelanleihe mit Bezugsrecht Frankfurt am Main, 16. Januar 2026 &#8211; Die The Payments Group Holding (PGH), eine 2012 gegr\u00fcndete und im August 2024 umfirmierte Holdinggesellschaft [&hellip;]<\/p>\n","protected":false},"author":4,"featured_media":0,"parent":0,"menu_order":0,"comment_status":"closed","ping_status":"closed","template":"page-full-image.php","meta":[],"_links":{"self":[{"href":"https:\/\/tpgholding.com\/index.php\/wp-json\/wp\/v2\/pages\/19248"}],"collection":[{"href":"https:\/\/tpgholding.com\/index.php\/wp-json\/wp\/v2\/pages"}],"about":[{"href":"https:\/\/tpgholding.com\/index.php\/wp-json\/wp\/v2\/types\/page"}],"author":[{"embeddable":true,"href":"https:\/\/tpgholding.com\/index.php\/wp-json\/wp\/v2\/users\/4"}],"replies":[{"embeddable":true,"href":"https:\/\/tpgholding.com\/index.php\/wp-json\/wp\/v2\/comments?post=19248"}],"version-history":[{"count":4,"href":"https:\/\/tpgholding.com\/index.php\/wp-json\/wp\/v2\/pages\/19248\/revisions"}],"predecessor-version":[{"id":19267,"href":"https:\/\/tpgholding.com\/index.php\/wp-json\/wp\/v2\/pages\/19248\/revisions\/19267"}],"wp:attachment":[{"href":"https:\/\/tpgholding.com\/index.php\/wp-json\/wp\/v2\/media?parent=19248"}],"curies":[{"name":"wp","href":"https:\/\/api.w.org\/{rel}","templated":true}]}}