{"id":19279,"date":"2026-01-16T11:44:50","date_gmt":"2026-01-16T10:44:50","guid":{"rendered":"https:\/\/tpgholding.com\/?page_id=19279"},"modified":"2026-01-21T11:23:06","modified_gmt":"2026-01-21T10:23:06","slug":"260116-borsenradio-interview-mit-christoph-gerlinger","status":"publish","type":"page","link":"https:\/\/tpgholding.com\/index.php\/260116-borsenradio-interview-mit-christoph-gerlinger\/","title":{"rendered":"260116 B\u00f6rsenradio Interview mit Christoph Gerlinger"},"content":{"rendered":"<figure><a href=\"https:\/\/tpgholding.com\/wp-content\/themes\/FoundationXOZ\/assets\/logo.png\" rel=\"attachment wp-att-15549\"><img decoding=\"async\" class=\"aligncenter\" src=\"https:\/\/tpgholding.com\/wp-content\/themes\/FoundationXOZ\/assets\/logo.png\" alt=\"SGT_Logo\" width=\"400px\" \/><\/a><\/figure>\n<p style=\"text-align: center;\"><strong>B\u00f6rsenradio Interview mit Christoph Gerlinger:<br \/>\nThe Payments Group Holding &#8211; Ausblick 2026 &#8211; CEO Gerlinger:<br \/>\n&#8220;Besinnen uns auf unsere Vergangenheit als Venture-Capital-Geber&#8221;<br \/>\n<\/strong><\/p>\n<p><strong>16. Januar 2026 &#8211; <\/strong><\/p>\n<div id=\"brn-696a165f26b0b\"><\/div>\n<p><script src=\"https:\/\/www.brn-ag.de\/extpub\/e\/696a165f26b0b\" async=\"async\"><\/script><\/p>\n<p>&nbsp;<\/p>\n<p>&nbsp;<\/p>\n<p>&nbsp;<\/p>\n<p><strong>\u00dcber The Payments Group Holding<br \/>\n<\/strong>Die The Payments Group Holding (PGH) ist eine 2012 gegr\u00fcndete und im August 2024 umfirmierte Holdinggesellschaft mit Sitz in Frankfurt am Main und fokussiert sich auf bestehende Verm\u00f6genswerte und die neuen Opportunit\u00e4ten und Gesch\u00e4ftsfelder, die in ihren Pressemitteilungen vom 13. Dezember 2025 und 16. Januar 2026 vorgestellt wurden, darunter den Betrieb eines auf AI fokussierten Company Builders namens Softmax AI GmbH gemeinsam mit AI-Experten, an dem sie mit 25 % beteiligt ist und die hieraus hervorgehenden Ausgr\u00fcndungen. Daneben h\u00e4lt die PGH aus ihrer Historie als ein f\u00fchrender deutscher Venture Capital-Anbieter unter der Marke German Startups Group ein Heritage VC-Portfolio an Minderheitsbeteiligungen an teils aussichtsreichen deutschen Startups \u00fcber ihre 100%ige Tochtergesellschaft German Startups Group VC GmbH.<\/p>\n<p>&nbsp;<\/p>\n<p>&nbsp;<\/p>\n<p>&nbsp;<\/p>\n<p><strong>Investor Relations Kontakt<br \/>\n<\/strong> <strong>Rosenberg Strategic Communications<br \/>\n<\/strong>Alexander Schmidt<br \/>\na.schmidt@rosenbergsc.com<\/p>\n<p>More information at <a href=\"https:\/\/tpgholding.com\">https:\/\/tpgholding.com<\/a>\u00a0and <a href=\"https:\/\/payments-group.com\/startseite-de\/\">https:\/\/www.payments-group.com\/<\/a><\/p>\n","protected":false},"excerpt":{"rendered":"<p>B\u00f6rsenradio Interview mit Christoph Gerlinger: The Payments Group Holding &#8211; Ausblick 2026 &#8211; CEO Gerlinger: &#8220;Besinnen uns auf unsere Vergangenheit als Venture-Capital-Geber&#8221; 16. Januar 2026 &#8211; &nbsp; &nbsp; &nbsp; \u00dcber The Payments Group Holding Die The Payments Group Holding (PGH) ist eine 2012 gegr\u00fcndete und im August 2024 umfirmierte Holdinggesellschaft mit Sitz in Frankfurt am [&hellip;]<\/p>\n","protected":false},"author":4,"featured_media":0,"parent":0,"menu_order":0,"comment_status":"closed","ping_status":"closed","template":"page-full-image.php","meta":[],"_links":{"self":[{"href":"https:\/\/tpgholding.com\/index.php\/wp-json\/wp\/v2\/pages\/19279"}],"collection":[{"href":"https:\/\/tpgholding.com\/index.php\/wp-json\/wp\/v2\/pages"}],"about":[{"href":"https:\/\/tpgholding.com\/index.php\/wp-json\/wp\/v2\/types\/page"}],"author":[{"embeddable":true,"href":"https:\/\/tpgholding.com\/index.php\/wp-json\/wp\/v2\/users\/4"}],"replies":[{"embeddable":true,"href":"https:\/\/tpgholding.com\/index.php\/wp-json\/wp\/v2\/comments?post=19279"}],"version-history":[{"count":4,"href":"https:\/\/tpgholding.com\/index.php\/wp-json\/wp\/v2\/pages\/19279\/revisions"}],"predecessor-version":[{"id":19295,"href":"https:\/\/tpgholding.com\/index.php\/wp-json\/wp\/v2\/pages\/19279\/revisions\/19295"}],"wp:attachment":[{"href":"https:\/\/tpgholding.com\/index.php\/wp-json\/wp\/v2\/media?parent=19279"}],"curies":[{"name":"wp","href":"https:\/\/api.w.org\/{rel}","templated":true}]}}