{"id":19298,"date":"2026-01-21T14:03:32","date_gmt":"2026-01-21T13:03:32","guid":{"rendered":"https:\/\/tpgholding.com\/?page_id=19298"},"modified":"2026-01-21T14:06:39","modified_gmt":"2026-01-21T13:06:39","slug":"pressemitteilung-vom-21-januar-2026","status":"publish","type":"page","link":"https:\/\/tpgholding.com\/index.php\/pressemitteilung-vom-21-januar-2026\/","title":{"rendered":"Pressemitteilung vom 21. Januar 2026"},"content":{"rendered":"<figure><a href=\"https:\/\/tpgholding.com\/wp-content\/themes\/FoundationXOZ\/assets\/logo.png\" rel=\"attachment wp-att-15549\"><img decoding=\"async\" class=\"aligncenter\" src=\"https:\/\/tpgholding.com\/wp-content\/themes\/FoundationXOZ\/assets\/logo.png\" alt=\"SGT_Logo\" width=\"400px\" \/><\/a><\/figure>\n<p style=\"text-align: center;\">+++ Pressemitteilung +++<\/p>\n<p style=\"text-align: center;\"><strong>The Payments Group Holding \u2013<br \/>\nNeues Research sieht erhebliches Kurspotenzial \u2013 Kursziel beim Vierfachen des aktuellen Aktienkurses<\/strong><\/p>\n<ul>\n<li>mwb Research nennt \u201eSpeculative BUY\u201c \u2013 Kursziel 1,24 EUR<\/li>\n<li>CEO erl\u00e4utert strategische Neuausrichtung im B\u00f6rsenradio-Interview<\/li>\n<li>Bezugsfrist der 10 %-Wandelanleihe l\u00e4uft noch bis 27. Januar 2026<\/li>\n<\/ul>\n<p><strong>Frankfurt am Main, 21. Januar 2026 &#8211; <\/strong>mwb Research bewertet die Aktie der The\u00a0Payments\u00a0Group\u00a0Holding (PGH), einer 2012 gegr\u00fcndeten und im August 2024 umfirmierten Holdinggesellschaft mit Sitz in Frankfurt am Main, mit \u201eSpeculative BUY\u201c und einem <span style=\"text-decoration: underline;\"><a href=\"https:\/\/downloads.research-hub.de\/2026%2001%2016%20The%20Payments%20Group%20update___cuobm9g1.pdf?_gl=1*m71nib*_ga*MTU1MjU0MDI0Ni4xNzY4NTU5OTMz*_ga_CDCMZ9EJSM*czE3Njg1NTk5MzIkbzEkZzEkdDE3Njg1NTk5MzYkajU2JGwwJGgw\">Kursziel von 1,24 Euro<\/a><\/span>. Daraus ergibt sich ein Aufw\u00e4rtspotenzial von \u00fcber 300\u202f% gegen\u00fcber dem aktuellen Aktienkurs.<\/p>\n<p>Im <span style=\"text-decoration: underline;\"><a href=\"https:\/\/tpgholding.com\/index.php\/260116-borsenradio-interview-mit-christoph-gerlinger\/\">Interview<\/a><\/span> mit dem B\u00f6rsenradio vom 16. Januar 2026 erl\u00e4uterte CEO und Gr\u00fcnder Christoph Gerlinger die strategische Neuausrichtung der PGH.<\/p>\n<p>Derzeit bietet die PGH ihren Aktion\u00e4ren bis zum 27. Januar 2026 im Verh\u00e4ltnis 500 Aktien zu 100\u00a0Euro Nennwert den <a href=\"https:\/\/tpgholding.com\/wp-content\/uploads\/2026\/01\/260112-PGH-Bezugsangebot-Wandelanleihe-2026.pdf\"><span style=\"text-decoration: underline;\">Bezug<\/span><\/a> einer mit einem Zinskupon von 10\u00a0% ausgestatteten <a href=\"https:\/\/tpgholding.com\/wp-content\/uploads\/2026\/01\/260112-PGH-Wandelanleihebedingungen-2026.pdf\"><span style=\"text-decoration: underline;\">Wandelanleihe<\/span><\/a> mit Laufzeit von drei Jahren zum Kurs von 100 % an (<span style=\"text-decoration: underline;\"><a href=\"https:\/\/tpgholding.com\/wp-content\/uploads\/2026\/01\/260112-PGH-Basisinformationsblatt-Wandelanleihe-2026.pdf\">Basisinformationsblatt<\/a><\/span>). Die Anleihe wird girosammelverwahrt und im Freiverkehr notiert werden. Die PGH beabsichtigt, die Anleihe vollst\u00e4ndig aus dem Tilgungserl\u00f6s ihrer am 31. Dezember 2027 f\u00e4lligen und mit 9 % p.a. verzinsten Darlehensforderung gegen die SGT Capital LLC in H\u00f6he von 4,0 Mio. Euro inklusive aufgelaufenem Zins zu tilgen. Etwaige nicht bezogene Teilschuldverschreibungen werden im Anschluss an die Bezugsfrist bei institutionellen Anlegern privat platziert.<\/p>\n<p>&nbsp;<\/p>\n<p>&nbsp;<\/p>\n<p>&nbsp;<\/p>\n<p><strong>\u00dcber The Payments Group Holding<br \/>\n<\/strong>Die The Payments Group Holding (PGH) ist eine 2012 gegr\u00fcndete und im August 2024 umfirmierte Holdinggesellschaft mit Sitz in Frankfurt am Main und fokussiert sich auf bestehende Verm\u00f6genswerte und die neuen Opportunit\u00e4ten und Gesch\u00e4ftsfelder, die in ihren Pressemitteilungen vom 13. Dezember 2025 und 16. Januar 2026 vorgestellt wurden, darunter den Betrieb eines auf AI fokussierten Company Builders namens Softmax AI GmbH gemeinsam mit AI-Experten, an dem sie mit 25 % beteiligt ist und die hieraus hervorgehenden Ausgr\u00fcndungen. Daneben h\u00e4lt die PGH aus ihrer Historie als ein f\u00fchrender deutscher Venture Capital-Anbieter unter der Marke German Startups Group ein Heritage VC-Portfolio an Minderheitsbeteiligungen an teils aussichtsreichen deutschen Startups \u00fcber ihre 100%ige Tochtergesellschaft German Startups Group VC GmbH.<\/p>\n<p>&nbsp;<\/p>\n<p><strong>Investor Relations Kontakt<br \/>\n<\/strong> <strong>Rosenberg Strategic Communications<br \/>\n<\/strong>Alexander Schmidt<br \/>\na.schmidt@rosenbergsc.com<\/p>\n<p><u><a href=\"https:\/\/tpgholding.com\/wp-content\/uploads\/2026\/01\/260121-The-Payments-Group-Holding-\u2013-Neues-Research-sieht-erhebliches-Kurspotenzial-\u2013-Kursziel-beim-Vierfachen-des-aktuellen-Aktienkurses-.pdf\" target=\"_blank\" rel=\"nofollow\" rel=\"noopener\">Click here for PDF version<\/a><\/u><\/p>\n<p>More information at <a href=\"https:\/\/tpgholding.com\">https:\/\/tpgholding.com<\/a>\u00a0and <a href=\"https:\/\/payments-group.com\/startseite-de\/\">https:\/\/www.payments-group.com\/<\/a><\/p>\n","protected":false},"excerpt":{"rendered":"<p>+++ Pressemitteilung +++ The Payments Group Holding \u2013 Neues Research sieht erhebliches Kurspotenzial \u2013 Kursziel beim Vierfachen des aktuellen Aktienkurses mwb Research nennt \u201eSpeculative BUY\u201c \u2013 Kursziel 1,24 EUR CEO erl\u00e4utert strategische Neuausrichtung im B\u00f6rsenradio-Interview Bezugsfrist der 10 %-Wandelanleihe l\u00e4uft noch bis 27. Januar 2026 Frankfurt am Main, 21. Januar 2026 &#8211; mwb Research bewertet [&hellip;]<\/p>\n","protected":false},"author":4,"featured_media":0,"parent":0,"menu_order":0,"comment_status":"closed","ping_status":"closed","template":"page-full-image.php","meta":[],"_links":{"self":[{"href":"https:\/\/tpgholding.com\/index.php\/wp-json\/wp\/v2\/pages\/19298"}],"collection":[{"href":"https:\/\/tpgholding.com\/index.php\/wp-json\/wp\/v2\/pages"}],"about":[{"href":"https:\/\/tpgholding.com\/index.php\/wp-json\/wp\/v2\/types\/page"}],"author":[{"embeddable":true,"href":"https:\/\/tpgholding.com\/index.php\/wp-json\/wp\/v2\/users\/4"}],"replies":[{"embeddable":true,"href":"https:\/\/tpgholding.com\/index.php\/wp-json\/wp\/v2\/comments?post=19298"}],"version-history":[{"count":4,"href":"https:\/\/tpgholding.com\/index.php\/wp-json\/wp\/v2\/pages\/19298\/revisions"}],"predecessor-version":[{"id":19317,"href":"https:\/\/tpgholding.com\/index.php\/wp-json\/wp\/v2\/pages\/19298\/revisions\/19317"}],"wp:attachment":[{"href":"https:\/\/tpgholding.com\/index.php\/wp-json\/wp\/v2\/media?parent=19298"}],"curies":[{"name":"wp","href":"https:\/\/api.w.org\/{rel}","templated":true}]}}