{"id":19339,"date":"2026-01-30T17:35:32","date_gmt":"2026-01-30T16:35:32","guid":{"rendered":"https:\/\/tpgholding.com\/?page_id=19339"},"modified":"2026-01-30T17:37:40","modified_gmt":"2026-01-30T16:37:40","slug":"pressemitteilung-vom-30-januar-2026","status":"publish","type":"page","link":"https:\/\/tpgholding.com\/index.php\/pressemitteilung-vom-30-januar-2026\/","title":{"rendered":"Pressemitteilung vom 30. Januar 2026"},"content":{"rendered":"<figure><a href=\"https:\/\/tpgholding.com\/wp-content\/themes\/FoundationXOZ\/assets\/logo.png\" rel=\"attachment wp-att-15549\"><img decoding=\"async\" class=\"aligncenter\" src=\"https:\/\/tpgholding.com\/wp-content\/themes\/FoundationXOZ\/assets\/logo.png\" alt=\"SGT_Logo\" width=\"400px\" \/><\/a><\/figure>\n<p style=\"text-align: center;\">+++ Ad-hoc Mitteilung +++<\/p>\n<p style=\"text-align: center;\"><strong>The Payments Group Holding \u2013 Ausgabe Wandelanleihe erfolgreich<\/strong><\/p>\n<ul>\n<li>Bezug von 507 TEUR Nennwert durch Aktion\u00e4re<\/li>\n<li>Durchf\u00fchrung Privatplatzierung von 1.773 TEUR Nennwert<\/li>\n<li>Finanzierung der Gesellschaft gesichert<\/li>\n<\/ul>\n<p><strong>Frankfurt am Main, 30. Januar 2026, 17:29h &#8211; <\/strong>Die The\u00a0Payments\u00a0Group\u00a0Holding (PGH), eine 2012 gegr\u00fcndete und im August 2024 umfirmierte Holdinggesellschaft mit Sitz in Frankfurt am Main, hat ihre mit einem Zins von 10 % ausgestatteten Pflichtwandelanleihe 2026\/29 mit Laufzeit von drei Jahren erfolgreich ausgegeben. Teilschuldverschreibungen im Nennwert von 507 TEUR wurden von Aktion\u00e4ren bezogen. F\u00fcr die \u00fcbrigen Teilschuldverschreibungen im Nennwert von 1.773 TEUR f\u00fchrt sie nun wie angek\u00fcndigt eine Privatplatzierung bei institutionellen Anlegern durch. Daf\u00fcr liegt bereits Zeichnungsinteresse vor. Die PGH rechnet laut aktueller Planung mit einem f\u00fcr die Finanzierung der Gesellschaft f\u00fcr 2026 ausreichenden Gesamtplatzierungserl\u00f6s.<\/p>\n<p>Die Anleihe wird girosammelverwahrt und in K\u00fcrze im Freiverkehr notiert (ISIN DE000A460PY4).<\/p>\n<p>&nbsp;<\/p>\n<p>&nbsp;<\/p>\n<p>&nbsp;<\/p>\n<p><strong>\u00dcber The Payments Group Holding<br \/>\n<\/strong>Die The Payments Group Holding (PGH) ist eine 2012 gegr\u00fcndete und im August 2024 umfirmierte Holdinggesellschaft mit Sitz in Frankfurt am Main und fokussiert sich auf bestehende Verm\u00f6genswerte und die neuen Opportunit\u00e4ten und Gesch\u00e4ftsfelder, die in ihren Pressemitteilungen vom 13. Dezember 2025 und 16. Januar 2026 vorgestellt wurden, darunter den Betrieb eines auf AI fokussierten Company Builders namens Softmax AI GmbH gemeinsam mit AI-Experten, an dem sie mit 25 % beteiligt ist und die hieraus hervorgehenden Ausgr\u00fcndungen. Daneben h\u00e4lt die PGH aus ihrer Historie als ein f\u00fchrender deutscher Venture Capital-Anbieter unter der Marke German Startups Group ein Heritage VC-Portfolio an Minderheitsbeteiligungen an teils aussichtsreichen deutschen Startups \u00fcber ihre 100%ige Tochtergesellschaft German Startups Group VC GmbH.<\/p>\n<p>&nbsp;<\/p>\n<p><strong>Investor Relations Kontakt<br \/>\n<\/strong> <strong>Rosenberg Strategic Communications<br \/>\n<\/strong>Alexander Schmidt<br \/>\na.schmidt@rosenbergsc.com<\/p>\n<p><u><a href=\"https:\/\/tpgholding.com\/wp-content\/uploads\/2026\/01\/260130-The-Payments-Group-Holding-The-Payments-Group-Holding-Ausgabe-Wandelanleihe-erfolgreich.pdf\" target=\"_blank\" rel=\"nofollow\" rel=\"noopener\">Click here for PDF version<\/a><\/u><\/p>\n<p>More information at <a href=\"https:\/\/tpgholding.com\">https:\/\/tpgholding.com<\/a>\u00a0and <a href=\"https:\/\/payments-group.com\/startseite-de\/\">https:\/\/www.payments-group.com\/<\/a><\/p>\n","protected":false},"excerpt":{"rendered":"<p>+++ Ad-hoc Mitteilung +++ The Payments Group Holding \u2013 Ausgabe Wandelanleihe erfolgreich Bezug von 507 TEUR Nennwert durch Aktion\u00e4re Durchf\u00fchrung Privatplatzierung von 1.773 TEUR Nennwert Finanzierung der Gesellschaft gesichert Frankfurt am Main, 30. Januar 2026, 17:29h &#8211; Die The\u00a0Payments\u00a0Group\u00a0Holding (PGH), eine 2012 gegr\u00fcndete und im August 2024 umfirmierte Holdinggesellschaft mit Sitz in Frankfurt am Main, [&hellip;]<\/p>\n","protected":false},"author":4,"featured_media":0,"parent":0,"menu_order":0,"comment_status":"closed","ping_status":"closed","template":"page-full-image.php","meta":[],"_links":{"self":[{"href":"https:\/\/tpgholding.com\/index.php\/wp-json\/wp\/v2\/pages\/19339"}],"collection":[{"href":"https:\/\/tpgholding.com\/index.php\/wp-json\/wp\/v2\/pages"}],"about":[{"href":"https:\/\/tpgholding.com\/index.php\/wp-json\/wp\/v2\/types\/page"}],"author":[{"embeddable":true,"href":"https:\/\/tpgholding.com\/index.php\/wp-json\/wp\/v2\/users\/4"}],"replies":[{"embeddable":true,"href":"https:\/\/tpgholding.com\/index.php\/wp-json\/wp\/v2\/comments?post=19339"}],"version-history":[{"count":3,"href":"https:\/\/tpgholding.com\/index.php\/wp-json\/wp\/v2\/pages\/19339\/revisions"}],"predecessor-version":[{"id":19358,"href":"https:\/\/tpgholding.com\/index.php\/wp-json\/wp\/v2\/pages\/19339\/revisions\/19358"}],"wp:attachment":[{"href":"https:\/\/tpgholding.com\/index.php\/wp-json\/wp\/v2\/media?parent=19339"}],"curies":[{"name":"wp","href":"https:\/\/api.w.org\/{rel}","templated":true}]}}