{"id":19361,"date":"2026-03-31T14:41:56","date_gmt":"2026-03-31T12:41:56","guid":{"rendered":"https:\/\/tpgholding.com\/?page_id=19361"},"modified":"2026-03-31T14:44:03","modified_gmt":"2026-03-31T12:44:03","slug":"pressemitteilung-vom-27-marz-2026","status":"publish","type":"page","link":"https:\/\/tpgholding.com\/index.php\/pressemitteilung-vom-27-marz-2026\/","title":{"rendered":"Pressemitteilung vom 27. M\u00e4rz 2026"},"content":{"rendered":"<figure><a href=\"https:\/\/tpgholding.com\/wp-content\/themes\/FoundationXOZ\/assets\/logo.png\" rel=\"attachment wp-att-15549\"><img decoding=\"async\" class=\"aligncenter\" src=\"https:\/\/tpgholding.com\/wp-content\/themes\/FoundationXOZ\/assets\/logo.png\" alt=\"SGT_Logo\" width=\"400px\" \/><\/a><\/figure>\n<p style=\"text-align: center;\">+++ Pressemitteilung +++<\/p>\n<p style=\"text-align: center;\"><strong>The Payments Group Holding treibt strategische Initiativen erfolgreich voran<\/strong><\/p>\n<ul>\n<li>Weiterentwicklung der Kernbeteiligungen und neuen Wachstumsfelder<\/li>\n<li>Aufnahme von Gespr\u00e4chen mit der SGT Capital-Gruppe zur Beilegung von Streitigkeiten<\/li>\n<li>Erwarteter R\u00fccktritt von der 2024 vereinbarten Akquisition der The Payments Group zum 30.\u00a0M\u00e4rz 2026<\/li>\n<\/ul>\n<p><strong>Frankfurt am Main, 27. M\u00e4rz 2026 &#8211; <\/strong>Die The Payments Group Holding (PGH), eine 2012 gegr\u00fcndete und im August 2024 umfirmierte Holdinggesellschaft mit Sitz in Frankfurt am Main, informiert \u00fcber den aktuellen Stand ihrer wesentlichen strategischen Initiativen. Diese bestehen aus der Realisierung ihrer Verm\u00f6genswerte und den am 13. Dezember 2025 vorgestellten neuen Opportunit\u00e4ten und Gesch\u00e4ftsfeldern.<\/p>\n<p>Im Mittelpunkt der Verm\u00f6genswerte stehen die 35 % Beteiligung an der stark wachsenden AuctionTech sowie Forderungen gegen\u00fcber der SGT Capital\u2011Gruppe in H\u00f6he von 5,9\u202fMio.\u202fEuro. AuctionTech ist mit ihrer SaaS\u2011basierten White\u2011Label\u2011L\u00f6sung PropNow f\u00fcr digitale Bieter\u2011 und Angebotsverfahren im Immobilienmarkt europ\u00e4ischer Marktf\u00fchrer und bereitet aktuell die Umsetzung einer aussichtsreichen Wachstumsinitiative im globalen High\u2011End-Luxusimmobiliensegment vor, die das zuk\u00fcnftige Skalierungs- und Wertsteigerungspotenzial weiter erh\u00f6hen.<\/p>\n<p>Am 20. Februar und 16. M\u00e4rz 2026 fanden zum ersten Mal seit der Trennung der PGH von der SGT\u00a0Capital-Gruppe vor zwei Jahren vorbereitende Gespr\u00e4che statt, um f\u00fcr beide Seiten akzeptable L\u00f6sungen zu finden. Weitere Gespr\u00e4che sollen kurz nach Ostern folgen. Es wurde ferner vereinbart, bis zum Erreichen von L\u00f6sungen Stillschweigen zu wahren.<\/p>\n<p>Die von der PGH im Jahr 2026 verfolgten neuen Opportunit\u00e4ten und Gesch\u00e4ftsfelder umfassen aussichtsreiche Vorhaben in den Bereichen K\u00fcnstliche Intelligenz und BioTech.<\/p>\n<p>Cognicare AI ist eine Ausgr\u00fcndung aus der Beteiligung der PGH am Company Builder Softmax AI. Das Unternehmen bietet bereits erprobte und stark nachgefragte Anwendungen f\u00fcr die wachsende Zahl von Senioren-Pflegeeinrichtungen an. Die PGH ist daran mittelbar mit 18\u202f% beteiligt. Dank sehr erfolgreich laufender Kundengewinnung erwartet Cognicare AI 2026 ein dynamisches Wachstum, das zeitnah einen Break\u2011even erm\u00f6glichen d\u00fcrfte. Ab 2027 rechnet das Unternehmen mit Millionenums\u00e4tzen und hohen EBITDA\u2011Margen. Die Softmax AI beabsichtigt im Jahr 2026 mehrere weitere Ausgr\u00fcndungen. Dazu geh\u00f6rt ein Computer\u2011Vision\u2011Tool f\u00fcr das Bauingenieurwesen zur effizienten Begutachtung und Dokumentation von Bauwerken, insbesondere der Verkehrsinfrastruktur. Zus\u00e4tzlich befindet sich eine Reihe von EdTech\u2011Anwendungen f\u00fcr berufliche Schulungen, Weiterbildungen und Bewerbungstrainings in Entwicklung. Hinzu kommt eine KI\u2011Sprachbox f\u00fcr Kinder, die nat\u00fcrliche Dialoge mit ihnen f\u00fchrt, geduldig und kenntnisreich ihre unz\u00e4hligen Fragen beantwortet und auf diese Weise vielf\u00e4ltiges Wissen sowie Fremdsprachen spielerisch vermittelt. Die PGH geht davon aus, ihren mittelbaren Anteil an solchen Ausgr\u00fcndungen sukzessive erh\u00f6hen zu k\u00f6nnen.<\/p>\n<p>Im BioTech-Bereich erwartet die PGH weiterhin, in den kommenden Monaten Zugang zu einer au\u00dfergew\u00f6hnlich attraktiven Beteiligungsm\u00f6glichkeit in der Fr\u00fchphase zu erhalten, die in ihrer Pressemitteilung vom 16. Januar 2026 vorgestellt wurde.<\/p>\n<p>Wie sp\u00e4testens seit ihrer Pressemeldung vom 3. Januar 2026 erwartet, ist die PGH von der 2024 vereinbarten Akquisition der The Payments Group-Unternehmen zum 30. M\u00e4rz 2026 zur\u00fcckgetreten. Folglich wird sie ihrer Hauptversammlung im Sommer 2026 eine Umfirmierung vorschlagen. Damit entf\u00e4llt die geplante \u00dcbertragung von 19 bis 23 Millionen St\u00fcck eigenen Aktien an die Verk\u00e4ufer und die vorherige Platzierung von weiteren einigen Millionen eigenen Aktien zur Finanzierung einer Barkomponente der Transaktion endg\u00fcltig. Die PGH wird somit bis auf weiteres an ihren 34.901.800 eigene Aktien festhalten. Der NAV pro Aktie einschlie\u00dflich nicht bilanzierter Werte auf Basis der derzeit ausstehenden 11.400.000 Aktien d\u00fcrfte nach Ansicht der PGH in der Gr\u00f6\u00dfenordnung von 1,50 Euro liegen und damit deutlich h\u00f6her als der aktuelle Aktienkurs.<\/p>\n<p>Die von der PGH im Januar 2026 ausgegebene 10 % Wandelanleihe 2026\/29 (ISIN DE000A460PY4) notiert derweil an der B\u00f6rse Hamburg zu einem Kurs von 101 %.<\/p>\n<p>&nbsp;<\/p>\n<p>&nbsp;<\/p>\n<p>&nbsp;<\/p>\n<p><strong>\u00dcber The Payments Group Holding<br \/>\n<\/strong>Die The Payments Group Holding (PGH) ist eine 2012 gegr\u00fcndete und im August 2024 umfirmierte Holdinggesellschaft mit Sitz in Frankfurt am Main und fokussiert sich auf bestehende Verm\u00f6genswerte und die neuen Opportunit\u00e4ten und Gesch\u00e4ftsfelder, die in ihren Pressemitteilungen vom 13. Dezember 2025 und 16. Januar 2026 vorgestellt wurden, darunter den Betrieb eines auf AI fokussierten Company Builders namens Softmax AI GmbH gemeinsam mit AI-Experten, an dem sie mit 25 % beteiligt ist und die hieraus hervorgehenden Ausgr\u00fcndungen. Daneben h\u00e4lt die PGH aus ihrer Historie als ein f\u00fchrender deutscher Venture Capital-Anbieter unter der Marke German Startups Group ein Heritage VC-Portfolio an Minderheitsbeteiligungen an teils aussichtsreichen deutschen Startups \u00fcber ihre 100%ige Tochtergesellschaft German Startups Group VC GmbH.<\/p>\n<p>&nbsp;<\/p>\n<p><strong>Investor Relations Kontakt<br \/>\n<\/strong> <strong>Rosenberg Strategic Communications<br \/>\n<\/strong>Alexander Schmidt<br \/>\na.schmidt@rosenbergsc.com<\/p>\n<p><u><a href=\"https:\/\/tpgholding.com\/wp-content\/uploads\/2026\/03\/260327-The-Payments-Group-Holding-treibt-strategische-Initiativen-erfolgreich-voran.pdf\" target=\"_blank\" rel=\"nofollow\" rel=\"noopener\">Click here for PDF version<\/a><\/u><\/p>\n<p>More information at <a href=\"https:\/\/tpgholding.com\">https:\/\/tpgholding.com<\/a>\u00a0and <a href=\"https:\/\/payments-group.com\/startseite-de\/\">https:\/\/www.payments-group.com\/<\/a><\/p>\n","protected":false},"excerpt":{"rendered":"<p>+++ Pressemitteilung +++ The Payments Group Holding treibt strategische Initiativen erfolgreich voran Weiterentwicklung der Kernbeteiligungen und neuen Wachstumsfelder Aufnahme von Gespr\u00e4chen mit der SGT Capital-Gruppe zur Beilegung von Streitigkeiten Erwarteter R\u00fccktritt von der 2024 vereinbarten Akquisition der The Payments Group zum 30.\u00a0M\u00e4rz 2026 Frankfurt am Main, 27. M\u00e4rz 2026 &#8211; Die The Payments Group Holding [&hellip;]<\/p>\n","protected":false},"author":4,"featured_media":0,"parent":0,"menu_order":0,"comment_status":"closed","ping_status":"closed","template":"page-full-image.php","meta":[],"_links":{"self":[{"href":"https:\/\/tpgholding.com\/index.php\/wp-json\/wp\/v2\/pages\/19361"}],"collection":[{"href":"https:\/\/tpgholding.com\/index.php\/wp-json\/wp\/v2\/pages"}],"about":[{"href":"https:\/\/tpgholding.com\/index.php\/wp-json\/wp\/v2\/types\/page"}],"author":[{"embeddable":true,"href":"https:\/\/tpgholding.com\/index.php\/wp-json\/wp\/v2\/users\/4"}],"replies":[{"embeddable":true,"href":"https:\/\/tpgholding.com\/index.php\/wp-json\/wp\/v2\/comments?post=19361"}],"version-history":[{"count":3,"href":"https:\/\/tpgholding.com\/index.php\/wp-json\/wp\/v2\/pages\/19361\/revisions"}],"predecessor-version":[{"id":19368,"href":"https:\/\/tpgholding.com\/index.php\/wp-json\/wp\/v2\/pages\/19361\/revisions\/19368"}],"wp:attachment":[{"href":"https:\/\/tpgholding.com\/index.php\/wp-json\/wp\/v2\/media?parent=19361"}],"curies":[{"name":"wp","href":"https:\/\/api.w.org\/{rel}","templated":true}]}}