{"id":325,"date":"2014-07-31T15:14:06","date_gmt":"2014-07-31T13:14:06","guid":{"rendered":"http:\/\/n.cache-n.intranet.xoz\/german_startups_group\/max\/trunk\/applications\/web\/?page_id=325"},"modified":"2020-10-13T10:20:27","modified_gmt":"2020-10-13T08:20:27","slug":"unser-2ter-ansatz","status":"publish","type":"page","link":"https:\/\/tpgholding.com\/index.php\/uber-uns\/ansatz-2\/unser-2ter-ansatz\/","title":{"rendered":"German Startups Group VC"},"content":{"rendered":"<h2>DEALFLOW &amp; ANALYSE<\/h2>\n<p style=\"text-align: center;\">DICHT VERWOBEN MIT DEM DEUTSCHEN STARTUP-\u00d6KOSYSTEM, HABEN WIR ZUGANG ZU INTERESSANTEN GESCH\u00c4FTSIDEEN UND ERFOLGREICHEN, BEREITS T\u00c4TIGEN STARTUPS, DIE WIR NACH IHREM DISRUPTIVEN POTENTIAL, IHRER SKALIERBARKEIT, IHREM UNTERNEHMERISCHEN TALENT SOWIE MARKTERFOLG UND \u2013POSITION SELEKTIEREN.<\/p>\n<p><!-- ALTER TEXT: MITHILFE UNSERER ZAHLREICHEN KONTAKTE IM TECH-\u00d6KOSYSTEM, NUANCIERTEN ANALYSE-TOOLS UND DER REGELM\u00c4\u00dfIGEN TEILNAHME AN INTERNATIONALEN FACHKONGRESSEN SELEKTIEREN WIR DIE ATTRAKTIVSTEN STARTUPS MIT DEM GR\u00d6\u00dfTEN POTENTIAL ZUR DISRUPTION. --><\/p>\n","protected":false},"excerpt":{"rendered":"<p>DEALFLOW &amp; ANALYSE DICHT VERWOBEN MIT DEM DEUTSCHEN STARTUP-\u00d6KOSYSTEM, HABEN WIR ZUGANG ZU INTERESSANTEN GESCH\u00c4FTSIDEEN UND ERFOLGREICHEN, BEREITS T\u00c4TIGEN STARTUPS, DIE WIR NACH IHREM DISRUPTIVEN POTENTIAL, IHRER SKALIERBARKEIT, IHREM UNTERNEHMERISCHEN TALENT SOWIE MARKTERFOLG UND \u2013POSITION SELEKTIEREN.<\/p>\n","protected":false},"author":1,"featured_media":0,"parent":322,"menu_order":13,"comment_status":"open","ping_status":"open","template":"","meta":[],"_links":{"self":[{"href":"https:\/\/tpgholding.com\/index.php\/wp-json\/wp\/v2\/pages\/325"}],"collection":[{"href":"https:\/\/tpgholding.com\/index.php\/wp-json\/wp\/v2\/pages"}],"about":[{"href":"https:\/\/tpgholding.com\/index.php\/wp-json\/wp\/v2\/types\/page"}],"author":[{"embeddable":true,"href":"https:\/\/tpgholding.com\/index.php\/wp-json\/wp\/v2\/users\/1"}],"replies":[{"embeddable":true,"href":"https:\/\/tpgholding.com\/index.php\/wp-json\/wp\/v2\/comments?post=325"}],"version-history":[{"count":2,"href":"https:\/\/tpgholding.com\/index.php\/wp-json\/wp\/v2\/pages\/325\/revisions"}],"predecessor-version":[{"id":13798,"href":"https:\/\/tpgholding.com\/index.php\/wp-json\/wp\/v2\/pages\/325\/revisions\/13798"}],"up":[{"embeddable":true,"href":"https:\/\/tpgholding.com\/index.php\/wp-json\/wp\/v2\/pages\/322"}],"wp:attachment":[{"href":"https:\/\/tpgholding.com\/index.php\/wp-json\/wp\/v2\/media?parent=325"}],"curies":[{"name":"wp","href":"https:\/\/api.w.org\/{rel}","templated":true}]}}